{"id":27924,"date":"2015-09-01T18:24:20","date_gmt":"2015-09-01T18:24:20","guid":{"rendered":"https:\/\/www.mate.com\/technical-resources\/tips-techniques\/punching\/techniques\/bridge-hitting\/"},"modified":"2017-06-13T14:00:57","modified_gmt":"2017-06-13T19:00:57","slug":"bridge-hitting","status":"publish","type":"page","link":"https:\/\/www.mate.com\/pl\/technical-resources\/punch-press-resources\/tips-techniques\/punching\/techniques\/bridge-hitting\/","title":{"rendered":"Uderzenia mostkowe"},"content":{"rendered":"<h2>Uderzenia mostkowe ograniczaj\u0105 \u015bcieranie oprzyrz\u0105dowania<\/h2>\n<p>Dzi\u0119ki stosowaniu zamiennych uderze\u0144 podczas wykonywania operacji ukosowania\/rozcinania si\u0142y na narz\u0119dziu pozostaj\u0105 zr\u00f3wnowa\u017cone z boku na bok i od ko\u0144ca do ko\u0144ca. W efekcie stempel przemieszcza si\u0119 prostopadle do materia\u0142u i matrycy. W d\u0142u\u017cszej perspektywie zmniejsza to cz\u0119stotliwo\u015b\u0107 ostrzenia i generalnie zwi\u0119ksza \u017cywotno\u015b\u0107 narz\u0119dzia. Ta praktyka jest nazywana uderzaniem \u201emostkowym\u201d, poniewa\u017c pomi\u0119dzy pe\u0142nymi uderzeniami pozostaje \u201emostek\u201d materia\u0142u, kt\u00f3ry zostaje usuni\u0119ty przez kolejn\u0105 sekwencj\u0119 uderze\u0144.<\/p>\n<p><img loading=\"lazy\" decoding=\"async\" class=\"alignnone size-full wp-image-6519\" src=\"https:\/\/www.mate.com\/wp-content\/uploads\/2015\/09\/diagram08-1.jpg\" alt=\"diagram08\" width=\"346\" height=\"192\" \/><\/p>\n","protected":false},"excerpt":{"rendered":"<p>Uderzenia mostkowe ograniczaj\u0105 \u015bcieranie oprzyrz\u0105dowania Dzi\u0119ki stosowaniu zamiennych uderze\u0144 podczas wykonywania operacji ukosowania\/rozcinania si\u0142y na narz\u0119dziu pozostaj\u0105 zr\u00f3wnowa\u017cone z boku na bok i od ko\u0144ca do ko\u0144ca. W efekcie stempel przemieszcza si\u0119 prostopadle do materia\u0142u i matrycy. W d\u0142u\u017cszej perspektywie zmniejsza to cz\u0119stotliwo\u015b\u0107 ostrzenia i generalnie zwi\u0119ksza \u017cywotno\u015b\u0107 narz\u0119dzia. Ta praktyka jest nazywana uderzaniem \u201emostkowym\u201d, [&hellip;]<\/p>\n","protected":false},"author":5,"featured_media":0,"parent":27922,"menu_order":615,"comment_status":"closed","ping_status":"closed","template":"","meta":{"_acf_changed":false,"_monsterinsights_skip_tracking":false,"_monsterinsights_sitenote_active":false,"_monsterinsights_sitenote_note":"","_monsterinsights_sitenote_category":0,"footnotes":""},"class_list":["post-27924","page","type-page","status-publish","hentry"],"acf":[],"yoast_head":"<!-- This site is optimized with the Yoast SEO Premium plugin v27.4 (Yoast SEO v27.4) - https:\/\/yoast.com\/product\/yoast-seo-premium-wordpress\/ -->\n<title>Uderzenia mostkowe - Mate Precision Technologies<\/title>\n<meta name=\"description\" content=\"Uderzenia mostkowe ograniczaj\u0105 \u015bcieranie oprzyrz\u0105dowania Dzi\u0119ki stosowaniu zamiennych uderze\u0144 podczas wykonywania operacji ukosowania\/rozcinania si\u0142y na\" \/>\n<meta name=\"robots\" content=\"index, follow, max-snippet:-1, max-image-preview:large, max-video-preview:-1\" \/>\n<link rel=\"canonical\" href=\"https:\/\/www.mate.com\/pl\/technical-resources\/punch-press-resources\/tips-techniques\/punching\/techniques\/bridge-hitting\/\" \/>\n<meta property=\"og:locale\" content=\"pl_PL\" \/>\n<meta property=\"og:type\" content=\"article\" \/>\n<meta property=\"og:title\" content=\"Uderzenia mostkowe\" \/>\n<meta property=\"og:description\" content=\"Uderzenia mostkowe ograniczaj\u0105 \u015bcieranie oprzyrz\u0105dowania Dzi\u0119ki stosowaniu zamiennych uderze\u0144 podczas wykonywania operacji ukosowania\/rozcinania si\u0142y na\" \/>\n<meta property=\"og:url\" content=\"https:\/\/www.mate.com\/pl\/technical-resources\/punch-press-resources\/tips-techniques\/punching\/techniques\/bridge-hitting\/\" \/>\n<meta property=\"og:site_name\" content=\"Mate Precision Technologies\" \/>\n<meta property=\"article:publisher\" content=\"https:\/\/www.facebook.com\/MatePrecisionTechnologies\/\" \/>\n<meta property=\"article:modified_time\" content=\"2017-06-13T19:00:57+00:00\" \/>\n<meta property=\"og:image\" content=\"https:\/\/www.mate.com\/wp-content\/uploads\/2015\/09\/diagram08-1.jpg\" \/>\n<meta name=\"twitter:card\" content=\"summary_large_image\" \/>\n<meta name=\"twitter:site\" content=\"@mateprecision\" \/>\n<script type=\"application\/ld+json\" class=\"yoast-schema-graph\">{\"@context\":\"https:\\\/\\\/schema.org\",\"@graph\":[{\"@type\":\"WebPage\",\"@id\":\"https:\\\/\\\/www.mate.com\\\/pl\\\/technical-resources\\\/punch-press-resources\\\/tips-techniques\\\/punching\\\/techniques\\\/bridge-hitting\\\/\",\"url\":\"https:\\\/\\\/www.mate.com\\\/pl\\\/technical-resources\\\/punch-press-resources\\\/tips-techniques\\\/punching\\\/techniques\\\/bridge-hitting\\\/\",\"name\":\"Uderzenia mostkowe - Mate Precision Technologies\",\"isPartOf\":{\"@id\":\"https:\\\/\\\/www.mate.com\\\/pl\\\/#website\"},\"primaryImageOfPage\":{\"@id\":\"https:\\\/\\\/www.mate.com\\\/pl\\\/technical-resources\\\/punch-press-resources\\\/tips-techniques\\\/punching\\\/techniques\\\/bridge-hitting\\\/#primaryimage\"},\"image\":{\"@id\":\"https:\\\/\\\/www.mate.com\\\/pl\\\/technical-resources\\\/punch-press-resources\\\/tips-techniques\\\/punching\\\/techniques\\\/bridge-hitting\\\/#primaryimage\"},\"thumbnailUrl\":\"https:\\\/\\\/www.mate.com\\\/wp-content\\\/uploads\\\/2015\\\/09\\\/diagram08-1.jpg\",\"datePublished\":\"2015-09-01T18:24:20+00:00\",\"dateModified\":\"2017-06-13T19:00:57+00:00\",\"description\":\"Uderzenia mostkowe ograniczaj\u0105 \u015bcieranie oprzyrz\u0105dowania Dzi\u0119ki stosowaniu zamiennych uderze\u0144 podczas wykonywania operacji ukosowania\\\/rozcinania si\u0142y na\",\"breadcrumb\":{\"@id\":\"https:\\\/\\\/www.mate.com\\\/pl\\\/technical-resources\\\/punch-press-resources\\\/tips-techniques\\\/punching\\\/techniques\\\/bridge-hitting\\\/#breadcrumb\"},\"inLanguage\":\"pl-PL\",\"potentialAction\":[{\"@type\":\"ReadAction\",\"target\":[\"https:\\\/\\\/www.mate.com\\\/pl\\\/technical-resources\\\/punch-press-resources\\\/tips-techniques\\\/punching\\\/techniques\\\/bridge-hitting\\\/\"]}]},{\"@type\":\"ImageObject\",\"inLanguage\":\"pl-PL\",\"@id\":\"https:\\\/\\\/www.mate.com\\\/pl\\\/technical-resources\\\/punch-press-resources\\\/tips-techniques\\\/punching\\\/techniques\\\/bridge-hitting\\\/#primaryimage\",\"url\":\"https:\\\/\\\/www.mate.com\\\/wp-content\\\/uploads\\\/2015\\\/09\\\/diagram08-1.jpg\",\"contentUrl\":\"https:\\\/\\\/www.mate.com\\\/wp-content\\\/uploads\\\/2015\\\/09\\\/diagram08-1.jpg\"},{\"@type\":\"BreadcrumbList\",\"@id\":\"https:\\\/\\\/www.mate.com\\\/pl\\\/technical-resources\\\/punch-press-resources\\\/tips-techniques\\\/punching\\\/techniques\\\/bridge-hitting\\\/#breadcrumb\",\"itemListElement\":[{\"@type\":\"ListItem\",\"position\":1,\"name\":\"Home\",\"item\":\"https:\\\/\\\/www.mate.com\\\/pl\\\/\\\/\"},{\"@type\":\"ListItem\",\"position\":2,\"name\":\"Zasoby techniczne\",\"item\":\"https:\\\/\\\/www.mate.com\\\/pl\\\/technical-resources\\\/\"},{\"@type\":\"ListItem\",\"position\":3,\"name\":\"Wskaz\u00f3wki techniki\",\"item\":\"https:\\\/\\\/www.mate.com\\\/pl\\\/technical-resources\\\/tips-techniques\\\/\"},{\"@type\":\"ListItem\",\"position\":4,\"name\":\"Wykrawanie\",\"item\":\"https:\\\/\\\/www.mate.com\\\/pl\\\/technical-resources\\\/tips-techniques\\\/punching\\\/\"},{\"@type\":\"ListItem\",\"position\":5,\"name\":\"Techniki\",\"item\":\"https:\\\/\\\/www.mate.com\\\/pl\\\/technical-resources\\\/tips-techniques\\\/punching\\\/techniques\\\/\"},{\"@type\":\"ListItem\",\"position\":6,\"name\":\"Uderzenia mostkowe\"}]},{\"@type\":\"WebSite\",\"@id\":\"https:\\\/\\\/www.mate.com\\\/pl\\\/#website\",\"url\":\"https:\\\/\\\/www.mate.com\\\/pl\\\/\",\"name\":\"Mate Precision Technologies\",\"description\":\"Workholding, Press Brake, Punch Press and Laser Technologies\",\"potentialAction\":[{\"@type\":\"SearchAction\",\"target\":{\"@type\":\"EntryPoint\",\"urlTemplate\":\"https:\\\/\\\/www.mate.com\\\/pl\\\/?s={search_term_string}\"},\"query-input\":{\"@type\":\"PropertyValueSpecification\",\"valueRequired\":true,\"valueName\":\"search_term_string\"}}],\"inLanguage\":\"pl-PL\"}]}<\/script>\n<!-- \/ Yoast SEO Premium plugin. -->","yoast_head_json":{"title":"Uderzenia mostkowe - Mate Precision Technologies","description":"Uderzenia mostkowe ograniczaj\u0105 \u015bcieranie oprzyrz\u0105dowania Dzi\u0119ki stosowaniu zamiennych uderze\u0144 podczas wykonywania operacji ukosowania\/rozcinania si\u0142y na","robots":{"index":"index","follow":"follow","max-snippet":"max-snippet:-1","max-image-preview":"max-image-preview:large","max-video-preview":"max-video-preview:-1"},"canonical":"https:\/\/www.mate.com\/pl\/technical-resources\/punch-press-resources\/tips-techniques\/punching\/techniques\/bridge-hitting\/","og_locale":"pl_PL","og_type":"article","og_title":"Uderzenia mostkowe","og_description":"Uderzenia mostkowe ograniczaj\u0105 \u015bcieranie oprzyrz\u0105dowania Dzi\u0119ki stosowaniu zamiennych uderze\u0144 podczas wykonywania operacji ukosowania\/rozcinania si\u0142y na","og_url":"https:\/\/www.mate.com\/pl\/technical-resources\/punch-press-resources\/tips-techniques\/punching\/techniques\/bridge-hitting\/","og_site_name":"Mate Precision Technologies","article_publisher":"https:\/\/www.facebook.com\/MatePrecisionTechnologies\/","article_modified_time":"2017-06-13T19:00:57+00:00","og_image":[{"url":"https:\/\/www.mate.com\/wp-content\/uploads\/2015\/09\/diagram08-1.jpg","type":"","width":"","height":""}],"twitter_card":"summary_large_image","twitter_site":"@mateprecision","schema":{"@context":"https:\/\/schema.org","@graph":[{"@type":"WebPage","@id":"https:\/\/www.mate.com\/pl\/technical-resources\/punch-press-resources\/tips-techniques\/punching\/techniques\/bridge-hitting\/","url":"https:\/\/www.mate.com\/pl\/technical-resources\/punch-press-resources\/tips-techniques\/punching\/techniques\/bridge-hitting\/","name":"Uderzenia mostkowe - Mate Precision Technologies","isPartOf":{"@id":"https:\/\/www.mate.com\/pl\/#website"},"primaryImageOfPage":{"@id":"https:\/\/www.mate.com\/pl\/technical-resources\/punch-press-resources\/tips-techniques\/punching\/techniques\/bridge-hitting\/#primaryimage"},"image":{"@id":"https:\/\/www.mate.com\/pl\/technical-resources\/punch-press-resources\/tips-techniques\/punching\/techniques\/bridge-hitting\/#primaryimage"},"thumbnailUrl":"https:\/\/www.mate.com\/wp-content\/uploads\/2015\/09\/diagram08-1.jpg","datePublished":"2015-09-01T18:24:20+00:00","dateModified":"2017-06-13T19:00:57+00:00","description":"Uderzenia mostkowe ograniczaj\u0105 \u015bcieranie oprzyrz\u0105dowania Dzi\u0119ki stosowaniu zamiennych uderze\u0144 podczas wykonywania operacji ukosowania\/rozcinania si\u0142y na","breadcrumb":{"@id":"https:\/\/www.mate.com\/pl\/technical-resources\/punch-press-resources\/tips-techniques\/punching\/techniques\/bridge-hitting\/#breadcrumb"},"inLanguage":"pl-PL","potentialAction":[{"@type":"ReadAction","target":["https:\/\/www.mate.com\/pl\/technical-resources\/punch-press-resources\/tips-techniques\/punching\/techniques\/bridge-hitting\/"]}]},{"@type":"ImageObject","inLanguage":"pl-PL","@id":"https:\/\/www.mate.com\/pl\/technical-resources\/punch-press-resources\/tips-techniques\/punching\/techniques\/bridge-hitting\/#primaryimage","url":"https:\/\/www.mate.com\/wp-content\/uploads\/2015\/09\/diagram08-1.jpg","contentUrl":"https:\/\/www.mate.com\/wp-content\/uploads\/2015\/09\/diagram08-1.jpg"},{"@type":"BreadcrumbList","@id":"https:\/\/www.mate.com\/pl\/technical-resources\/punch-press-resources\/tips-techniques\/punching\/techniques\/bridge-hitting\/#breadcrumb","itemListElement":[{"@type":"ListItem","position":1,"name":"Home","item":"https:\/\/www.mate.com\/pl\/\/"},{"@type":"ListItem","position":2,"name":"Zasoby techniczne","item":"https:\/\/www.mate.com\/pl\/technical-resources\/"},{"@type":"ListItem","position":3,"name":"Wskaz\u00f3wki techniki","item":"https:\/\/www.mate.com\/pl\/technical-resources\/tips-techniques\/"},{"@type":"ListItem","position":4,"name":"Wykrawanie","item":"https:\/\/www.mate.com\/pl\/technical-resources\/tips-techniques\/punching\/"},{"@type":"ListItem","position":5,"name":"Techniki","item":"https:\/\/www.mate.com\/pl\/technical-resources\/tips-techniques\/punching\/techniques\/"},{"@type":"ListItem","position":6,"name":"Uderzenia mostkowe"}]},{"@type":"WebSite","@id":"https:\/\/www.mate.com\/pl\/#website","url":"https:\/\/www.mate.com\/pl\/","name":"Mate Precision Technologies","description":"Workholding, Press Brake, Punch Press and Laser Technologies","potentialAction":[{"@type":"SearchAction","target":{"@type":"EntryPoint","urlTemplate":"https:\/\/www.mate.com\/pl\/?s={search_term_string}"},"query-input":{"@type":"PropertyValueSpecification","valueRequired":true,"valueName":"search_term_string"}}],"inLanguage":"pl-PL"}]}},"_links":{"self":[{"href":"https:\/\/www.mate.com\/pl\/wp-json\/wp\/v2\/pages\/27924","targetHints":{"allow":["GET"]}}],"collection":[{"href":"https:\/\/www.mate.com\/pl\/wp-json\/wp\/v2\/pages"}],"about":[{"href":"https:\/\/www.mate.com\/pl\/wp-json\/wp\/v2\/types\/page"}],"author":[{"embeddable":true,"href":"https:\/\/www.mate.com\/pl\/wp-json\/wp\/v2\/users\/5"}],"replies":[{"embeddable":true,"href":"https:\/\/www.mate.com\/pl\/wp-json\/wp\/v2\/comments?post=27924"}],"version-history":[{"count":0,"href":"https:\/\/www.mate.com\/pl\/wp-json\/wp\/v2\/pages\/27924\/revisions"}],"up":[{"embeddable":true,"href":"https:\/\/www.mate.com\/pl\/wp-json\/wp\/v2\/pages\/27922"}],"wp:attachment":[{"href":"https:\/\/www.mate.com\/pl\/wp-json\/wp\/v2\/media?parent=27924"}],"curies":[{"name":"wp","href":"https:\/\/api.w.org\/{rel}","templated":true}]}}