{"id":27896,"date":"2015-08-03T20:02:31","date_gmt":"2015-08-03T20:02:31","guid":{"rendered":"https:\/\/www.mate.com\/technical-resources\/"},"modified":"2017-06-14T15:14:50","modified_gmt":"2017-06-14T20:14:50","slug":"technical-resources","status":"publish","type":"page","link":"https:\/\/www.mate.com\/pl\/technical-resources\/","title":{"rendered":"Zasoby techniczne"},"content":{"rendered":"<p>Do\u015bwiadczenie firmy Mate w wielu r\u00f3\u017cnych bran\u017cach mo\u017ce Ci pom\u00f3c w udoskonaleniu Twoich operacji przy wykonywaniu wyrob\u00f3w z blach. Bazuj\u0105c na naszej d\u0142ugiej historii wsp\u00f3\u0142pracy z takimi klientami jak Ty, zidentyfikowali\u015bmy szereg wskaz\u00f3wek, technik i innych zasob\u00f3w technicznych, kt\u00f3re mog\u0105 Ci pom\u00f3c w operacjach zwi\u0105zanych z wykonywaniem wyrob\u00f3w z blach. W tej cz\u0119\u015bci znajdziesz przydatny s\u0142owniczek, wskaz\u00f3wki i techniki dotycz\u0105ce wytwarzania wyrob\u00f3w z blach, bibliotek\u0119 literatury produkt\u00f3w do pobrania, instrukcje i wiele innych materia\u0142\u00f3w.<\/p>\n<ul class=\"list-pages-shortcode child-pages\"><li class=\"page_item page-item-37475 page_item_has_children\"><a href=\"https:\/\/www.mate.com\/pl\/technical-resources\/punch-press-resources\/\">Punch Press Tooling<\/a><\/li>\n<li class=\"page_item page-item-27847\"><a href=\"https:\/\/www.mate.com\/pl\/technical-resources\/customer-solution-center\/\">Centrum Rozwi\u0105za\u0144 dla Klient\u00f3w Mate<\/a><\/li>\n<\/ul>\n","protected":false},"excerpt":{"rendered":"<p>Do\u015bwiadczenie firmy Mate w wielu r\u00f3\u017cnych bran\u017cach mo\u017ce Ci pom\u00f3c w udoskonaleniu Twoich operacji przy wykonywaniu wyrob\u00f3w z blach. Bazuj\u0105c na naszej d\u0142ugiej historii wsp\u00f3\u0142pracy z takimi klientami jak Ty, zidentyfikowali\u015bmy szereg wskaz\u00f3wek, technik i innych zasob\u00f3w technicznych, kt\u00f3re mog\u0105 Ci pom\u00f3c w operacjach zwi\u0105zanych z wykonywaniem wyrob\u00f3w z blach. W tej cz\u0119\u015bci znajdziesz przydatny [&hellip;]<\/p>\n","protected":false},"author":1,"featured_media":0,"parent":0,"menu_order":62,"comment_status":"closed","ping_status":"closed","template":"","meta":{"_acf_changed":false,"_monsterinsights_skip_tracking":false,"_monsterinsights_sitenote_active":false,"_monsterinsights_sitenote_note":"","_monsterinsights_sitenote_category":0,"footnotes":""},"class_list":["post-27896","page","type-page","status-publish","hentry"],"acf":[],"yoast_head":"<!-- This site is optimized with the Yoast SEO Premium plugin v27.4 (Yoast SEO v27.4) - https:\/\/yoast.com\/product\/yoast-seo-premium-wordpress\/ -->\n<title>Sheet Metal Fabrication Technical Resources<\/title>\n<meta name=\"description\" content=\"Mate Precision Technologies Tips, techniques and other sheet metal fabrication technical resources that can help your fabrication operations.\" \/>\n<meta name=\"robots\" content=\"index, follow, max-snippet:-1, max-image-preview:large, max-video-preview:-1\" \/>\n<link rel=\"canonical\" href=\"https:\/\/www.mate.com\/pl\/technical-resources\/\" \/>\n<meta property=\"og:locale\" content=\"pl_PL\" \/>\n<meta property=\"og:type\" content=\"article\" \/>\n<meta property=\"og:title\" content=\"Zasoby techniczne\" \/>\n<meta property=\"og:description\" content=\"Mate Precision Technologies Tips, techniques and other sheet metal fabrication technical resources that can help your fabrication operations.\" \/>\n<meta property=\"og:url\" content=\"https:\/\/www.mate.com\/pl\/technical-resources\/\" \/>\n<meta property=\"og:site_name\" content=\"Mate Precision Technologies\" \/>\n<meta property=\"article:publisher\" content=\"https:\/\/www.facebook.com\/MatePrecisionTechnologies\/\" \/>\n<meta property=\"article:modified_time\" content=\"2017-06-14T20:14:50+00:00\" \/>\n<meta name=\"twitter:card\" content=\"summary_large_image\" \/>\n<meta name=\"twitter:site\" content=\"@mateprecision\" \/>\n<script type=\"application\/ld+json\" class=\"yoast-schema-graph\">{\"@context\":\"https:\\\/\\\/schema.org\",\"@graph\":[{\"@type\":\"WebPage\",\"@id\":\"https:\\\/\\\/www.mate.com\\\/pl\\\/technical-resources\\\/\",\"url\":\"https:\\\/\\\/www.mate.com\\\/pl\\\/technical-resources\\\/\",\"name\":\"Sheet Metal Fabrication Technical Resources\",\"isPartOf\":{\"@id\":\"https:\\\/\\\/www.mate.com\\\/pl\\\/#website\"},\"datePublished\":\"2015-08-03T20:02:31+00:00\",\"dateModified\":\"2017-06-14T20:14:50+00:00\",\"description\":\"Mate Precision Technologies Tips, techniques and other sheet metal fabrication technical resources that can help your fabrication operations.\",\"breadcrumb\":{\"@id\":\"https:\\\/\\\/www.mate.com\\\/pl\\\/technical-resources\\\/#breadcrumb\"},\"inLanguage\":\"pl-PL\",\"potentialAction\":[{\"@type\":\"ReadAction\",\"target\":[\"https:\\\/\\\/www.mate.com\\\/pl\\\/technical-resources\\\/\"]}]},{\"@type\":\"BreadcrumbList\",\"@id\":\"https:\\\/\\\/www.mate.com\\\/pl\\\/technical-resources\\\/#breadcrumb\",\"itemListElement\":[{\"@type\":\"ListItem\",\"position\":1,\"name\":\"Home\",\"item\":\"https:\\\/\\\/www.mate.com\\\/pl\\\/\\\/\"},{\"@type\":\"ListItem\",\"position\":2,\"name\":\"Zasoby techniczne\"}]},{\"@type\":\"WebSite\",\"@id\":\"https:\\\/\\\/www.mate.com\\\/pl\\\/#website\",\"url\":\"https:\\\/\\\/www.mate.com\\\/pl\\\/\",\"name\":\"Mate Precision Technologies\",\"description\":\"Workholding, Press Brake, Punch Press and Laser Technologies\",\"potentialAction\":[{\"@type\":\"SearchAction\",\"target\":{\"@type\":\"EntryPoint\",\"urlTemplate\":\"https:\\\/\\\/www.mate.com\\\/pl\\\/?s={search_term_string}\"},\"query-input\":{\"@type\":\"PropertyValueSpecification\",\"valueRequired\":true,\"valueName\":\"search_term_string\"}}],\"inLanguage\":\"pl-PL\"}]}<\/script>\n<!-- \/ Yoast SEO Premium plugin. -->","yoast_head_json":{"title":"Sheet Metal Fabrication Technical Resources","description":"Mate Precision Technologies Tips, techniques and other sheet metal fabrication technical resources that can help your fabrication operations.","robots":{"index":"index","follow":"follow","max-snippet":"max-snippet:-1","max-image-preview":"max-image-preview:large","max-video-preview":"max-video-preview:-1"},"canonical":"https:\/\/www.mate.com\/pl\/technical-resources\/","og_locale":"pl_PL","og_type":"article","og_title":"Zasoby techniczne","og_description":"Mate Precision Technologies Tips, techniques and other sheet metal fabrication technical resources that can help your fabrication operations.","og_url":"https:\/\/www.mate.com\/pl\/technical-resources\/","og_site_name":"Mate Precision Technologies","article_publisher":"https:\/\/www.facebook.com\/MatePrecisionTechnologies\/","article_modified_time":"2017-06-14T20:14:50+00:00","twitter_card":"summary_large_image","twitter_site":"@mateprecision","schema":{"@context":"https:\/\/schema.org","@graph":[{"@type":"WebPage","@id":"https:\/\/www.mate.com\/pl\/technical-resources\/","url":"https:\/\/www.mate.com\/pl\/technical-resources\/","name":"Sheet Metal Fabrication Technical Resources","isPartOf":{"@id":"https:\/\/www.mate.com\/pl\/#website"},"datePublished":"2015-08-03T20:02:31+00:00","dateModified":"2017-06-14T20:14:50+00:00","description":"Mate Precision Technologies Tips, techniques and other sheet metal fabrication technical resources that can help your fabrication operations.","breadcrumb":{"@id":"https:\/\/www.mate.com\/pl\/technical-resources\/#breadcrumb"},"inLanguage":"pl-PL","potentialAction":[{"@type":"ReadAction","target":["https:\/\/www.mate.com\/pl\/technical-resources\/"]}]},{"@type":"BreadcrumbList","@id":"https:\/\/www.mate.com\/pl\/technical-resources\/#breadcrumb","itemListElement":[{"@type":"ListItem","position":1,"name":"Home","item":"https:\/\/www.mate.com\/pl\/\/"},{"@type":"ListItem","position":2,"name":"Zasoby techniczne"}]},{"@type":"WebSite","@id":"https:\/\/www.mate.com\/pl\/#website","url":"https:\/\/www.mate.com\/pl\/","name":"Mate Precision Technologies","description":"Workholding, Press Brake, Punch Press and Laser Technologies","potentialAction":[{"@type":"SearchAction","target":{"@type":"EntryPoint","urlTemplate":"https:\/\/www.mate.com\/pl\/?s={search_term_string}"},"query-input":{"@type":"PropertyValueSpecification","valueRequired":true,"valueName":"search_term_string"}}],"inLanguage":"pl-PL"}]}},"_links":{"self":[{"href":"https:\/\/www.mate.com\/pl\/wp-json\/wp\/v2\/pages\/27896","targetHints":{"allow":["GET"]}}],"collection":[{"href":"https:\/\/www.mate.com\/pl\/wp-json\/wp\/v2\/pages"}],"about":[{"href":"https:\/\/www.mate.com\/pl\/wp-json\/wp\/v2\/types\/page"}],"author":[{"embeddable":true,"href":"https:\/\/www.mate.com\/pl\/wp-json\/wp\/v2\/users\/1"}],"replies":[{"embeddable":true,"href":"https:\/\/www.mate.com\/pl\/wp-json\/wp\/v2\/comments?post=27896"}],"version-history":[{"count":0,"href":"https:\/\/www.mate.com\/pl\/wp-json\/wp\/v2\/pages\/27896\/revisions"}],"wp:attachment":[{"href":"https:\/\/www.mate.com\/pl\/wp-json\/wp\/v2\/media?parent=27896"}],"curies":[{"name":"wp","href":"https:\/\/api.w.org\/{rel}","templated":true}]}}