{"id":27853,"date":"2015-12-21T13:22:21","date_gmt":"2015-12-21T19:22:21","guid":{"rendered":"https:\/\/www.mate.com\/fabrication-solutions\/special-application-success-tips\/"},"modified":"2017-06-06T13:54:28","modified_gmt":"2017-06-06T18:54:28","slug":"special-application-success-tips","status":"publish","type":"page","link":"https:\/\/www.mate.com\/pl\/technical-resources\/punch-press-resources\/tips-techniques\/special-application-success-tips\/","title":{"rendered":"Zalecenia dotycz\u0105ce zastosowa\u0144 specjalnych"},"content":{"rendered":"<p>Od 1962 roku firma Mate opracowa\u0142a wiele rozwi\u0105za\u0144 w zakresie wycinania i formowania. Poni\u017csze najlepsze praktyki zosta\u0142y opracowane, aby Ci pom\u00f3c w poprawieniu efektywno\u015bci operacji wytwarzania wyrob\u00f3w z blachy. Pami\u0119taj, by regularnie sprawdza\u0107, czy nie zosta\u0142y zaktualizowane.<\/p>\n<hr \/>\n<h2>Matryca wspornikowa<\/h2>\n<p>Wspornik to niepodparta cz\u0119\u015b\u0107 matrycy. Pomy\u015bl o kszta\u0142cie \u201eU\u201d. J\u0119zyk jest niepodparty, co mo\u017ce powodowa\u0107 powstanie linii os\u0142abienia w matrycy. (Zob. ilustracj\u0119). Z regu\u0142y kszta\u0142t matrycy zawiera wspornik, kiedy obw\u00f3d wok\u00f3\u0142 tego elementu jest szerszy od niego o wi\u0119cej ni\u017c 2,5 x.<\/p>\n<p><a href=\"https:\/\/www.mate.com\/wp-content\/uploads\/2015\/12\/Cantilever_Die.jpg\" rel=\"attachment wp-att-5500\"><img loading=\"lazy\" decoding=\"async\" class=\"wp-image-5500 aligncenter\" src=\"https:\/\/www.mate.com\/wp-content\/uploads\/2015\/12\/Cantilever_Die.jpg\" alt=\"Cantilever_Die\" width=\"142\" height=\"140\" \/><\/a><\/p>\n<p>Jest kilka r\u00f3\u017cnych sposob\u00f3w na wyprodukowanie tego kszta\u0142tu, w tym mi\u0119dzy innymi:<\/p>\n<p><a href=\"https:\/\/www.mate.com\/wp-content\/uploads\/2015\/12\/Cantilever_Alts-1.jpg\" rel=\"attachment wp-att-7818\"><img loading=\"lazy\" decoding=\"async\" class=\"alignnone wp-image-7819 size-full\" src=\"https:\/\/www.mate.com\/wp-content\/uploads\/2015\/12\/Cantilever_Alts-1.jpg\" alt=\"\" width=\"650\" height=\"239\" srcset=\"https:\/\/www.mate.com\/wp-content\/uploads\/2015\/12\/Cantilever_Alts-1.jpg 650w, https:\/\/www.mate.com\/wp-content\/uploads\/2015\/12\/Cantilever_Alts-1-400x147.jpg 400w\" sizes=\"auto, (max-width: 650px) 100vw, 650px\" \/><\/a><\/p>\n<p>&nbsp;<\/p>\n<hr \/>\n<h2>Oddzielanie otwor\u00f3w klastrowych \u2013 wk\u0142ad w stylu okr\u0105g\u0142ym<\/h2>\n<p><a href=\"https:\/\/www.mate.com\/wp-content\/uploads\/2015\/12\/round_cluster_inserts.jpg\" rel=\"attachment wp-att-5511\"><img loading=\"lazy\" decoding=\"async\" class=\"wp-image-5511 aligncenter\" src=\"https:\/\/www.mate.com\/wp-content\/uploads\/2015\/12\/round_cluster_inserts.jpg\" alt=\"Round Hole Spacing\" width=\"162\" height=\"335\" srcset=\"https:\/\/www.mate.com\/wp-content\/uploads\/2015\/12\/round_cluster_inserts.jpg 967w, https:\/\/www.mate.com\/wp-content\/uploads\/2015\/12\/round_cluster_inserts-768x1588.jpg 768w, https:\/\/www.mate.com\/wp-content\/uploads\/2015\/12\/round_cluster_inserts-290x600.jpg 290w\" sizes=\"auto, (max-width: 162px) 100vw, 162px\" \/><\/a><\/p>\n<p style=\"text-align: left;\">Odst\u0119p mi\u0119dzy otworami w narz\u0119dziu klastrowym w stylu wk\u0142adu jest ograniczony przez przestrze\u0144 wymagan\u0105 przez g\u0142owic\u0119 stempla. Ka\u017cdy otw\u00f3r jest wykonywany przy u\u017cyciu wk\u0142adu. Ka\u017cdy wk\u0142ad ma zw\u0119\u017caj\u0105c\u0105 si\u0119 g\u0142owic\u0119. Te g\u0142owice nie mog\u0105 na siebie zachodzi\u0107. W pewnych okoliczno\u015bciach firma Mate zaleca podw\u00f3jne oddzielenie narz\u0119dzia klastrowego.<\/p>\n<p style=\"text-align: left;\"><a href=\"https:\/\/www.mate.com\/wp-content\/uploads\/2015\/12\/cluster_double_space.jpg\" rel=\"attachment wp-att-5512\"><img loading=\"lazy\" decoding=\"async\" class=\"wp-image-5512 aligncenter\" src=\"https:\/\/www.mate.com\/wp-content\/uploads\/2015\/12\/cluster_double_space.jpg\" alt=\"Cluster Double Space\" width=\"289\" height=\"213\" \/><\/a><\/p>\n<p>&nbsp;<\/p>\n<hr \/>\n<p>&nbsp;<\/p>\n<h2><strong>Oddzielanie otwor\u00f3w klastrowych \u2013 wk\u0142ad w stylu kszta\u0142towym<\/strong><\/h2>\n<p><a href=\"https:\/\/www.mate.com\/wp-content\/uploads\/2015\/12\/shaped_cluster_inserts.jpg\" rel=\"attachment wp-att-5568\"><img loading=\"lazy\" decoding=\"async\" class=\"aligncenter wp-image-5568\" src=\"https:\/\/www.mate.com\/wp-content\/uploads\/2015\/12\/shaped_cluster_inserts.jpg\" alt=\"shaped cluster inserts\" width=\"159\" height=\"363\" \/><\/a><\/p>\n<p>Odst\u0119p mi\u0119dzy otworami w narz\u0119dziu klastrowym w stylu wk\u0142adu jest ograniczony przez przestrze\u0144 wymagan\u0105 przez sprz\u0119t wykorzystywany do przytrzymania wk\u0142adu. Ka\u017cdy otw\u00f3r jest wykonywany przy u\u017cyciu wk\u0142adu. Ka\u017cdy wk\u0142ad wymaga wkr\u0119tu mocuj\u0105cego. \u0141by wkr\u0119t\u00f3w wk\u0142adu nie mog\u0105 na siebie zachodzi\u0107. W pewnych okoliczno\u015bciach zalecaliby\u015bmy podw\u00f3jne oddzielenie narz\u0119dzia klastrowego.<\/p>\n<p><a href=\"https:\/\/www.mate.com\/wp-content\/uploads\/2015\/12\/shaped_cluster_double.jpg\" rel=\"attachment wp-att-5575\"><img loading=\"lazy\" decoding=\"async\" class=\"aligncenter wp-image-5575\" src=\"https:\/\/www.mate.com\/wp-content\/uploads\/2015\/12\/shaped_cluster_double.jpg\" alt=\"shaped cluster double\" width=\"300\" height=\"271\" \/><\/a><\/p>\n<p>&nbsp;<\/p>\n<hr \/>\n<h2><strong>Oddzielenie otworu klastrowego \u2013 szeroko\u015b\u0107 sieci<\/strong><\/h2>\n<p><a href=\"https:\/\/www.mate.com\/wp-content\/uploads\/2015\/12\/Cluster_web_width.jpg\" rel=\"attachment wp-att-5573\"><img loading=\"lazy\" decoding=\"async\" class=\"aligncenter wp-image-5573\" src=\"https:\/\/www.mate.com\/wp-content\/uploads\/2015\/12\/Cluster_web_width.jpg\" alt=\"Cluster double space\" width=\"380\" height=\"267\" \/><\/a><\/p>\n<p>Odst\u0119p mi\u0119dzy otworami w narz\u0119dziu klastrowym w stylu wk\u0142adu jest ograniczony przez szeroko\u015b\u0107 sieci w matrycy.\u00a0 Kiedy odst\u0119py mi\u0119dzy otworami w \u017c\u0105danym wzorze s\u0105 blisko narz\u0119dzia, to powstan\u0105 sieci, kt\u00f3re zmniejsz\u0105 wytrzyma\u0142o\u015b\u0107 matrycy.\u00a0 W tych okoliczno\u015bciach firma Mate mo\u017ce zaleci\u0107 podw\u00f3jne oddzielenie tego narz\u0119dzia klastrowego.<\/p>\n<p>&nbsp;<\/p>\n<hr \/>\n<h2><strong>Minimalna szeroko\u015b\u0107 wyt\u0142oczenia kutego na zimno<\/strong><\/h2>\n<p><a href=\"https:\/\/www.mate.com\/wp-content\/uploads\/2015\/12\/EmbossColdForged-1.jpg\" rel=\"attachment wp-att-5624\"><img loading=\"lazy\" decoding=\"async\" class=\"aligncenter size-full wp-image-5624\" src=\"https:\/\/www.mate.com\/wp-content\/uploads\/2015\/12\/EmbossColdForged-1.jpg\" alt=\"Cold Forged Emboss Min Width\" width=\"200\" height=\"200\" \/><\/a><\/p>\n<p>Minimalna zalecana szeroko\u015b\u0107 dowolnego elementu lub przestrzeni mi\u0119dzy elementami nie powinna by\u0107 mniejsza od grubo\u015bci materia\u0142u.<\/p>\n<p>&nbsp;<\/p>\n<hr \/>\n<h2><strong>\u017baluzja ci\u0105g\u0142a \u2013 wygl\u0105d kosmetyczny<\/strong><\/h2>\n<p><a href=\"https:\/\/www.mate.com\/wp-content\/uploads\/2015\/12\/Louver-front-end.jpg\" rel=\"attachment wp-att-5625\"><img loading=\"lazy\" decoding=\"async\" class=\"aligncenter wp-image-5625\" src=\"https:\/\/www.mate.com\/wp-content\/uploads\/2015\/12\/Louver-front-end.jpg\" alt=\"Louver\" width=\"272\" height=\"181\" srcset=\"https:\/\/www.mate.com\/wp-content\/uploads\/2015\/12\/Louver-front-end-750x500.jpg 750w, https:\/\/www.mate.com\/wp-content\/uploads\/2015\/12\/Louver-front-end-1000x670.jpg 1000w\" sizes=\"auto, (max-width: 272px) 100vw, 272px\" \/><\/a><\/p>\n<p><a href=\"https:\/\/www.mate.com\/wp-content\/uploads\/2015\/12\/Louver-inside-end.jpg\" rel=\"attachment wp-att-5626\"><img loading=\"lazy\" decoding=\"async\" class=\"aligncenter wp-image-5626\" src=\"https:\/\/www.mate.com\/wp-content\/uploads\/2015\/12\/Louver-inside-end.jpg\" alt=\"Louver inside end\" width=\"274\" height=\"197\" \/><\/a><\/p>\n<p>Narz\u0119dzia z \u017caluzj\u0105 ci\u0105g\u0142\u0105 wymagaj\u0105 przesuwania materia\u0142u w kr\u00f3tkich krokach.\u00a0 W trakcie takiego stopniowego ruchu materia\u0142 jest rozci\u0105gany, a nast\u0119pnie \u015bciskany. Mo\u017ce to spowodowa\u0107 utwardzenie materia\u0142u i spowodowa\u0107 wyra\u017ane znaki nak\u0142adania si\u0119.<\/p>\n<p>&nbsp;<\/p>\n<hr \/>\n<h2>\u017baluzja ci\u0105g\u0142a \u2013 wygl\u0105d kosmetyczny<\/h2>\n<p><a href=\"https:\/\/www.mate.com\/wp-content\/uploads\/2015\/12\/Countersink_Depth_1.jpg\" rel=\"attachment wp-att-5636\"><img loading=\"lazy\" decoding=\"async\" class=\"aligncenter wp-image-5636\" src=\"https:\/\/www.mate.com\/wp-content\/uploads\/2015\/12\/Countersink_Depth_1.jpg\" alt=\"Countersink Depth\" width=\"374\" height=\"207\" \/><\/a><\/p>\n<p>\u017b\u0105dana \u015brednica wewn\u0119trzna wymaga\u0142aby g\u0142\u0119boko\u015bci penetracji, kt\u00f3ra przekracza nasze zalecenie dla tego typu i tej grubo\u015bci materia\u0142u. Aby zachowa\u0107 \u015brednic\u0119 zewn\u0119trzn\u0105 i k\u0105t, sugerujemy Ci zwi\u0119kszenie \u015brednicy wewn\u0119trznej, aby ograniczy\u0107 \u017c\u0105dan\u0105 g\u0142\u0119boko\u015b\u0107 penetracji. Je\u015bli zmiana \u015brednicy wewn\u0119trznej jest nieakceptowalna, ch\u0119tnie zaoferujemy otw\u00f3r pilotowy o kszta\u0142cie nosa.<\/p>\n<p>&nbsp;<\/p>\n<hr \/>\n<h2>K\u0105t zbie\u017cno\u015bci<\/h2>\n<p>Firma Mate zaleca wprowadzenie k\u0105ta zbie\u017cno\u015bci o warto\u015bci minimalnej 5 stopni. K\u0105t zbie\u017cno\u015bci u\u0142atwi wydostawanie si\u0119 materia\u0142u z g\u00f3rnego podzespo\u0142u. Zalety to: zwi\u0119kszona jako\u015b\u0107 formy, zwi\u0119kszona jako\u015b\u0107 detalu i poprawione wydostawanie si\u0119 materia\u0142u.<\/p>\n<p><a href=\"https:\/\/www.mate.com\/wp-content\/uploads\/2015\/12\/Draft_Angle.jpg\" rel=\"attachment wp-att-5637\"><img loading=\"lazy\" decoding=\"async\" class=\"aligncenter wp-image-5637\" src=\"https:\/\/www.mate.com\/wp-content\/uploads\/2015\/12\/Draft_Angle.jpg\" alt=\"Draft Angle\" width=\"523\" height=\"308\" \/><\/a><\/p>\n<p>&nbsp;<\/p>\n<hr \/>\n<h2>\u015arednica wyciskania<\/h2>\n<p><a href=\"https:\/\/www.mate.com\/wp-content\/uploads\/2015\/12\/extrusion_pre-pierce.jpg\" rel=\"attachment wp-att-5638\"><img loading=\"lazy\" decoding=\"async\" class=\"aligncenter wp-image-5638\" src=\"https:\/\/www.mate.com\/wp-content\/uploads\/2015\/12\/extrusion_pre-pierce.jpg\" alt=\"Extrusion height\" width=\"434\" height=\"199\" \/><\/a><\/p>\n<p>\u015arednica (wst\u0119pnego) wyci\u0119cia, kt\u00f3ra by\u0142aby wymagana do tego wyciskania jest mniejsza ni\u017c zalecana przez nas dla okre\u015blonego typu i grubo\u015bci materia\u0142u. Mo\u017ce to skutkowa\u0107 p\u0119kni\u0119ciem matrycy i\/lub wk\u0142adu. Sugerujemy Ci zwi\u0119kszenie \u015brednicy lub zmniejszenie grubo\u015bci materia\u0142u.<\/p>\n<p>&nbsp;<\/p>\n<hr \/>\n<h2>Wysoko\u015b\u0107 wyciskania<\/h2>\n<p><a href=\"https:\/\/www.mate.com\/wp-content\/uploads\/2015\/12\/extrusion_height.jpg\" rel=\"attachment wp-att-5639\"><img loading=\"lazy\" decoding=\"async\" class=\"aligncenter wp-image-5639\" src=\"https:\/\/www.mate.com\/wp-content\/uploads\/2015\/12\/extrusion_height.jpg\" alt=\"Extrusion Height\" width=\"495\" height=\"161\" \/><\/a><\/p>\n<p>Maksymalna sugerowana wysoko\u015b\u0107 jest 2-2,5 x wi\u0119ksza od grubo\u015bci materia\u0142u przy r\u00f3wnoczesnym zapewnieniu, \u017ce \u017c\u0105dane (wst\u0119pne) wyci\u0119cie b\u0119dzie co najmniej r\u00f3wne 1 x grubo\u015bci materia\u0142u.\u00a0Je\u015bli wysoko\u015b\u0107 formy przekracza to zalecenie, forma mo\u017ce zosta\u0107 rozerwana. Zalecamy, by dla uzyskania optymalnych wynik\u00f3w zmniejszy\u0107 wysoko\u015b\u0107 lub grubo\u015b\u0107 materia\u0142u.<\/p>\n<p>&nbsp;<\/p>\n<hr \/>\n<h2>\nMaksymalna wysoko\u015b\u0107 formy \u2013 formy zamkni\u0119te<\/h2>\n<p><a href=\"https:\/\/www.mate.com\/wp-content\/uploads\/2015\/12\/emboss.jpg\" rel=\"attachment wp-att-5652\"><img loading=\"lazy\" decoding=\"async\" class=\"aligncenter wp-image-5652\" src=\"https:\/\/www.mate.com\/wp-content\/uploads\/2015\/12\/emboss.jpg\" alt=\"emboss\" width=\"796\" height=\"298\" \/><\/a><\/p>\n<p>&nbsp;<\/p>\n<hr \/>\n<h2>Side Wall Angle\u2013 Closed Forms<\/h2>\n<p><a href=\"https:\/\/www.mate.com\/wp-content\/uploads\/2015\/12\/emboss.jpg\" rel=\"attachment wp-att-5652\"><img loading=\"lazy\" decoding=\"async\" class=\"aligncenter wp-image-5652\" src=\"https:\/\/www.mate.com\/wp-content\/uploads\/2015\/12\/emboss.jpg\" alt=\"emboss\" width=\"796\" height=\"298\" \/><\/a><\/p>\n<p>&nbsp;<\/p>\n<hr \/>\n<p>&nbsp;<\/p>\n","protected":false},"excerpt":{"rendered":"<p>Od 1962 roku firma Mate opracowa\u0142a wiele rozwi\u0105za\u0144 w zakresie wycinania i formowania. Poni\u017csze najlepsze praktyki zosta\u0142y opracowane, aby Ci pom\u00f3c w poprawieniu efektywno\u015bci operacji wytwarzania wyrob\u00f3w z blachy. Pami\u0119taj, by regularnie sprawdza\u0107, czy nie zosta\u0142y zaktualizowane. Matryca wspornikowa Wspornik to niepodparta cz\u0119\u015b\u0107 matrycy. Pomy\u015bl o kszta\u0142cie \u201eU\u201d. J\u0119zyk jest niepodparty, co mo\u017ce powodowa\u0107 powstanie [&hellip;]<\/p>\n","protected":false},"author":5,"featured_media":0,"parent":27904,"menu_order":473,"comment_status":"closed","ping_status":"closed","template":"","meta":{"_acf_changed":false,"_monsterinsights_skip_tracking":false,"_monsterinsights_sitenote_active":false,"_monsterinsights_sitenote_note":"","_monsterinsights_sitenote_category":0,"footnotes":""},"class_list":["post-27853","page","type-page","status-publish","hentry"],"acf":[],"yoast_head":"<!-- This site is optimized with the Yoast SEO Premium plugin v27.2 (Yoast SEO v27.2) - https:\/\/yoast.com\/product\/yoast-seo-premium-wordpress\/ -->\n<title>Zalecenia dotycz\u0105ce zastosowa\u0144 specjalnych - Mate Precision Technologies<\/title>\n<meta name=\"description\" content=\"Od 1962 roku firma Mate opracowa\u0142a wiele rozwi\u0105za\u0144 w zakresie wycinania i formowania. Poni\u017csze najlepsze praktyki zosta\u0142y opracowane, aby Ci pom\u00f3c w\" \/>\n<meta name=\"robots\" content=\"index, follow, max-snippet:-1, max-image-preview:large, max-video-preview:-1\" \/>\n<link rel=\"canonical\" href=\"https:\/\/www.mate.com\/pl\/technical-resources\/punch-press-resources\/tips-techniques\/special-application-success-tips\/\" \/>\n<meta property=\"og:locale\" content=\"pl_PL\" \/>\n<meta property=\"og:type\" content=\"article\" \/>\n<meta property=\"og:title\" content=\"Zalecenia dotycz\u0105ce zastosowa\u0144 specjalnych\" \/>\n<meta property=\"og:description\" content=\"Od 1962 roku firma Mate opracowa\u0142a wiele rozwi\u0105za\u0144 w zakresie wycinania i formowania. Poni\u017csze najlepsze praktyki zosta\u0142y opracowane, aby Ci pom\u00f3c w\" \/>\n<meta property=\"og:url\" content=\"https:\/\/www.mate.com\/pl\/technical-resources\/punch-press-resources\/tips-techniques\/special-application-success-tips\/\" \/>\n<meta property=\"og:site_name\" content=\"Mate Precision Technologies\" \/>\n<meta property=\"article:publisher\" content=\"https:\/\/www.facebook.com\/MatePrecisionTechnologies\/\" \/>\n<meta property=\"article:modified_time\" content=\"2017-06-06T18:54:28+00:00\" \/>\n<meta property=\"og:image\" content=\"https:\/\/www.mate.com\/wp-content\/uploads\/2015\/12\/Cantilever_Die.jpg\" \/>\n<meta name=\"twitter:card\" content=\"summary_large_image\" \/>\n<meta name=\"twitter:site\" content=\"@mateprecision\" \/>\n<meta name=\"twitter:label1\" content=\"Szacowany czas czytania\" \/>\n\t<meta name=\"twitter:data1\" content=\"3 minuty\" \/>\n<script type=\"application\/ld+json\" class=\"yoast-schema-graph\">{\"@context\":\"https:\/\/schema.org\",\"@graph\":[{\"@type\":\"WebPage\",\"@id\":\"https:\/\/www.mate.com\/pl\/technical-resources\/punch-press-resources\/tips-techniques\/special-application-success-tips\/\",\"url\":\"https:\/\/www.mate.com\/pl\/technical-resources\/punch-press-resources\/tips-techniques\/special-application-success-tips\/\",\"name\":\"Zalecenia dotycz\u0105ce zastosowa\u0144 specjalnych - Mate Precision Technologies\",\"isPartOf\":{\"@id\":\"https:\/\/www.mate.com\/pl\/#website\"},\"primaryImageOfPage\":{\"@id\":\"https:\/\/www.mate.com\/pl\/technical-resources\/punch-press-resources\/tips-techniques\/special-application-success-tips\/#primaryimage\"},\"image\":{\"@id\":\"https:\/\/www.mate.com\/pl\/technical-resources\/punch-press-resources\/tips-techniques\/special-application-success-tips\/#primaryimage\"},\"thumbnailUrl\":\"https:\/\/www.mate.com\/wp-content\/uploads\/2015\/12\/Cantilever_Die.jpg\",\"datePublished\":\"2015-12-21T19:22:21+00:00\",\"dateModified\":\"2017-06-06T18:54:28+00:00\",\"description\":\"Od 1962 roku firma Mate opracowa\u0142a wiele rozwi\u0105za\u0144 w zakresie wycinania i formowania. Poni\u017csze najlepsze praktyki zosta\u0142y opracowane, aby Ci pom\u00f3c w\",\"breadcrumb\":{\"@id\":\"https:\/\/www.mate.com\/pl\/technical-resources\/punch-press-resources\/tips-techniques\/special-application-success-tips\/#breadcrumb\"},\"inLanguage\":\"pl-PL\",\"potentialAction\":[{\"@type\":\"ReadAction\",\"target\":[\"https:\/\/www.mate.com\/pl\/technical-resources\/punch-press-resources\/tips-techniques\/special-application-success-tips\/\"]}]},{\"@type\":\"ImageObject\",\"inLanguage\":\"pl-PL\",\"@id\":\"https:\/\/www.mate.com\/pl\/technical-resources\/punch-press-resources\/tips-techniques\/special-application-success-tips\/#primaryimage\",\"url\":\"https:\/\/www.mate.com\/wp-content\/uploads\/2015\/12\/Cantilever_Die.jpg\",\"contentUrl\":\"https:\/\/www.mate.com\/wp-content\/uploads\/2015\/12\/Cantilever_Die.jpg\"},{\"@type\":\"BreadcrumbList\",\"@id\":\"https:\/\/www.mate.com\/pl\/technical-resources\/punch-press-resources\/tips-techniques\/special-application-success-tips\/#breadcrumb\",\"itemListElement\":[{\"@type\":\"ListItem\",\"position\":1,\"name\":\"Home\",\"item\":\"https:\/\/www.mate.com\/pl\/\/\"},{\"@type\":\"ListItem\",\"position\":2,\"name\":\"Zasoby techniczne\",\"item\":\"https:\/\/www.mate.com\/pl\/technical-resources\/\"},{\"@type\":\"ListItem\",\"position\":3,\"name\":\"Punch Press Tooling\",\"item\":\"https:\/\/www.mate.com\/pl\/technical-resources\/punch-press-resources\/\"},{\"@type\":\"ListItem\",\"position\":4,\"name\":\"Zalecenia dotycz\u0105ce zastosowa\u0144 specjalnych\"}]},{\"@type\":\"WebSite\",\"@id\":\"https:\/\/www.mate.com\/pl\/#website\",\"url\":\"https:\/\/www.mate.com\/pl\/\",\"name\":\"Mate Precision Technologies\",\"description\":\"Workholding, Press Brake, Punch Press and Laser Technologies\",\"potentialAction\":[{\"@type\":\"SearchAction\",\"target\":{\"@type\":\"EntryPoint\",\"urlTemplate\":\"https:\/\/www.mate.com\/pl\/?s={search_term_string}\"},\"query-input\":{\"@type\":\"PropertyValueSpecification\",\"valueRequired\":true,\"valueName\":\"search_term_string\"}}],\"inLanguage\":\"pl-PL\"}]}<\/script>\n<!-- \/ Yoast SEO Premium plugin. -->","yoast_head_json":{"title":"Zalecenia dotycz\u0105ce zastosowa\u0144 specjalnych - Mate Precision Technologies","description":"Od 1962 roku firma Mate opracowa\u0142a wiele rozwi\u0105za\u0144 w zakresie wycinania i formowania. Poni\u017csze najlepsze praktyki zosta\u0142y opracowane, aby Ci pom\u00f3c w","robots":{"index":"index","follow":"follow","max-snippet":"max-snippet:-1","max-image-preview":"max-image-preview:large","max-video-preview":"max-video-preview:-1"},"canonical":"https:\/\/www.mate.com\/pl\/technical-resources\/punch-press-resources\/tips-techniques\/special-application-success-tips\/","og_locale":"pl_PL","og_type":"article","og_title":"Zalecenia dotycz\u0105ce zastosowa\u0144 specjalnych","og_description":"Od 1962 roku firma Mate opracowa\u0142a wiele rozwi\u0105za\u0144 w zakresie wycinania i formowania. Poni\u017csze najlepsze praktyki zosta\u0142y opracowane, aby Ci pom\u00f3c w","og_url":"https:\/\/www.mate.com\/pl\/technical-resources\/punch-press-resources\/tips-techniques\/special-application-success-tips\/","og_site_name":"Mate Precision Technologies","article_publisher":"https:\/\/www.facebook.com\/MatePrecisionTechnologies\/","article_modified_time":"2017-06-06T18:54:28+00:00","og_image":[{"url":"https:\/\/www.mate.com\/wp-content\/uploads\/2015\/12\/Cantilever_Die.jpg","type":"","width":"","height":""}],"twitter_card":"summary_large_image","twitter_site":"@mateprecision","twitter_misc":{"Szacowany czas czytania":"3 minuty"},"schema":{"@context":"https:\/\/schema.org","@graph":[{"@type":"WebPage","@id":"https:\/\/www.mate.com\/pl\/technical-resources\/punch-press-resources\/tips-techniques\/special-application-success-tips\/","url":"https:\/\/www.mate.com\/pl\/technical-resources\/punch-press-resources\/tips-techniques\/special-application-success-tips\/","name":"Zalecenia dotycz\u0105ce zastosowa\u0144 specjalnych - Mate Precision Technologies","isPartOf":{"@id":"https:\/\/www.mate.com\/pl\/#website"},"primaryImageOfPage":{"@id":"https:\/\/www.mate.com\/pl\/technical-resources\/punch-press-resources\/tips-techniques\/special-application-success-tips\/#primaryimage"},"image":{"@id":"https:\/\/www.mate.com\/pl\/technical-resources\/punch-press-resources\/tips-techniques\/special-application-success-tips\/#primaryimage"},"thumbnailUrl":"https:\/\/www.mate.com\/wp-content\/uploads\/2015\/12\/Cantilever_Die.jpg","datePublished":"2015-12-21T19:22:21+00:00","dateModified":"2017-06-06T18:54:28+00:00","description":"Od 1962 roku firma Mate opracowa\u0142a wiele rozwi\u0105za\u0144 w zakresie wycinania i formowania. Poni\u017csze najlepsze praktyki zosta\u0142y opracowane, aby Ci pom\u00f3c w","breadcrumb":{"@id":"https:\/\/www.mate.com\/pl\/technical-resources\/punch-press-resources\/tips-techniques\/special-application-success-tips\/#breadcrumb"},"inLanguage":"pl-PL","potentialAction":[{"@type":"ReadAction","target":["https:\/\/www.mate.com\/pl\/technical-resources\/punch-press-resources\/tips-techniques\/special-application-success-tips\/"]}]},{"@type":"ImageObject","inLanguage":"pl-PL","@id":"https:\/\/www.mate.com\/pl\/technical-resources\/punch-press-resources\/tips-techniques\/special-application-success-tips\/#primaryimage","url":"https:\/\/www.mate.com\/wp-content\/uploads\/2015\/12\/Cantilever_Die.jpg","contentUrl":"https:\/\/www.mate.com\/wp-content\/uploads\/2015\/12\/Cantilever_Die.jpg"},{"@type":"BreadcrumbList","@id":"https:\/\/www.mate.com\/pl\/technical-resources\/punch-press-resources\/tips-techniques\/special-application-success-tips\/#breadcrumb","itemListElement":[{"@type":"ListItem","position":1,"name":"Home","item":"https:\/\/www.mate.com\/pl\/\/"},{"@type":"ListItem","position":2,"name":"Zasoby techniczne","item":"https:\/\/www.mate.com\/pl\/technical-resources\/"},{"@type":"ListItem","position":3,"name":"Punch Press Tooling","item":"https:\/\/www.mate.com\/pl\/technical-resources\/punch-press-resources\/"},{"@type":"ListItem","position":4,"name":"Zalecenia dotycz\u0105ce zastosowa\u0144 specjalnych"}]},{"@type":"WebSite","@id":"https:\/\/www.mate.com\/pl\/#website","url":"https:\/\/www.mate.com\/pl\/","name":"Mate Precision Technologies","description":"Workholding, Press Brake, Punch Press and Laser Technologies","potentialAction":[{"@type":"SearchAction","target":{"@type":"EntryPoint","urlTemplate":"https:\/\/www.mate.com\/pl\/?s={search_term_string}"},"query-input":{"@type":"PropertyValueSpecification","valueRequired":true,"valueName":"search_term_string"}}],"inLanguage":"pl-PL"}]}},"_links":{"self":[{"href":"https:\/\/www.mate.com\/pl\/wp-json\/wp\/v2\/pages\/27853","targetHints":{"allow":["GET"]}}],"collection":[{"href":"https:\/\/www.mate.com\/pl\/wp-json\/wp\/v2\/pages"}],"about":[{"href":"https:\/\/www.mate.com\/pl\/wp-json\/wp\/v2\/types\/page"}],"author":[{"embeddable":true,"href":"https:\/\/www.mate.com\/pl\/wp-json\/wp\/v2\/users\/5"}],"replies":[{"embeddable":true,"href":"https:\/\/www.mate.com\/pl\/wp-json\/wp\/v2\/comments?post=27853"}],"version-history":[{"count":0,"href":"https:\/\/www.mate.com\/pl\/wp-json\/wp\/v2\/pages\/27853\/revisions"}],"up":[{"embeddable":true,"href":"https:\/\/www.mate.com\/pl\/wp-json\/wp\/v2\/pages\/27904"}],"wp:attachment":[{"href":"https:\/\/www.mate.com\/pl\/wp-json\/wp\/v2\/media?parent=27853"}],"curies":[{"name":"wp","href":"https:\/\/api.w.org\/{rel}","templated":true}]}}