{"id":27839,"date":"2015-12-21T15:04:41","date_gmt":"2015-12-21T21:04:41","guid":{"rendered":"https:\/\/www.mate.com\/fabrication-solutions\/special-applications-solution-bulletins\/improve-quality-and-performance\/mate-supermax-coating\/"},"modified":"2017-06-06T09:59:42","modified_gmt":"2017-06-06T14:59:42","slug":"mate-supermax-coating","status":"publish","type":"page","link":"https:\/\/www.mate.com\/pl\/technical-resources\/punch-press-resources\/special-applications-solution-bulletins\/improve-quality-and-performance\/mate-supermax-coating\/","title":{"rendered":"Pow\u0142oki: SuperMax\u2122"},"content":{"rendered":"<p>SuperMax\u2122 firmy Mate to opatentowana pow\u0142oka nast\u0119pnej generacji, opracowana specjalnie do oprzyrz\u0105dowania prasy wykrawaj\u0105cej. Twarda, odporna na zu\u017cycie i \u015bliska pow\u0142oka SuperMax stanowi barier\u0119 mi\u0119dzy stemplem i metalow\u0105 blach\u0105, kt\u00f3ra znacznie poprawia zdzieranie. W testach klient\u00f3w pow\u0142oka SuperMax uzyskuje, zale\u017cnie od zastosowania, od 2- do 8-krotnie lepsze wyniki od obecnie dost\u0119pnych wysokiej klasy pow\u0142ok<br \/>\n<img loading=\"lazy\" decoding=\"async\" class=\"alignright wp-image-1405 \" src=\"https:\/\/www.mate.com\/wp-content\/uploads\/2015\/09\/SuperMax1-e1444414639890.jpg\" alt=\"SuperMax1\" width=\"362\" height=\"252\" \/><\/p>\n<p>Nak\u0142adana przy u\u017cyciu najnowocze\u015bniejszej nanotechnologii twardsza i g\u0119stsza warstwa pow\u0142oki SuperMax zwi\u0119ksza odporno\u015b\u0107 na \u015bcieranie i ma znacznie ni\u017cszy (o oko\u0142o 20%) wsp\u00f3\u0142czynnik tarcia. Mniejsze tarcie to mniejsze wytwarzanie ciep\u0142a, mniej zatar\u0107 i d\u0142u\u017cszy okres eksploatacji. Pow\u0142oka SuperMax szczeg\u00f3lnie dobrze nadaje si\u0119 do stosowania na oprzyrz\u0105dowaniu nara\u017conym na zu\u017cycie adhezyjne. Po\u015blizgowo\u015b\u0107 jest korzystna tak\u017ce przy wykrawaniu kszta\u0142t\u00f3w o ostrych kraw\u0119dziach pod k\u0105tem nie wi\u0119kszym ni\u017c 90 stopni.<\/p>\n<p>Pow\u0142oka SuperMax jest zalecana do takich zastosowa\u0144 jak aluminium serii 3000 i 5000, stal zimno walcowana, galwanizowana i nierdzewna; A nawet materia\u0142y wst\u0119pnie pomalowane, czy powlekane winylem materia\u0142y, a tak\u017ce w\u0142\u00f3kno szklane.<\/p>\n<p>Pow\u0142oka SuperMax mo\u017ce by\u0107 nak\u0142adana na stemple ze stali M4PM, M2\u2122 i Durasteel\u2122. Poniewa\u017c SuperMax jest pow\u0142ok\u0105 p\u00f3\u0142przezroczyst\u0105, zapewnili\u015bmy jej \u0142atw\u0105 identyfikacj\u0119 przez zastosowanie zielonego wierzcho\u0142ka ochronnego.*<\/p>\n<h2>Minimalny rozmiar stempla:**<\/h2>\n<table cellspacing=\"1\" cellpadding=\"1\">\n<tbody>\n<tr>\n<td><strong>Kszta\u0142towa<\/strong><\/td>\n<td><strong>CoatingMinimalny rozmiar stempla odpowiedni dla pow\u0142oki SuperMax\u2122<\/strong><\/td>\n<\/tr>\n<tr class=\"even\">\n<td>Okr\u0105g\u0142a<\/td>\n<td>\u015arednica minimalna = 0.098(2.50)<\/td>\n<\/tr>\n<tr>\n<td>Prostok\u0105t<\/td>\n<td>Je\u015bli d\u0142ugo\u015b\u0107 wynosi &gt; 0.250(6.35)<br \/>\nSzeroko\u015b\u0107 minimalna wynosi 0.060(1.50)<br \/>\nJe\u015bli d\u0142ugo\u015b\u0107 wynosi &lt; 0.250(6.35)<br \/>\nSzeroko\u015b\u0107 minimalna wynosi 0.098(2.50)<\/td>\n<\/tr>\n<tr class=\"even\">\n<td>Owal<\/td>\n<td>Je\u015bli d\u0142ugo\u015b\u0107 wynosi &gt; 0.250(6.35)<br \/>\nSzeroko\u015b\u0107 minimalna wynosi 0.060(1.50)<br \/>\nJe\u015bli d\u0142ugo\u015b\u0107 wynosi &lt; 0.250(6.35)<br \/>\nSzeroko\u015b\u0107 minimalna wynosi 0.098(2.50)<\/td>\n<\/tr>\n<tr>\n<td>Kwadrat<\/td>\n<td>Szeroko\u015b\u0107 minimalna = 0.098(2.50)<\/td>\n<\/tr>\n<tr class=\"even\">\n<td>Inne<\/td>\n<td>Skonsultuj si\u0119 ze Specjalist\u0105 firmy Mate ds. Zastosowa\u0144<\/td>\n<\/tr>\n<\/tbody>\n<\/table>\n<h2>Zalecenia dotycz\u0105ce zastosowa\u0144:<\/h2>\n<table cellspacing=\"1\" cellpadding=\"1\">\n<tbody>\n<tr>\n<td><\/td>\n<td><strong>Aluminium serii 3000 i 5000<\/strong><\/td>\n<td><strong>Stal galwanizowana<\/strong><\/td>\n<td><strong>Stal<\/strong><br \/>\n<strong>nierdzewna<\/strong><\/td>\n<td><strong>Stal nierdzewna poni\u017cej 14 Gauge<\/strong><\/td>\n<td><strong>Stal zimno walcowana<\/strong><\/td>\n<td><strong>Materia\u0142y z pow\u0142ok\u0105 winylow\u0105 <\/strong><\/td>\n<td><strong>Wst\u0119pnie malowane materia\u0142y o grubo\u015bci poni\u017cej 16 Gauge<\/strong><\/td>\n<td><strong>W\u0142\u00f3kno szklane<\/strong><\/td>\n<\/tr>\n<tr class=\"even\">\n<td><strong>SuperMax\u2122<\/strong><\/td>\n<td>X<\/td>\n<td>X<\/td>\n<td>X<\/td>\n<td>X<\/td>\n<td>X<\/td>\n<td>X<\/td>\n<td>X<\/td>\n<td>X<\/td>\n<\/tr>\n<tr>\n<td><strong>Maxima\u2122<\/strong><\/td>\n<td>X<\/td>\n<td>X<\/td>\n<td>X<\/td>\n<td>X<\/td>\n<td><\/td>\n<td>X<\/td>\n<td>X<\/td>\n<td><\/td>\n<\/tr>\n<tr class=\"even\">\n<td><strong>Nitride<\/strong><\/td>\n<td>X<\/td>\n<td><\/td>\n<td><\/td>\n<td>X<\/td>\n<td>X<\/td>\n<td><\/td>\n<td>X<\/td>\n<td>X<\/td>\n<\/tr>\n<\/tbody>\n<\/table>\n<p>* Oprzyrz\u0105dowanie SuperMax firmy Mate mo\u017ce by\u0107 zidentyfikowane po dostarczeniu dzi\u0119ki jego delikatnie matowemu wyko\u0144czeniu i zielonej zatyczce ochronnej.<\/p>\n<p>** Je\u015bli potrzebujesz mniejszego rozmiaru minimalnego stempla, skontaktuj si\u0119 ze Specjalist\u0105 Firmy Mate ds. Zastosowa\u0144<\/p>\n","protected":false},"excerpt":{"rendered":"<p>SuperMax\u2122 firmy Mate to opatentowana pow\u0142oka nast\u0119pnej generacji, opracowana specjalnie do oprzyrz\u0105dowania prasy wykrawaj\u0105cej. Twarda, odporna na zu\u017cycie i \u015bliska pow\u0142oka SuperMax stanowi barier\u0119 mi\u0119dzy stemplem i metalow\u0105 blach\u0105, kt\u00f3ra znacznie poprawia zdzieranie. W testach klient\u00f3w pow\u0142oka SuperMax uzyskuje, zale\u017cnie od zastosowania, od 2- do 8-krotnie lepsze wyniki od obecnie dost\u0119pnych wysokiej klasy pow\u0142ok Nak\u0142adana [&hellip;]<\/p>\n","protected":false},"author":5,"featured_media":0,"parent":27829,"menu_order":641,"comment_status":"closed","ping_status":"closed","template":"","meta":{"_acf_changed":false,"_monsterinsights_skip_tracking":false,"_monsterinsights_sitenote_active":false,"_monsterinsights_sitenote_note":"","_monsterinsights_sitenote_category":0,"footnotes":""},"class_list":["post-27839","page","type-page","status-publish","hentry"],"acf":[],"yoast_head":"<!-- This site is optimized with the Yoast SEO Premium plugin v27.2 (Yoast SEO v27.2) - https:\/\/yoast.com\/product\/yoast-seo-premium-wordpress\/ -->\n<title>Pow\u0142oki: SuperMax\u2122 - Mate Precision Technologies<\/title>\n<meta name=\"description\" content=\"SuperMax\u2122 firmy Mate to opatentowana pow\u0142oka nast\u0119pnej generacji, opracowana specjalnie do oprzyrz\u0105dowania prasy wykrawaj\u0105cej. Twarda, odporna na zu\u017cycie\" \/>\n<meta name=\"robots\" content=\"index, follow, max-snippet:-1, max-image-preview:large, max-video-preview:-1\" \/>\n<link rel=\"canonical\" href=\"https:\/\/www.mate.com\/pl\/technical-resources\/punch-press-resources\/special-applications-solution-bulletins\/improve-quality-and-performance\/mate-supermax-coating\/\" \/>\n<meta property=\"og:locale\" content=\"pl_PL\" \/>\n<meta property=\"og:type\" content=\"article\" \/>\n<meta property=\"og:title\" content=\"Pow\u0142oki: SuperMax\u2122\" \/>\n<meta property=\"og:description\" content=\"SuperMax\u2122 firmy Mate to opatentowana pow\u0142oka nast\u0119pnej generacji, opracowana specjalnie do oprzyrz\u0105dowania prasy wykrawaj\u0105cej. Twarda, odporna na zu\u017cycie\" \/>\n<meta property=\"og:url\" content=\"https:\/\/www.mate.com\/pl\/technical-resources\/punch-press-resources\/special-applications-solution-bulletins\/improve-quality-and-performance\/mate-supermax-coating\/\" \/>\n<meta property=\"og:site_name\" content=\"Mate Precision Technologies\" \/>\n<meta property=\"article:publisher\" content=\"https:\/\/www.facebook.com\/MatePrecisionTechnologies\/\" \/>\n<meta property=\"article:modified_time\" content=\"2017-06-06T14:59:42+00:00\" \/>\n<meta property=\"og:image\" content=\"https:\/\/www.mate.com\/wp-content\/uploads\/2015\/09\/SuperMax1-e1444414639890.jpg\" \/>\n<meta name=\"twitter:card\" content=\"summary_large_image\" \/>\n<meta name=\"twitter:site\" content=\"@mateprecision\" \/>\n<meta name=\"twitter:label1\" content=\"Szacowany czas czytania\" \/>\n\t<meta name=\"twitter:data1\" content=\"2 minuty\" \/>\n<script type=\"application\/ld+json\" class=\"yoast-schema-graph\">{\"@context\":\"https:\/\/schema.org\",\"@graph\":[{\"@type\":\"WebPage\",\"@id\":\"https:\/\/www.mate.com\/pl\/technical-resources\/punch-press-resources\/special-applications-solution-bulletins\/improve-quality-and-performance\/mate-supermax-coating\/\",\"url\":\"https:\/\/www.mate.com\/pl\/technical-resources\/punch-press-resources\/special-applications-solution-bulletins\/improve-quality-and-performance\/mate-supermax-coating\/\",\"name\":\"Pow\u0142oki: SuperMax\u2122 - Mate Precision Technologies\",\"isPartOf\":{\"@id\":\"https:\/\/www.mate.com\/pl\/#website\"},\"primaryImageOfPage\":{\"@id\":\"https:\/\/www.mate.com\/pl\/technical-resources\/punch-press-resources\/special-applications-solution-bulletins\/improve-quality-and-performance\/mate-supermax-coating\/#primaryimage\"},\"image\":{\"@id\":\"https:\/\/www.mate.com\/pl\/technical-resources\/punch-press-resources\/special-applications-solution-bulletins\/improve-quality-and-performance\/mate-supermax-coating\/#primaryimage\"},\"thumbnailUrl\":\"https:\/\/www.mate.com\/wp-content\/uploads\/2015\/09\/SuperMax1-e1444414639890.jpg\",\"datePublished\":\"2015-12-21T21:04:41+00:00\",\"dateModified\":\"2017-06-06T14:59:42+00:00\",\"description\":\"SuperMax\u2122 firmy Mate to opatentowana pow\u0142oka nast\u0119pnej generacji, opracowana specjalnie do oprzyrz\u0105dowania prasy wykrawaj\u0105cej. Twarda, odporna na zu\u017cycie\",\"breadcrumb\":{\"@id\":\"https:\/\/www.mate.com\/pl\/technical-resources\/punch-press-resources\/special-applications-solution-bulletins\/improve-quality-and-performance\/mate-supermax-coating\/#breadcrumb\"},\"inLanguage\":\"pl-PL\",\"potentialAction\":[{\"@type\":\"ReadAction\",\"target\":[\"https:\/\/www.mate.com\/pl\/technical-resources\/punch-press-resources\/special-applications-solution-bulletins\/improve-quality-and-performance\/mate-supermax-coating\/\"]}]},{\"@type\":\"ImageObject\",\"inLanguage\":\"pl-PL\",\"@id\":\"https:\/\/www.mate.com\/pl\/technical-resources\/punch-press-resources\/special-applications-solution-bulletins\/improve-quality-and-performance\/mate-supermax-coating\/#primaryimage\",\"url\":\"https:\/\/www.mate.com\/wp-content\/uploads\/2015\/09\/SuperMax1-e1444414639890.jpg\",\"contentUrl\":\"https:\/\/www.mate.com\/wp-content\/uploads\/2015\/09\/SuperMax1-e1444414639890.jpg\"},{\"@type\":\"BreadcrumbList\",\"@id\":\"https:\/\/www.mate.com\/pl\/technical-resources\/punch-press-resources\/special-applications-solution-bulletins\/improve-quality-and-performance\/mate-supermax-coating\/#breadcrumb\",\"itemListElement\":[{\"@type\":\"ListItem\",\"position\":1,\"name\":\"Home\",\"item\":\"https:\/\/www.mate.com\/pl\/\/\"},{\"@type\":\"ListItem\",\"position\":2,\"name\":\"Zasoby techniczne\",\"item\":\"https:\/\/www.mate.com\/pl\/technical-resources\/\"},{\"@type\":\"ListItem\",\"position\":3,\"name\":\"Punch Press Tooling\",\"item\":\"https:\/\/www.mate.com\/pl\/technical-resources\/punch-press-resources\/\"},{\"@type\":\"ListItem\",\"position\":4,\"name\":\"Biuletyny dotycz\u0105ce rozwi\u0105za\u0144 do zastosowa\u0144 specjalnych\",\"item\":\"https:\/\/www.mate.com\/pl\/technical-resources\/punch-press-resources\/special-applications-solution-bulletins\/\"},{\"@type\":\"ListItem\",\"position\":5,\"name\":\"Poprawa jako\u015bci i wydajno\u015bci\",\"item\":\"https:\/\/www.mate.com\/pl\/technical-resources\/punch-press-resources\/special-applications-solution-bulletins\/improve-quality-and-performance\/\"},{\"@type\":\"ListItem\",\"position\":6,\"name\":\"Pow\u0142oki: SuperMax\u2122\"}]},{\"@type\":\"WebSite\",\"@id\":\"https:\/\/www.mate.com\/pl\/#website\",\"url\":\"https:\/\/www.mate.com\/pl\/\",\"name\":\"Mate Precision Technologies\",\"description\":\"Workholding, Press Brake, Punch Press and Laser Technologies\",\"potentialAction\":[{\"@type\":\"SearchAction\",\"target\":{\"@type\":\"EntryPoint\",\"urlTemplate\":\"https:\/\/www.mate.com\/pl\/?s={search_term_string}\"},\"query-input\":{\"@type\":\"PropertyValueSpecification\",\"valueRequired\":true,\"valueName\":\"search_term_string\"}}],\"inLanguage\":\"pl-PL\"}]}<\/script>\n<!-- \/ Yoast SEO Premium plugin. -->","yoast_head_json":{"title":"Pow\u0142oki: SuperMax\u2122 - Mate Precision Technologies","description":"SuperMax\u2122 firmy Mate to opatentowana pow\u0142oka nast\u0119pnej generacji, opracowana specjalnie do oprzyrz\u0105dowania prasy wykrawaj\u0105cej. Twarda, odporna na zu\u017cycie","robots":{"index":"index","follow":"follow","max-snippet":"max-snippet:-1","max-image-preview":"max-image-preview:large","max-video-preview":"max-video-preview:-1"},"canonical":"https:\/\/www.mate.com\/pl\/technical-resources\/punch-press-resources\/special-applications-solution-bulletins\/improve-quality-and-performance\/mate-supermax-coating\/","og_locale":"pl_PL","og_type":"article","og_title":"Pow\u0142oki: SuperMax\u2122","og_description":"SuperMax\u2122 firmy Mate to opatentowana pow\u0142oka nast\u0119pnej generacji, opracowana specjalnie do oprzyrz\u0105dowania prasy wykrawaj\u0105cej. Twarda, odporna na zu\u017cycie","og_url":"https:\/\/www.mate.com\/pl\/technical-resources\/punch-press-resources\/special-applications-solution-bulletins\/improve-quality-and-performance\/mate-supermax-coating\/","og_site_name":"Mate Precision Technologies","article_publisher":"https:\/\/www.facebook.com\/MatePrecisionTechnologies\/","article_modified_time":"2017-06-06T14:59:42+00:00","og_image":[{"url":"https:\/\/www.mate.com\/wp-content\/uploads\/2015\/09\/SuperMax1-e1444414639890.jpg","type":"","width":"","height":""}],"twitter_card":"summary_large_image","twitter_site":"@mateprecision","twitter_misc":{"Szacowany czas czytania":"2 minuty"},"schema":{"@context":"https:\/\/schema.org","@graph":[{"@type":"WebPage","@id":"https:\/\/www.mate.com\/pl\/technical-resources\/punch-press-resources\/special-applications-solution-bulletins\/improve-quality-and-performance\/mate-supermax-coating\/","url":"https:\/\/www.mate.com\/pl\/technical-resources\/punch-press-resources\/special-applications-solution-bulletins\/improve-quality-and-performance\/mate-supermax-coating\/","name":"Pow\u0142oki: SuperMax\u2122 - Mate Precision Technologies","isPartOf":{"@id":"https:\/\/www.mate.com\/pl\/#website"},"primaryImageOfPage":{"@id":"https:\/\/www.mate.com\/pl\/technical-resources\/punch-press-resources\/special-applications-solution-bulletins\/improve-quality-and-performance\/mate-supermax-coating\/#primaryimage"},"image":{"@id":"https:\/\/www.mate.com\/pl\/technical-resources\/punch-press-resources\/special-applications-solution-bulletins\/improve-quality-and-performance\/mate-supermax-coating\/#primaryimage"},"thumbnailUrl":"https:\/\/www.mate.com\/wp-content\/uploads\/2015\/09\/SuperMax1-e1444414639890.jpg","datePublished":"2015-12-21T21:04:41+00:00","dateModified":"2017-06-06T14:59:42+00:00","description":"SuperMax\u2122 firmy Mate to opatentowana pow\u0142oka nast\u0119pnej generacji, opracowana specjalnie do oprzyrz\u0105dowania prasy wykrawaj\u0105cej. Twarda, odporna na zu\u017cycie","breadcrumb":{"@id":"https:\/\/www.mate.com\/pl\/technical-resources\/punch-press-resources\/special-applications-solution-bulletins\/improve-quality-and-performance\/mate-supermax-coating\/#breadcrumb"},"inLanguage":"pl-PL","potentialAction":[{"@type":"ReadAction","target":["https:\/\/www.mate.com\/pl\/technical-resources\/punch-press-resources\/special-applications-solution-bulletins\/improve-quality-and-performance\/mate-supermax-coating\/"]}]},{"@type":"ImageObject","inLanguage":"pl-PL","@id":"https:\/\/www.mate.com\/pl\/technical-resources\/punch-press-resources\/special-applications-solution-bulletins\/improve-quality-and-performance\/mate-supermax-coating\/#primaryimage","url":"https:\/\/www.mate.com\/wp-content\/uploads\/2015\/09\/SuperMax1-e1444414639890.jpg","contentUrl":"https:\/\/www.mate.com\/wp-content\/uploads\/2015\/09\/SuperMax1-e1444414639890.jpg"},{"@type":"BreadcrumbList","@id":"https:\/\/www.mate.com\/pl\/technical-resources\/punch-press-resources\/special-applications-solution-bulletins\/improve-quality-and-performance\/mate-supermax-coating\/#breadcrumb","itemListElement":[{"@type":"ListItem","position":1,"name":"Home","item":"https:\/\/www.mate.com\/pl\/\/"},{"@type":"ListItem","position":2,"name":"Zasoby techniczne","item":"https:\/\/www.mate.com\/pl\/technical-resources\/"},{"@type":"ListItem","position":3,"name":"Punch Press Tooling","item":"https:\/\/www.mate.com\/pl\/technical-resources\/punch-press-resources\/"},{"@type":"ListItem","position":4,"name":"Biuletyny dotycz\u0105ce rozwi\u0105za\u0144 do zastosowa\u0144 specjalnych","item":"https:\/\/www.mate.com\/pl\/technical-resources\/punch-press-resources\/special-applications-solution-bulletins\/"},{"@type":"ListItem","position":5,"name":"Poprawa jako\u015bci i wydajno\u015bci","item":"https:\/\/www.mate.com\/pl\/technical-resources\/punch-press-resources\/special-applications-solution-bulletins\/improve-quality-and-performance\/"},{"@type":"ListItem","position":6,"name":"Pow\u0142oki: SuperMax\u2122"}]},{"@type":"WebSite","@id":"https:\/\/www.mate.com\/pl\/#website","url":"https:\/\/www.mate.com\/pl\/","name":"Mate Precision Technologies","description":"Workholding, Press Brake, Punch Press and Laser Technologies","potentialAction":[{"@type":"SearchAction","target":{"@type":"EntryPoint","urlTemplate":"https:\/\/www.mate.com\/pl\/?s={search_term_string}"},"query-input":{"@type":"PropertyValueSpecification","valueRequired":true,"valueName":"search_term_string"}}],"inLanguage":"pl-PL"}]}},"_links":{"self":[{"href":"https:\/\/www.mate.com\/pl\/wp-json\/wp\/v2\/pages\/27839","targetHints":{"allow":["GET"]}}],"collection":[{"href":"https:\/\/www.mate.com\/pl\/wp-json\/wp\/v2\/pages"}],"about":[{"href":"https:\/\/www.mate.com\/pl\/wp-json\/wp\/v2\/types\/page"}],"author":[{"embeddable":true,"href":"https:\/\/www.mate.com\/pl\/wp-json\/wp\/v2\/users\/5"}],"replies":[{"embeddable":true,"href":"https:\/\/www.mate.com\/pl\/wp-json\/wp\/v2\/comments?post=27839"}],"version-history":[{"count":0,"href":"https:\/\/www.mate.com\/pl\/wp-json\/wp\/v2\/pages\/27839\/revisions"}],"up":[{"embeddable":true,"href":"https:\/\/www.mate.com\/pl\/wp-json\/wp\/v2\/pages\/27829"}],"wp:attachment":[{"href":"https:\/\/www.mate.com\/pl\/wp-json\/wp\/v2\/media?parent=27839"}],"curies":[{"name":"wp","href":"https:\/\/api.w.org\/{rel}","templated":true}]}}