{"id":27827,"date":"2015-12-21T14:39:47","date_gmt":"2015-12-21T20:39:47","guid":{"rendered":"https:\/\/www.mate.com\/fabrication-solutions\/special-applications-solution-bulletins\/category-2\/square-easysnap-bulletin\/"},"modified":"2017-06-02T14:13:03","modified_gmt":"2017-06-02T19:13:03","slug":"square-easysnap-bulletin","status":"publish","type":"page","link":"https:\/\/www.mate.com\/pl\/technical-resources\/punch-press-resources\/special-applications-solution-bulletins\/category-2\/square-easysnap-bulletin\/","title":{"rendered":"Oddzielanie cz\u0119\u015bci od materia\u0142u: Square EasySnap\u2122"},"content":{"rendered":"<h2>Problem:<\/h2>\n<p>Mikro\u0142\u0105czenia (\u201eshake and break\u201d) s\u0105 \u0142atw\u0105 metod\u0105 u\u017cywan\u0105 prze producent\u00f3w wyrob\u00f3w z blach do rozdzielania wielu cz\u0119\u015bci od blachy metalowej. Ta metoda jest oparta na umieszczaniu niewielkich, wzajemnie powi\u0105zanych zak\u0142adek mi\u0119dzy cz\u0119\u015bciami przez programowanie odst\u0119p\u00f3w stempla rozcinaj\u0105cego. Zak\u0142adki utrzymuj\u0105 blach\u0119 i cz\u0119\u015bci nienaruszone w trakcie wykrawania, ale u\u0142atwiaj\u0105 ich oddzielanie od prasy. Czasem wyst\u0119puj\u0105 sytuacje, np. zagnie\u017cd\u017canie zbyt ma\u0142ych cz\u0119\u015bci, cz\u0119\u015bci zbyt du\u017ce na wykrojki albo naro\u017cniki, w kt\u00f3rych nie da si\u0119 wykona\u0107 mikropo\u0142\u0105cze\u0144. W takich sytuacjach producenci wyrob\u00f3w z blach cz\u0119sto u\u017cywaj\u0105 po\u0142\u0105cze\u0144 drutowych. Co prawda to dzia\u0142a, ale po\u0142\u0105czenia drutowe pozostawiaj\u0105 \u015blady na kraw\u0119dzi (prawej) i je\u015bli nie zostan\u0105 usuni\u0119te, mog\u0105 zak\u0142\u00f3ca\u0107 inne p\u00f3\u017aniejsze operacje, takie jak gi\u0119cie.<br \/>\n<img loading=\"lazy\" decoding=\"async\" class=\"alignright wp-image-1388 \" src=\"https:\/\/www.mate.com\/wp-content\/uploads\/2015\/09\/square_EasySnap89-e1444402088672.jpg\" alt=\"square_EasySnap89\" width=\"368\" height=\"335\" \/><\/p>\n<h2>Rozwi\u0105zanie proponowane przez firm\u0119 Mate:<\/h2>\n<p>U\u017cywanie narz\u0119dzia Square EasySnap\u2122 (po prawej) rozwi\u0105zuje te problemy, poniewa\u017c pozostawia g\u0142adk\u0105 kraw\u0119d\u017a oraz przyspiesza i u\u0142atwia usuwanie cz\u0119\u015bci. Podobnie jak EasySnap\u2122, tak\u017ce Square EasySnap umo\u017cliwia producentom wyrob\u00f3w z blach po prostu odrywanie wykrojonych komponent\u00f3w od metalowej blachy. Square EasySnap\u2122 zawiera szablon z lini\u0105 V, obrobiony mechanicznie na powierzchni g\u00f3rnego i dolnego narz\u0119dzia. Penetruj\u0105c blach\u0119, narz\u0119dzia tworz\u0105 lini\u0119 os\u0142abienia (lini\u0119 przerwania) na obu powierzchniach metalowej blachy. Metalowa blacha mo\u017ce by\u0107 nast\u0119pnie rozerwana przez wygi\u0119cie materia\u0142u wzd\u0142u\u017c linii przerwania. Rzeczywista g\u0142\u0119boko\u015b\u0107 penetracji i si\u0142a wymagana do p\u0119kni\u0119cia cz\u0119\u015bci zale\u017cy od plastyczno\u015bci i grubo\u015bci wykrawanego materia\u0142u. U\u0142atwia tak\u017ce usuwanie cz\u0119\u015bci, kt\u00f3re wystarczy po prostu oderwa\u0107 od arkusza.<\/p>\n<h2>W jakich sytuacjach u\u017cywa\u0107 Square EasySnap:<\/h2>\n<ul>\n<li>Zagnie\u017cd\u017canie bardzo ma\u0142ych cz\u0119\u015bci w du\u017cym arkuszu (fotografia, po prawej).<\/li>\n<li>Blachy, w przypadku kt\u00f3rych cz\u0119\u015bci s\u0105 zbyt du\u017ce na wykrojki, aby si\u0119 upewni\u0107, \u017ce nie wypadn\u0105 w trakcie procesu wykrawania.<\/li>\n<li>Odstawienie Square EasySnap od naro\u017cnika, tak aby tylko 2 strony zak\u0142adki przytrzymywa\u0142y blach\u0119, u\u0142atwia \u0142amanie wzd\u0142u\u017c jednej linii.<\/li>\n<li>Zaokr\u0105glone naro\u017cniki cz\u0119\u015bci, w kt\u00f3rych mikro\u0142\u0105czenie naro\u017cnika nie jest mo\u017cliwe.<\/li>\n<li>Trasowanie linii do \u015bcinania cz\u0119\u015bci w d\u00f3\u0142 po ich przej\u015bciu przez pras\u0119 kraw\u0119dziow\u0105, eliminuj\u0105ce zapotrzebowanie na materia\u0142 zapasowy na ko\u0142nierzu<\/li>\n<\/ul>\n","protected":false},"excerpt":{"rendered":"<p>Problem: Mikro\u0142\u0105czenia (\u201eshake and break\u201d) s\u0105 \u0142atw\u0105 metod\u0105 u\u017cywan\u0105 prze producent\u00f3w wyrob\u00f3w z blach do rozdzielania wielu cz\u0119\u015bci od blachy metalowej. Ta metoda jest oparta na umieszczaniu niewielkich, wzajemnie powi\u0105zanych zak\u0142adek mi\u0119dzy cz\u0119\u015bciami przez programowanie odst\u0119p\u00f3w stempla rozcinaj\u0105cego. Zak\u0142adki utrzymuj\u0105 blach\u0119 i cz\u0119\u015bci nienaruszone w trakcie wykrawania, ale u\u0142atwiaj\u0105 ich oddzielanie od prasy. Czasem wyst\u0119puj\u0105 [&hellip;]<\/p>\n","protected":false},"author":5,"featured_media":0,"parent":27814,"menu_order":1179,"comment_status":"closed","ping_status":"closed","template":"","meta":{"_acf_changed":false,"_monsterinsights_skip_tracking":false,"_monsterinsights_sitenote_active":false,"_monsterinsights_sitenote_note":"","_monsterinsights_sitenote_category":0,"footnotes":""},"class_list":["post-27827","page","type-page","status-publish","hentry"],"acf":[],"yoast_head":"<!-- This site is optimized with the Yoast SEO Premium plugin v27.4 (Yoast SEO v27.4) - https:\/\/yoast.com\/product\/yoast-seo-premium-wordpress\/ -->\n<title>Oddzielanie cz\u0119\u015bci od materia\u0142u: Square EasySnap\u2122 - Mate Precision Technologies<\/title>\n<meta name=\"description\" content=\"Problem: Mikro\u0142\u0105czenia (\u201eshake and break\u201d) s\u0105 \u0142atw\u0105 metod\u0105 u\u017cywan\u0105 prze producent\u00f3w wyrob\u00f3w z blach do rozdzielania wielu cz\u0119\u015bci od blachy metalowej. Ta\" \/>\n<meta name=\"robots\" content=\"index, follow, max-snippet:-1, max-image-preview:large, max-video-preview:-1\" \/>\n<link rel=\"canonical\" href=\"https:\/\/www.mate.com\/pl\/technical-resources\/punch-press-resources\/special-applications-solution-bulletins\/category-2\/square-easysnap-bulletin\/\" \/>\n<meta property=\"og:locale\" content=\"pl_PL\" \/>\n<meta property=\"og:type\" content=\"article\" \/>\n<meta property=\"og:title\" content=\"Oddzielanie cz\u0119\u015bci od materia\u0142u: Square EasySnap\u2122\" \/>\n<meta property=\"og:description\" content=\"Problem: Mikro\u0142\u0105czenia (\u201eshake and break\u201d) s\u0105 \u0142atw\u0105 metod\u0105 u\u017cywan\u0105 prze producent\u00f3w wyrob\u00f3w z blach do rozdzielania wielu cz\u0119\u015bci od blachy metalowej. Ta\" \/>\n<meta property=\"og:url\" content=\"https:\/\/www.mate.com\/pl\/technical-resources\/punch-press-resources\/special-applications-solution-bulletins\/category-2\/square-easysnap-bulletin\/\" \/>\n<meta property=\"og:site_name\" content=\"Mate Precision Technologies\" \/>\n<meta property=\"article:publisher\" content=\"https:\/\/www.facebook.com\/MatePrecisionTechnologies\/\" \/>\n<meta property=\"article:modified_time\" content=\"2017-06-02T19:13:03+00:00\" \/>\n<meta property=\"og:image\" content=\"https:\/\/www.mate.com\/wp-content\/uploads\/2015\/09\/square_EasySnap89-e1444402088672.jpg\" \/>\n<meta name=\"twitter:card\" content=\"summary_large_image\" \/>\n<meta name=\"twitter:site\" content=\"@mateprecision\" \/>\n<meta name=\"twitter:label1\" content=\"Szacowany czas czytania\" \/>\n\t<meta name=\"twitter:data1\" content=\"2 minuty\" \/>\n<script type=\"application\/ld+json\" class=\"yoast-schema-graph\">{\"@context\":\"https:\\\/\\\/schema.org\",\"@graph\":[{\"@type\":\"WebPage\",\"@id\":\"https:\\\/\\\/www.mate.com\\\/pl\\\/technical-resources\\\/punch-press-resources\\\/special-applications-solution-bulletins\\\/category-2\\\/square-easysnap-bulletin\\\/\",\"url\":\"https:\\\/\\\/www.mate.com\\\/pl\\\/technical-resources\\\/punch-press-resources\\\/special-applications-solution-bulletins\\\/category-2\\\/square-easysnap-bulletin\\\/\",\"name\":\"Oddzielanie cz\u0119\u015bci od materia\u0142u: Square EasySnap\u2122 - Mate Precision Technologies\",\"isPartOf\":{\"@id\":\"https:\\\/\\\/www.mate.com\\\/pl\\\/#website\"},\"primaryImageOfPage\":{\"@id\":\"https:\\\/\\\/www.mate.com\\\/pl\\\/technical-resources\\\/punch-press-resources\\\/special-applications-solution-bulletins\\\/category-2\\\/square-easysnap-bulletin\\\/#primaryimage\"},\"image\":{\"@id\":\"https:\\\/\\\/www.mate.com\\\/pl\\\/technical-resources\\\/punch-press-resources\\\/special-applications-solution-bulletins\\\/category-2\\\/square-easysnap-bulletin\\\/#primaryimage\"},\"thumbnailUrl\":\"https:\\\/\\\/www.mate.com\\\/wp-content\\\/uploads\\\/2015\\\/09\\\/square_EasySnap89-e1444402088672.jpg\",\"datePublished\":\"2015-12-21T20:39:47+00:00\",\"dateModified\":\"2017-06-02T19:13:03+00:00\",\"description\":\"Problem: Mikro\u0142\u0105czenia (\u201eshake and break\u201d) s\u0105 \u0142atw\u0105 metod\u0105 u\u017cywan\u0105 prze producent\u00f3w wyrob\u00f3w z blach do rozdzielania wielu cz\u0119\u015bci od blachy metalowej. Ta\",\"breadcrumb\":{\"@id\":\"https:\\\/\\\/www.mate.com\\\/pl\\\/technical-resources\\\/punch-press-resources\\\/special-applications-solution-bulletins\\\/category-2\\\/square-easysnap-bulletin\\\/#breadcrumb\"},\"inLanguage\":\"pl-PL\",\"potentialAction\":[{\"@type\":\"ReadAction\",\"target\":[\"https:\\\/\\\/www.mate.com\\\/pl\\\/technical-resources\\\/punch-press-resources\\\/special-applications-solution-bulletins\\\/category-2\\\/square-easysnap-bulletin\\\/\"]}]},{\"@type\":\"ImageObject\",\"inLanguage\":\"pl-PL\",\"@id\":\"https:\\\/\\\/www.mate.com\\\/pl\\\/technical-resources\\\/punch-press-resources\\\/special-applications-solution-bulletins\\\/category-2\\\/square-easysnap-bulletin\\\/#primaryimage\",\"url\":\"https:\\\/\\\/www.mate.com\\\/wp-content\\\/uploads\\\/2015\\\/09\\\/square_EasySnap89-e1444402088672.jpg\",\"contentUrl\":\"https:\\\/\\\/www.mate.com\\\/wp-content\\\/uploads\\\/2015\\\/09\\\/square_EasySnap89-e1444402088672.jpg\"},{\"@type\":\"BreadcrumbList\",\"@id\":\"https:\\\/\\\/www.mate.com\\\/pl\\\/technical-resources\\\/punch-press-resources\\\/special-applications-solution-bulletins\\\/category-2\\\/square-easysnap-bulletin\\\/#breadcrumb\",\"itemListElement\":[{\"@type\":\"ListItem\",\"position\":1,\"name\":\"Home\",\"item\":\"https:\\\/\\\/www.mate.com\\\/pl\\\/\\\/\"},{\"@type\":\"ListItem\",\"position\":2,\"name\":\"Zasoby techniczne\",\"item\":\"https:\\\/\\\/www.mate.com\\\/pl\\\/technical-resources\\\/\"},{\"@type\":\"ListItem\",\"position\":3,\"name\":\"Punch Press Tooling\",\"item\":\"https:\\\/\\\/www.mate.com\\\/pl\\\/technical-resources\\\/punch-press-resources\\\/\"},{\"@type\":\"ListItem\",\"position\":4,\"name\":\"Biuletyny dotycz\u0105ce rozwi\u0105za\u0144 do zastosowa\u0144 specjalnych\",\"item\":\"https:\\\/\\\/www.mate.com\\\/pl\\\/technical-resources\\\/punch-press-resources\\\/special-applications-solution-bulletins\\\/\"},{\"@type\":\"ListItem\",\"position\":5,\"name\":\"Wyeliminowanie dzia\u0142a\u0144 pomocniczych\",\"item\":\"https:\\\/\\\/www.mate.com\\\/pl\\\/technical-resources\\\/punch-press-resources\\\/special-applications-solution-bulletins\\\/category-2\\\/\"},{\"@type\":\"ListItem\",\"position\":6,\"name\":\"Oddzielanie cz\u0119\u015bci od materia\u0142u: Square EasySnap\u2122\"}]},{\"@type\":\"WebSite\",\"@id\":\"https:\\\/\\\/www.mate.com\\\/pl\\\/#website\",\"url\":\"https:\\\/\\\/www.mate.com\\\/pl\\\/\",\"name\":\"Mate Precision Technologies\",\"description\":\"Workholding, Press Brake, Punch Press and Laser Technologies\",\"potentialAction\":[{\"@type\":\"SearchAction\",\"target\":{\"@type\":\"EntryPoint\",\"urlTemplate\":\"https:\\\/\\\/www.mate.com\\\/pl\\\/?s={search_term_string}\"},\"query-input\":{\"@type\":\"PropertyValueSpecification\",\"valueRequired\":true,\"valueName\":\"search_term_string\"}}],\"inLanguage\":\"pl-PL\"}]}<\/script>\n<!-- \/ Yoast SEO Premium plugin. -->","yoast_head_json":{"title":"Oddzielanie cz\u0119\u015bci od materia\u0142u: Square EasySnap\u2122 - Mate Precision Technologies","description":"Problem: Mikro\u0142\u0105czenia (\u201eshake and break\u201d) s\u0105 \u0142atw\u0105 metod\u0105 u\u017cywan\u0105 prze producent\u00f3w wyrob\u00f3w z blach do rozdzielania wielu cz\u0119\u015bci od blachy metalowej. Ta","robots":{"index":"index","follow":"follow","max-snippet":"max-snippet:-1","max-image-preview":"max-image-preview:large","max-video-preview":"max-video-preview:-1"},"canonical":"https:\/\/www.mate.com\/pl\/technical-resources\/punch-press-resources\/special-applications-solution-bulletins\/category-2\/square-easysnap-bulletin\/","og_locale":"pl_PL","og_type":"article","og_title":"Oddzielanie cz\u0119\u015bci od materia\u0142u: Square EasySnap\u2122","og_description":"Problem: Mikro\u0142\u0105czenia (\u201eshake and break\u201d) s\u0105 \u0142atw\u0105 metod\u0105 u\u017cywan\u0105 prze producent\u00f3w wyrob\u00f3w z blach do rozdzielania wielu cz\u0119\u015bci od blachy metalowej. Ta","og_url":"https:\/\/www.mate.com\/pl\/technical-resources\/punch-press-resources\/special-applications-solution-bulletins\/category-2\/square-easysnap-bulletin\/","og_site_name":"Mate Precision Technologies","article_publisher":"https:\/\/www.facebook.com\/MatePrecisionTechnologies\/","article_modified_time":"2017-06-02T19:13:03+00:00","og_image":[{"url":"https:\/\/www.mate.com\/wp-content\/uploads\/2015\/09\/square_EasySnap89-e1444402088672.jpg","type":"","width":"","height":""}],"twitter_card":"summary_large_image","twitter_site":"@mateprecision","twitter_misc":{"Szacowany czas czytania":"2 minuty"},"schema":{"@context":"https:\/\/schema.org","@graph":[{"@type":"WebPage","@id":"https:\/\/www.mate.com\/pl\/technical-resources\/punch-press-resources\/special-applications-solution-bulletins\/category-2\/square-easysnap-bulletin\/","url":"https:\/\/www.mate.com\/pl\/technical-resources\/punch-press-resources\/special-applications-solution-bulletins\/category-2\/square-easysnap-bulletin\/","name":"Oddzielanie cz\u0119\u015bci od materia\u0142u: Square EasySnap\u2122 - Mate Precision Technologies","isPartOf":{"@id":"https:\/\/www.mate.com\/pl\/#website"},"primaryImageOfPage":{"@id":"https:\/\/www.mate.com\/pl\/technical-resources\/punch-press-resources\/special-applications-solution-bulletins\/category-2\/square-easysnap-bulletin\/#primaryimage"},"image":{"@id":"https:\/\/www.mate.com\/pl\/technical-resources\/punch-press-resources\/special-applications-solution-bulletins\/category-2\/square-easysnap-bulletin\/#primaryimage"},"thumbnailUrl":"https:\/\/www.mate.com\/wp-content\/uploads\/2015\/09\/square_EasySnap89-e1444402088672.jpg","datePublished":"2015-12-21T20:39:47+00:00","dateModified":"2017-06-02T19:13:03+00:00","description":"Problem: Mikro\u0142\u0105czenia (\u201eshake and break\u201d) s\u0105 \u0142atw\u0105 metod\u0105 u\u017cywan\u0105 prze producent\u00f3w wyrob\u00f3w z blach do rozdzielania wielu cz\u0119\u015bci od blachy metalowej. Ta","breadcrumb":{"@id":"https:\/\/www.mate.com\/pl\/technical-resources\/punch-press-resources\/special-applications-solution-bulletins\/category-2\/square-easysnap-bulletin\/#breadcrumb"},"inLanguage":"pl-PL","potentialAction":[{"@type":"ReadAction","target":["https:\/\/www.mate.com\/pl\/technical-resources\/punch-press-resources\/special-applications-solution-bulletins\/category-2\/square-easysnap-bulletin\/"]}]},{"@type":"ImageObject","inLanguage":"pl-PL","@id":"https:\/\/www.mate.com\/pl\/technical-resources\/punch-press-resources\/special-applications-solution-bulletins\/category-2\/square-easysnap-bulletin\/#primaryimage","url":"https:\/\/www.mate.com\/wp-content\/uploads\/2015\/09\/square_EasySnap89-e1444402088672.jpg","contentUrl":"https:\/\/www.mate.com\/wp-content\/uploads\/2015\/09\/square_EasySnap89-e1444402088672.jpg"},{"@type":"BreadcrumbList","@id":"https:\/\/www.mate.com\/pl\/technical-resources\/punch-press-resources\/special-applications-solution-bulletins\/category-2\/square-easysnap-bulletin\/#breadcrumb","itemListElement":[{"@type":"ListItem","position":1,"name":"Home","item":"https:\/\/www.mate.com\/pl\/\/"},{"@type":"ListItem","position":2,"name":"Zasoby techniczne","item":"https:\/\/www.mate.com\/pl\/technical-resources\/"},{"@type":"ListItem","position":3,"name":"Punch Press Tooling","item":"https:\/\/www.mate.com\/pl\/technical-resources\/punch-press-resources\/"},{"@type":"ListItem","position":4,"name":"Biuletyny dotycz\u0105ce rozwi\u0105za\u0144 do zastosowa\u0144 specjalnych","item":"https:\/\/www.mate.com\/pl\/technical-resources\/punch-press-resources\/special-applications-solution-bulletins\/"},{"@type":"ListItem","position":5,"name":"Wyeliminowanie dzia\u0142a\u0144 pomocniczych","item":"https:\/\/www.mate.com\/pl\/technical-resources\/punch-press-resources\/special-applications-solution-bulletins\/category-2\/"},{"@type":"ListItem","position":6,"name":"Oddzielanie cz\u0119\u015bci od materia\u0142u: Square EasySnap\u2122"}]},{"@type":"WebSite","@id":"https:\/\/www.mate.com\/pl\/#website","url":"https:\/\/www.mate.com\/pl\/","name":"Mate Precision Technologies","description":"Workholding, Press Brake, Punch Press and Laser Technologies","potentialAction":[{"@type":"SearchAction","target":{"@type":"EntryPoint","urlTemplate":"https:\/\/www.mate.com\/pl\/?s={search_term_string}"},"query-input":{"@type":"PropertyValueSpecification","valueRequired":true,"valueName":"search_term_string"}}],"inLanguage":"pl-PL"}]}},"_links":{"self":[{"href":"https:\/\/www.mate.com\/pl\/wp-json\/wp\/v2\/pages\/27827","targetHints":{"allow":["GET"]}}],"collection":[{"href":"https:\/\/www.mate.com\/pl\/wp-json\/wp\/v2\/pages"}],"about":[{"href":"https:\/\/www.mate.com\/pl\/wp-json\/wp\/v2\/types\/page"}],"author":[{"embeddable":true,"href":"https:\/\/www.mate.com\/pl\/wp-json\/wp\/v2\/users\/5"}],"replies":[{"embeddable":true,"href":"https:\/\/www.mate.com\/pl\/wp-json\/wp\/v2\/comments?post=27827"}],"version-history":[{"count":0,"href":"https:\/\/www.mate.com\/pl\/wp-json\/wp\/v2\/pages\/27827\/revisions"}],"up":[{"embeddable":true,"href":"https:\/\/www.mate.com\/pl\/wp-json\/wp\/v2\/pages\/27814"}],"wp:attachment":[{"href":"https:\/\/www.mate.com\/pl\/wp-json\/wp\/v2\/media?parent=27827"}],"curies":[{"name":"wp","href":"https:\/\/api.w.org\/{rel}","templated":true}]}}