{"id":27820,"date":"2015-12-21T15:01:51","date_gmt":"2015-12-21T21:01:51","guid":{"rendered":"https:\/\/www.mate.com\/fabrication-solutions\/special-applications-solution-bulletins\/category-2\/varibend-eliminate-secondary-bending-operations-bulletin\/"},"modified":"2017-06-02T14:33:22","modified_gmt":"2017-06-02T19:33:22","slug":"varibend-eliminate-secondary-bending-operations-bulletin","status":"publish","type":"page","link":"https:\/\/www.mate.com\/pl\/technical-resources\/punch-press-resources\/special-applications-solution-bulletins\/category-2\/varibend-eliminate-secondary-bending-operations-bulletin\/","title":{"rendered":"Eliminuje operacje wt\u00f3rnego gi\u0119cia"},"content":{"rendered":"<p><iframe loading=\"lazy\" title=\"Eliminate Secondary Bending Operations with Mate&#039;s VariBend\u2122 Tool\" width=\"500\" height=\"281\" src=\"https:\/\/www.youtube.com\/embed\/0HRbVf5Iwjw?feature=oembed\" frameborder=\"0\" allow=\"accelerometer; autoplay; clipboard-write; encrypted-media; gyroscope; picture-in-picture; web-share\" referrerpolicy=\"strict-origin-when-cross-origin\" allowfullscreen><\/iframe><\/p>\n<h2>Problem:<\/h2>\n<p>Jedn\u0105 z najcz\u0119\u015bciej stosowanych operacji przy produkcji wyrob\u00f3w z blach metalowych jest gi\u0119cie. Kiedy producenci wyrob\u00f3w z blach poszukuj\u0105 sposob\u00f3w na uproszczenie operacji, aby redukowa\u0107 koszty i zwi\u0119ksza\u0107 efektywno\u015b\u0107, gi\u0119cie jest zwykle na szczycie listy, poniewa\u017c z regu\u0142y wymaga wykonania wt\u00f3rnej operacji na prasie kraw\u0119dziowej. Jednak sposobno\u015bci do zracjonalizowania operacji gi\u0119cia zosta\u0142y ograniczone. Firma Mate oferuje jedno rozwi\u0105zanie \u2014 EasyBend\u2122 \u2014 do mniejszych detali, w przypadku kt\u00f3rych u\u017cywanie prasy kraw\u0119dziowej wydaje si\u0119 przesadne. Dzi\u0119ki VariBend\u2122 firma Mate rozszerza mo\u017cliwo\u015bci produkowania wyrob\u00f3w z blach bardziej wydajnie dzi\u0119ki bardziej efektywnemu wykorzystaniu prasy kraw\u0119dziowej.<br \/>\n<img loading=\"lazy\" decoding=\"async\" class=\"alignright wp-image-44007 \" src=\"https:\/\/www.mate.com\/wp-content\/uploads\/2015\/09\/Varibend_TTT_cutout-e1444414334912.jpg\" alt=\"Varibend_TTT_cutout\" width=\"416\" height=\"319\" \/><\/p>\n<h2>Rozwi\u0105zanie proponowane przez firm\u0119 Mate:<\/h2>\n<p>VariBend\u2122 firmy Mate to elastyczne, uniwersalne narz\u0119dzie, kt\u00f3re umo\u017cliwia formowanie zak\u0142adek z blach metalowych w \u015brodowisku prasy wykrojnikowej, eliminuj\u0105c niekt\u00f3re operacje wt\u00f3rne, zwykle zarezerwowane dla prasy kraw\u0119dziowej. VariBend jest elastyczne, poniewa\u017c mo\u017ce by\u0107 wykorzystywane do szerokiej gamy grubo\u015bci materia\u0142u, a uniwersalne, poniewa\u017c mo\u017cna go u\u017cywa\u0107 pod dowolnym k\u0105tem do (a czasem nawet powy\u017cej) 90\u00b0.<\/p>\n<h2>Spos\u00f3b dzia\u0142ania:<\/h2>\n<p>G\u00f3rne narz\u0119dzie formuj\u0105ce jest obni\u017cane na arkusz, a\u017c do rozpocz\u0119cia gi\u0119cia. Nast\u0119pnie ko\u0142nierz jest nadmiernie wyginany, aby uwzgl\u0119dni\u0107 odbicie materia\u0142u (lewa ilustracja poni\u017cej). Po powrocie g\u00f3rnej cz\u0119\u015bci formowane jest \u017c\u0105dane wygi\u0119cie (prawa ilustracja poni\u017cej).<\/p>\n<p>Chocia\u017c nie jest to wymagane, VariBend jest dobrze dostosowane do maszyn z mo\u017cliwo\u015bciami formowania g\u00f3rnego, a w szczeg\u00f3lno\u015bci maszyn ze sterowaniem suwem. Formowanie g\u00f3rne umo\u017cliwia najwy\u017csz\u0105 mo\u017cliw\u0105 form\u0119 dla konstrukcji narz\u0119dzia. Ze wzgl\u0119du na to, \u017ce matryca osiada ni\u017cej ni\u017c matryca formuj\u0105ca w normalnej operacji formowania, arkusz le\u017cy bardziej p\u0142asko. Zwi\u0119ksza to dok\u0142adno\u015b\u0107 formowanej zak\u0142adki, r\u00f3wnocze\u015bnie redukuj\u0105c \u015blady obr\u00f3bcze na spodniej stronie arkusza. U\u017cywanie narz\u0119dzia VariBend w maszynach ze sterowaniem suwem zapewnia \u0142atw\u0105 konfiguracj\u0119 i dok\u0142adno\u015b\u0107 podczas formowania zak\u0142adek w prasie wykrojnikowej.<br \/>\n<a href=\"https:\/\/www.mate.com\/wp-content\/uploads\/2015\/09\/Trumpf_Varibend_Large49-e1444414326139.jpg\"><img loading=\"lazy\" decoding=\"async\" class=\"wp-image-44009 alignright\" src=\"https:\/\/www.mate.com\/wp-content\/uploads\/2015\/09\/Trumpf_Varibend_Large49-e1444414326139.jpg\" alt=\"Trumpf_Varibend_Large49\" width=\"390\" height=\"312\" \/><\/a><\/p>\n<p>VariBend mo\u017ce by\u0107 tak\u017ce wykorzystywane w maszynach bez mo\u017cliwo\u015bci formowania g\u00f3rnego lub opcji sterowania suwem. Wysoko\u015b\u0107 formowanej zak\u0142adki mo\u017ce by\u0107 ograniczona, zale\u017cnie od wysoko\u015bci szczeliny uchwytu rewolwerowego maszyny u\u017cytkownika. W \u015brodowiskach Thick Turret uchwyty Ultraform\u00ae firmy Mate mog\u0105 by\u0107 u\u017cywane do regulacji d\u0142ugo\u015bci w maszynach bez sterowania suwem. Uformowane k\u0105ty mog\u0105 by\u0107 modyfikowane przez dostosowanie d\u0142ugo\u015bci uchwytu Ultraform do zamontowanych narz\u0119dzi VariBend.<\/p>\n<h2>Inne informacje:<\/h2>\n<ul>\n<li>Narz\u0119dzie VariBend mo\u017ce by\u0107 programowane jak normalne narz\u0119dzie formuj\u0105ce (formowanie regularne lub jako narz\u0119dzie formowania g\u00f3rnego).<\/li>\n<li>Aby uzyska\u0107 wygi\u0119cia 90\u00b0, wykrojona zak\u0142adka musi mie\u0107 d\u0142ugo\u015b\u0107 minimaln\u0105 0,243\u201d (6,17mm) od ko\u0144ca zak\u0142adki do linii \u015brodkowej narz\u0119dzia, aby obracaj\u0105ca si\u0119 matryca zainicjowa\u0142a proces formowania. Kr\u00f3tsza zak\u0142adka b\u0119dzie skutkowa\u0107 formami poni\u017cej 90\u00b0.<\/li>\n<li>Przy u\u017cyciu VariBend mo\u017cna \u0142atwo regulowa\u0107 k\u0105t formy. Og\u00f3lnie rzecz bior\u0105c, aby zmieni\u0107 uformowany k\u0105t o 1\u00b0, nale\u017cy przestawi\u0107 d\u0142ugo\u015b\u0107 suwu lub d\u0142ugo\u015b\u0107 narz\u0119dzia o 0,005\u201d (0,13\u00a0mm).<\/li>\n<li>Narz\u0119dzie VariBend b\u0119dzie wytwarza\u0107 wysoko\u015bci formy rz\u0119du 0,300\u201d\u20130,700\u201d (7,60\u00a0mm \u201317,75\u00a0mm). Zachowuj\u0105c ostro\u017cno\u015b\u0107 i zmniejszon\u0105 pr\u0119dko\u015b\u0107, mo\u017cna uzyskiwa\u0107 nieco kr\u00f3tsze formy. Wysoko\u015b\u0107 maksymalna jest determinowana przez konstrukcj\u0119 i wysoko\u015b\u0107 g\u00f3rnego narz\u0119dzia.<\/li>\n<li>Je\u015bli to tylko mo\u017cliwe, wszystkie formy powinny by\u0107 przetwarzane tak blisko ko\u0144ca programu jak to mo\u017cliwe, aby zapobiec uszkodzeniu form z normalnego procesu wykrawania.<\/li>\n<\/ul>\n<p><a href=\"https:\/\/www.mate.com\/wp-content\/uploads\/2015\/09\/varibend_Sample_Large88-e1444414318698.jpg\"><img loading=\"lazy\" decoding=\"async\" class=\"wp-image-32132 alignright\" src=\"https:\/\/www.mate.com\/wp-content\/uploads\/2015\/09\/varibend_Sample_Large88-e1444414318698.jpg\" alt=\"varibend_Sample_Large88\" width=\"399\" height=\"325\" \/><\/a><\/p>\n<h2>Dost\u0119pne style oprzyrz\u0105dowania i rozmiary stacji<\/h2>\n<ul>\n<li>Thick Turret, stacje B do E<\/li>\n<li>Trumpf Style, rozmiar 2<\/li>\n<li>Murata Wiedemann 114 Style,\u00a0stacje D do L<\/li>\n<li>Thin Turret, stacje 1\u00bc\u201d i 3\u00bd\u201d<\/li>\n<li>Nova, stacje D do G<\/li>\n<\/ul>\n<h2>Ograniczenia materia\u0142owe i inne:<\/h2>\n<ul>\n<li>Minimalna grubo\u015b\u0107 materia\u0142u: 0,020\u201d (0,51mm)<\/li>\n<li>Maksymalna grubo\u015b\u0107 materia\u0142u:<br \/>\n<strong>Stal mi\u0119kka<\/strong>: 0,098\u201d (2,49mm)<br \/>\n<strong>Aluminium<\/strong>: 0,098\u201d (2,49mm)<br \/>\n<strong>Stal nierdzewna<\/strong>: 0,079\u201d (2,01mm)<\/li>\n<\/ul>\n<h2>Ograniczenia tona\u017cowe:<\/h2>\n<p>Brak danych<\/p>\n<h2>Prezentacja rozwi\u0105za\u0144 do gi\u0119cia:<\/h2>\n<p>[iframely]http:\/\/www.slideshare.net\/slideshow\/embed_code\/key\/XxzzHclzkTBj[\/iframely]<\/p>\n","protected":false},"excerpt":{"rendered":"<p>Problem: Jedn\u0105 z najcz\u0119\u015bciej stosowanych operacji przy produkcji wyrob\u00f3w z blach metalowych jest gi\u0119cie. Kiedy producenci wyrob\u00f3w z blach poszukuj\u0105 sposob\u00f3w na uproszczenie operacji, aby redukowa\u0107 koszty i zwi\u0119ksza\u0107 efektywno\u015b\u0107, gi\u0119cie jest zwykle na szczycie listy, poniewa\u017c z regu\u0142y wymaga wykonania wt\u00f3rnej operacji na prasie kraw\u0119dziowej. Jednak sposobno\u015bci do zracjonalizowania operacji gi\u0119cia zosta\u0142y ograniczone. Firma [&hellip;]<\/p>\n","protected":false},"author":5,"featured_media":0,"parent":27814,"menu_order":908,"comment_status":"closed","ping_status":"closed","template":"","meta":{"_acf_changed":false,"_monsterinsights_skip_tracking":false,"_monsterinsights_sitenote_active":false,"_monsterinsights_sitenote_note":"","_monsterinsights_sitenote_category":0,"footnotes":""},"class_list":["post-27820","page","type-page","status-publish","hentry"],"acf":[],"yoast_head":"<!-- This site is optimized with the Yoast SEO Premium plugin v27.4 (Yoast SEO v27.4) - https:\/\/yoast.com\/product\/yoast-seo-premium-wordpress\/ -->\n<title>Eliminuje operacje wt\u00f3rnego gi\u0119cia - Mate Precision Technologies<\/title>\n<meta name=\"description\" content=\"https:\/\/youtu.be\/0HRbVf5Iwjw Problem: Jedn\u0105 z najcz\u0119\u015bciej stosowanych operacji przy produkcji wyrob\u00f3w z blach metalowych jest gi\u0119cie. Kiedy producenci\" \/>\n<meta name=\"robots\" content=\"index, follow, max-snippet:-1, max-image-preview:large, max-video-preview:-1\" \/>\n<link rel=\"canonical\" href=\"https:\/\/www.mate.com\/pl\/technical-resources\/punch-press-resources\/special-applications-solution-bulletins\/category-2\/varibend-eliminate-secondary-bending-operations-bulletin\/\" \/>\n<meta property=\"og:locale\" content=\"pl_PL\" \/>\n<meta property=\"og:type\" content=\"article\" \/>\n<meta property=\"og:title\" content=\"Eliminuje operacje wt\u00f3rnego gi\u0119cia\" \/>\n<meta property=\"og:description\" content=\"https:\/\/youtu.be\/0HRbVf5Iwjw Problem: Jedn\u0105 z najcz\u0119\u015bciej stosowanych operacji przy produkcji wyrob\u00f3w z blach metalowych jest gi\u0119cie. Kiedy producenci\" \/>\n<meta property=\"og:url\" content=\"https:\/\/www.mate.com\/pl\/technical-resources\/punch-press-resources\/special-applications-solution-bulletins\/category-2\/varibend-eliminate-secondary-bending-operations-bulletin\/\" \/>\n<meta property=\"og:site_name\" content=\"Mate Precision Technologies\" \/>\n<meta property=\"article:publisher\" content=\"https:\/\/www.facebook.com\/MatePrecisionTechnologies\/\" \/>\n<meta property=\"article:modified_time\" content=\"2017-06-02T19:33:22+00:00\" \/>\n<meta property=\"og:image\" content=\"https:\/\/www.mate.com\/wp-content\/uploads\/2015\/09\/Varibend_TTT_cutout-e1444414334912.jpg\" \/>\n<meta name=\"twitter:card\" content=\"summary_large_image\" \/>\n<meta name=\"twitter:site\" content=\"@mateprecision\" \/>\n<meta name=\"twitter:label1\" content=\"Szacowany czas czytania\" \/>\n\t<meta name=\"twitter:data1\" content=\"3 minuty\" \/>\n<script type=\"application\/ld+json\" class=\"yoast-schema-graph\">{\"@context\":\"https:\\\/\\\/schema.org\",\"@graph\":[{\"@type\":\"WebPage\",\"@id\":\"https:\\\/\\\/www.mate.com\\\/pl\\\/technical-resources\\\/punch-press-resources\\\/special-applications-solution-bulletins\\\/category-2\\\/varibend-eliminate-secondary-bending-operations-bulletin\\\/\",\"url\":\"https:\\\/\\\/www.mate.com\\\/pl\\\/technical-resources\\\/punch-press-resources\\\/special-applications-solution-bulletins\\\/category-2\\\/varibend-eliminate-secondary-bending-operations-bulletin\\\/\",\"name\":\"Eliminuje operacje wt\u00f3rnego gi\u0119cia - Mate Precision Technologies\",\"isPartOf\":{\"@id\":\"https:\\\/\\\/www.mate.com\\\/pl\\\/#website\"},\"primaryImageOfPage\":{\"@id\":\"https:\\\/\\\/www.mate.com\\\/pl\\\/technical-resources\\\/punch-press-resources\\\/special-applications-solution-bulletins\\\/category-2\\\/varibend-eliminate-secondary-bending-operations-bulletin\\\/#primaryimage\"},\"image\":{\"@id\":\"https:\\\/\\\/www.mate.com\\\/pl\\\/technical-resources\\\/punch-press-resources\\\/special-applications-solution-bulletins\\\/category-2\\\/varibend-eliminate-secondary-bending-operations-bulletin\\\/#primaryimage\"},\"thumbnailUrl\":\"https:\\\/\\\/www.mate.com\\\/wp-content\\\/uploads\\\/2015\\\/09\\\/Varibend_TTT_cutout-e1444414334912.jpg\",\"datePublished\":\"2015-12-21T21:01:51+00:00\",\"dateModified\":\"2017-06-02T19:33:22+00:00\",\"description\":\"https:\\\/\\\/youtu.be\\\/0HRbVf5Iwjw Problem: Jedn\u0105 z najcz\u0119\u015bciej stosowanych operacji przy produkcji wyrob\u00f3w z blach metalowych jest gi\u0119cie. Kiedy producenci\",\"breadcrumb\":{\"@id\":\"https:\\\/\\\/www.mate.com\\\/pl\\\/technical-resources\\\/punch-press-resources\\\/special-applications-solution-bulletins\\\/category-2\\\/varibend-eliminate-secondary-bending-operations-bulletin\\\/#breadcrumb\"},\"inLanguage\":\"pl-PL\",\"potentialAction\":[{\"@type\":\"ReadAction\",\"target\":[\"https:\\\/\\\/www.mate.com\\\/pl\\\/technical-resources\\\/punch-press-resources\\\/special-applications-solution-bulletins\\\/category-2\\\/varibend-eliminate-secondary-bending-operations-bulletin\\\/\"]}]},{\"@type\":\"ImageObject\",\"inLanguage\":\"pl-PL\",\"@id\":\"https:\\\/\\\/www.mate.com\\\/pl\\\/technical-resources\\\/punch-press-resources\\\/special-applications-solution-bulletins\\\/category-2\\\/varibend-eliminate-secondary-bending-operations-bulletin\\\/#primaryimage\",\"url\":\"https:\\\/\\\/www.mate.com\\\/wp-content\\\/uploads\\\/2015\\\/09\\\/Varibend_TTT_cutout-e1444414334912.jpg\",\"contentUrl\":\"https:\\\/\\\/www.mate.com\\\/wp-content\\\/uploads\\\/2015\\\/09\\\/Varibend_TTT_cutout-e1444414334912.jpg\"},{\"@type\":\"BreadcrumbList\",\"@id\":\"https:\\\/\\\/www.mate.com\\\/pl\\\/technical-resources\\\/punch-press-resources\\\/special-applications-solution-bulletins\\\/category-2\\\/varibend-eliminate-secondary-bending-operations-bulletin\\\/#breadcrumb\",\"itemListElement\":[{\"@type\":\"ListItem\",\"position\":1,\"name\":\"Home\",\"item\":\"https:\\\/\\\/www.mate.com\\\/pl\\\/\\\/\"},{\"@type\":\"ListItem\",\"position\":2,\"name\":\"Zasoby techniczne\",\"item\":\"https:\\\/\\\/www.mate.com\\\/pl\\\/technical-resources\\\/\"},{\"@type\":\"ListItem\",\"position\":3,\"name\":\"Punch Press Tooling\",\"item\":\"https:\\\/\\\/www.mate.com\\\/pl\\\/technical-resources\\\/punch-press-resources\\\/\"},{\"@type\":\"ListItem\",\"position\":4,\"name\":\"Biuletyny dotycz\u0105ce rozwi\u0105za\u0144 do zastosowa\u0144 specjalnych\",\"item\":\"https:\\\/\\\/www.mate.com\\\/pl\\\/technical-resources\\\/punch-press-resources\\\/special-applications-solution-bulletins\\\/\"},{\"@type\":\"ListItem\",\"position\":5,\"name\":\"Wyeliminowanie dzia\u0142a\u0144 pomocniczych\",\"item\":\"https:\\\/\\\/www.mate.com\\\/pl\\\/technical-resources\\\/punch-press-resources\\\/special-applications-solution-bulletins\\\/category-2\\\/\"},{\"@type\":\"ListItem\",\"position\":6,\"name\":\"Eliminuje operacje wt\u00f3rnego gi\u0119cia\"}]},{\"@type\":\"WebSite\",\"@id\":\"https:\\\/\\\/www.mate.com\\\/pl\\\/#website\",\"url\":\"https:\\\/\\\/www.mate.com\\\/pl\\\/\",\"name\":\"Mate Precision Technologies\",\"description\":\"Workholding, Press Brake, Punch Press and Laser Technologies\",\"potentialAction\":[{\"@type\":\"SearchAction\",\"target\":{\"@type\":\"EntryPoint\",\"urlTemplate\":\"https:\\\/\\\/www.mate.com\\\/pl\\\/?s={search_term_string}\"},\"query-input\":{\"@type\":\"PropertyValueSpecification\",\"valueRequired\":true,\"valueName\":\"search_term_string\"}}],\"inLanguage\":\"pl-PL\"}]}<\/script>\n<!-- \/ Yoast SEO Premium plugin. -->","yoast_head_json":{"title":"Eliminuje operacje wt\u00f3rnego gi\u0119cia - Mate Precision Technologies","description":"https:\/\/youtu.be\/0HRbVf5Iwjw Problem: Jedn\u0105 z najcz\u0119\u015bciej stosowanych operacji przy produkcji wyrob\u00f3w z blach metalowych jest gi\u0119cie. Kiedy producenci","robots":{"index":"index","follow":"follow","max-snippet":"max-snippet:-1","max-image-preview":"max-image-preview:large","max-video-preview":"max-video-preview:-1"},"canonical":"https:\/\/www.mate.com\/pl\/technical-resources\/punch-press-resources\/special-applications-solution-bulletins\/category-2\/varibend-eliminate-secondary-bending-operations-bulletin\/","og_locale":"pl_PL","og_type":"article","og_title":"Eliminuje operacje wt\u00f3rnego gi\u0119cia","og_description":"https:\/\/youtu.be\/0HRbVf5Iwjw Problem: Jedn\u0105 z najcz\u0119\u015bciej stosowanych operacji przy produkcji wyrob\u00f3w z blach metalowych jest gi\u0119cie. Kiedy producenci","og_url":"https:\/\/www.mate.com\/pl\/technical-resources\/punch-press-resources\/special-applications-solution-bulletins\/category-2\/varibend-eliminate-secondary-bending-operations-bulletin\/","og_site_name":"Mate Precision Technologies","article_publisher":"https:\/\/www.facebook.com\/MatePrecisionTechnologies\/","article_modified_time":"2017-06-02T19:33:22+00:00","og_image":[{"url":"https:\/\/www.mate.com\/wp-content\/uploads\/2015\/09\/Varibend_TTT_cutout-e1444414334912.jpg","type":"","width":"","height":""}],"twitter_card":"summary_large_image","twitter_site":"@mateprecision","twitter_misc":{"Szacowany czas czytania":"3 minuty"},"schema":{"@context":"https:\/\/schema.org","@graph":[{"@type":"WebPage","@id":"https:\/\/www.mate.com\/pl\/technical-resources\/punch-press-resources\/special-applications-solution-bulletins\/category-2\/varibend-eliminate-secondary-bending-operations-bulletin\/","url":"https:\/\/www.mate.com\/pl\/technical-resources\/punch-press-resources\/special-applications-solution-bulletins\/category-2\/varibend-eliminate-secondary-bending-operations-bulletin\/","name":"Eliminuje operacje wt\u00f3rnego gi\u0119cia - Mate Precision Technologies","isPartOf":{"@id":"https:\/\/www.mate.com\/pl\/#website"},"primaryImageOfPage":{"@id":"https:\/\/www.mate.com\/pl\/technical-resources\/punch-press-resources\/special-applications-solution-bulletins\/category-2\/varibend-eliminate-secondary-bending-operations-bulletin\/#primaryimage"},"image":{"@id":"https:\/\/www.mate.com\/pl\/technical-resources\/punch-press-resources\/special-applications-solution-bulletins\/category-2\/varibend-eliminate-secondary-bending-operations-bulletin\/#primaryimage"},"thumbnailUrl":"https:\/\/www.mate.com\/wp-content\/uploads\/2015\/09\/Varibend_TTT_cutout-e1444414334912.jpg","datePublished":"2015-12-21T21:01:51+00:00","dateModified":"2017-06-02T19:33:22+00:00","description":"https:\/\/youtu.be\/0HRbVf5Iwjw Problem: Jedn\u0105 z najcz\u0119\u015bciej stosowanych operacji przy produkcji wyrob\u00f3w z blach metalowych jest gi\u0119cie. Kiedy producenci","breadcrumb":{"@id":"https:\/\/www.mate.com\/pl\/technical-resources\/punch-press-resources\/special-applications-solution-bulletins\/category-2\/varibend-eliminate-secondary-bending-operations-bulletin\/#breadcrumb"},"inLanguage":"pl-PL","potentialAction":[{"@type":"ReadAction","target":["https:\/\/www.mate.com\/pl\/technical-resources\/punch-press-resources\/special-applications-solution-bulletins\/category-2\/varibend-eliminate-secondary-bending-operations-bulletin\/"]}]},{"@type":"ImageObject","inLanguage":"pl-PL","@id":"https:\/\/www.mate.com\/pl\/technical-resources\/punch-press-resources\/special-applications-solution-bulletins\/category-2\/varibend-eliminate-secondary-bending-operations-bulletin\/#primaryimage","url":"https:\/\/www.mate.com\/wp-content\/uploads\/2015\/09\/Varibend_TTT_cutout-e1444414334912.jpg","contentUrl":"https:\/\/www.mate.com\/wp-content\/uploads\/2015\/09\/Varibend_TTT_cutout-e1444414334912.jpg"},{"@type":"BreadcrumbList","@id":"https:\/\/www.mate.com\/pl\/technical-resources\/punch-press-resources\/special-applications-solution-bulletins\/category-2\/varibend-eliminate-secondary-bending-operations-bulletin\/#breadcrumb","itemListElement":[{"@type":"ListItem","position":1,"name":"Home","item":"https:\/\/www.mate.com\/pl\/\/"},{"@type":"ListItem","position":2,"name":"Zasoby techniczne","item":"https:\/\/www.mate.com\/pl\/technical-resources\/"},{"@type":"ListItem","position":3,"name":"Punch Press Tooling","item":"https:\/\/www.mate.com\/pl\/technical-resources\/punch-press-resources\/"},{"@type":"ListItem","position":4,"name":"Biuletyny dotycz\u0105ce rozwi\u0105za\u0144 do zastosowa\u0144 specjalnych","item":"https:\/\/www.mate.com\/pl\/technical-resources\/punch-press-resources\/special-applications-solution-bulletins\/"},{"@type":"ListItem","position":5,"name":"Wyeliminowanie dzia\u0142a\u0144 pomocniczych","item":"https:\/\/www.mate.com\/pl\/technical-resources\/punch-press-resources\/special-applications-solution-bulletins\/category-2\/"},{"@type":"ListItem","position":6,"name":"Eliminuje operacje wt\u00f3rnego gi\u0119cia"}]},{"@type":"WebSite","@id":"https:\/\/www.mate.com\/pl\/#website","url":"https:\/\/www.mate.com\/pl\/","name":"Mate Precision Technologies","description":"Workholding, Press Brake, Punch Press and Laser Technologies","potentialAction":[{"@type":"SearchAction","target":{"@type":"EntryPoint","urlTemplate":"https:\/\/www.mate.com\/pl\/?s={search_term_string}"},"query-input":{"@type":"PropertyValueSpecification","valueRequired":true,"valueName":"search_term_string"}}],"inLanguage":"pl-PL"}]}},"_links":{"self":[{"href":"https:\/\/www.mate.com\/pl\/wp-json\/wp\/v2\/pages\/27820","targetHints":{"allow":["GET"]}}],"collection":[{"href":"https:\/\/www.mate.com\/pl\/wp-json\/wp\/v2\/pages"}],"about":[{"href":"https:\/\/www.mate.com\/pl\/wp-json\/wp\/v2\/types\/page"}],"author":[{"embeddable":true,"href":"https:\/\/www.mate.com\/pl\/wp-json\/wp\/v2\/users\/5"}],"replies":[{"embeddable":true,"href":"https:\/\/www.mate.com\/pl\/wp-json\/wp\/v2\/comments?post=27820"}],"version-history":[{"count":0,"href":"https:\/\/www.mate.com\/pl\/wp-json\/wp\/v2\/pages\/27820\/revisions"}],"up":[{"embeddable":true,"href":"https:\/\/www.mate.com\/pl\/wp-json\/wp\/v2\/pages\/27814"}],"wp:attachment":[{"href":"https:\/\/www.mate.com\/pl\/wp-json\/wp\/v2\/media?parent=27820"}],"curies":[{"name":"wp","href":"https:\/\/api.w.org\/{rel}","templated":true}]}}