{"id":27787,"date":"2015-08-03T20:07:10","date_gmt":"2015-08-03T20:07:10","guid":{"rendered":"https:\/\/www.mate.com\/about\/health-safety-environmental-policy\/"},"modified":"2017-06-01T13:38:41","modified_gmt":"2017-06-01T18:38:41","slug":"health-safety-environmental-policy","status":"publish","type":"page","link":"https:\/\/www.mate.com\/pl\/about\/health-safety-environmental-policy\/","title":{"rendered":"Polityka w zakresie BHP i ochrony \u015brodowiska"},"content":{"rendered":"<p>Firma Mate Precision Technologies jest zaanga\u017cowana w zarz\u0105dzanie zagadnieniami BHP i ochrony \u015brodowiska jako integralnej cz\u0119\u015bci naszego biznesu. W szczeg\u00f3lno\u015bci nasza polityka zmierza do zapewnienia zgodno\u015bci naszych proces\u00f3w i infrastruktury z zasadami BHP i ochrony \u015brodowiska w ka\u017cdym czasie i we wszystkich miejscach. B\u0119dziemy do tego zmierza\u0107 przez przestrzeganie nast\u0119puj\u0105cych zasad:<\/p>\n<ul>\n<li>B\u0119dziemy przestrzega\u0107 wszelkich obowi\u0105zuj\u0105cych ustaw i przepis\u00f3w w zakresie BHP i ochrony \u015brodowiska.<\/li>\n<li>B\u0119dziemy szkoli\u0107 naszych pracownik\u00f3w w zakresie naszej polityki i procedur dotycz\u0105cych BHP i ochrony \u015brodowiska<\/li>\n<li>B\u0119dziemy poszukiwa\u0107 sposobno\u015bci, wykraczaj\u0105c poza wymogi okre\u015blone przez przepisy, do ograniczania zagro\u017ce\u0144 dla zdrowia cz\u0142owieka i dla \u015brodowiska, a w stosownych przypadkach b\u0119dziemy ustala\u0107 i spe\u0142nia\u0107 nasze w\u0142asne normy w zakresie BHP i ochrony \u015brodowiska.<\/li>\n<li>B\u0119dziemy stosowa\u0107 systemy i procedury zarz\u0105dzania, kt\u00f3re zapobiegaj\u0105 dzia\u0142aniom i\/lub warunkom stwarzaj\u0105cym zagro\u017cenie dla zdrowia i bezpiecze\u0144stwa cz\u0142owieka oraz dla \u015brodowiska.<\/li>\n<li>B\u0119dziemy poszukiwa\u0107 sposob\u00f3w na minimalizowanie ryzyka oraz chronienie naszych pracownik\u00f3w i spo\u0142eczno\u015bci, w kt\u00f3rych dzia\u0142amy, przez stosowanie czystej technologii, \u0142\u0105cznie z bezpiecznymi technologiami i procedurami operacyjnymi, a tak\u017ce przygotowanie si\u0119 na nag\u0142e sytuacje.<\/li>\n<li>B\u0119dziemy robi\u0107 wszystko, by minimalizowa\u0107 zrzuty do powietrza, ziemi i wody dzi\u0119ki zastosowaniu czystszych technologii i bezpieczniejszemu u\u017cywaniu \u015brodk\u00f3w chemicznych.<\/li>\n<li>B\u0119dziemy minimalizowa\u0107 ilo\u015b\u0107 i toksyczno\u015b\u0107 generowanych odpad\u00f3w oraz zapewnia\u0107 bezpieczne przetwarzanie i utylizacj\u0119 odpad\u00f3w.<\/li>\n<li>B\u0119dziemy zarz\u0105dza\u0107 zasobami, takimi jak woda, energia i powietrze, w spos\u00f3b przyjazny dla \u015brodowiska.<\/li>\n<li>B\u0119dziemy nieustannie poszukiwa\u0107 sposobno\u015bci do coraz lepszego przestrzegania tych zasad oraz poprawiania w\u0142asnej przyjazno\u015bci dla \u015brodowiska, tak\u017ce dzi\u0119ki wsp\u00f3\u0142pracy z naszymi dostawcami i klientami.<\/li>\n<li>B\u0119dziemy przestrzega\u0107 bran\u017cowych kodeks\u00f3w post\u0119powania, takich jak EICC, oraz podobnych kodeks\u00f3w i praktyk na innych rynkach, a tak\u017ce pami\u0119ta\u0107 o unikaniu konflikt\u00f3w przy pozyskiwaniu surowc\u00f3w.<\/li>\n<\/ul>\n","protected":false},"excerpt":{"rendered":"<p>Firma Mate Precision Technologies jest zaanga\u017cowana w zarz\u0105dzanie zagadnieniami BHP i ochrony \u015brodowiska jako integralnej cz\u0119\u015bci naszego biznesu. W szczeg\u00f3lno\u015bci nasza polityka zmierza do zapewnienia zgodno\u015bci naszych proces\u00f3w i infrastruktury z zasadami BHP i ochrony \u015brodowiska w ka\u017cdym czasie i we wszystkich miejscach. B\u0119dziemy do tego zmierza\u0107 przez przestrzeganie nast\u0119puj\u0105cych zasad: B\u0119dziemy przestrzega\u0107 wszelkich obowi\u0105zuj\u0105cych [&hellip;]<\/p>\n","protected":false},"author":1,"featured_media":0,"parent":27779,"menu_order":601,"comment_status":"closed","ping_status":"closed","template":"","meta":{"_acf_changed":false,"_monsterinsights_skip_tracking":false,"_monsterinsights_sitenote_active":false,"_monsterinsights_sitenote_note":"","_monsterinsights_sitenote_category":0,"footnotes":""},"class_list":["post-27787","page","type-page","status-publish","hentry"],"acf":[],"yoast_head":"<!-- This site is optimized with the Yoast SEO Premium plugin v27.4 (Yoast SEO v27.4) - https:\/\/yoast.com\/product\/yoast-seo-premium-wordpress\/ -->\n<title>Polityka w zakresie BHP i ochrony \u015brodowiska - Mate Precision Technologies<\/title>\n<meta name=\"description\" content=\"Mate Precision Technologies is committed to managing health, safety and environmental matters as an integral part of our business.\" \/>\n<meta name=\"robots\" content=\"index, follow, max-snippet:-1, max-image-preview:large, max-video-preview:-1\" \/>\n<link rel=\"canonical\" href=\"https:\/\/www.mate.com\/pl\/about\/health-safety-environmental-policy\/\" \/>\n<meta property=\"og:locale\" content=\"pl_PL\" \/>\n<meta property=\"og:type\" content=\"article\" \/>\n<meta property=\"og:title\" content=\"Polityka w zakresie BHP i ochrony \u015brodowiska\" \/>\n<meta property=\"og:description\" content=\"Mate Precision Technologies is committed to managing health, safety and environmental matters as an integral part of our business.\" \/>\n<meta property=\"og:url\" content=\"https:\/\/www.mate.com\/pl\/about\/health-safety-environmental-policy\/\" \/>\n<meta property=\"og:site_name\" content=\"Mate Precision Technologies\" \/>\n<meta property=\"article:publisher\" content=\"https:\/\/www.facebook.com\/MatePrecisionTechnologies\/\" \/>\n<meta property=\"article:modified_time\" content=\"2017-06-01T18:38:41+00:00\" \/>\n<meta name=\"twitter:card\" content=\"summary_large_image\" \/>\n<meta name=\"twitter:site\" content=\"@mateprecision\" \/>\n<meta name=\"twitter:label1\" content=\"Szacowany czas czytania\" \/>\n\t<meta name=\"twitter:data1\" content=\"2 minuty\" \/>\n<script type=\"application\/ld+json\" class=\"yoast-schema-graph\">{\"@context\":\"https:\\\/\\\/schema.org\",\"@graph\":[{\"@type\":\"WebPage\",\"@id\":\"https:\\\/\\\/www.mate.com\\\/pl\\\/about\\\/health-safety-environmental-policy\\\/\",\"url\":\"https:\\\/\\\/www.mate.com\\\/pl\\\/about\\\/health-safety-environmental-policy\\\/\",\"name\":\"Polityka w zakresie BHP i ochrony \u015brodowiska - Mate Precision Technologies\",\"isPartOf\":{\"@id\":\"https:\\\/\\\/www.mate.com\\\/pl\\\/#website\"},\"datePublished\":\"2015-08-03T20:07:10+00:00\",\"dateModified\":\"2017-06-01T18:38:41+00:00\",\"description\":\"Mate Precision Technologies is committed to managing health, safety and environmental matters as an integral part of our business.\",\"breadcrumb\":{\"@id\":\"https:\\\/\\\/www.mate.com\\\/pl\\\/about\\\/health-safety-environmental-policy\\\/#breadcrumb\"},\"inLanguage\":\"pl-PL\",\"potentialAction\":[{\"@type\":\"ReadAction\",\"target\":[\"https:\\\/\\\/www.mate.com\\\/pl\\\/about\\\/health-safety-environmental-policy\\\/\"]}]},{\"@type\":\"BreadcrumbList\",\"@id\":\"https:\\\/\\\/www.mate.com\\\/pl\\\/about\\\/health-safety-environmental-policy\\\/#breadcrumb\",\"itemListElement\":[{\"@type\":\"ListItem\",\"position\":1,\"name\":\"Home\",\"item\":\"https:\\\/\\\/www.mate.com\\\/pl\\\/\\\/\"},{\"@type\":\"ListItem\",\"position\":2,\"name\":\"Informacje\",\"item\":\"https:\\\/\\\/www.mate.com\\\/pl\\\/about\\\/\"},{\"@type\":\"ListItem\",\"position\":3,\"name\":\"Polityka w zakresie BHP i ochrony \u015brodowiska\"}]},{\"@type\":\"WebSite\",\"@id\":\"https:\\\/\\\/www.mate.com\\\/pl\\\/#website\",\"url\":\"https:\\\/\\\/www.mate.com\\\/pl\\\/\",\"name\":\"Mate Precision Technologies\",\"description\":\"Workholding, Press Brake, Punch Press and Laser Technologies\",\"potentialAction\":[{\"@type\":\"SearchAction\",\"target\":{\"@type\":\"EntryPoint\",\"urlTemplate\":\"https:\\\/\\\/www.mate.com\\\/pl\\\/?s={search_term_string}\"},\"query-input\":{\"@type\":\"PropertyValueSpecification\",\"valueRequired\":true,\"valueName\":\"search_term_string\"}}],\"inLanguage\":\"pl-PL\"}]}<\/script>\n<!-- \/ Yoast SEO Premium plugin. -->","yoast_head_json":{"title":"Polityka w zakresie BHP i ochrony \u015brodowiska - Mate Precision Technologies","description":"Mate Precision Technologies is committed to managing health, safety and environmental matters as an integral part of our business.","robots":{"index":"index","follow":"follow","max-snippet":"max-snippet:-1","max-image-preview":"max-image-preview:large","max-video-preview":"max-video-preview:-1"},"canonical":"https:\/\/www.mate.com\/pl\/about\/health-safety-environmental-policy\/","og_locale":"pl_PL","og_type":"article","og_title":"Polityka w zakresie BHP i ochrony \u015brodowiska","og_description":"Mate Precision Technologies is committed to managing health, safety and environmental matters as an integral part of our business.","og_url":"https:\/\/www.mate.com\/pl\/about\/health-safety-environmental-policy\/","og_site_name":"Mate Precision Technologies","article_publisher":"https:\/\/www.facebook.com\/MatePrecisionTechnologies\/","article_modified_time":"2017-06-01T18:38:41+00:00","twitter_card":"summary_large_image","twitter_site":"@mateprecision","twitter_misc":{"Szacowany czas czytania":"2 minuty"},"schema":{"@context":"https:\/\/schema.org","@graph":[{"@type":"WebPage","@id":"https:\/\/www.mate.com\/pl\/about\/health-safety-environmental-policy\/","url":"https:\/\/www.mate.com\/pl\/about\/health-safety-environmental-policy\/","name":"Polityka w zakresie BHP i ochrony \u015brodowiska - Mate Precision Technologies","isPartOf":{"@id":"https:\/\/www.mate.com\/pl\/#website"},"datePublished":"2015-08-03T20:07:10+00:00","dateModified":"2017-06-01T18:38:41+00:00","description":"Mate Precision Technologies is committed to managing health, safety and environmental matters as an integral part of our business.","breadcrumb":{"@id":"https:\/\/www.mate.com\/pl\/about\/health-safety-environmental-policy\/#breadcrumb"},"inLanguage":"pl-PL","potentialAction":[{"@type":"ReadAction","target":["https:\/\/www.mate.com\/pl\/about\/health-safety-environmental-policy\/"]}]},{"@type":"BreadcrumbList","@id":"https:\/\/www.mate.com\/pl\/about\/health-safety-environmental-policy\/#breadcrumb","itemListElement":[{"@type":"ListItem","position":1,"name":"Home","item":"https:\/\/www.mate.com\/pl\/\/"},{"@type":"ListItem","position":2,"name":"Informacje","item":"https:\/\/www.mate.com\/pl\/about\/"},{"@type":"ListItem","position":3,"name":"Polityka w zakresie BHP i ochrony \u015brodowiska"}]},{"@type":"WebSite","@id":"https:\/\/www.mate.com\/pl\/#website","url":"https:\/\/www.mate.com\/pl\/","name":"Mate Precision Technologies","description":"Workholding, Press Brake, Punch Press and Laser Technologies","potentialAction":[{"@type":"SearchAction","target":{"@type":"EntryPoint","urlTemplate":"https:\/\/www.mate.com\/pl\/?s={search_term_string}"},"query-input":{"@type":"PropertyValueSpecification","valueRequired":true,"valueName":"search_term_string"}}],"inLanguage":"pl-PL"}]}},"_links":{"self":[{"href":"https:\/\/www.mate.com\/pl\/wp-json\/wp\/v2\/pages\/27787","targetHints":{"allow":["GET"]}}],"collection":[{"href":"https:\/\/www.mate.com\/pl\/wp-json\/wp\/v2\/pages"}],"about":[{"href":"https:\/\/www.mate.com\/pl\/wp-json\/wp\/v2\/types\/page"}],"author":[{"embeddable":true,"href":"https:\/\/www.mate.com\/pl\/wp-json\/wp\/v2\/users\/1"}],"replies":[{"embeddable":true,"href":"https:\/\/www.mate.com\/pl\/wp-json\/wp\/v2\/comments?post=27787"}],"version-history":[{"count":0,"href":"https:\/\/www.mate.com\/pl\/wp-json\/wp\/v2\/pages\/27787\/revisions"}],"up":[{"embeddable":true,"href":"https:\/\/www.mate.com\/pl\/wp-json\/wp\/v2\/pages\/27779"}],"wp:attachment":[{"href":"https:\/\/www.mate.com\/pl\/wp-json\/wp\/v2\/media?parent=27787"}],"curies":[{"name":"wp","href":"https:\/\/api.w.org\/{rel}","templated":true}]}}