{"id":9036,"date":"2015-08-03T20:05:51","date_gmt":"2015-08-03T20:05:51","guid":{"rendered":"https:\/\/www.mate.com\/it\/privacy\/"},"modified":"2017-09-21T10:28:52","modified_gmt":"2017-09-21T15:28:52","slug":"privacy","status":"publish","type":"page","link":"https:\/\/www.mate.com\/it\/privacy\/","title":{"rendered":"Privacy"},"content":{"rendered":"<h2>INFORMATIVA SULLA PRIVACY DI MATE PRECISION TECHNOLOGIES<\/h2>\n<p>Mate Precision Technologies rispetta la tua privacy e si impegna a salvaguardare la tua privacy online. Sebbene queste informazioni siano la pietra angolare della nostra capacit\u00e0 di fornire un\u2019assistenza superiore ai clienti, il nostro valore pi\u00f9 importante \u00e8 la fiducia dei nostri clienti. Ecco perch\u00e9 tenere al sicuro le informazioni relative ai clienti rappresenta una priorit\u00e0 presso Mate Precision Technologies. Le informazioni che riceviamo da te vengono considerate informazioni aziendali confidenziali per l\u2019uso esclusivo da parte di Mate Precision Technologies, dei RAPPRESENTANTI DI VENDITA Mate Precision Technologies e della rete di rivenditori Mate Precision Technologies. Forniamo queste informazioni alla nostra ORGANIZZAZIONE VENDITE allo scopo di fornire una risposta migliore alle tue esigenze. Ma in nessun momento le informazioni verranno condivise con terzi o con qualcuno al di fuori dell\u2019AZIENDA Mate Precision Technologies.<\/p>\n<p>Dedica alcuni minuti a leggere la nostra informativa sulla privacy completa (&#8220;Dettagli&#8221; qui di seguito) in modo che tu comprenda in che modo vengano utilizzate le informazioni e le misure che mettiamo in atto per proteggere le tue informazioni personali.<\/p>\n<h2>DETTAGLI<\/h2>\n<p><strong>Quali informazioni acquisisce Mate Precision Technologies?<\/strong><\/p>\n<p>Mate Precision Technologies non acquisisce informazioni di identificazione personale su nessun utente del sito Web di Mate Precision Technologies, a eccezione di quando vengano fornite consapevolmente dall\u2019individuo. Puoi scegliere di non fornire determinate informazioni, ma in questo caso potremmo non essere in grado di aiutarti in relazione alla tua richiesta o al tuo problema. Mate Precision Technologies acquisisce le seguenti informazioni: nome, nome dell\u2019azienda, posizione, funzione lavorativa, indirizzo, paese, numero di telefono, indirizzo e-mail, sistemi di utensili utilizzati, tipi di macchinari che si intende acquistare, commenti e domande. In ogni caso, \u00e8 sempre possibile non fornire le informazioni che richiediamo. Alcuni dei campi richiesti possono includere il tuo nome, indirizzo e-mail e paese. Le informazioni acquisite nei questionari\/moduli online ci aiutano a stabilire l\u2019identit\u00e0 della nostra base di clienti e quali siano le loro esigenze. Attraverso questi dati possiamo lavorare con lo scopo di migliorare l\u2019esperienza dei clienti con l\u2019azienda.<\/p>\n<p><strong>In che modo Mate Precision Technologies usa le informazioni? <\/strong><\/p>\n<p>Mate Precision Technologies usa le informazioni dei visitatori del nostro sito Web per rispondere alle domande, rispondere a richieste, fornire letteratura e commercializzare prodotti e servizi Mate Precision Technologies. Contattandoci, accetti che eventuali informazioni o commenti che fornisci possono essere condivise tra Mate Precision Technologies, le relative affiliate e i rivenditori, nonch\u00e9 utilizzate senza limitazioni per elaborare gli ordini dei clienti e migliorare o commercializzare i nostri prodotti e servizi.<\/p>\n<p><strong>Con chi condivide le informazioni Mate Precision Technologies?<\/strong><\/p>\n<p>Mate Precision Technologies condivide le informazioni con i suoi distributori, i rappresentanti di vendita e i dipartimenti presso le divisioni aziendali. Nessun\u2019altra azienda o terza parte ricever\u00e0 le informazioni. Le informazioni inviate vengono utilizzate solo per lo scopo previsto dichiarato al momento in cui le informazioni vengono acquisite. Puoi ricevere aggiornamenti sui prodotti e i servizi Mate Precision Technologies mediante posta tradizionale o posta elettronica. Puoi disdire l\u2019iscrizione contattando Mate Precision Technologies qui. Le informazioni non vengono condivise con altre parti per scopi secondari o non correlati. Per proteggere ulteriormente la tua privacy, l\u2019accesso alle informazioni da parte dei dipendenti \u00e8 limitato. Solo alcuni dipendenti selezionati che abbiano assoluta esigenza di usare tali informazioni per servirti al meglio possono visualizzare i dati inviati. Facciamo tutto il possibile per rendere le informazioni che riceviamo online quanto pi\u00f9 sicure possibile in relazione all\u2019accesso e all\u2019uso non autorizzati. Manteniamo sempre il controllo sulla riservatezza delle informazioni dei nostri clienti.<\/p>\n<p><strong>Che tipo di procedure di sicurezza vengono messe in atto?<\/strong><\/p>\n<p>Memorizziamo temporaneamente le informazioni dei clienti online, in un database sicuro. Le informazioni inviate vengono quindi scaricate e memorizzate presso Mate Precision Technologies.<\/p>\n<p><strong>In che misura gli utenti possono correggere eventuali imprecisioni relative alle loro imprecisioni? <\/strong><\/p>\n<p>Puoi facilmente modificare eventuali informazioni inviate contattandoci all\u2019indirizzo marketing@mate.com. Puoi inoltre rimuovere permanentemente le tue informazioni dal database Mate Precision Technologies utilizzando l\u2019indirizzo e-mail marketing@mate.com.<\/p>\n<p>Riesaminiamo e aggiorniamo le nostre pratiche sulla privacy di volta in volta e ci riserviamo il diritto di farlo senza preavviso. Visita questa pagina almeno una volta ogni trenta giorni, per rivedere le nostre pratiche correnti sulla privacy, perch\u00e9 sono vincolanti per te. Tutti gli aggiornamenti verranno pubblicati su questo sito. Puoi rivolgere eventuali domande sulla politica sulla privacy all\u2019indirizzo marketing@mate.com.<\/p>\n<p>La presente politica sulla privacy \u00e8 stata modificata l\u2019ultima volta nell\u2019ottobre 2005.<\/p>\n","protected":false},"excerpt":{"rendered":"<p>INFORMATIVA SULLA PRIVACY DI MATE PRECISION TECHNOLOGIES Mate Precision Technologies rispetta la tua privacy e si impegna a salvaguardare la tua privacy online. Sebbene queste informazioni siano la pietra angolare della nostra capacit\u00e0 di fornire un\u2019assistenza superiore ai clienti, il nostro valore pi\u00f9 importante \u00e8 la fiducia dei nostri clienti. Ecco perch\u00e9 tenere al sicuro [&hellip;]<\/p>\n","protected":false},"author":1,"featured_media":0,"parent":0,"menu_order":1234,"comment_status":"closed","ping_status":"closed","template":"","meta":{"_acf_changed":false,"_monsterinsights_skip_tracking":false,"_monsterinsights_sitenote_active":false,"_monsterinsights_sitenote_note":"","_monsterinsights_sitenote_category":0,"footnotes":""},"class_list":["post-9036","page","type-page","status-publish","hentry"],"acf":[],"yoast_head":"<!-- This site is optimized with the Yoast SEO Premium plugin v27.4 (Yoast SEO v27.4) - https:\/\/yoast.com\/product\/yoast-seo-premium-wordpress\/ -->\n<title>Privacy - Mate Precision Technologies<\/title>\n<meta name=\"description\" content=\"INFORMATIVA SULLA PRIVACY DI MATE PRECISION TECHNOLOGIES Mate Precision Technologies rispetta la tua privacy e si impegna a salvaguardare la tua privacy\" \/>\n<meta name=\"robots\" content=\"index, follow, max-snippet:-1, max-image-preview:large, max-video-preview:-1\" \/>\n<link rel=\"canonical\" href=\"https:\/\/www.mate.com\/it\/privacy\/\" \/>\n<meta property=\"og:locale\" content=\"it_IT\" \/>\n<meta property=\"og:type\" content=\"article\" \/>\n<meta property=\"og:title\" content=\"Privacy\" \/>\n<meta property=\"og:description\" content=\"INFORMATIVA SULLA PRIVACY DI MATE PRECISION TECHNOLOGIES Mate Precision Technologies rispetta la tua privacy e si impegna a salvaguardare la tua privacy\" \/>\n<meta property=\"og:url\" content=\"https:\/\/www.mate.com\/it\/privacy\/\" \/>\n<meta property=\"og:site_name\" content=\"Mate Precision Technologies\" \/>\n<meta property=\"article:publisher\" content=\"https:\/\/www.facebook.com\/MatePrecisionTechnologies\/\" \/>\n<meta property=\"article:modified_time\" content=\"2017-09-21T15:28:52+00:00\" \/>\n<meta name=\"twitter:card\" content=\"summary_large_image\" \/>\n<meta name=\"twitter:site\" content=\"@mateprecision\" \/>\n<meta name=\"twitter:label1\" content=\"Tempo di lettura stimato\" \/>\n\t<meta name=\"twitter:data1\" content=\"4 minuti\" \/>\n<script type=\"application\/ld+json\" class=\"yoast-schema-graph\">{\"@context\":\"https:\\\/\\\/schema.org\",\"@graph\":[{\"@type\":\"WebPage\",\"@id\":\"https:\\\/\\\/www.mate.com\\\/it\\\/privacy\\\/\",\"url\":\"https:\\\/\\\/www.mate.com\\\/it\\\/privacy\\\/\",\"name\":\"Privacy - Mate Precision Technologies\",\"isPartOf\":{\"@id\":\"https:\\\/\\\/www.mate.com\\\/it\\\/#website\"},\"datePublished\":\"2015-08-03T20:05:51+00:00\",\"dateModified\":\"2017-09-21T15:28:52+00:00\",\"description\":\"INFORMATIVA SULLA PRIVACY DI MATE PRECISION TECHNOLOGIES Mate Precision Technologies rispetta la tua privacy e si impegna a salvaguardare la tua privacy\",\"breadcrumb\":{\"@id\":\"https:\\\/\\\/www.mate.com\\\/it\\\/privacy\\\/#breadcrumb\"},\"inLanguage\":\"it-IT\",\"potentialAction\":[{\"@type\":\"ReadAction\",\"target\":[\"https:\\\/\\\/www.mate.com\\\/it\\\/privacy\\\/\"]}]},{\"@type\":\"BreadcrumbList\",\"@id\":\"https:\\\/\\\/www.mate.com\\\/it\\\/privacy\\\/#breadcrumb\",\"itemListElement\":[{\"@type\":\"ListItem\",\"position\":1,\"name\":\"Home\",\"item\":\"https:\\\/\\\/www.mate.com\\\/it\\\/\\\/\"},{\"@type\":\"ListItem\",\"position\":2,\"name\":\"Privacy\"}]},{\"@type\":\"WebSite\",\"@id\":\"https:\\\/\\\/www.mate.com\\\/it\\\/#website\",\"url\":\"https:\\\/\\\/www.mate.com\\\/it\\\/\",\"name\":\"Mate Precision Technologies\",\"description\":\"Workholding, Press Brake, Punch Press and Laser Technologies\",\"potentialAction\":[{\"@type\":\"SearchAction\",\"target\":{\"@type\":\"EntryPoint\",\"urlTemplate\":\"https:\\\/\\\/www.mate.com\\\/it\\\/?s={search_term_string}\"},\"query-input\":{\"@type\":\"PropertyValueSpecification\",\"valueRequired\":true,\"valueName\":\"search_term_string\"}}],\"inLanguage\":\"it-IT\"}]}<\/script>\n<!-- \/ Yoast SEO Premium plugin. -->","yoast_head_json":{"title":"Privacy - Mate Precision Technologies","description":"INFORMATIVA SULLA PRIVACY DI MATE PRECISION TECHNOLOGIES Mate Precision Technologies rispetta la tua privacy e si impegna a salvaguardare la tua privacy","robots":{"index":"index","follow":"follow","max-snippet":"max-snippet:-1","max-image-preview":"max-image-preview:large","max-video-preview":"max-video-preview:-1"},"canonical":"https:\/\/www.mate.com\/it\/privacy\/","og_locale":"it_IT","og_type":"article","og_title":"Privacy","og_description":"INFORMATIVA SULLA PRIVACY DI MATE PRECISION TECHNOLOGIES Mate Precision Technologies rispetta la tua privacy e si impegna a salvaguardare la tua privacy","og_url":"https:\/\/www.mate.com\/it\/privacy\/","og_site_name":"Mate Precision Technologies","article_publisher":"https:\/\/www.facebook.com\/MatePrecisionTechnologies\/","article_modified_time":"2017-09-21T15:28:52+00:00","twitter_card":"summary_large_image","twitter_site":"@mateprecision","twitter_misc":{"Tempo di lettura stimato":"4 minuti"},"schema":{"@context":"https:\/\/schema.org","@graph":[{"@type":"WebPage","@id":"https:\/\/www.mate.com\/it\/privacy\/","url":"https:\/\/www.mate.com\/it\/privacy\/","name":"Privacy - Mate Precision Technologies","isPartOf":{"@id":"https:\/\/www.mate.com\/it\/#website"},"datePublished":"2015-08-03T20:05:51+00:00","dateModified":"2017-09-21T15:28:52+00:00","description":"INFORMATIVA SULLA PRIVACY DI MATE PRECISION TECHNOLOGIES Mate Precision Technologies rispetta la tua privacy e si impegna a salvaguardare la tua privacy","breadcrumb":{"@id":"https:\/\/www.mate.com\/it\/privacy\/#breadcrumb"},"inLanguage":"it-IT","potentialAction":[{"@type":"ReadAction","target":["https:\/\/www.mate.com\/it\/privacy\/"]}]},{"@type":"BreadcrumbList","@id":"https:\/\/www.mate.com\/it\/privacy\/#breadcrumb","itemListElement":[{"@type":"ListItem","position":1,"name":"Home","item":"https:\/\/www.mate.com\/it\/\/"},{"@type":"ListItem","position":2,"name":"Privacy"}]},{"@type":"WebSite","@id":"https:\/\/www.mate.com\/it\/#website","url":"https:\/\/www.mate.com\/it\/","name":"Mate Precision Technologies","description":"Workholding, Press Brake, Punch Press and Laser Technologies","potentialAction":[{"@type":"SearchAction","target":{"@type":"EntryPoint","urlTemplate":"https:\/\/www.mate.com\/it\/?s={search_term_string}"},"query-input":{"@type":"PropertyValueSpecification","valueRequired":true,"valueName":"search_term_string"}}],"inLanguage":"it-IT"}]}},"_links":{"self":[{"href":"https:\/\/www.mate.com\/it\/wp-json\/wp\/v2\/pages\/9036","targetHints":{"allow":["GET"]}}],"collection":[{"href":"https:\/\/www.mate.com\/it\/wp-json\/wp\/v2\/pages"}],"about":[{"href":"https:\/\/www.mate.com\/it\/wp-json\/wp\/v2\/types\/page"}],"author":[{"embeddable":true,"href":"https:\/\/www.mate.com\/it\/wp-json\/wp\/v2\/users\/1"}],"replies":[{"embeddable":true,"href":"https:\/\/www.mate.com\/it\/wp-json\/wp\/v2\/comments?post=9036"}],"version-history":[{"count":0,"href":"https:\/\/www.mate.com\/it\/wp-json\/wp\/v2\/pages\/9036\/revisions"}],"wp:attachment":[{"href":"https:\/\/www.mate.com\/it\/wp-json\/wp\/v2\/media?parent=9036"}],"curies":[{"name":"wp","href":"https:\/\/api.w.org\/{rel}","templated":true}]}}