{"id":9012,"date":"2015-09-01T19:23:35","date_gmt":"2015-09-01T19:23:35","guid":{"rendered":"https:\/\/www.mate.com\/it\/technical-resources\/tips-techniques\/punching\/techniques\/notching\/"},"modified":"2017-08-16T13:57:59","modified_gmt":"2017-08-16T18:57:59","slug":"notching","status":"publish","type":"page","link":"https:\/\/www.mate.com\/it\/technical-resources\/punch-press-resources\/tips-techniques\/punching\/techniques\/notching\/","title":{"rendered":"Scantonatura"},"content":{"rendered":"<p>Scantonatura di vari angoli con un unico set di utensili per scantonatura angoli a 3 vie. Si tratta di un\u2019altra applicazione per una stazione rotante. Un utensile di scantonatura angoli a tre vie pu\u00f2 tagliare qualunque angolo pi\u00f9 grande rispetto al punto pi\u00f9 piccolo mediante programmazione di un colpo singolo o di pi\u00f9 colpi. 15\u00b0 \u00e8 l\u2019angolo pi\u00f9 piccolo disponibile.<\/p>\n<p><a href=\"https:\/\/www.mate.com\/wp-content\/uploads\/2015\/09\/notching2.jpg\" rel=\"attachment wp-att-6225\"><img loading=\"lazy\" decoding=\"async\" class=\"alignnone size-full wp-image-6225\" src=\"https:\/\/www.mate.com\/wp-content\/uploads\/2015\/09\/notching2.jpg\" alt=\"notching\" width=\"828\" height=\"434\" srcset=\"https:\/\/www.mate.com\/wp-content\/uploads\/2015\/09\/notching2.jpg 828w, https:\/\/www.mate.com\/wp-content\/uploads\/2015\/09\/notching2-768x403.jpg 768w, https:\/\/www.mate.com\/wp-content\/uploads\/2015\/09\/notching2-400x210.jpg 400w\" sizes=\"auto, (max-width: 828px) 100vw, 828px\" \/><\/a><\/p>\n<p>L\u2019utensile di scantonatura a 3 vie pu\u00f2 includere angoli da 150 a 15\u00b0. Le due disposizioni pi\u00f9 popolari sono mostrate di seguito. Gli utensili guidati sono raccomandati perch\u00e9 l\u2019azione di guida positiva supporta bene il punzone nella scantonatura, laddove viene usato solo un angolo alla volta.<\/p>\n<p>Raggi min.: Alluminio, 1\/4T; Acciaio dolce, 1\/2T; Acciaio inossidabile, 1T (T = Spessore)<br \/>\nSugli angoli stretti (A), il bordo tagliente si usura pi\u00f9 rapidamente rispetto agli angoli smussi. Raccomandiamo un raggio (B) su tutti gli angoli al di sotto dei 45\u00b0 come ausilio per superare il problema dell\u2019usura rapida. Poich\u00e9 un raggio riduce il bordo tagliente, potrebbe essere necessario eseguire la pre-punzonatura di intagli acuti per raggiungere la linea di piegatura di una parte. Utilizzare un foro ovale stretto o tondo con almeno uno spessore di materiale in relazione a diametro o larghezza. Raccomandiamo la forma ovale (C ) nella maggior parte dei casi poich\u00e9 essa offre scarico nel punto di incontro delle piegature e forma una giunzione pi\u00f9 stretta rispetto a un foro rotondo. \u00c8 inoltre possibile ordinare un utensile di scantonatura a 3 vie con una parte anteriore che ottiene lo stesso scopo della pre-foratura. La parte anteriore pu\u00f2 bisecare l\u2019angolo o continuare da entrambi i lati (E).<\/p>\n<p><a href=\"https:\/\/www.mate.com\/wp-content\/uploads\/2015\/09\/Knotching.jpg\" rel=\"attachment wp-att-6222\"><img loading=\"lazy\" decoding=\"async\" class=\"alignnone size-full wp-image-6222\" src=\"https:\/\/www.mate.com\/wp-content\/uploads\/2015\/09\/Knotching.jpg\" alt=\"Knotching\" width=\"1305\" height=\"624\" srcset=\"https:\/\/www.mate.com\/wp-content\/uploads\/2015\/09\/Knotching.jpg 1305w, https:\/\/www.mate.com\/wp-content\/uploads\/2015\/09\/Knotching-768x367.jpg 768w, https:\/\/www.mate.com\/wp-content\/uploads\/2015\/09\/Knotching-400x191.jpg 400w\" sizes=\"auto, (max-width: 1305px) 100vw, 1305px\" \/><\/a><\/p>\n","protected":false},"excerpt":{"rendered":"<p>Scantonatura di vari angoli con un unico set di utensili per scantonatura angoli a 3 vie. Si tratta di un\u2019altra applicazione per una stazione rotante. Un utensile di scantonatura angoli a tre vie pu\u00f2 tagliare qualunque angolo pi\u00f9 grande rispetto al punto pi\u00f9 piccolo mediante programmazione di un colpo singolo o di pi\u00f9 colpi. 15\u00b0 [&hellip;]<\/p>\n","protected":false},"author":5,"featured_media":0,"parent":8991,"menu_order":1120,"comment_status":"closed","ping_status":"closed","template":"","meta":{"_acf_changed":false,"_monsterinsights_skip_tracking":false,"_monsterinsights_sitenote_active":false,"_monsterinsights_sitenote_note":"","_monsterinsights_sitenote_category":0,"footnotes":""},"class_list":["post-9012","page","type-page","status-publish","hentry"],"acf":[],"yoast_head":"<!-- This site is optimized with the Yoast SEO Premium plugin v27.2 (Yoast SEO v27.2) - https:\/\/yoast.com\/product\/yoast-seo-premium-wordpress\/ -->\n<title>Scantonatura - Mate Precision Technologies<\/title>\n<meta name=\"description\" content=\"Scantonatura di vari angoli con un unico set di utensili per scantonatura angoli a 3 vie. Si tratta di un\u2019altra applicazione per una stazione rotante. Un\" \/>\n<meta name=\"robots\" content=\"index, follow, max-snippet:-1, max-image-preview:large, max-video-preview:-1\" \/>\n<link rel=\"canonical\" href=\"https:\/\/www.mate.com\/it\/technical-resources\/punch-press-resources\/tips-techniques\/punching\/techniques\/notching\/\" \/>\n<meta property=\"og:locale\" content=\"it_IT\" \/>\n<meta property=\"og:type\" content=\"article\" \/>\n<meta property=\"og:title\" content=\"Scantonatura\" \/>\n<meta property=\"og:description\" content=\"Scantonatura di vari angoli con un unico set di utensili per scantonatura angoli a 3 vie. Si tratta di un\u2019altra applicazione per una stazione rotante. Un\" \/>\n<meta property=\"og:url\" content=\"https:\/\/www.mate.com\/it\/technical-resources\/punch-press-resources\/tips-techniques\/punching\/techniques\/notching\/\" \/>\n<meta property=\"og:site_name\" content=\"Mate Precision Technologies\" \/>\n<meta property=\"article:publisher\" content=\"https:\/\/www.facebook.com\/MatePrecisionTechnologies\/\" \/>\n<meta property=\"article:modified_time\" content=\"2017-08-16T18:57:59+00:00\" \/>\n<meta property=\"og:image\" content=\"https:\/\/www.mate.com\/wp-content\/uploads\/2015\/09\/notching2.jpg\" \/>\n<meta name=\"twitter:card\" content=\"summary_large_image\" \/>\n<meta name=\"twitter:site\" content=\"@mateprecision\" \/>\n<meta name=\"twitter:label1\" content=\"Tempo di lettura stimato\" \/>\n\t<meta name=\"twitter:data1\" content=\"1 minuto\" \/>\n<script type=\"application\/ld+json\" class=\"yoast-schema-graph\">{\"@context\":\"https:\/\/schema.org\",\"@graph\":[{\"@type\":\"WebPage\",\"@id\":\"https:\/\/www.mate.com\/it\/technical-resources\/punch-press-resources\/tips-techniques\/punching\/techniques\/notching\/\",\"url\":\"https:\/\/www.mate.com\/it\/technical-resources\/punch-press-resources\/tips-techniques\/punching\/techniques\/notching\/\",\"name\":\"Scantonatura - Mate Precision Technologies\",\"isPartOf\":{\"@id\":\"https:\/\/www.mate.com\/it\/#website\"},\"primaryImageOfPage\":{\"@id\":\"https:\/\/www.mate.com\/it\/technical-resources\/punch-press-resources\/tips-techniques\/punching\/techniques\/notching\/#primaryimage\"},\"image\":{\"@id\":\"https:\/\/www.mate.com\/it\/technical-resources\/punch-press-resources\/tips-techniques\/punching\/techniques\/notching\/#primaryimage\"},\"thumbnailUrl\":\"https:\/\/www.mate.com\/wp-content\/uploads\/2015\/09\/notching2.jpg\",\"datePublished\":\"2015-09-01T19:23:35+00:00\",\"dateModified\":\"2017-08-16T18:57:59+00:00\",\"description\":\"Scantonatura di vari angoli con un unico set di utensili per scantonatura angoli a 3 vie. Si tratta di un\u2019altra applicazione per una stazione rotante. Un\",\"breadcrumb\":{\"@id\":\"https:\/\/www.mate.com\/it\/technical-resources\/punch-press-resources\/tips-techniques\/punching\/techniques\/notching\/#breadcrumb\"},\"inLanguage\":\"it-IT\",\"potentialAction\":[{\"@type\":\"ReadAction\",\"target\":[\"https:\/\/www.mate.com\/it\/technical-resources\/punch-press-resources\/tips-techniques\/punching\/techniques\/notching\/\"]}]},{\"@type\":\"ImageObject\",\"inLanguage\":\"it-IT\",\"@id\":\"https:\/\/www.mate.com\/it\/technical-resources\/punch-press-resources\/tips-techniques\/punching\/techniques\/notching\/#primaryimage\",\"url\":\"https:\/\/www.mate.com\/wp-content\/uploads\/2015\/09\/notching2.jpg\",\"contentUrl\":\"https:\/\/www.mate.com\/wp-content\/uploads\/2015\/09\/notching2.jpg\"},{\"@type\":\"BreadcrumbList\",\"@id\":\"https:\/\/www.mate.com\/it\/technical-resources\/punch-press-resources\/tips-techniques\/punching\/techniques\/notching\/#breadcrumb\",\"itemListElement\":[{\"@type\":\"ListItem\",\"position\":1,\"name\":\"Home\",\"item\":\"https:\/\/www.mate.com\/it\/\/\"},{\"@type\":\"ListItem\",\"position\":2,\"name\":\"Risorse tecniche\",\"item\":\"https:\/\/www.mate.com\/it\/technical-resources\/\"},{\"@type\":\"ListItem\",\"position\":3,\"name\":\"Consigli e tecniche\",\"item\":\"https:\/\/www.mate.com\/it\/technical-resources\/tips-techniques\/\"},{\"@type\":\"ListItem\",\"position\":4,\"name\":\"Punzonatura\",\"item\":\"https:\/\/www.mate.com\/it\/technical-resources\/tips-techniques\/punching\/\"},{\"@type\":\"ListItem\",\"position\":5,\"name\":\"Techniques\",\"item\":\"https:\/\/www.mate.com\/it\/technical-resources\/tips-techniques\/punching\/techniques\/\"},{\"@type\":\"ListItem\",\"position\":6,\"name\":\"Scantonatura\"}]},{\"@type\":\"WebSite\",\"@id\":\"https:\/\/www.mate.com\/it\/#website\",\"url\":\"https:\/\/www.mate.com\/it\/\",\"name\":\"Mate Precision Technologies\",\"description\":\"Workholding, Press Brake, Punch Press and Laser Technologies\",\"potentialAction\":[{\"@type\":\"SearchAction\",\"target\":{\"@type\":\"EntryPoint\",\"urlTemplate\":\"https:\/\/www.mate.com\/it\/?s={search_term_string}\"},\"query-input\":{\"@type\":\"PropertyValueSpecification\",\"valueRequired\":true,\"valueName\":\"search_term_string\"}}],\"inLanguage\":\"it-IT\"}]}<\/script>\n<!-- \/ Yoast SEO Premium plugin. -->","yoast_head_json":{"title":"Scantonatura - Mate Precision Technologies","description":"Scantonatura di vari angoli con un unico set di utensili per scantonatura angoli a 3 vie. Si tratta di un\u2019altra applicazione per una stazione rotante. Un","robots":{"index":"index","follow":"follow","max-snippet":"max-snippet:-1","max-image-preview":"max-image-preview:large","max-video-preview":"max-video-preview:-1"},"canonical":"https:\/\/www.mate.com\/it\/technical-resources\/punch-press-resources\/tips-techniques\/punching\/techniques\/notching\/","og_locale":"it_IT","og_type":"article","og_title":"Scantonatura","og_description":"Scantonatura di vari angoli con un unico set di utensili per scantonatura angoli a 3 vie. Si tratta di un\u2019altra applicazione per una stazione rotante. Un","og_url":"https:\/\/www.mate.com\/it\/technical-resources\/punch-press-resources\/tips-techniques\/punching\/techniques\/notching\/","og_site_name":"Mate Precision Technologies","article_publisher":"https:\/\/www.facebook.com\/MatePrecisionTechnologies\/","article_modified_time":"2017-08-16T18:57:59+00:00","og_image":[{"url":"https:\/\/www.mate.com\/wp-content\/uploads\/2015\/09\/notching2.jpg","type":"","width":"","height":""}],"twitter_card":"summary_large_image","twitter_site":"@mateprecision","twitter_misc":{"Tempo di lettura stimato":"1 minuto"},"schema":{"@context":"https:\/\/schema.org","@graph":[{"@type":"WebPage","@id":"https:\/\/www.mate.com\/it\/technical-resources\/punch-press-resources\/tips-techniques\/punching\/techniques\/notching\/","url":"https:\/\/www.mate.com\/it\/technical-resources\/punch-press-resources\/tips-techniques\/punching\/techniques\/notching\/","name":"Scantonatura - Mate Precision Technologies","isPartOf":{"@id":"https:\/\/www.mate.com\/it\/#website"},"primaryImageOfPage":{"@id":"https:\/\/www.mate.com\/it\/technical-resources\/punch-press-resources\/tips-techniques\/punching\/techniques\/notching\/#primaryimage"},"image":{"@id":"https:\/\/www.mate.com\/it\/technical-resources\/punch-press-resources\/tips-techniques\/punching\/techniques\/notching\/#primaryimage"},"thumbnailUrl":"https:\/\/www.mate.com\/wp-content\/uploads\/2015\/09\/notching2.jpg","datePublished":"2015-09-01T19:23:35+00:00","dateModified":"2017-08-16T18:57:59+00:00","description":"Scantonatura di vari angoli con un unico set di utensili per scantonatura angoli a 3 vie. Si tratta di un\u2019altra applicazione per una stazione rotante. Un","breadcrumb":{"@id":"https:\/\/www.mate.com\/it\/technical-resources\/punch-press-resources\/tips-techniques\/punching\/techniques\/notching\/#breadcrumb"},"inLanguage":"it-IT","potentialAction":[{"@type":"ReadAction","target":["https:\/\/www.mate.com\/it\/technical-resources\/punch-press-resources\/tips-techniques\/punching\/techniques\/notching\/"]}]},{"@type":"ImageObject","inLanguage":"it-IT","@id":"https:\/\/www.mate.com\/it\/technical-resources\/punch-press-resources\/tips-techniques\/punching\/techniques\/notching\/#primaryimage","url":"https:\/\/www.mate.com\/wp-content\/uploads\/2015\/09\/notching2.jpg","contentUrl":"https:\/\/www.mate.com\/wp-content\/uploads\/2015\/09\/notching2.jpg"},{"@type":"BreadcrumbList","@id":"https:\/\/www.mate.com\/it\/technical-resources\/punch-press-resources\/tips-techniques\/punching\/techniques\/notching\/#breadcrumb","itemListElement":[{"@type":"ListItem","position":1,"name":"Home","item":"https:\/\/www.mate.com\/it\/\/"},{"@type":"ListItem","position":2,"name":"Risorse tecniche","item":"https:\/\/www.mate.com\/it\/technical-resources\/"},{"@type":"ListItem","position":3,"name":"Consigli e tecniche","item":"https:\/\/www.mate.com\/it\/technical-resources\/tips-techniques\/"},{"@type":"ListItem","position":4,"name":"Punzonatura","item":"https:\/\/www.mate.com\/it\/technical-resources\/tips-techniques\/punching\/"},{"@type":"ListItem","position":5,"name":"Techniques","item":"https:\/\/www.mate.com\/it\/technical-resources\/tips-techniques\/punching\/techniques\/"},{"@type":"ListItem","position":6,"name":"Scantonatura"}]},{"@type":"WebSite","@id":"https:\/\/www.mate.com\/it\/#website","url":"https:\/\/www.mate.com\/it\/","name":"Mate Precision Technologies","description":"Workholding, Press Brake, Punch Press and Laser Technologies","potentialAction":[{"@type":"SearchAction","target":{"@type":"EntryPoint","urlTemplate":"https:\/\/www.mate.com\/it\/?s={search_term_string}"},"query-input":{"@type":"PropertyValueSpecification","valueRequired":true,"valueName":"search_term_string"}}],"inLanguage":"it-IT"}]}},"_links":{"self":[{"href":"https:\/\/www.mate.com\/it\/wp-json\/wp\/v2\/pages\/9012","targetHints":{"allow":["GET"]}}],"collection":[{"href":"https:\/\/www.mate.com\/it\/wp-json\/wp\/v2\/pages"}],"about":[{"href":"https:\/\/www.mate.com\/it\/wp-json\/wp\/v2\/types\/page"}],"author":[{"embeddable":true,"href":"https:\/\/www.mate.com\/it\/wp-json\/wp\/v2\/users\/5"}],"replies":[{"embeddable":true,"href":"https:\/\/www.mate.com\/it\/wp-json\/wp\/v2\/comments?post=9012"}],"version-history":[{"count":0,"href":"https:\/\/www.mate.com\/it\/wp-json\/wp\/v2\/pages\/9012\/revisions"}],"up":[{"embeddable":true,"href":"https:\/\/www.mate.com\/it\/wp-json\/wp\/v2\/pages\/8991"}],"wp:attachment":[{"href":"https:\/\/www.mate.com\/it\/wp-json\/wp\/v2\/media?parent=9012"}],"curies":[{"name":"wp","href":"https:\/\/api.w.org\/{rel}","templated":true}]}}