{"id":8890,"date":"2015-12-21T13:33:50","date_gmt":"2015-12-21T19:33:50","guid":{"rendered":"https:\/\/www.mate.com\/it\/fabrication-solutions\/special-applications-solution-bulletins\/category-3\/4-way-radius-tools-speed-processes\/"},"modified":"2017-08-02T08:35:09","modified_gmt":"2017-08-02T13:35:09","slug":"4-way-radius-tools-speed-processes","status":"publish","type":"page","link":"https:\/\/www.mate.com\/it\/technical-resources\/punch-press-resources\/special-applications-solution-bulletins\/category-3\/4-way-radius-tools-speed-processes\/","title":{"rendered":"Processi ad alta velocit\u00e0 con utensili per raggi a 4 vie"},"content":{"rendered":"<p><img loading=\"lazy\" decoding=\"async\" class=\"alignright wp-image-1358 size-thumbnail\" src=\"https:\/\/www.mate.com\/wp-content\/uploads\/2015\/09\/corner-rounding-B-250x250.jpg\" alt=\"corner-rounding-B\" width=\"250\" height=\"250\" \/><\/p>\n<h2>Il problema<\/h2>\n<p>Le parti con bordi arrotondati vengono usate di frequente nella fabbricazione di fogli di metallo. I bordi arrotondati non solo conferiscono un aspetto pi\u00f9 rifinito, ma eliminano angoli appuntiti che possono causare lesioni durante la rimozione o danneggiare componenti interni o fili. Molte volte i produttori usano utensili speciali che richiedono anche l\u2019uso di una stazione rotante. Determinate operazioni possono richiederle, ma c\u2019\u00e8 un utensile spesso trascurato che pu\u00f2 migliorare il tempo di lavorazione, ridurre i costi e l\u2019usura del macchinario: l\u2019utensile per raggi a quattro vie.<\/p>\n<h2>La soluzione Mate<\/h2>\n<p>Un utensile per raggi a quattro vie consente ai produttori di ottenere raggi nei pezzi con un singolo colpo, rispetto alla roditura o all\u2019uso di un utensile speciale. Poich\u00e9 pu\u00f2 eseguire colpi relativamente a tutti i quattro angoli contemporaneamente, l\u2019utensile per raggi a quattro vie non richiede una stazione rotante. L\u2019utensile per raggi a quattro vie pu\u00f2 essere montato in una singola stazione o in un multi-tool. Progettandolo in modo che corrisponda alla larghezza di un utensile di taglio, i produttori possono combinare un utensile per raggi a quattro vie con operazioni a dividere per semplificare ulteriormente i processi di produzione.<\/p>\n<p>In una applicazione continua a dividere, l\u2019utensile per raggi a quattro vie usa un solo colpo verticale tra le parti per ottenere lo schema di taglio pi\u00f9 vicino all\u2019intervallo massimo. L\u2019utensile per raggi a quattro vie pu\u00f2 inoltre aiutare a massimizzare l\u2019intervallo dei fogli di lamiera e a ridurre l\u2019usura del macchinario. Ad esempio, se si ha un foglio di lamiera di 100 parti (10 righe per 10 colonne), \u00e8 possibile eseguire la punzonatura degli angoli con 121 colpi rispetto ai 400 colpi necessari con un utensile speciale in una stazione rotante.<\/p>\n<p>\u201cShake-and-break\u201d \u00e8 il nome comune di un semplice metodo di separazione di parti multiple da un foglio di materiale. Il metodo si basa su piccole linguette di interconnessione tra le parti create mediante programmazione dello spazio del punzone di taglio. Tali linguette mantengono intatti il foglio di lamiera e i pezzi durante la punzonatura, e sono facili da separare dalla macchina. Qualunque parte che non si allenta mediante scossa dei piedi pu\u00f2 essere rimossa rapidamente a mano. Progettando l\u2019utensile per raggi a quattro vie con estremit\u00e0 con micro-giunzioni e combinandolo con un punzone di taglio con estremit\u00e0 con micro-giunzioni, \u00e8 possibile ottenere una soluzione shake-and-break con angoli arrotondati. Ancora meglio, \u00e8 possibile associarli a un utensile EasySnap\u2122 Mate per una semplice rimozione delle parti dallo scheletro.<\/p>\n","protected":false},"excerpt":{"rendered":"<p>Il problema Le parti con bordi arrotondati vengono usate di frequente nella fabbricazione di fogli di metallo. I bordi arrotondati non solo conferiscono un aspetto pi\u00f9 rifinito, ma eliminano angoli appuntiti che possono causare lesioni durante la rimozione o danneggiare componenti interni o fili. Molte volte i produttori usano utensili speciali che richiedono anche l\u2019uso [&hellip;]<\/p>\n","protected":false},"author":5,"featured_media":0,"parent":8887,"menu_order":711,"comment_status":"closed","ping_status":"closed","template":"","meta":{"_acf_changed":false,"_monsterinsights_skip_tracking":false,"_monsterinsights_sitenote_active":false,"_monsterinsights_sitenote_note":"","_monsterinsights_sitenote_category":0,"footnotes":""},"class_list":["post-8890","page","type-page","status-publish","hentry"],"acf":[],"yoast_head":"<!-- This site is optimized with the Yoast SEO Premium plugin v27.4 (Yoast SEO v27.4) - https:\/\/yoast.com\/product\/yoast-seo-premium-wordpress\/ -->\n<title>Processi ad alta velocit\u00e0 con utensili per raggi a 4 vie - Mate Precision Technologies<\/title>\n<meta name=\"description\" content=\"Il problema Le parti con bordi arrotondati vengono usate di frequente nella fabbricazione di fogli di metallo. I bordi arrotondati non solo conferiscono\" \/>\n<meta name=\"robots\" content=\"index, follow, max-snippet:-1, max-image-preview:large, max-video-preview:-1\" \/>\n<link rel=\"canonical\" href=\"https:\/\/www.mate.com\/it\/technical-resources\/punch-press-resources\/special-applications-solution-bulletins\/category-3\/4-way-radius-tools-speed-processes\/\" \/>\n<meta property=\"og:locale\" content=\"it_IT\" \/>\n<meta property=\"og:type\" content=\"article\" \/>\n<meta property=\"og:title\" content=\"Processi ad alta velocit\u00e0 con utensili per raggi a 4 vie\" \/>\n<meta property=\"og:description\" content=\"Il problema Le parti con bordi arrotondati vengono usate di frequente nella fabbricazione di fogli di metallo. I bordi arrotondati non solo conferiscono\" \/>\n<meta property=\"og:url\" content=\"https:\/\/www.mate.com\/it\/technical-resources\/punch-press-resources\/special-applications-solution-bulletins\/category-3\/4-way-radius-tools-speed-processes\/\" \/>\n<meta property=\"og:site_name\" content=\"Mate Precision Technologies\" \/>\n<meta property=\"article:publisher\" content=\"https:\/\/www.facebook.com\/MatePrecisionTechnologies\/\" \/>\n<meta property=\"article:modified_time\" content=\"2017-08-02T13:35:09+00:00\" \/>\n<meta property=\"og:image\" content=\"https:\/\/www.mate.com\/wp-content\/uploads\/2015\/09\/corner-rounding-B-250x250.jpg\" \/>\n<meta name=\"twitter:card\" content=\"summary_large_image\" \/>\n<meta name=\"twitter:site\" content=\"@mateprecision\" \/>\n<meta name=\"twitter:label1\" content=\"Tempo di lettura stimato\" \/>\n\t<meta name=\"twitter:data1\" content=\"2 minuti\" \/>\n<script type=\"application\/ld+json\" class=\"yoast-schema-graph\">{\"@context\":\"https:\\\/\\\/schema.org\",\"@graph\":[{\"@type\":\"WebPage\",\"@id\":\"https:\\\/\\\/www.mate.com\\\/it\\\/technical-resources\\\/punch-press-resources\\\/special-applications-solution-bulletins\\\/category-3\\\/4-way-radius-tools-speed-processes\\\/\",\"url\":\"https:\\\/\\\/www.mate.com\\\/it\\\/technical-resources\\\/punch-press-resources\\\/special-applications-solution-bulletins\\\/category-3\\\/4-way-radius-tools-speed-processes\\\/\",\"name\":\"Processi ad alta velocit\u00e0 con utensili per raggi a 4 vie - Mate Precision Technologies\",\"isPartOf\":{\"@id\":\"https:\\\/\\\/www.mate.com\\\/it\\\/#website\"},\"primaryImageOfPage\":{\"@id\":\"https:\\\/\\\/www.mate.com\\\/it\\\/technical-resources\\\/punch-press-resources\\\/special-applications-solution-bulletins\\\/category-3\\\/4-way-radius-tools-speed-processes\\\/#primaryimage\"},\"image\":{\"@id\":\"https:\\\/\\\/www.mate.com\\\/it\\\/technical-resources\\\/punch-press-resources\\\/special-applications-solution-bulletins\\\/category-3\\\/4-way-radius-tools-speed-processes\\\/#primaryimage\"},\"thumbnailUrl\":\"https:\\\/\\\/www.mate.com\\\/wp-content\\\/uploads\\\/2015\\\/09\\\/corner-rounding-B-250x250.jpg\",\"datePublished\":\"2015-12-21T19:33:50+00:00\",\"dateModified\":\"2017-08-02T13:35:09+00:00\",\"description\":\"Il problema Le parti con bordi arrotondati vengono usate di frequente nella fabbricazione di fogli di metallo. I bordi arrotondati non solo conferiscono\",\"breadcrumb\":{\"@id\":\"https:\\\/\\\/www.mate.com\\\/it\\\/technical-resources\\\/punch-press-resources\\\/special-applications-solution-bulletins\\\/category-3\\\/4-way-radius-tools-speed-processes\\\/#breadcrumb\"},\"inLanguage\":\"it-IT\",\"potentialAction\":[{\"@type\":\"ReadAction\",\"target\":[\"https:\\\/\\\/www.mate.com\\\/it\\\/technical-resources\\\/punch-press-resources\\\/special-applications-solution-bulletins\\\/category-3\\\/4-way-radius-tools-speed-processes\\\/\"]}]},{\"@type\":\"ImageObject\",\"inLanguage\":\"it-IT\",\"@id\":\"https:\\\/\\\/www.mate.com\\\/it\\\/technical-resources\\\/punch-press-resources\\\/special-applications-solution-bulletins\\\/category-3\\\/4-way-radius-tools-speed-processes\\\/#primaryimage\",\"url\":\"https:\\\/\\\/www.mate.com\\\/wp-content\\\/uploads\\\/2015\\\/09\\\/corner-rounding-B-250x250.jpg\",\"contentUrl\":\"https:\\\/\\\/www.mate.com\\\/wp-content\\\/uploads\\\/2015\\\/09\\\/corner-rounding-B-250x250.jpg\"},{\"@type\":\"BreadcrumbList\",\"@id\":\"https:\\\/\\\/www.mate.com\\\/it\\\/technical-resources\\\/punch-press-resources\\\/special-applications-solution-bulletins\\\/category-3\\\/4-way-radius-tools-speed-processes\\\/#breadcrumb\",\"itemListElement\":[{\"@type\":\"ListItem\",\"position\":1,\"name\":\"Home\",\"item\":\"https:\\\/\\\/www.mate.com\\\/it\\\/\\\/\"},{\"@type\":\"ListItem\",\"position\":2,\"name\":\"Risorse tecniche\",\"item\":\"https:\\\/\\\/www.mate.com\\\/it\\\/technical-resources\\\/\"},{\"@type\":\"ListItem\",\"position\":3,\"name\":\"Punch Press Tooling\",\"item\":\"https:\\\/\\\/www.mate.com\\\/it\\\/technical-resources\\\/punch-press-resources\\\/\"},{\"@type\":\"ListItem\",\"position\":4,\"name\":\"Bollettini soluzioni per applicazioni speciali\",\"item\":\"https:\\\/\\\/www.mate.com\\\/it\\\/technical-resources\\\/punch-press-resources\\\/special-applications-solution-bulletins\\\/\"},{\"@type\":\"ListItem\",\"position\":5,\"name\":\"Aumentare l&#8217;efficienza\",\"item\":\"https:\\\/\\\/www.mate.com\\\/it\\\/technical-resources\\\/punch-press-resources\\\/special-applications-solution-bulletins\\\/category-3\\\/\"},{\"@type\":\"ListItem\",\"position\":6,\"name\":\"Processi ad alta velocit\u00e0 con utensili per raggi a 4 vie\"}]},{\"@type\":\"WebSite\",\"@id\":\"https:\\\/\\\/www.mate.com\\\/it\\\/#website\",\"url\":\"https:\\\/\\\/www.mate.com\\\/it\\\/\",\"name\":\"Mate Precision Technologies\",\"description\":\"Workholding, Press Brake, Punch Press and Laser Technologies\",\"potentialAction\":[{\"@type\":\"SearchAction\",\"target\":{\"@type\":\"EntryPoint\",\"urlTemplate\":\"https:\\\/\\\/www.mate.com\\\/it\\\/?s={search_term_string}\"},\"query-input\":{\"@type\":\"PropertyValueSpecification\",\"valueRequired\":true,\"valueName\":\"search_term_string\"}}],\"inLanguage\":\"it-IT\"}]}<\/script>\n<!-- \/ Yoast SEO Premium plugin. -->","yoast_head_json":{"title":"Processi ad alta velocit\u00e0 con utensili per raggi a 4 vie - Mate Precision Technologies","description":"Il problema Le parti con bordi arrotondati vengono usate di frequente nella fabbricazione di fogli di metallo. I bordi arrotondati non solo conferiscono","robots":{"index":"index","follow":"follow","max-snippet":"max-snippet:-1","max-image-preview":"max-image-preview:large","max-video-preview":"max-video-preview:-1"},"canonical":"https:\/\/www.mate.com\/it\/technical-resources\/punch-press-resources\/special-applications-solution-bulletins\/category-3\/4-way-radius-tools-speed-processes\/","og_locale":"it_IT","og_type":"article","og_title":"Processi ad alta velocit\u00e0 con utensili per raggi a 4 vie","og_description":"Il problema Le parti con bordi arrotondati vengono usate di frequente nella fabbricazione di fogli di metallo. I bordi arrotondati non solo conferiscono","og_url":"https:\/\/www.mate.com\/it\/technical-resources\/punch-press-resources\/special-applications-solution-bulletins\/category-3\/4-way-radius-tools-speed-processes\/","og_site_name":"Mate Precision Technologies","article_publisher":"https:\/\/www.facebook.com\/MatePrecisionTechnologies\/","article_modified_time":"2017-08-02T13:35:09+00:00","og_image":[{"url":"https:\/\/www.mate.com\/wp-content\/uploads\/2015\/09\/corner-rounding-B-250x250.jpg","type":"","width":"","height":""}],"twitter_card":"summary_large_image","twitter_site":"@mateprecision","twitter_misc":{"Tempo di lettura stimato":"2 minuti"},"schema":{"@context":"https:\/\/schema.org","@graph":[{"@type":"WebPage","@id":"https:\/\/www.mate.com\/it\/technical-resources\/punch-press-resources\/special-applications-solution-bulletins\/category-3\/4-way-radius-tools-speed-processes\/","url":"https:\/\/www.mate.com\/it\/technical-resources\/punch-press-resources\/special-applications-solution-bulletins\/category-3\/4-way-radius-tools-speed-processes\/","name":"Processi ad alta velocit\u00e0 con utensili per raggi a 4 vie - Mate Precision Technologies","isPartOf":{"@id":"https:\/\/www.mate.com\/it\/#website"},"primaryImageOfPage":{"@id":"https:\/\/www.mate.com\/it\/technical-resources\/punch-press-resources\/special-applications-solution-bulletins\/category-3\/4-way-radius-tools-speed-processes\/#primaryimage"},"image":{"@id":"https:\/\/www.mate.com\/it\/technical-resources\/punch-press-resources\/special-applications-solution-bulletins\/category-3\/4-way-radius-tools-speed-processes\/#primaryimage"},"thumbnailUrl":"https:\/\/www.mate.com\/wp-content\/uploads\/2015\/09\/corner-rounding-B-250x250.jpg","datePublished":"2015-12-21T19:33:50+00:00","dateModified":"2017-08-02T13:35:09+00:00","description":"Il problema Le parti con bordi arrotondati vengono usate di frequente nella fabbricazione di fogli di metallo. I bordi arrotondati non solo conferiscono","breadcrumb":{"@id":"https:\/\/www.mate.com\/it\/technical-resources\/punch-press-resources\/special-applications-solution-bulletins\/category-3\/4-way-radius-tools-speed-processes\/#breadcrumb"},"inLanguage":"it-IT","potentialAction":[{"@type":"ReadAction","target":["https:\/\/www.mate.com\/it\/technical-resources\/punch-press-resources\/special-applications-solution-bulletins\/category-3\/4-way-radius-tools-speed-processes\/"]}]},{"@type":"ImageObject","inLanguage":"it-IT","@id":"https:\/\/www.mate.com\/it\/technical-resources\/punch-press-resources\/special-applications-solution-bulletins\/category-3\/4-way-radius-tools-speed-processes\/#primaryimage","url":"https:\/\/www.mate.com\/wp-content\/uploads\/2015\/09\/corner-rounding-B-250x250.jpg","contentUrl":"https:\/\/www.mate.com\/wp-content\/uploads\/2015\/09\/corner-rounding-B-250x250.jpg"},{"@type":"BreadcrumbList","@id":"https:\/\/www.mate.com\/it\/technical-resources\/punch-press-resources\/special-applications-solution-bulletins\/category-3\/4-way-radius-tools-speed-processes\/#breadcrumb","itemListElement":[{"@type":"ListItem","position":1,"name":"Home","item":"https:\/\/www.mate.com\/it\/\/"},{"@type":"ListItem","position":2,"name":"Risorse tecniche","item":"https:\/\/www.mate.com\/it\/technical-resources\/"},{"@type":"ListItem","position":3,"name":"Punch Press Tooling","item":"https:\/\/www.mate.com\/it\/technical-resources\/punch-press-resources\/"},{"@type":"ListItem","position":4,"name":"Bollettini soluzioni per applicazioni speciali","item":"https:\/\/www.mate.com\/it\/technical-resources\/punch-press-resources\/special-applications-solution-bulletins\/"},{"@type":"ListItem","position":5,"name":"Aumentare l&#8217;efficienza","item":"https:\/\/www.mate.com\/it\/technical-resources\/punch-press-resources\/special-applications-solution-bulletins\/category-3\/"},{"@type":"ListItem","position":6,"name":"Processi ad alta velocit\u00e0 con utensili per raggi a 4 vie"}]},{"@type":"WebSite","@id":"https:\/\/www.mate.com\/it\/#website","url":"https:\/\/www.mate.com\/it\/","name":"Mate Precision Technologies","description":"Workholding, Press Brake, Punch Press and Laser Technologies","potentialAction":[{"@type":"SearchAction","target":{"@type":"EntryPoint","urlTemplate":"https:\/\/www.mate.com\/it\/?s={search_term_string}"},"query-input":{"@type":"PropertyValueSpecification","valueRequired":true,"valueName":"search_term_string"}}],"inLanguage":"it-IT"}]}},"_links":{"self":[{"href":"https:\/\/www.mate.com\/it\/wp-json\/wp\/v2\/pages\/8890","targetHints":{"allow":["GET"]}}],"collection":[{"href":"https:\/\/www.mate.com\/it\/wp-json\/wp\/v2\/pages"}],"about":[{"href":"https:\/\/www.mate.com\/it\/wp-json\/wp\/v2\/types\/page"}],"author":[{"embeddable":true,"href":"https:\/\/www.mate.com\/it\/wp-json\/wp\/v2\/users\/5"}],"replies":[{"embeddable":true,"href":"https:\/\/www.mate.com\/it\/wp-json\/wp\/v2\/comments?post=8890"}],"version-history":[{"count":0,"href":"https:\/\/www.mate.com\/it\/wp-json\/wp\/v2\/pages\/8890\/revisions"}],"up":[{"embeddable":true,"href":"https:\/\/www.mate.com\/it\/wp-json\/wp\/v2\/pages\/8887"}],"wp:attachment":[{"href":"https:\/\/www.mate.com\/it\/wp-json\/wp\/v2\/media?parent=8890"}],"curies":[{"name":"wp","href":"https:\/\/api.w.org\/{rel}","templated":true}]}}