{"id":8817,"date":"2015-12-21T14:37:25","date_gmt":"2015-12-21T20:37:25","guid":{"rendered":"https:\/\/www.mate.com\/it\/fabrication-solutions\/special-applications-solution-bulletins\/category-1\/mate-rollerball-offers-versatility-bulletin\/"},"modified":"2017-08-01T09:44:19","modified_gmt":"2017-08-01T14:44:19","slug":"mate-rollerball-offers-versatility-bulletin","status":"publish","type":"page","link":"https:\/\/www.mate.com\/it\/technical-resources\/punch-press-resources\/special-applications-solution-bulletins\/category-1\/mate-rollerball-offers-versatility-bulletin\/","title":{"rendered":"Mate Rollerball\u2122  offre la massima versatilit\u00e0"},"content":{"rendered":"<p>Che si tratti di aggiungere resistenza a materiali pi\u00f9 leggeri, creare un rilievo per creare un\u2019imbutitura per offrire gioco aggiuntivo per una caratteristica o attrezzi, oppure aggiungere miglioramenti visivi o estetici, Rollerball Mate \u00e8 un utensile altamente versatile. Alcune di queste applicazioni consentono ai produttori di usare materiali pi\u00f9 sottili o di eliminare operazioni secondarie, determinando risparmi in termini di costi e materiali, nonch\u00e9 tempo di produzione ridotto. Rollerball Mate \u00e8 ideato per essere usato nei macchinari che possono tenere il martello gi\u00f9 mentre la lamiera si sposta simultaneamente sull\u2019asse X e\/o sull\u2019asse Y. Quando usato nei macchinari con controllo della corsa preciso, una semplice regolazione della lunghezza della corsa pu\u00f2 creare una deformazione pi\u00f9 profonda o pi\u00f9 corta. In altri macchinari a torretta alta, l\u2019uso di Rollerball Mate in un portautensile Ultraform Mate offre la possibilit\u00e0 di facile regolazione; basta modificare la lunghezza del portautensile con pochissimi clic dell\u2019utensile.<\/p>\n<h2>Configurazione standard<\/h2>\n<p>Iniziamo con la configurazione di nervatura standard. Con una configurazione di nervatura standard, nervature di rinforzo e pieghe trasversali possono essere aggiunte al foglio in lamiera mentre si trova ancora nella punzonatrice. La creazione di piegature in una punzonatrice richiede molto tempo e non \u00e8 particolarmente accurata. Perch\u00e9 non usare la punzonatrice per aggiungere queste caratteristiche, eliminando l\u2019esigenza di una pressa piegatrice? Poich\u00e9 le piegature non possono essere aggiunte utilizzando un riscontro posteriore su una pressa piegatrice, \u00e8 necessario tempo aggiuntivo per sistemare le linee di piegatura e, cosa pi\u00f9 importante, eseguire questi colpi accuratamente nella deformazione delle piegature. L\u2019utilizzo di Rollerball Mate nella punzonatrice elimina il tempo necessario per la lavorazione presso la pressa piegatrice, nonch\u00e9 aumenta la precisione della posizione di queste caratteristiche.<br \/>\n<img loading=\"lazy\" decoding=\"async\" class=\" wp-image-1385 alignright\" src=\"https:\/\/www.mate.com\/wp-content\/uploads\/2015\/09\/Rollerball_Flange_and_Trumpf_LR.jpg\" alt=\"Rollerball_Flange_and_Trumpf_LR\" width=\"428\" height=\"351\" srcset=\"https:\/\/www.mate.com\/wp-content\/uploads\/2015\/09\/Rollerball_Flange_and_Trumpf_LR.jpg 585w, https:\/\/www.mate.com\/wp-content\/uploads\/2015\/09\/Rollerball_Flange_and_Trumpf_LR-400x328.jpg 400w\" sizes=\"auto, (max-width: 428px) 100vw, 428px\" \/><img loading=\"lazy\" decoding=\"async\" class=\" wp-image-1386 alignright\" src=\"https:\/\/www.mate.com\/wp-content\/uploads\/2015\/09\/Cross-brake-X-Drain_LR.jpg\" alt=\"Cross-brake-X-Drain_LR\" width=\"452\" height=\"454\" srcset=\"https:\/\/www.mate.com\/wp-content\/uploads\/2015\/09\/Cross-brake-X-Drain_LR.jpg 480w, https:\/\/www.mate.com\/wp-content\/uploads\/2015\/09\/Cross-brake-X-Drain_LR-250x250.jpg 250w, https:\/\/www.mate.com\/wp-content\/uploads\/2015\/09\/Cross-brake-X-Drain_LR-400x402.jpg 400w\" sizes=\"auto, (max-width: 452px) 100vw, 452px\" \/><\/p>\n<h2>Nervature per deformazione<\/h2>\n<p>Le nervature per deformazione possono aggiungere integrit\u00e0 strutturale al foglio in lamiera, consentendo la realizzazione di pezzi utilizzando un materiale pi\u00f9 sottile di quello previsto dal disegno originale. Materiali pi\u00f9 sottili equivalgono a costi ridotti nella maggior parte dei casi. Una nervatura formata grazie a Rollerball Mate pu\u00f2 inoltre sostituire una nervatura continua ottenuta mediante un utensile di deformazione standard. Un utensile di deformazione standard pu\u00f2 richiedere da decine a centinaia di colpi e vari minuti per produrre una nervatura di rinforzo per la lunghezza della lamiera. L\u2019utilizzo di Rollerball Mate pu\u00f2 ridurre tale tempo a pochi secondi e con un risultato finale decisamente migliore in termini estetici.<\/p>\n<p>Quando viene usato in una stazione rotante, le nervature possono essere aggiunte anche a scopi estetici. Con un po\u2019 di esperienza di programmazione, le impressioni artistiche o relative a loghi possono essere aggiunte a un pezzo in foglio di lamiera, migliorando il risultato finale del prodotto.<\/p>\n<h2>Forme offset<\/h2>\n<p>Rollerball Mate \u00e8 dotato inoltre di un inserto accorciato per creare forme offset. Che si tratti del gioco richiesto in relazione a caratteristiche esistenti o attrezzature esistenti, di un aspetto 3D del prodotto finale oppure di una leggera modifica nei livelli di materiale, la funzionalit\u00e0 offset di Rollerball Mate pu\u00f2 essere di ausilio. La configurazione offset consiste in un inserto standard nell\u2019utensile superiore, e in un inserto accorciato. Ci\u00f2 crea un offset o deformazione multilivello. In funzione della posizione e della direzione di spostamento del materiale, il risultato pu\u00f2 essere un offset verso l\u2019alto o verso l\u2019alto.<\/p>\n<p>&nbsp;<\/p>\n","protected":false},"excerpt":{"rendered":"<p>Che si tratti di aggiungere resistenza a materiali pi\u00f9 leggeri, creare un rilievo per creare un\u2019imbutitura per offrire gioco aggiuntivo per una caratteristica o attrezzi, oppure aggiungere miglioramenti visivi o estetici, Rollerball Mate \u00e8 un utensile altamente versatile. Alcune di queste applicazioni consentono ai produttori di usare materiali pi\u00f9 sottili o di eliminare operazioni secondarie, [&hellip;]<\/p>\n","protected":false},"author":5,"featured_media":0,"parent":8805,"menu_order":811,"comment_status":"closed","ping_status":"closed","template":"","meta":{"_acf_changed":false,"_monsterinsights_skip_tracking":false,"_monsterinsights_sitenote_active":false,"_monsterinsights_sitenote_note":"","_monsterinsights_sitenote_category":0,"footnotes":""},"class_list":["post-8817","page","type-page","status-publish","hentry"],"acf":[],"yoast_head":"<!-- This site is optimized with the Yoast SEO Premium plugin v27.4 (Yoast SEO v27.4) - https:\/\/yoast.com\/product\/yoast-seo-premium-wordpress\/ -->\n<title>Mate Rollerball\u2122 offre la massima versatilit\u00e0 - Mate Precision Technologies<\/title>\n<meta name=\"description\" content=\"Che si tratti di aggiungere resistenza a materiali pi\u00f9 leggeri, creare un rilievo per creare un\u2019imbutitura per offrire gioco aggiuntivo per una\" \/>\n<meta name=\"robots\" content=\"index, follow, max-snippet:-1, max-image-preview:large, max-video-preview:-1\" \/>\n<link rel=\"canonical\" href=\"https:\/\/www.mate.com\/it\/technical-resources\/punch-press-resources\/special-applications-solution-bulletins\/category-1\/mate-rollerball-offers-versatility-bulletin\/\" \/>\n<meta property=\"og:locale\" content=\"it_IT\" \/>\n<meta property=\"og:type\" content=\"article\" \/>\n<meta property=\"og:title\" content=\"Mate Rollerball\u2122 offre la massima versatilit\u00e0\" \/>\n<meta property=\"og:description\" content=\"Che si tratti di aggiungere resistenza a materiali pi\u00f9 leggeri, creare un rilievo per creare un\u2019imbutitura per offrire gioco aggiuntivo per una\" \/>\n<meta property=\"og:url\" content=\"https:\/\/www.mate.com\/it\/technical-resources\/punch-press-resources\/special-applications-solution-bulletins\/category-1\/mate-rollerball-offers-versatility-bulletin\/\" \/>\n<meta property=\"og:site_name\" content=\"Mate Precision Technologies\" \/>\n<meta property=\"article:publisher\" content=\"https:\/\/www.facebook.com\/MatePrecisionTechnologies\/\" \/>\n<meta property=\"article:modified_time\" content=\"2017-08-01T14:44:19+00:00\" \/>\n<meta property=\"og:image\" content=\"https:\/\/www.mate.com\/wp-content\/uploads\/2015\/09\/Rollerball_Flange_and_Trumpf_LR.jpg\" \/>\n<meta name=\"twitter:card\" content=\"summary_large_image\" \/>\n<meta name=\"twitter:site\" content=\"@mateprecision\" \/>\n<meta name=\"twitter:label1\" content=\"Tempo di lettura stimato\" \/>\n\t<meta name=\"twitter:data1\" content=\"3 minuti\" \/>\n<script type=\"application\/ld+json\" class=\"yoast-schema-graph\">{\"@context\":\"https:\\\/\\\/schema.org\",\"@graph\":[{\"@type\":\"WebPage\",\"@id\":\"https:\\\/\\\/www.mate.com\\\/it\\\/technical-resources\\\/punch-press-resources\\\/special-applications-solution-bulletins\\\/category-1\\\/mate-rollerball-offers-versatility-bulletin\\\/\",\"url\":\"https:\\\/\\\/www.mate.com\\\/it\\\/technical-resources\\\/punch-press-resources\\\/special-applications-solution-bulletins\\\/category-1\\\/mate-rollerball-offers-versatility-bulletin\\\/\",\"name\":\"Mate Rollerball\u2122 offre la massima versatilit\u00e0 - Mate Precision Technologies\",\"isPartOf\":{\"@id\":\"https:\\\/\\\/www.mate.com\\\/it\\\/#website\"},\"primaryImageOfPage\":{\"@id\":\"https:\\\/\\\/www.mate.com\\\/it\\\/technical-resources\\\/punch-press-resources\\\/special-applications-solution-bulletins\\\/category-1\\\/mate-rollerball-offers-versatility-bulletin\\\/#primaryimage\"},\"image\":{\"@id\":\"https:\\\/\\\/www.mate.com\\\/it\\\/technical-resources\\\/punch-press-resources\\\/special-applications-solution-bulletins\\\/category-1\\\/mate-rollerball-offers-versatility-bulletin\\\/#primaryimage\"},\"thumbnailUrl\":\"https:\\\/\\\/www.mate.com\\\/wp-content\\\/uploads\\\/2015\\\/09\\\/Rollerball_Flange_and_Trumpf_LR.jpg\",\"datePublished\":\"2015-12-21T20:37:25+00:00\",\"dateModified\":\"2017-08-01T14:44:19+00:00\",\"description\":\"Che si tratti di aggiungere resistenza a materiali pi\u00f9 leggeri, creare un rilievo per creare un\u2019imbutitura per offrire gioco aggiuntivo per una\",\"breadcrumb\":{\"@id\":\"https:\\\/\\\/www.mate.com\\\/it\\\/technical-resources\\\/punch-press-resources\\\/special-applications-solution-bulletins\\\/category-1\\\/mate-rollerball-offers-versatility-bulletin\\\/#breadcrumb\"},\"inLanguage\":\"it-IT\",\"potentialAction\":[{\"@type\":\"ReadAction\",\"target\":[\"https:\\\/\\\/www.mate.com\\\/it\\\/technical-resources\\\/punch-press-resources\\\/special-applications-solution-bulletins\\\/category-1\\\/mate-rollerball-offers-versatility-bulletin\\\/\"]}]},{\"@type\":\"ImageObject\",\"inLanguage\":\"it-IT\",\"@id\":\"https:\\\/\\\/www.mate.com\\\/it\\\/technical-resources\\\/punch-press-resources\\\/special-applications-solution-bulletins\\\/category-1\\\/mate-rollerball-offers-versatility-bulletin\\\/#primaryimage\",\"url\":\"https:\\\/\\\/www.mate.com\\\/wp-content\\\/uploads\\\/2015\\\/09\\\/Rollerball_Flange_and_Trumpf_LR.jpg\",\"contentUrl\":\"https:\\\/\\\/www.mate.com\\\/wp-content\\\/uploads\\\/2015\\\/09\\\/Rollerball_Flange_and_Trumpf_LR.jpg\"},{\"@type\":\"BreadcrumbList\",\"@id\":\"https:\\\/\\\/www.mate.com\\\/it\\\/technical-resources\\\/punch-press-resources\\\/special-applications-solution-bulletins\\\/category-1\\\/mate-rollerball-offers-versatility-bulletin\\\/#breadcrumb\",\"itemListElement\":[{\"@type\":\"ListItem\",\"position\":1,\"name\":\"Home\",\"item\":\"https:\\\/\\\/www.mate.com\\\/it\\\/\\\/\"},{\"@type\":\"ListItem\",\"position\":2,\"name\":\"Risorse tecniche\",\"item\":\"https:\\\/\\\/www.mate.com\\\/it\\\/technical-resources\\\/\"},{\"@type\":\"ListItem\",\"position\":3,\"name\":\"Punch Press Tooling\",\"item\":\"https:\\\/\\\/www.mate.com\\\/it\\\/technical-resources\\\/punch-press-resources\\\/\"},{\"@type\":\"ListItem\",\"position\":4,\"name\":\"Bollettini soluzioni per applicazioni speciali\",\"item\":\"https:\\\/\\\/www.mate.com\\\/it\\\/technical-resources\\\/punch-press-resources\\\/special-applications-solution-bulletins\\\/\"},{\"@type\":\"ListItem\",\"position\":5,\"name\":\"Fare di pi\u00f9 con la tua stampa di punzonatura\",\"item\":\"https:\\\/\\\/www.mate.com\\\/it\\\/technical-resources\\\/punch-press-resources\\\/special-applications-solution-bulletins\\\/category-1\\\/\"},{\"@type\":\"ListItem\",\"position\":6,\"name\":\"Mate Rollerball\u2122 offre la massima versatilit\u00e0\"}]},{\"@type\":\"WebSite\",\"@id\":\"https:\\\/\\\/www.mate.com\\\/it\\\/#website\",\"url\":\"https:\\\/\\\/www.mate.com\\\/it\\\/\",\"name\":\"Mate Precision Technologies\",\"description\":\"Workholding, Press Brake, Punch Press and Laser Technologies\",\"potentialAction\":[{\"@type\":\"SearchAction\",\"target\":{\"@type\":\"EntryPoint\",\"urlTemplate\":\"https:\\\/\\\/www.mate.com\\\/it\\\/?s={search_term_string}\"},\"query-input\":{\"@type\":\"PropertyValueSpecification\",\"valueRequired\":true,\"valueName\":\"search_term_string\"}}],\"inLanguage\":\"it-IT\"}]}<\/script>\n<!-- \/ Yoast SEO Premium plugin. -->","yoast_head_json":{"title":"Mate Rollerball\u2122 offre la massima versatilit\u00e0 - Mate Precision Technologies","description":"Che si tratti di aggiungere resistenza a materiali pi\u00f9 leggeri, creare un rilievo per creare un\u2019imbutitura per offrire gioco aggiuntivo per una","robots":{"index":"index","follow":"follow","max-snippet":"max-snippet:-1","max-image-preview":"max-image-preview:large","max-video-preview":"max-video-preview:-1"},"canonical":"https:\/\/www.mate.com\/it\/technical-resources\/punch-press-resources\/special-applications-solution-bulletins\/category-1\/mate-rollerball-offers-versatility-bulletin\/","og_locale":"it_IT","og_type":"article","og_title":"Mate Rollerball\u2122 offre la massima versatilit\u00e0","og_description":"Che si tratti di aggiungere resistenza a materiali pi\u00f9 leggeri, creare un rilievo per creare un\u2019imbutitura per offrire gioco aggiuntivo per una","og_url":"https:\/\/www.mate.com\/it\/technical-resources\/punch-press-resources\/special-applications-solution-bulletins\/category-1\/mate-rollerball-offers-versatility-bulletin\/","og_site_name":"Mate Precision Technologies","article_publisher":"https:\/\/www.facebook.com\/MatePrecisionTechnologies\/","article_modified_time":"2017-08-01T14:44:19+00:00","og_image":[{"url":"https:\/\/www.mate.com\/wp-content\/uploads\/2015\/09\/Rollerball_Flange_and_Trumpf_LR.jpg","type":"","width":"","height":""}],"twitter_card":"summary_large_image","twitter_site":"@mateprecision","twitter_misc":{"Tempo di lettura stimato":"3 minuti"},"schema":{"@context":"https:\/\/schema.org","@graph":[{"@type":"WebPage","@id":"https:\/\/www.mate.com\/it\/technical-resources\/punch-press-resources\/special-applications-solution-bulletins\/category-1\/mate-rollerball-offers-versatility-bulletin\/","url":"https:\/\/www.mate.com\/it\/technical-resources\/punch-press-resources\/special-applications-solution-bulletins\/category-1\/mate-rollerball-offers-versatility-bulletin\/","name":"Mate Rollerball\u2122 offre la massima versatilit\u00e0 - Mate Precision Technologies","isPartOf":{"@id":"https:\/\/www.mate.com\/it\/#website"},"primaryImageOfPage":{"@id":"https:\/\/www.mate.com\/it\/technical-resources\/punch-press-resources\/special-applications-solution-bulletins\/category-1\/mate-rollerball-offers-versatility-bulletin\/#primaryimage"},"image":{"@id":"https:\/\/www.mate.com\/it\/technical-resources\/punch-press-resources\/special-applications-solution-bulletins\/category-1\/mate-rollerball-offers-versatility-bulletin\/#primaryimage"},"thumbnailUrl":"https:\/\/www.mate.com\/wp-content\/uploads\/2015\/09\/Rollerball_Flange_and_Trumpf_LR.jpg","datePublished":"2015-12-21T20:37:25+00:00","dateModified":"2017-08-01T14:44:19+00:00","description":"Che si tratti di aggiungere resistenza a materiali pi\u00f9 leggeri, creare un rilievo per creare un\u2019imbutitura per offrire gioco aggiuntivo per una","breadcrumb":{"@id":"https:\/\/www.mate.com\/it\/technical-resources\/punch-press-resources\/special-applications-solution-bulletins\/category-1\/mate-rollerball-offers-versatility-bulletin\/#breadcrumb"},"inLanguage":"it-IT","potentialAction":[{"@type":"ReadAction","target":["https:\/\/www.mate.com\/it\/technical-resources\/punch-press-resources\/special-applications-solution-bulletins\/category-1\/mate-rollerball-offers-versatility-bulletin\/"]}]},{"@type":"ImageObject","inLanguage":"it-IT","@id":"https:\/\/www.mate.com\/it\/technical-resources\/punch-press-resources\/special-applications-solution-bulletins\/category-1\/mate-rollerball-offers-versatility-bulletin\/#primaryimage","url":"https:\/\/www.mate.com\/wp-content\/uploads\/2015\/09\/Rollerball_Flange_and_Trumpf_LR.jpg","contentUrl":"https:\/\/www.mate.com\/wp-content\/uploads\/2015\/09\/Rollerball_Flange_and_Trumpf_LR.jpg"},{"@type":"BreadcrumbList","@id":"https:\/\/www.mate.com\/it\/technical-resources\/punch-press-resources\/special-applications-solution-bulletins\/category-1\/mate-rollerball-offers-versatility-bulletin\/#breadcrumb","itemListElement":[{"@type":"ListItem","position":1,"name":"Home","item":"https:\/\/www.mate.com\/it\/\/"},{"@type":"ListItem","position":2,"name":"Risorse tecniche","item":"https:\/\/www.mate.com\/it\/technical-resources\/"},{"@type":"ListItem","position":3,"name":"Punch Press Tooling","item":"https:\/\/www.mate.com\/it\/technical-resources\/punch-press-resources\/"},{"@type":"ListItem","position":4,"name":"Bollettini soluzioni per applicazioni speciali","item":"https:\/\/www.mate.com\/it\/technical-resources\/punch-press-resources\/special-applications-solution-bulletins\/"},{"@type":"ListItem","position":5,"name":"Fare di pi\u00f9 con la tua stampa di punzonatura","item":"https:\/\/www.mate.com\/it\/technical-resources\/punch-press-resources\/special-applications-solution-bulletins\/category-1\/"},{"@type":"ListItem","position":6,"name":"Mate Rollerball\u2122 offre la massima versatilit\u00e0"}]},{"@type":"WebSite","@id":"https:\/\/www.mate.com\/it\/#website","url":"https:\/\/www.mate.com\/it\/","name":"Mate Precision Technologies","description":"Workholding, Press Brake, Punch Press and Laser Technologies","potentialAction":[{"@type":"SearchAction","target":{"@type":"EntryPoint","urlTemplate":"https:\/\/www.mate.com\/it\/?s={search_term_string}"},"query-input":{"@type":"PropertyValueSpecification","valueRequired":true,"valueName":"search_term_string"}}],"inLanguage":"it-IT"}]}},"_links":{"self":[{"href":"https:\/\/www.mate.com\/it\/wp-json\/wp\/v2\/pages\/8817","targetHints":{"allow":["GET"]}}],"collection":[{"href":"https:\/\/www.mate.com\/it\/wp-json\/wp\/v2\/pages"}],"about":[{"href":"https:\/\/www.mate.com\/it\/wp-json\/wp\/v2\/types\/page"}],"author":[{"embeddable":true,"href":"https:\/\/www.mate.com\/it\/wp-json\/wp\/v2\/users\/5"}],"replies":[{"embeddable":true,"href":"https:\/\/www.mate.com\/it\/wp-json\/wp\/v2\/comments?post=8817"}],"version-history":[{"count":0,"href":"https:\/\/www.mate.com\/it\/wp-json\/wp\/v2\/pages\/8817\/revisions"}],"up":[{"embeddable":true,"href":"https:\/\/www.mate.com\/it\/wp-json\/wp\/v2\/pages\/8805"}],"wp:attachment":[{"href":"https:\/\/www.mate.com\/it\/wp-json\/wp\/v2\/media?parent=8817"}],"curies":[{"name":"wp","href":"https:\/\/api.w.org\/{rel}","templated":true}]}}