{"id":9014,"date":"2015-09-01T19:24:51","date_gmt":"2015-09-01T19:24:51","guid":{"rendered":"https:\/\/www.mate.com\/fr\/technical-resources\/tips-techniques\/punching\/techniques\/slitting\/"},"modified":"2016-07-06T08:22:55","modified_gmt":"2016-07-06T13:22:55","slug":"slitting","status":"publish","type":"page","link":"https:\/\/www.mate.com\/fr\/technical-resources\/punch-press-resources\/tips-techniques\/punching\/techniques\/slitting\/","title":{"rendered":"Le d\u00e9tourage"},"content":{"rendered":"<p>Le processus de d\u00e9tourage requiert que l&rsquo;outil perce le mat\u00e9riau de mani\u00e8re s\u00fbre et pr\u00e9cise tout en surmontant diff\u00e9rentes charges lat\u00e9rales. La s\u00e9paration d&rsquo;une t\u00f4le comprend une quantit\u00e9 de chevauchement de poin\u00e7on \u00e0 chaque frappe o\u00f9 la r\u00e9sistance de la t\u00f4le est en partie absente. Ceci am\u00e8ne le poin\u00e7on a essayer d&rsquo;avancer vers l&rsquo;espace o\u00f9 le mat\u00e9riau est absent. Plus la zone o\u00f9 le mat\u00e9riau est absent est grande, et plus la charge lat\u00e9rale est importante sur le poin\u00e7on. Dans des cas extr\u00eame o\u00f9 l&rsquo;\u00e9paisseur de t\u00f4le est mince, le mat\u00e9riau peut m\u00eame \u00eatre repli\u00e9 dans la matrice plut\u00f4t que fractur\u00e9 et enlev\u00e9 en tombant. Ces probl\u00e8mes sont tous susceptibles de r\u00e9duire la qualit\u00e9 de la t\u00f4le.<\/p>\n","protected":false},"excerpt":{"rendered":"<p>Le processus de d\u00e9tourage requiert que l&rsquo;outil perce le mat\u00e9riau de mani\u00e8re s\u00fbre et pr\u00e9cise tout en surmontant diff\u00e9rentes charges lat\u00e9rales. La s\u00e9paration d&rsquo;une t\u00f4le comprend une quantit\u00e9 de chevauchement de poin\u00e7on \u00e0 chaque frappe o\u00f9 la r\u00e9sistance de la t\u00f4le est en partie absente. Ceci am\u00e8ne le poin\u00e7on a essayer d&rsquo;avancer vers l&rsquo;espace o\u00f9 [&hellip;]<\/p>\n","protected":false},"author":5,"featured_media":0,"parent":8990,"menu_order":1165,"comment_status":"closed","ping_status":"closed","template":"","meta":{"_acf_changed":false,"_monsterinsights_skip_tracking":false,"_monsterinsights_sitenote_active":false,"_monsterinsights_sitenote_note":"","_monsterinsights_sitenote_category":0,"footnotes":""},"class_list":["post-9014","page","type-page","status-publish","hentry"],"acf":[],"yoast_head":"<!-- This site is optimized with the Yoast SEO Premium plugin v27.4 (Yoast SEO v27.4) - https:\/\/yoast.com\/product\/yoast-seo-premium-wordpress\/ -->\n<title>Le d\u00e9tourage - Mate Precision Technologies<\/title>\n<meta name=\"description\" content=\"Le processus de d\u00e9tourage requiert que l&#039;outil perce le mat\u00e9riau de mani\u00e8re s\u00fbre et pr\u00e9cise tout en surmontant diff\u00e9rentes charges lat\u00e9rales. La\" \/>\n<meta name=\"robots\" content=\"index, follow, max-snippet:-1, max-image-preview:large, max-video-preview:-1\" \/>\n<link rel=\"canonical\" href=\"https:\/\/www.mate.com\/fr\/technical-resources\/punch-press-resources\/tips-techniques\/punching\/techniques\/slitting\/\" \/>\n<meta property=\"og:locale\" content=\"fr_FR\" \/>\n<meta property=\"og:type\" content=\"article\" \/>\n<meta property=\"og:title\" content=\"Le d\u00e9tourage\" \/>\n<meta property=\"og:description\" content=\"Le processus de d\u00e9tourage requiert que l&#039;outil perce le mat\u00e9riau de mani\u00e8re s\u00fbre et pr\u00e9cise tout en surmontant diff\u00e9rentes charges lat\u00e9rales. La\" \/>\n<meta property=\"og:url\" content=\"https:\/\/www.mate.com\/fr\/technical-resources\/punch-press-resources\/tips-techniques\/punching\/techniques\/slitting\/\" \/>\n<meta property=\"og:site_name\" content=\"Mate Precision Technologies\" \/>\n<meta property=\"article:publisher\" content=\"https:\/\/www.facebook.com\/MatePrecisionTechnologies\/\" \/>\n<meta property=\"article:modified_time\" content=\"2016-07-06T13:22:55+00:00\" \/>\n<meta name=\"twitter:card\" content=\"summary_large_image\" \/>\n<meta name=\"twitter:site\" content=\"@mateprecision\" \/>\n<meta name=\"twitter:label1\" content=\"Dur\u00e9e de lecture estim\u00e9e\" \/>\n\t<meta name=\"twitter:data1\" content=\"1 minute\" \/>\n<script type=\"application\/ld+json\" class=\"yoast-schema-graph\">{\"@context\":\"https:\\\/\\\/schema.org\",\"@graph\":[{\"@type\":\"WebPage\",\"@id\":\"https:\\\/\\\/www.mate.com\\\/fr\\\/technical-resources\\\/punch-press-resources\\\/tips-techniques\\\/punching\\\/techniques\\\/slitting\\\/\",\"url\":\"https:\\\/\\\/www.mate.com\\\/fr\\\/technical-resources\\\/punch-press-resources\\\/tips-techniques\\\/punching\\\/techniques\\\/slitting\\\/\",\"name\":\"Le d\u00e9tourage - Mate Precision Technologies\",\"isPartOf\":{\"@id\":\"https:\\\/\\\/www.mate.com\\\/fr\\\/#website\"},\"datePublished\":\"2015-09-01T19:24:51+00:00\",\"dateModified\":\"2016-07-06T13:22:55+00:00\",\"description\":\"Le processus de d\u00e9tourage requiert que l'outil perce le mat\u00e9riau de mani\u00e8re s\u00fbre et pr\u00e9cise tout en surmontant diff\u00e9rentes charges lat\u00e9rales. La\",\"breadcrumb\":{\"@id\":\"https:\\\/\\\/www.mate.com\\\/fr\\\/technical-resources\\\/punch-press-resources\\\/tips-techniques\\\/punching\\\/techniques\\\/slitting\\\/#breadcrumb\"},\"inLanguage\":\"fr-FR\",\"potentialAction\":[{\"@type\":\"ReadAction\",\"target\":[\"https:\\\/\\\/www.mate.com\\\/fr\\\/technical-resources\\\/punch-press-resources\\\/tips-techniques\\\/punching\\\/techniques\\\/slitting\\\/\"]}]},{\"@type\":\"BreadcrumbList\",\"@id\":\"https:\\\/\\\/www.mate.com\\\/fr\\\/technical-resources\\\/punch-press-resources\\\/tips-techniques\\\/punching\\\/techniques\\\/slitting\\\/#breadcrumb\",\"itemListElement\":[{\"@type\":\"ListItem\",\"position\":1,\"name\":\"Page d\u2019accueil\",\"item\":\"https:\\\/\\\/www.mate.com\\\/fr\\\/\\\/\"},{\"@type\":\"ListItem\",\"position\":2,\"name\":\"Ressources techniques\",\"item\":\"https:\\\/\\\/www.mate.com\\\/fr\\\/technical-resources\\\/\"},{\"@type\":\"ListItem\",\"position\":3,\"name\":\"Suggestions et techniques\",\"item\":\"https:\\\/\\\/www.mate.com\\\/fr\\\/technical-resources\\\/tips-techniques\\\/\"},{\"@type\":\"ListItem\",\"position\":4,\"name\":\"Poin\u00e7onnage\",\"item\":\"https:\\\/\\\/www.mate.com\\\/fr\\\/technical-resources\\\/tips-techniques\\\/punching\\\/\"},{\"@type\":\"ListItem\",\"position\":5,\"name\":\"Techniques\",\"item\":\"https:\\\/\\\/www.mate.com\\\/fr\\\/technical-resources\\\/tips-techniques\\\/punching\\\/techniques\\\/\"},{\"@type\":\"ListItem\",\"position\":6,\"name\":\"Le d\u00e9tourage\"}]},{\"@type\":\"WebSite\",\"@id\":\"https:\\\/\\\/www.mate.com\\\/fr\\\/#website\",\"url\":\"https:\\\/\\\/www.mate.com\\\/fr\\\/\",\"name\":\"Mate Precision Technologies\",\"description\":\"Workholding, Press Brake, Punch Press and Laser Technologies\",\"potentialAction\":[{\"@type\":\"SearchAction\",\"target\":{\"@type\":\"EntryPoint\",\"urlTemplate\":\"https:\\\/\\\/www.mate.com\\\/fr\\\/?s={search_term_string}\"},\"query-input\":{\"@type\":\"PropertyValueSpecification\",\"valueRequired\":true,\"valueName\":\"search_term_string\"}}],\"inLanguage\":\"fr-FR\"}]}<\/script>\n<!-- \/ Yoast SEO Premium plugin. -->","yoast_head_json":{"title":"Le d\u00e9tourage - Mate Precision Technologies","description":"Le processus de d\u00e9tourage requiert que l'outil perce le mat\u00e9riau de mani\u00e8re s\u00fbre et pr\u00e9cise tout en surmontant diff\u00e9rentes charges lat\u00e9rales. La","robots":{"index":"index","follow":"follow","max-snippet":"max-snippet:-1","max-image-preview":"max-image-preview:large","max-video-preview":"max-video-preview:-1"},"canonical":"https:\/\/www.mate.com\/fr\/technical-resources\/punch-press-resources\/tips-techniques\/punching\/techniques\/slitting\/","og_locale":"fr_FR","og_type":"article","og_title":"Le d\u00e9tourage","og_description":"Le processus de d\u00e9tourage requiert que l'outil perce le mat\u00e9riau de mani\u00e8re s\u00fbre et pr\u00e9cise tout en surmontant diff\u00e9rentes charges lat\u00e9rales. La","og_url":"https:\/\/www.mate.com\/fr\/technical-resources\/punch-press-resources\/tips-techniques\/punching\/techniques\/slitting\/","og_site_name":"Mate Precision Technologies","article_publisher":"https:\/\/www.facebook.com\/MatePrecisionTechnologies\/","article_modified_time":"2016-07-06T13:22:55+00:00","twitter_card":"summary_large_image","twitter_site":"@mateprecision","twitter_misc":{"Dur\u00e9e de lecture estim\u00e9e":"1 minute"},"schema":{"@context":"https:\/\/schema.org","@graph":[{"@type":"WebPage","@id":"https:\/\/www.mate.com\/fr\/technical-resources\/punch-press-resources\/tips-techniques\/punching\/techniques\/slitting\/","url":"https:\/\/www.mate.com\/fr\/technical-resources\/punch-press-resources\/tips-techniques\/punching\/techniques\/slitting\/","name":"Le d\u00e9tourage - Mate Precision Technologies","isPartOf":{"@id":"https:\/\/www.mate.com\/fr\/#website"},"datePublished":"2015-09-01T19:24:51+00:00","dateModified":"2016-07-06T13:22:55+00:00","description":"Le processus de d\u00e9tourage requiert que l'outil perce le mat\u00e9riau de mani\u00e8re s\u00fbre et pr\u00e9cise tout en surmontant diff\u00e9rentes charges lat\u00e9rales. La","breadcrumb":{"@id":"https:\/\/www.mate.com\/fr\/technical-resources\/punch-press-resources\/tips-techniques\/punching\/techniques\/slitting\/#breadcrumb"},"inLanguage":"fr-FR","potentialAction":[{"@type":"ReadAction","target":["https:\/\/www.mate.com\/fr\/technical-resources\/punch-press-resources\/tips-techniques\/punching\/techniques\/slitting\/"]}]},{"@type":"BreadcrumbList","@id":"https:\/\/www.mate.com\/fr\/technical-resources\/punch-press-resources\/tips-techniques\/punching\/techniques\/slitting\/#breadcrumb","itemListElement":[{"@type":"ListItem","position":1,"name":"Page d\u2019accueil","item":"https:\/\/www.mate.com\/fr\/\/"},{"@type":"ListItem","position":2,"name":"Ressources techniques","item":"https:\/\/www.mate.com\/fr\/technical-resources\/"},{"@type":"ListItem","position":3,"name":"Suggestions et techniques","item":"https:\/\/www.mate.com\/fr\/technical-resources\/tips-techniques\/"},{"@type":"ListItem","position":4,"name":"Poin\u00e7onnage","item":"https:\/\/www.mate.com\/fr\/technical-resources\/tips-techniques\/punching\/"},{"@type":"ListItem","position":5,"name":"Techniques","item":"https:\/\/www.mate.com\/fr\/technical-resources\/tips-techniques\/punching\/techniques\/"},{"@type":"ListItem","position":6,"name":"Le d\u00e9tourage"}]},{"@type":"WebSite","@id":"https:\/\/www.mate.com\/fr\/#website","url":"https:\/\/www.mate.com\/fr\/","name":"Mate Precision Technologies","description":"Workholding, Press Brake, Punch Press and Laser Technologies","potentialAction":[{"@type":"SearchAction","target":{"@type":"EntryPoint","urlTemplate":"https:\/\/www.mate.com\/fr\/?s={search_term_string}"},"query-input":{"@type":"PropertyValueSpecification","valueRequired":true,"valueName":"search_term_string"}}],"inLanguage":"fr-FR"}]}},"_links":{"self":[{"href":"https:\/\/www.mate.com\/fr\/wp-json\/wp\/v2\/pages\/9014","targetHints":{"allow":["GET"]}}],"collection":[{"href":"https:\/\/www.mate.com\/fr\/wp-json\/wp\/v2\/pages"}],"about":[{"href":"https:\/\/www.mate.com\/fr\/wp-json\/wp\/v2\/types\/page"}],"author":[{"embeddable":true,"href":"https:\/\/www.mate.com\/fr\/wp-json\/wp\/v2\/users\/5"}],"replies":[{"embeddable":true,"href":"https:\/\/www.mate.com\/fr\/wp-json\/wp\/v2\/comments?post=9014"}],"version-history":[{"count":0,"href":"https:\/\/www.mate.com\/fr\/wp-json\/wp\/v2\/pages\/9014\/revisions"}],"up":[{"embeddable":true,"href":"https:\/\/www.mate.com\/fr\/wp-json\/wp\/v2\/pages\/8990"}],"wp:attachment":[{"href":"https:\/\/www.mate.com\/fr\/wp-json\/wp\/v2\/media?parent=9014"}],"curies":[{"name":"wp","href":"https:\/\/api.w.org\/{rel}","templated":true}]}}