{"id":8963,"date":"2015-08-03T21:05:33","date_gmt":"2015-08-03T21:05:33","guid":{"rendered":"https:\/\/www.mate.com\/fr\/technical-resources\/tips-techniques\/punching\/"},"modified":"2016-07-05T13:30:55","modified_gmt":"2016-07-05T18:30:55","slug":"punching","status":"publish","type":"page","link":"https:\/\/www.mate.com\/fr\/technical-resources\/punch-press-resources\/tips-techniques\/punching\/","title":{"rendered":"Poin\u00e7onnage"},"content":{"rendered":"<p>Diff\u00e9rents facteurs peuvent affecter les performances du poin\u00e7onnage et la qualit\u00e9 des pi\u00e8ces finales. Pour vous assister dans l&rsquo;am\u00e9lioration de votre fonctionnement, nous avons r\u00e9uni une s\u00e9rie de suggestions et de techniques de poin\u00e7onnage dans cette partie.<\/p>\n<ul class=\"list-pages-shortcode child-pages\"><li class=\"page_item page-item-8966\"><a href=\"https:\/\/www.mate.com\/fr\/technical-resources\/punch-press-resources\/tips-techniques\/punching\/calculating-punching-force\/\">Calculating Punching Force<\/a><\/li>\n<li class=\"page_item page-item-8969\"><a href=\"https:\/\/www.mate.com\/fr\/technical-resources\/punch-press-resources\/tips-techniques\/punching\/coatings\/\">Rev\u00eatements<\/a><\/li>\n<li class=\"page_item page-item-8972\"><a href=\"https:\/\/www.mate.com\/fr\/technical-resources\/punch-press-resources\/tips-techniques\/punching\/die-clearance\/\">Jeu de matrice<\/a><\/li>\n<li class=\"page_item page-item-8975\"><a href=\"https:\/\/www.mate.com\/fr\/technical-resources\/punch-press-resources\/tips-techniques\/punching\/guided-punches\/\">Poin\u00e7ons guid\u00e9s<\/a><\/li>\n<li class=\"page_item page-item-8978 page_item_has_children\"><a href=\"https:\/\/www.mate.com\/fr\/technical-resources\/punch-press-resources\/tips-techniques\/punching\/punch-die-maintenance\/\">Maintenance des poin\u00e7ons et des matrices<\/a><\/li>\n<li class=\"page_item page-item-8987\"><a href=\"https:\/\/www.mate.com\/fr\/technical-resources\/punch-press-resources\/tips-techniques\/punching\/shear-recommendations\/\">Shear Recommendations<\/a><\/li>\n<li class=\"page_item page-item-8990 page_item_has_children\"><a href=\"https:\/\/www.mate.com\/fr\/technical-resources\/punch-press-resources\/tips-techniques\/punching\/techniques\/\">Techniques<\/a><\/li>\n<\/ul>\n","protected":false},"excerpt":{"rendered":"<p>Diff\u00e9rents facteurs peuvent affecter les performances du poin\u00e7onnage et la qualit\u00e9 des pi\u00e8ces finales. Pour vous assister dans l&rsquo;am\u00e9lioration de votre fonctionnement, nous avons r\u00e9uni une s\u00e9rie de suggestions et de techniques de poin\u00e7onnage dans cette partie.<\/p>\n","protected":false},"author":1,"featured_media":0,"parent":8951,"menu_order":772,"comment_status":"closed","ping_status":"closed","template":"","meta":{"_acf_changed":false,"_monsterinsights_skip_tracking":false,"_monsterinsights_sitenote_active":false,"_monsterinsights_sitenote_note":"","_monsterinsights_sitenote_category":0,"footnotes":""},"class_list":["post-8963","page","type-page","status-publish","hentry"],"acf":[],"yoast_head":"<!-- This site is optimized with the Yoast SEO Premium plugin v27.4 (Yoast SEO v27.4) - https:\/\/yoast.com\/product\/yoast-seo-premium-wordpress\/ -->\n<title>Poin\u00e7onnage - Mate Precision Technologies<\/title>\n<meta name=\"description\" content=\"Diff\u00e9rents facteurs peuvent affecter les performances du poin\u00e7onnage et la qualit\u00e9 des pi\u00e8ces finales. Pour vous assister dans l&#039;am\u00e9lioration de votre\" \/>\n<meta name=\"robots\" content=\"index, follow, max-snippet:-1, max-image-preview:large, max-video-preview:-1\" \/>\n<link rel=\"canonical\" href=\"https:\/\/www.mate.com\/fr\/technical-resources\/punch-press-resources\/tips-techniques\/punching\/\" \/>\n<meta property=\"og:locale\" content=\"fr_FR\" \/>\n<meta property=\"og:type\" content=\"article\" \/>\n<meta property=\"og:title\" content=\"Poin\u00e7onnage\" \/>\n<meta property=\"og:description\" content=\"Diff\u00e9rents facteurs peuvent affecter les performances du poin\u00e7onnage et la qualit\u00e9 des pi\u00e8ces finales. Pour vous assister dans l&#039;am\u00e9lioration de votre\" \/>\n<meta property=\"og:url\" content=\"https:\/\/www.mate.com\/fr\/technical-resources\/punch-press-resources\/tips-techniques\/punching\/\" \/>\n<meta property=\"og:site_name\" content=\"Mate Precision Technologies\" \/>\n<meta property=\"article:publisher\" content=\"https:\/\/www.facebook.com\/MatePrecisionTechnologies\/\" \/>\n<meta property=\"article:modified_time\" content=\"2016-07-05T18:30:55+00:00\" \/>\n<meta name=\"twitter:card\" content=\"summary_large_image\" \/>\n<meta name=\"twitter:site\" content=\"@mateprecision\" \/>\n<script type=\"application\/ld+json\" class=\"yoast-schema-graph\">{\"@context\":\"https:\\\/\\\/schema.org\",\"@graph\":[{\"@type\":\"WebPage\",\"@id\":\"https:\\\/\\\/www.mate.com\\\/fr\\\/technical-resources\\\/punch-press-resources\\\/tips-techniques\\\/punching\\\/\",\"url\":\"https:\\\/\\\/www.mate.com\\\/fr\\\/technical-resources\\\/punch-press-resources\\\/tips-techniques\\\/punching\\\/\",\"name\":\"Poin\u00e7onnage - Mate Precision Technologies\",\"isPartOf\":{\"@id\":\"https:\\\/\\\/www.mate.com\\\/fr\\\/#website\"},\"datePublished\":\"2015-08-03T21:05:33+00:00\",\"dateModified\":\"2016-07-05T18:30:55+00:00\",\"description\":\"Diff\u00e9rents facteurs peuvent affecter les performances du poin\u00e7onnage et la qualit\u00e9 des pi\u00e8ces finales. Pour vous assister dans l'am\u00e9lioration de votre\",\"breadcrumb\":{\"@id\":\"https:\\\/\\\/www.mate.com\\\/fr\\\/technical-resources\\\/punch-press-resources\\\/tips-techniques\\\/punching\\\/#breadcrumb\"},\"inLanguage\":\"fr-FR\",\"potentialAction\":[{\"@type\":\"ReadAction\",\"target\":[\"https:\\\/\\\/www.mate.com\\\/fr\\\/technical-resources\\\/punch-press-resources\\\/tips-techniques\\\/punching\\\/\"]}]},{\"@type\":\"BreadcrumbList\",\"@id\":\"https:\\\/\\\/www.mate.com\\\/fr\\\/technical-resources\\\/punch-press-resources\\\/tips-techniques\\\/punching\\\/#breadcrumb\",\"itemListElement\":[{\"@type\":\"ListItem\",\"position\":1,\"name\":\"Page d\u2019accueil\",\"item\":\"https:\\\/\\\/www.mate.com\\\/fr\\\/\\\/\"},{\"@type\":\"ListItem\",\"position\":2,\"name\":\"Ressources techniques\",\"item\":\"https:\\\/\\\/www.mate.com\\\/fr\\\/technical-resources\\\/\"},{\"@type\":\"ListItem\",\"position\":3,\"name\":\"Suggestions et techniques\",\"item\":\"https:\\\/\\\/www.mate.com\\\/fr\\\/technical-resources\\\/tips-techniques\\\/\"},{\"@type\":\"ListItem\",\"position\":4,\"name\":\"Poin\u00e7onnage\"}]},{\"@type\":\"WebSite\",\"@id\":\"https:\\\/\\\/www.mate.com\\\/fr\\\/#website\",\"url\":\"https:\\\/\\\/www.mate.com\\\/fr\\\/\",\"name\":\"Mate Precision Technologies\",\"description\":\"Workholding, Press Brake, Punch Press and Laser Technologies\",\"potentialAction\":[{\"@type\":\"SearchAction\",\"target\":{\"@type\":\"EntryPoint\",\"urlTemplate\":\"https:\\\/\\\/www.mate.com\\\/fr\\\/?s={search_term_string}\"},\"query-input\":{\"@type\":\"PropertyValueSpecification\",\"valueRequired\":true,\"valueName\":\"search_term_string\"}}],\"inLanguage\":\"fr-FR\"}]}<\/script>\n<!-- \/ Yoast SEO Premium plugin. -->","yoast_head_json":{"title":"Poin\u00e7onnage - Mate Precision Technologies","description":"Diff\u00e9rents facteurs peuvent affecter les performances du poin\u00e7onnage et la qualit\u00e9 des pi\u00e8ces finales. Pour vous assister dans l'am\u00e9lioration de votre","robots":{"index":"index","follow":"follow","max-snippet":"max-snippet:-1","max-image-preview":"max-image-preview:large","max-video-preview":"max-video-preview:-1"},"canonical":"https:\/\/www.mate.com\/fr\/technical-resources\/punch-press-resources\/tips-techniques\/punching\/","og_locale":"fr_FR","og_type":"article","og_title":"Poin\u00e7onnage","og_description":"Diff\u00e9rents facteurs peuvent affecter les performances du poin\u00e7onnage et la qualit\u00e9 des pi\u00e8ces finales. Pour vous assister dans l'am\u00e9lioration de votre","og_url":"https:\/\/www.mate.com\/fr\/technical-resources\/punch-press-resources\/tips-techniques\/punching\/","og_site_name":"Mate Precision Technologies","article_publisher":"https:\/\/www.facebook.com\/MatePrecisionTechnologies\/","article_modified_time":"2016-07-05T18:30:55+00:00","twitter_card":"summary_large_image","twitter_site":"@mateprecision","schema":{"@context":"https:\/\/schema.org","@graph":[{"@type":"WebPage","@id":"https:\/\/www.mate.com\/fr\/technical-resources\/punch-press-resources\/tips-techniques\/punching\/","url":"https:\/\/www.mate.com\/fr\/technical-resources\/punch-press-resources\/tips-techniques\/punching\/","name":"Poin\u00e7onnage - Mate Precision Technologies","isPartOf":{"@id":"https:\/\/www.mate.com\/fr\/#website"},"datePublished":"2015-08-03T21:05:33+00:00","dateModified":"2016-07-05T18:30:55+00:00","description":"Diff\u00e9rents facteurs peuvent affecter les performances du poin\u00e7onnage et la qualit\u00e9 des pi\u00e8ces finales. Pour vous assister dans l'am\u00e9lioration de votre","breadcrumb":{"@id":"https:\/\/www.mate.com\/fr\/technical-resources\/punch-press-resources\/tips-techniques\/punching\/#breadcrumb"},"inLanguage":"fr-FR","potentialAction":[{"@type":"ReadAction","target":["https:\/\/www.mate.com\/fr\/technical-resources\/punch-press-resources\/tips-techniques\/punching\/"]}]},{"@type":"BreadcrumbList","@id":"https:\/\/www.mate.com\/fr\/technical-resources\/punch-press-resources\/tips-techniques\/punching\/#breadcrumb","itemListElement":[{"@type":"ListItem","position":1,"name":"Page d\u2019accueil","item":"https:\/\/www.mate.com\/fr\/\/"},{"@type":"ListItem","position":2,"name":"Ressources techniques","item":"https:\/\/www.mate.com\/fr\/technical-resources\/"},{"@type":"ListItem","position":3,"name":"Suggestions et techniques","item":"https:\/\/www.mate.com\/fr\/technical-resources\/tips-techniques\/"},{"@type":"ListItem","position":4,"name":"Poin\u00e7onnage"}]},{"@type":"WebSite","@id":"https:\/\/www.mate.com\/fr\/#website","url":"https:\/\/www.mate.com\/fr\/","name":"Mate Precision Technologies","description":"Workholding, Press Brake, Punch Press and Laser Technologies","potentialAction":[{"@type":"SearchAction","target":{"@type":"EntryPoint","urlTemplate":"https:\/\/www.mate.com\/fr\/?s={search_term_string}"},"query-input":{"@type":"PropertyValueSpecification","valueRequired":true,"valueName":"search_term_string"}}],"inLanguage":"fr-FR"}]}},"_links":{"self":[{"href":"https:\/\/www.mate.com\/fr\/wp-json\/wp\/v2\/pages\/8963","targetHints":{"allow":["GET"]}}],"collection":[{"href":"https:\/\/www.mate.com\/fr\/wp-json\/wp\/v2\/pages"}],"about":[{"href":"https:\/\/www.mate.com\/fr\/wp-json\/wp\/v2\/types\/page"}],"author":[{"embeddable":true,"href":"https:\/\/www.mate.com\/fr\/wp-json\/wp\/v2\/users\/1"}],"replies":[{"embeddable":true,"href":"https:\/\/www.mate.com\/fr\/wp-json\/wp\/v2\/comments?post=8963"}],"version-history":[{"count":0,"href":"https:\/\/www.mate.com\/fr\/wp-json\/wp\/v2\/pages\/8963\/revisions"}],"up":[{"embeddable":true,"href":"https:\/\/www.mate.com\/fr\/wp-json\/wp\/v2\/pages\/8951"}],"wp:attachment":[{"href":"https:\/\/www.mate.com\/fr\/wp-json\/wp\/v2\/media?parent=8963"}],"curies":[{"name":"wp","href":"https:\/\/api.w.org\/{rel}","templated":true}]}}