{"id":8957,"date":"2015-08-03T21:05:33","date_gmt":"2015-08-03T21:05:33","guid":{"rendered":"https:\/\/www.mate.com\/fr\/technical-resources\/tips-techniques\/materials\/"},"modified":"2016-06-30T14:48:05","modified_gmt":"2016-06-30T19:48:05","slug":"materials","status":"publish","type":"page","link":"https:\/\/www.mate.com\/fr\/technical-resources\/punch-press-resources\/tips-techniques\/materials\/","title":{"rendered":"Mat\u00e9riels"},"content":{"rendered":"<h2>Qu&rsquo;est-ce qu&rsquo;une t\u00f4le \u00ab\u00a0normale\u00a0\u00bb ?<\/h2>\n<p><strong>\u00c9paisseur <\/strong>: 0,030-0,130(0,80-3,30)<br \/>\n<strong>R\u00e9sistance au cisaillement <\/strong>:\u00a0 25\u00a0000-75\u00a0000 psi (0,172-0,157 kN\/mm2)<\/p>\n<p>Une t\u00f4le normal est celle qui assure un fonctionnement le plus exempt de probl\u00e8mes et une vie d&rsquo;outil la plus longue. Les mat\u00e9riaux qui ne sont pas inclus dans la plage normale mais que l&rsquo;on peut tout de m\u00eame utiliser dans la presse poin\u00e7onneuse peuvent n\u00e9cessiter des outils sp\u00e9ciaux, une lubrification importante, des frappes nombreuses et\/ou d&rsquo;autres proc\u00e9dures pour produire un r\u00e9sultat satisfaisant. Appelez le Service d&rsquo;assistance de Mate pour avoir des conseils.<\/p>\n<p>&nbsp;<\/p>\n<p><a href=\"https:\/\/www.mate.com\/wp-content\/uploads\/2015\/08\/Sheetmetal_Bell_Curve-e1444666823797.jpg\"><img loading=\"lazy\" decoding=\"async\" class=\"alignnone wp-image-1493 size-full\" src=\"https:\/\/www.mate.com\/wp-content\/uploads\/2015\/08\/Sheetmetal_Bell_Curve-e1444666823797.jpg\" alt=\"Sheetmetal_Bell_Curve\" width=\"450\" height=\"202\" \/><\/a><\/p>\n<p>&nbsp;<\/p>\n<h2><span lang=\"FR\">\u00c9liminer le gauchissement du mat\u00e9riau<\/span><\/h2>\n<p><span lang=\"FR\">Si vous poin\u00e7onnez un grand nombre de trous dans une t\u00f4le et que la t\u00f4le perd de sa plan\u00e9it\u00e9, cela pourrait \u00eatre caus\u00e9 par l&rsquo;effet cumulatif de poin\u00e7onnage. Chaque fois qu&rsquo;un trou est poin\u00e7onn\u00e9, le mat\u00e9riau autour du trou est tir\u00e9 vers le bas, mettant le haut de la t\u00f4le sous tension. Le mouvement vers le bas provoque une compression correspondante en bas de la t\u00f4le. Pour juste quelques trous, l&rsquo;effet n&rsquo;est pas tr\u00e8s important, mais avec l&rsquo;augmentation du nombre de trous, la tension et la compression peuvent se multiplier \u00e0 un point o\u00f9 la t\u00f4le se d\u00e9forme.<\/span><\/p>\n<p>&nbsp;<\/p>\n<p><a href=\"https:\/\/www.mate.com\/wp-content\/uploads\/2015\/08\/Metal_warpage-e1444666862998.jpg\"><img loading=\"lazy\" decoding=\"async\" class=\"alignnone wp-image-1494 size-full\" src=\"https:\/\/www.mate.com\/wp-content\/uploads\/2015\/08\/Metal_warpage-e1444666862998.jpg\" alt=\"Metal_warpage\" width=\"450\" height=\"332\" \/><\/a><\/p>\n<p>Une fa\u00e7on de combattre cet effet est de poin\u00e7onner chaque deuxi\u00e8me trou d&rsquo;abord et revenir pour poin\u00e7onner les trous restants. Ainsi vous appliquez la m\u00eame quantit\u00e9 de force \u00e0 la t\u00f4le, mais vous emp\u00eachez l&rsquo;accumulation de tension\/compression qui survient lorsque les op\u00e9rations de poin\u00e7onnage se suivent dans une succession rapproch\u00e9e et dans la m\u00eame direction. Cette technique permet \u00e9galement \u00e0 la premi\u00e8re s\u00e9rie de trous d&rsquo;absorber une partie de l&rsquo;effet d\u00e9formant de la s\u00e9rie suivante.<\/p>\n<ul class=\"list-pages-shortcode child-pages\"><li class=\"page_item page-item-8960\"><a href=\"https:\/\/www.mate.com\/fr\/technical-resources\/punch-press-resources\/tips-techniques\/materials\/punching-different-materials\/\">Poin\u00e7onner des mat\u00e9riaux diff\u00e9rents<\/a><\/li>\n<\/ul>\n","protected":false},"excerpt":{"rendered":"<p>Qu&rsquo;est-ce qu&rsquo;une t\u00f4le \u00ab\u00a0normale\u00a0\u00bb ? \u00c9paisseur : 0,030-0,130(0,80-3,30) R\u00e9sistance au cisaillement :\u00a0 25\u00a0000-75\u00a0000 psi (0,172-0,157 kN\/mm2) Une t\u00f4le normal est celle qui assure un fonctionnement le plus exempt de probl\u00e8mes et une vie d&rsquo;outil la plus longue. Les mat\u00e9riaux qui ne sont pas inclus dans la plage normale mais que l&rsquo;on peut tout de m\u00eame [&hellip;]<\/p>\n","protected":false},"author":1,"featured_media":0,"parent":8951,"menu_order":681,"comment_status":"closed","ping_status":"closed","template":"","meta":{"_acf_changed":false,"_monsterinsights_skip_tracking":false,"_monsterinsights_sitenote_active":false,"_monsterinsights_sitenote_note":"","_monsterinsights_sitenote_category":0,"footnotes":""},"class_list":["post-8957","page","type-page","status-publish","hentry"],"acf":[],"yoast_head":"<!-- This site is optimized with the Yoast SEO Premium plugin v27.4 (Yoast SEO v27.4) - https:\/\/yoast.com\/product\/yoast-seo-premium-wordpress\/ -->\n<title>Mat\u00e9riels - Mate Precision Technologies<\/title>\n<meta name=\"description\" content=\"Qu&#039;est-ce qu&#039;une t\u00f4le &quot;normale&quot; ? \u00c9paisseur : 0,030-0,130(0,80-3,30) R\u00e9sistance au cisaillement :\u00a0 25\u00a0000-75\u00a0000 psi (0,172-0,157 kN\/mm2) Une t\u00f4le normal\" \/>\n<meta name=\"robots\" content=\"index, follow, max-snippet:-1, max-image-preview:large, max-video-preview:-1\" \/>\n<link rel=\"canonical\" href=\"https:\/\/www.mate.com\/fr\/technical-resources\/punch-press-resources\/tips-techniques\/materials\/\" \/>\n<meta property=\"og:locale\" content=\"fr_FR\" \/>\n<meta property=\"og:type\" content=\"article\" \/>\n<meta property=\"og:title\" content=\"Mat\u00e9riels\" \/>\n<meta property=\"og:description\" content=\"Qu&#039;est-ce qu&#039;une t\u00f4le &quot;normale&quot; ? \u00c9paisseur : 0,030-0,130(0,80-3,30) R\u00e9sistance au cisaillement :\u00a0 25\u00a0000-75\u00a0000 psi (0,172-0,157 kN\/mm2) Une t\u00f4le normal\" \/>\n<meta property=\"og:url\" content=\"https:\/\/www.mate.com\/fr\/technical-resources\/punch-press-resources\/tips-techniques\/materials\/\" \/>\n<meta property=\"og:site_name\" content=\"Mate Precision Technologies\" \/>\n<meta property=\"article:publisher\" content=\"https:\/\/www.facebook.com\/MatePrecisionTechnologies\/\" \/>\n<meta property=\"article:modified_time\" content=\"2016-06-30T19:48:05+00:00\" \/>\n<meta property=\"og:image\" content=\"https:\/\/www.mate.com\/wp-content\/uploads\/2015\/08\/Sheetmetal_Bell_Curve-e1444666823797.jpg\" \/>\n<meta name=\"twitter:card\" content=\"summary_large_image\" \/>\n<meta name=\"twitter:site\" content=\"@mateprecision\" \/>\n<meta name=\"twitter:label1\" content=\"Dur\u00e9e de lecture estim\u00e9e\" \/>\n\t<meta name=\"twitter:data1\" content=\"2 minutes\" \/>\n<script type=\"application\/ld+json\" class=\"yoast-schema-graph\">{\"@context\":\"https:\\\/\\\/schema.org\",\"@graph\":[{\"@type\":\"WebPage\",\"@id\":\"https:\\\/\\\/www.mate.com\\\/fr\\\/technical-resources\\\/punch-press-resources\\\/tips-techniques\\\/materials\\\/\",\"url\":\"https:\\\/\\\/www.mate.com\\\/fr\\\/technical-resources\\\/punch-press-resources\\\/tips-techniques\\\/materials\\\/\",\"name\":\"Mat\u00e9riels - Mate Precision Technologies\",\"isPartOf\":{\"@id\":\"https:\\\/\\\/www.mate.com\\\/fr\\\/#website\"},\"primaryImageOfPage\":{\"@id\":\"https:\\\/\\\/www.mate.com\\\/fr\\\/technical-resources\\\/punch-press-resources\\\/tips-techniques\\\/materials\\\/#primaryimage\"},\"image\":{\"@id\":\"https:\\\/\\\/www.mate.com\\\/fr\\\/technical-resources\\\/punch-press-resources\\\/tips-techniques\\\/materials\\\/#primaryimage\"},\"thumbnailUrl\":\"https:\\\/\\\/www.mate.com\\\/wp-content\\\/uploads\\\/2015\\\/08\\\/Sheetmetal_Bell_Curve-e1444666823797.jpg\",\"datePublished\":\"2015-08-03T21:05:33+00:00\",\"dateModified\":\"2016-06-30T19:48:05+00:00\",\"description\":\"Qu'est-ce qu'une t\u00f4le \\\"normale\\\" ? \u00c9paisseur : 0,030-0,130(0,80-3,30) R\u00e9sistance au cisaillement :\u00a0 25\u00a0000-75\u00a0000 psi (0,172-0,157 kN\\\/mm2) Une t\u00f4le normal\",\"breadcrumb\":{\"@id\":\"https:\\\/\\\/www.mate.com\\\/fr\\\/technical-resources\\\/punch-press-resources\\\/tips-techniques\\\/materials\\\/#breadcrumb\"},\"inLanguage\":\"fr-FR\",\"potentialAction\":[{\"@type\":\"ReadAction\",\"target\":[\"https:\\\/\\\/www.mate.com\\\/fr\\\/technical-resources\\\/punch-press-resources\\\/tips-techniques\\\/materials\\\/\"]}]},{\"@type\":\"ImageObject\",\"inLanguage\":\"fr-FR\",\"@id\":\"https:\\\/\\\/www.mate.com\\\/fr\\\/technical-resources\\\/punch-press-resources\\\/tips-techniques\\\/materials\\\/#primaryimage\",\"url\":\"https:\\\/\\\/www.mate.com\\\/wp-content\\\/uploads\\\/2015\\\/08\\\/Sheetmetal_Bell_Curve-e1444666823797.jpg\",\"contentUrl\":\"https:\\\/\\\/www.mate.com\\\/wp-content\\\/uploads\\\/2015\\\/08\\\/Sheetmetal_Bell_Curve-e1444666823797.jpg\"},{\"@type\":\"BreadcrumbList\",\"@id\":\"https:\\\/\\\/www.mate.com\\\/fr\\\/technical-resources\\\/punch-press-resources\\\/tips-techniques\\\/materials\\\/#breadcrumb\",\"itemListElement\":[{\"@type\":\"ListItem\",\"position\":1,\"name\":\"Page d\u2019accueil\",\"item\":\"https:\\\/\\\/www.mate.com\\\/fr\\\/\\\/\"},{\"@type\":\"ListItem\",\"position\":2,\"name\":\"Ressources techniques\",\"item\":\"https:\\\/\\\/www.mate.com\\\/fr\\\/technical-resources\\\/\"},{\"@type\":\"ListItem\",\"position\":3,\"name\":\"Suggestions et techniques\",\"item\":\"https:\\\/\\\/www.mate.com\\\/fr\\\/technical-resources\\\/tips-techniques\\\/\"},{\"@type\":\"ListItem\",\"position\":4,\"name\":\"Mat\u00e9riels\"}]},{\"@type\":\"WebSite\",\"@id\":\"https:\\\/\\\/www.mate.com\\\/fr\\\/#website\",\"url\":\"https:\\\/\\\/www.mate.com\\\/fr\\\/\",\"name\":\"Mate Precision Technologies\",\"description\":\"Workholding, Press Brake, Punch Press and Laser Technologies\",\"potentialAction\":[{\"@type\":\"SearchAction\",\"target\":{\"@type\":\"EntryPoint\",\"urlTemplate\":\"https:\\\/\\\/www.mate.com\\\/fr\\\/?s={search_term_string}\"},\"query-input\":{\"@type\":\"PropertyValueSpecification\",\"valueRequired\":true,\"valueName\":\"search_term_string\"}}],\"inLanguage\":\"fr-FR\"}]}<\/script>\n<!-- \/ Yoast SEO Premium plugin. -->","yoast_head_json":{"title":"Mat\u00e9riels - Mate Precision Technologies","description":"Qu'est-ce qu'une t\u00f4le \"normale\" ? \u00c9paisseur : 0,030-0,130(0,80-3,30) R\u00e9sistance au cisaillement :\u00a0 25\u00a0000-75\u00a0000 psi (0,172-0,157 kN\/mm2) Une t\u00f4le normal","robots":{"index":"index","follow":"follow","max-snippet":"max-snippet:-1","max-image-preview":"max-image-preview:large","max-video-preview":"max-video-preview:-1"},"canonical":"https:\/\/www.mate.com\/fr\/technical-resources\/punch-press-resources\/tips-techniques\/materials\/","og_locale":"fr_FR","og_type":"article","og_title":"Mat\u00e9riels","og_description":"Qu'est-ce qu'une t\u00f4le \"normale\" ? \u00c9paisseur : 0,030-0,130(0,80-3,30) R\u00e9sistance au cisaillement :\u00a0 25\u00a0000-75\u00a0000 psi (0,172-0,157 kN\/mm2) Une t\u00f4le normal","og_url":"https:\/\/www.mate.com\/fr\/technical-resources\/punch-press-resources\/tips-techniques\/materials\/","og_site_name":"Mate Precision Technologies","article_publisher":"https:\/\/www.facebook.com\/MatePrecisionTechnologies\/","article_modified_time":"2016-06-30T19:48:05+00:00","og_image":[{"url":"https:\/\/www.mate.com\/wp-content\/uploads\/2015\/08\/Sheetmetal_Bell_Curve-e1444666823797.jpg","type":"","width":"","height":""}],"twitter_card":"summary_large_image","twitter_site":"@mateprecision","twitter_misc":{"Dur\u00e9e de lecture estim\u00e9e":"2 minutes"},"schema":{"@context":"https:\/\/schema.org","@graph":[{"@type":"WebPage","@id":"https:\/\/www.mate.com\/fr\/technical-resources\/punch-press-resources\/tips-techniques\/materials\/","url":"https:\/\/www.mate.com\/fr\/technical-resources\/punch-press-resources\/tips-techniques\/materials\/","name":"Mat\u00e9riels - Mate Precision Technologies","isPartOf":{"@id":"https:\/\/www.mate.com\/fr\/#website"},"primaryImageOfPage":{"@id":"https:\/\/www.mate.com\/fr\/technical-resources\/punch-press-resources\/tips-techniques\/materials\/#primaryimage"},"image":{"@id":"https:\/\/www.mate.com\/fr\/technical-resources\/punch-press-resources\/tips-techniques\/materials\/#primaryimage"},"thumbnailUrl":"https:\/\/www.mate.com\/wp-content\/uploads\/2015\/08\/Sheetmetal_Bell_Curve-e1444666823797.jpg","datePublished":"2015-08-03T21:05:33+00:00","dateModified":"2016-06-30T19:48:05+00:00","description":"Qu'est-ce qu'une t\u00f4le \"normale\" ? \u00c9paisseur : 0,030-0,130(0,80-3,30) R\u00e9sistance au cisaillement :\u00a0 25\u00a0000-75\u00a0000 psi (0,172-0,157 kN\/mm2) Une t\u00f4le normal","breadcrumb":{"@id":"https:\/\/www.mate.com\/fr\/technical-resources\/punch-press-resources\/tips-techniques\/materials\/#breadcrumb"},"inLanguage":"fr-FR","potentialAction":[{"@type":"ReadAction","target":["https:\/\/www.mate.com\/fr\/technical-resources\/punch-press-resources\/tips-techniques\/materials\/"]}]},{"@type":"ImageObject","inLanguage":"fr-FR","@id":"https:\/\/www.mate.com\/fr\/technical-resources\/punch-press-resources\/tips-techniques\/materials\/#primaryimage","url":"https:\/\/www.mate.com\/wp-content\/uploads\/2015\/08\/Sheetmetal_Bell_Curve-e1444666823797.jpg","contentUrl":"https:\/\/www.mate.com\/wp-content\/uploads\/2015\/08\/Sheetmetal_Bell_Curve-e1444666823797.jpg"},{"@type":"BreadcrumbList","@id":"https:\/\/www.mate.com\/fr\/technical-resources\/punch-press-resources\/tips-techniques\/materials\/#breadcrumb","itemListElement":[{"@type":"ListItem","position":1,"name":"Page d\u2019accueil","item":"https:\/\/www.mate.com\/fr\/\/"},{"@type":"ListItem","position":2,"name":"Ressources techniques","item":"https:\/\/www.mate.com\/fr\/technical-resources\/"},{"@type":"ListItem","position":3,"name":"Suggestions et techniques","item":"https:\/\/www.mate.com\/fr\/technical-resources\/tips-techniques\/"},{"@type":"ListItem","position":4,"name":"Mat\u00e9riels"}]},{"@type":"WebSite","@id":"https:\/\/www.mate.com\/fr\/#website","url":"https:\/\/www.mate.com\/fr\/","name":"Mate Precision Technologies","description":"Workholding, Press Brake, Punch Press and Laser Technologies","potentialAction":[{"@type":"SearchAction","target":{"@type":"EntryPoint","urlTemplate":"https:\/\/www.mate.com\/fr\/?s={search_term_string}"},"query-input":{"@type":"PropertyValueSpecification","valueRequired":true,"valueName":"search_term_string"}}],"inLanguage":"fr-FR"}]}},"_links":{"self":[{"href":"https:\/\/www.mate.com\/fr\/wp-json\/wp\/v2\/pages\/8957","targetHints":{"allow":["GET"]}}],"collection":[{"href":"https:\/\/www.mate.com\/fr\/wp-json\/wp\/v2\/pages"}],"about":[{"href":"https:\/\/www.mate.com\/fr\/wp-json\/wp\/v2\/types\/page"}],"author":[{"embeddable":true,"href":"https:\/\/www.mate.com\/fr\/wp-json\/wp\/v2\/users\/1"}],"replies":[{"embeddable":true,"href":"https:\/\/www.mate.com\/fr\/wp-json\/wp\/v2\/comments?post=8957"}],"version-history":[{"count":0,"href":"https:\/\/www.mate.com\/fr\/wp-json\/wp\/v2\/pages\/8957\/revisions"}],"up":[{"embeddable":true,"href":"https:\/\/www.mate.com\/fr\/wp-json\/wp\/v2\/pages\/8951"}],"wp:attachment":[{"href":"https:\/\/www.mate.com\/fr\/wp-json\/wp\/v2\/media?parent=8957"}],"curies":[{"name":"wp","href":"https:\/\/api.w.org\/{rel}","templated":true}]}}