{"id":8844,"date":"2015-12-21T14:18:26","date_gmt":"2015-12-21T20:18:26","guid":{"rendered":"https:\/\/www.mate.com\/fr\/fabrication-solutions\/special-applications-solution-bulletins\/category-2\/hybrid-threadform-bulletin\/"},"modified":"2016-06-30T09:47:49","modified_gmt":"2016-06-30T14:47:49","slug":"hybrid-threadform-bulletin","status":"publish","type":"page","link":"https:\/\/www.mate.com\/fr\/technical-resources\/punch-press-resources\/special-applications-solution-bulletins\/category-2\/hybrid-threadform-bulletin\/","title":{"rendered":"Assembler des pi\u00e8ces avec Hybrid Threadform"},"content":{"rendered":"<p><iframe loading=\"lazy\" title=\"Midland Metal Products Saves 150% with Mate Hybrid Threadform Tool\" width=\"500\" height=\"281\" src=\"https:\/\/www.youtube.com\/embed\/780vkYrRN4w?feature=oembed\" frameborder=\"0\" allow=\"accelerometer; autoplay; clipboard-write; encrypted-media; gyroscope; picture-in-picture; web-share\" referrerpolicy=\"strict-origin-when-cross-origin\" allowfullscreen><\/iframe><\/p>\n<h2>Le probl\u00e8me:<\/h2>\n<p>Dans beaucoup de secteurs, il existe un besoin de joindre deux morceaux de mat\u00e9riau \u00e0 l&rsquo;aide d&rsquo;une vis conventionnelle filet\u00e9e. Si le pas de filetage est sup\u00e9rieur \u00e0 l&rsquo;\u00e9paisseur du mat\u00e9riau, un outil de filetage conventionnel constitue une tr\u00e8s bonne solution. Mais que se passe-t-il si le filetage permettant d&rsquo;assembler les deux pi\u00e8ces requiert une \u00e9paisseur de mat\u00e9riau sup\u00e9rieur \u00e0 celle du pas de la vis?<\/p>\n<p>D&rsquo;autres m\u00e9thodes d&rsquo;attache, comme l&rsquo;installation d&rsquo;une fixation auto-encliquetable, l&rsquo;utilisation d&rsquo;une extrusion de taraudage ou d&rsquo;une vis auto-taraudeuse, ajoutent des op\u00e9rations secondaires co\u00fbteuses ou du mat\u00e9riel sp\u00e9cial. Existe-t-il une solution rentable de r\u00e9soudre ce probl\u00e8me, surtout dans un secteur hautement comp\u00e9titif?\u00a0<img loading=\"lazy\" decoding=\"async\" class=\"size-full wp-image-1369 alignright\" src=\"https:\/\/www.mate.com\/wp-content\/uploads\/2015\/09\/Hybrid_Threadform.jpg\" alt=\"Hybrid_Threadform\" width=\"300\" height=\"286\" \/><\/p>\n<h2>La solution Mate:<\/h2>\n<p>Mate est \u00e0 m\u00eame de r\u00e9soudre ce probl\u00e8me avec l&rsquo;outil de formage de filetage Hybrid Threadform. \u00c0 la diff\u00e9rence d&rsquo;un outil de filetage conventionnel, l&rsquo;outil Hybrid Threadform est con\u00e7u pour amincir le mat\u00e9riau au centre de la forme et cr\u00e9er l&rsquo;h\u00e9lice de filetage en une unique op\u00e9ration.<\/p>\n<p>Au c\u0153ur de l&rsquo;outil se trouve un insert sup\u00e9rieur et inf\u00e9rieur usin\u00e9 avec un profil correspondant exactement \u00e0 l&rsquo;h\u00e9lice filet\u00e9 du filetage de la vis. La g\u00e9om\u00e9trie de cette pi\u00e8ce est model\u00e9e \u00e9lectroniquement par un sp\u00e9cialiste applications Mate en utilisant notre logiciel CAO de pointe, en cr\u00e9ant un mod\u00e8le solide en trois dimensions sur vos crit\u00e8res sp\u00e9cifiques. L&rsquo;outil de formage Hybrid Threadform conf\u00e8re les avantages suivants:<\/p>\n<ul>\n<li>\u00c9limine des op\u00e9rations secondaires<\/li>\n<li>\u00c9limine des op\u00e9rations de taraudage<\/li>\n<li>R\u00e9duit les d\u00e9bris dans la machine provenant du taraudage<\/li>\n<li>R\u00e9duit le co\u00fbt des composants en \u00e9liminant toutes les attaches sp\u00e9ciales<\/li>\n<\/ul>\n<p>Combinez l&rsquo;outil Hybrid Threadform avec d&rsquo;autres applications Mate comme EasyBend\u2122 pour former des angles, EasySnap\u2122 pour s\u00e9parer des morceaux de la t\u00f4le, ou un outil d&#8217;emboutissage pour la mise au niveau avec la t\u00f4le.<\/p>\n","protected":false},"excerpt":{"rendered":"<p>Le probl\u00e8me: Dans beaucoup de secteurs, il existe un besoin de joindre deux morceaux de mat\u00e9riau \u00e0 l&rsquo;aide d&rsquo;une vis conventionnelle filet\u00e9e. Si le pas de filetage est sup\u00e9rieur \u00e0 l&rsquo;\u00e9paisseur du mat\u00e9riau, un outil de filetage conventionnel constitue une tr\u00e8s bonne solution. Mais que se passe-t-il si le filetage permettant d&rsquo;assembler les deux pi\u00e8ces [&hellip;]<\/p>\n","protected":false},"author":5,"featured_media":0,"parent":8826,"menu_order":976,"comment_status":"closed","ping_status":"closed","template":"","meta":{"_acf_changed":false,"_monsterinsights_skip_tracking":false,"_monsterinsights_sitenote_active":false,"_monsterinsights_sitenote_note":"","_monsterinsights_sitenote_category":0,"footnotes":""},"class_list":["post-8844","page","type-page","status-publish","hentry"],"acf":[],"yoast_head":"<!-- This site is optimized with the Yoast SEO Premium plugin v27.4 (Yoast SEO v27.4) - https:\/\/yoast.com\/product\/yoast-seo-premium-wordpress\/ -->\n<title>Assembler des pi\u00e8ces avec Hybrid Threadform - Mate Precision Technologies<\/title>\n<meta name=\"description\" content=\"https:\/\/youtu.be\/780vkYrRN4w Le probl\u00e8me: Dans beaucoup de secteurs, il existe un besoin de joindre deux morceaux de mat\u00e9riau \u00e0 l&#039;aide d&#039;une vis\" \/>\n<meta name=\"robots\" content=\"index, follow, max-snippet:-1, max-image-preview:large, max-video-preview:-1\" \/>\n<link rel=\"canonical\" href=\"https:\/\/www.mate.com\/fr\/technical-resources\/punch-press-resources\/special-applications-solution-bulletins\/category-2\/hybrid-threadform-bulletin\/\" \/>\n<meta property=\"og:locale\" content=\"fr_FR\" \/>\n<meta property=\"og:type\" content=\"article\" \/>\n<meta property=\"og:title\" content=\"Assembler des pi\u00e8ces avec Hybrid Threadform\" \/>\n<meta property=\"og:description\" content=\"https:\/\/youtu.be\/780vkYrRN4w Le probl\u00e8me: Dans beaucoup de secteurs, il existe un besoin de joindre deux morceaux de mat\u00e9riau \u00e0 l&#039;aide d&#039;une vis\" \/>\n<meta property=\"og:url\" content=\"https:\/\/www.mate.com\/fr\/technical-resources\/punch-press-resources\/special-applications-solution-bulletins\/category-2\/hybrid-threadform-bulletin\/\" \/>\n<meta property=\"og:site_name\" content=\"Mate Precision Technologies\" \/>\n<meta property=\"article:publisher\" content=\"https:\/\/www.facebook.com\/MatePrecisionTechnologies\/\" \/>\n<meta property=\"article:modified_time\" content=\"2016-06-30T14:47:49+00:00\" \/>\n<meta property=\"og:image\" content=\"https:\/\/www.mate.com\/wp-content\/uploads\/2015\/09\/Hybrid_Threadform.jpg\" \/>\n<meta name=\"twitter:card\" content=\"summary_large_image\" \/>\n<meta name=\"twitter:site\" content=\"@mateprecision\" \/>\n<meta name=\"twitter:label1\" content=\"Dur\u00e9e de lecture estim\u00e9e\" \/>\n\t<meta name=\"twitter:data1\" content=\"2 minutes\" \/>\n<script type=\"application\/ld+json\" class=\"yoast-schema-graph\">{\"@context\":\"https:\\\/\\\/schema.org\",\"@graph\":[{\"@type\":\"WebPage\",\"@id\":\"https:\\\/\\\/www.mate.com\\\/fr\\\/technical-resources\\\/punch-press-resources\\\/special-applications-solution-bulletins\\\/category-2\\\/hybrid-threadform-bulletin\\\/\",\"url\":\"https:\\\/\\\/www.mate.com\\\/fr\\\/technical-resources\\\/punch-press-resources\\\/special-applications-solution-bulletins\\\/category-2\\\/hybrid-threadform-bulletin\\\/\",\"name\":\"Assembler des pi\u00e8ces avec Hybrid Threadform - Mate Precision Technologies\",\"isPartOf\":{\"@id\":\"https:\\\/\\\/www.mate.com\\\/fr\\\/#website\"},\"primaryImageOfPage\":{\"@id\":\"https:\\\/\\\/www.mate.com\\\/fr\\\/technical-resources\\\/punch-press-resources\\\/special-applications-solution-bulletins\\\/category-2\\\/hybrid-threadform-bulletin\\\/#primaryimage\"},\"image\":{\"@id\":\"https:\\\/\\\/www.mate.com\\\/fr\\\/technical-resources\\\/punch-press-resources\\\/special-applications-solution-bulletins\\\/category-2\\\/hybrid-threadform-bulletin\\\/#primaryimage\"},\"thumbnailUrl\":\"https:\\\/\\\/www.mate.com\\\/wp-content\\\/uploads\\\/2015\\\/09\\\/Hybrid_Threadform.jpg\",\"datePublished\":\"2015-12-21T20:18:26+00:00\",\"dateModified\":\"2016-06-30T14:47:49+00:00\",\"description\":\"https:\\\/\\\/youtu.be\\\/780vkYrRN4w Le probl\u00e8me: Dans beaucoup de secteurs, il existe un besoin de joindre deux morceaux de mat\u00e9riau \u00e0 l'aide d'une vis\",\"breadcrumb\":{\"@id\":\"https:\\\/\\\/www.mate.com\\\/fr\\\/technical-resources\\\/punch-press-resources\\\/special-applications-solution-bulletins\\\/category-2\\\/hybrid-threadform-bulletin\\\/#breadcrumb\"},\"inLanguage\":\"fr-FR\",\"potentialAction\":[{\"@type\":\"ReadAction\",\"target\":[\"https:\\\/\\\/www.mate.com\\\/fr\\\/technical-resources\\\/punch-press-resources\\\/special-applications-solution-bulletins\\\/category-2\\\/hybrid-threadform-bulletin\\\/\"]}]},{\"@type\":\"ImageObject\",\"inLanguage\":\"fr-FR\",\"@id\":\"https:\\\/\\\/www.mate.com\\\/fr\\\/technical-resources\\\/punch-press-resources\\\/special-applications-solution-bulletins\\\/category-2\\\/hybrid-threadform-bulletin\\\/#primaryimage\",\"url\":\"https:\\\/\\\/www.mate.com\\\/wp-content\\\/uploads\\\/2015\\\/09\\\/Hybrid_Threadform.jpg\",\"contentUrl\":\"https:\\\/\\\/www.mate.com\\\/wp-content\\\/uploads\\\/2015\\\/09\\\/Hybrid_Threadform.jpg\"},{\"@type\":\"BreadcrumbList\",\"@id\":\"https:\\\/\\\/www.mate.com\\\/fr\\\/technical-resources\\\/punch-press-resources\\\/special-applications-solution-bulletins\\\/category-2\\\/hybrid-threadform-bulletin\\\/#breadcrumb\",\"itemListElement\":[{\"@type\":\"ListItem\",\"position\":1,\"name\":\"Page d\u2019accueil\",\"item\":\"https:\\\/\\\/www.mate.com\\\/fr\\\/\\\/\"},{\"@type\":\"ListItem\",\"position\":2,\"name\":\"Ressources techniques\",\"item\":\"https:\\\/\\\/www.mate.com\\\/fr\\\/technical-resources\\\/\"},{\"@type\":\"ListItem\",\"position\":3,\"name\":\"Punch Press Tooling\",\"item\":\"https:\\\/\\\/www.mate.com\\\/fr\\\/technical-resources\\\/punch-press-resources\\\/\"},{\"@type\":\"ListItem\",\"position\":4,\"name\":\"Bulletins de solution pour applications sp\u00e9ciales\",\"item\":\"https:\\\/\\\/www.mate.com\\\/fr\\\/technical-resources\\\/punch-press-resources\\\/special-applications-solution-bulletins\\\/\"},{\"@type\":\"ListItem\",\"position\":5,\"name\":\"Eliminate Secondary Operations\",\"item\":\"https:\\\/\\\/www.mate.com\\\/fr\\\/technical-resources\\\/punch-press-resources\\\/special-applications-solution-bulletins\\\/category-2\\\/\"},{\"@type\":\"ListItem\",\"position\":6,\"name\":\"Assembler des pi\u00e8ces avec Hybrid Threadform\"}]},{\"@type\":\"WebSite\",\"@id\":\"https:\\\/\\\/www.mate.com\\\/fr\\\/#website\",\"url\":\"https:\\\/\\\/www.mate.com\\\/fr\\\/\",\"name\":\"Mate Precision Technologies\",\"description\":\"Workholding, Press Brake, Punch Press and Laser Technologies\",\"potentialAction\":[{\"@type\":\"SearchAction\",\"target\":{\"@type\":\"EntryPoint\",\"urlTemplate\":\"https:\\\/\\\/www.mate.com\\\/fr\\\/?s={search_term_string}\"},\"query-input\":{\"@type\":\"PropertyValueSpecification\",\"valueRequired\":true,\"valueName\":\"search_term_string\"}}],\"inLanguage\":\"fr-FR\"}]}<\/script>\n<!-- \/ Yoast SEO Premium plugin. -->","yoast_head_json":{"title":"Assembler des pi\u00e8ces avec Hybrid Threadform - Mate Precision Technologies","description":"https:\/\/youtu.be\/780vkYrRN4w Le probl\u00e8me: Dans beaucoup de secteurs, il existe un besoin de joindre deux morceaux de mat\u00e9riau \u00e0 l'aide d'une vis","robots":{"index":"index","follow":"follow","max-snippet":"max-snippet:-1","max-image-preview":"max-image-preview:large","max-video-preview":"max-video-preview:-1"},"canonical":"https:\/\/www.mate.com\/fr\/technical-resources\/punch-press-resources\/special-applications-solution-bulletins\/category-2\/hybrid-threadform-bulletin\/","og_locale":"fr_FR","og_type":"article","og_title":"Assembler des pi\u00e8ces avec Hybrid Threadform","og_description":"https:\/\/youtu.be\/780vkYrRN4w Le probl\u00e8me: Dans beaucoup de secteurs, il existe un besoin de joindre deux morceaux de mat\u00e9riau \u00e0 l'aide d'une vis","og_url":"https:\/\/www.mate.com\/fr\/technical-resources\/punch-press-resources\/special-applications-solution-bulletins\/category-2\/hybrid-threadform-bulletin\/","og_site_name":"Mate Precision Technologies","article_publisher":"https:\/\/www.facebook.com\/MatePrecisionTechnologies\/","article_modified_time":"2016-06-30T14:47:49+00:00","og_image":[{"url":"https:\/\/www.mate.com\/wp-content\/uploads\/2015\/09\/Hybrid_Threadform.jpg","type":"","width":"","height":""}],"twitter_card":"summary_large_image","twitter_site":"@mateprecision","twitter_misc":{"Dur\u00e9e de lecture estim\u00e9e":"2 minutes"},"schema":{"@context":"https:\/\/schema.org","@graph":[{"@type":"WebPage","@id":"https:\/\/www.mate.com\/fr\/technical-resources\/punch-press-resources\/special-applications-solution-bulletins\/category-2\/hybrid-threadform-bulletin\/","url":"https:\/\/www.mate.com\/fr\/technical-resources\/punch-press-resources\/special-applications-solution-bulletins\/category-2\/hybrid-threadform-bulletin\/","name":"Assembler des pi\u00e8ces avec Hybrid Threadform - Mate Precision Technologies","isPartOf":{"@id":"https:\/\/www.mate.com\/fr\/#website"},"primaryImageOfPage":{"@id":"https:\/\/www.mate.com\/fr\/technical-resources\/punch-press-resources\/special-applications-solution-bulletins\/category-2\/hybrid-threadform-bulletin\/#primaryimage"},"image":{"@id":"https:\/\/www.mate.com\/fr\/technical-resources\/punch-press-resources\/special-applications-solution-bulletins\/category-2\/hybrid-threadform-bulletin\/#primaryimage"},"thumbnailUrl":"https:\/\/www.mate.com\/wp-content\/uploads\/2015\/09\/Hybrid_Threadform.jpg","datePublished":"2015-12-21T20:18:26+00:00","dateModified":"2016-06-30T14:47:49+00:00","description":"https:\/\/youtu.be\/780vkYrRN4w Le probl\u00e8me: Dans beaucoup de secteurs, il existe un besoin de joindre deux morceaux de mat\u00e9riau \u00e0 l'aide d'une vis","breadcrumb":{"@id":"https:\/\/www.mate.com\/fr\/technical-resources\/punch-press-resources\/special-applications-solution-bulletins\/category-2\/hybrid-threadform-bulletin\/#breadcrumb"},"inLanguage":"fr-FR","potentialAction":[{"@type":"ReadAction","target":["https:\/\/www.mate.com\/fr\/technical-resources\/punch-press-resources\/special-applications-solution-bulletins\/category-2\/hybrid-threadform-bulletin\/"]}]},{"@type":"ImageObject","inLanguage":"fr-FR","@id":"https:\/\/www.mate.com\/fr\/technical-resources\/punch-press-resources\/special-applications-solution-bulletins\/category-2\/hybrid-threadform-bulletin\/#primaryimage","url":"https:\/\/www.mate.com\/wp-content\/uploads\/2015\/09\/Hybrid_Threadform.jpg","contentUrl":"https:\/\/www.mate.com\/wp-content\/uploads\/2015\/09\/Hybrid_Threadform.jpg"},{"@type":"BreadcrumbList","@id":"https:\/\/www.mate.com\/fr\/technical-resources\/punch-press-resources\/special-applications-solution-bulletins\/category-2\/hybrid-threadform-bulletin\/#breadcrumb","itemListElement":[{"@type":"ListItem","position":1,"name":"Page d\u2019accueil","item":"https:\/\/www.mate.com\/fr\/\/"},{"@type":"ListItem","position":2,"name":"Ressources techniques","item":"https:\/\/www.mate.com\/fr\/technical-resources\/"},{"@type":"ListItem","position":3,"name":"Punch Press Tooling","item":"https:\/\/www.mate.com\/fr\/technical-resources\/punch-press-resources\/"},{"@type":"ListItem","position":4,"name":"Bulletins de solution pour applications sp\u00e9ciales","item":"https:\/\/www.mate.com\/fr\/technical-resources\/punch-press-resources\/special-applications-solution-bulletins\/"},{"@type":"ListItem","position":5,"name":"Eliminate Secondary Operations","item":"https:\/\/www.mate.com\/fr\/technical-resources\/punch-press-resources\/special-applications-solution-bulletins\/category-2\/"},{"@type":"ListItem","position":6,"name":"Assembler des pi\u00e8ces avec Hybrid Threadform"}]},{"@type":"WebSite","@id":"https:\/\/www.mate.com\/fr\/#website","url":"https:\/\/www.mate.com\/fr\/","name":"Mate Precision Technologies","description":"Workholding, Press Brake, Punch Press and Laser Technologies","potentialAction":[{"@type":"SearchAction","target":{"@type":"EntryPoint","urlTemplate":"https:\/\/www.mate.com\/fr\/?s={search_term_string}"},"query-input":{"@type":"PropertyValueSpecification","valueRequired":true,"valueName":"search_term_string"}}],"inLanguage":"fr-FR"}]}},"_links":{"self":[{"href":"https:\/\/www.mate.com\/fr\/wp-json\/wp\/v2\/pages\/8844","targetHints":{"allow":["GET"]}}],"collection":[{"href":"https:\/\/www.mate.com\/fr\/wp-json\/wp\/v2\/pages"}],"about":[{"href":"https:\/\/www.mate.com\/fr\/wp-json\/wp\/v2\/types\/page"}],"author":[{"embeddable":true,"href":"https:\/\/www.mate.com\/fr\/wp-json\/wp\/v2\/users\/5"}],"replies":[{"embeddable":true,"href":"https:\/\/www.mate.com\/fr\/wp-json\/wp\/v2\/comments?post=8844"}],"version-history":[{"count":0,"href":"https:\/\/www.mate.com\/fr\/wp-json\/wp\/v2\/pages\/8844\/revisions"}],"up":[{"embeddable":true,"href":"https:\/\/www.mate.com\/fr\/wp-json\/wp\/v2\/pages\/8826"}],"wp:attachment":[{"href":"https:\/\/www.mate.com\/fr\/wp-json\/wp\/v2\/media?parent=8844"}],"curies":[{"name":"wp","href":"https:\/\/api.w.org\/{rel}","templated":true}]}}