{"id":8838,"date":"2015-12-21T15:01:51","date_gmt":"2015-12-21T21:01:51","guid":{"rendered":"https:\/\/www.mate.com\/fr\/fabrication-solutions\/special-applications-solution-bulletins\/category-2\/varibend-eliminate-secondary-bending-operations-bulletin\/"},"modified":"2016-06-27T15:18:28","modified_gmt":"2016-06-27T20:18:28","slug":"varibend-eliminate-secondary-bending-operations-bulletin","status":"publish","type":"page","link":"https:\/\/www.mate.com\/fr\/technical-resources\/punch-press-resources\/special-applications-solution-bulletins\/category-2\/varibend-eliminate-secondary-bending-operations-bulletin\/","title":{"rendered":"\u00c9liminer les op\u00e9rations secondaires de pliage"},"content":{"rendered":"<p><iframe loading=\"lazy\" title=\"Eliminate Secondary Bending Operations with Mate&#039;s VariBend\u2122 Tool\" width=\"500\" height=\"281\" src=\"https:\/\/www.youtube.com\/embed\/0HRbVf5Iwjw?feature=oembed\" frameborder=\"0\" allow=\"accelerometer; autoplay; clipboard-write; encrypted-media; gyroscope; picture-in-picture; web-share\" referrerpolicy=\"strict-origin-when-cross-origin\" allowfullscreen><\/iframe><\/p>\n<h2>Le probl\u00e8me:<\/h2>\n<p>Le pliage est l&rsquo;une des op\u00e9rations de fabrication les plus courantes en t\u00f4lerie. Les t\u00f4leries recherchant des op\u00e9rations de rationalisation pour r\u00e9duire les co\u00fbts et am\u00e9liorer l&rsquo;efficacit\u00e9, le pliage arrive habituellement tout en haut de la liste parce qu&rsquo;il demande g\u00e9n\u00e9ralement l&rsquo;ex\u00e9cution d&rsquo;une op\u00e9ration secondaire sur la presse plieuse. Toutefois les possibilit\u00e9s de rationalisation des op\u00e9rations de pliage ont \u00e9t\u00e9 limit\u00e9es. Mate offre une solution \u2014 EasyBend\u2122 \u2014 pour les pi\u00e8ces finales les plus petites o\u00f9 l&rsquo;utilisation d&rsquo;une presse plieuse serait d\u00e9mesur\u00e9e. Avec VariBend\u2122, Mate d\u00e9veloppe les possibilit\u00e9s de rendre la fabrication plus efficace avec une utilisation plus rationnelle de la presse poin\u00e7onneuse.<br \/>\n<img loading=\"lazy\" decoding=\"async\" class=\"alignright wp-image-13510 \" src=\"https:\/\/www.mate.com\/wp-content\/uploads\/2015\/09\/Varibend_TTT_cutout-e1444414334912.jpg\" alt=\"Varibend_TTT_cutout\" width=\"416\" height=\"319\" \/><\/p>\n<h2>La solution Mate:<\/h2>\n<p>L&rsquo;outil VariBend\u2122 de Mate est un outil souple et polyvalent qui permet le formage de pattes de t\u00f4le dans un environnement de poin\u00e7onneuse, en \u00e9liminant quelques op\u00e9rations secondaires normalement r\u00e9serv\u00e9es \u00e0 une presse plieuse. Souple, parce qu&rsquo;il peut \u00eatre utilis\u00e9 pour toute une s\u00e9rie d&rsquo;\u00e9paisseurs de mat\u00e9riau, VariBend est aussi polyvalent, car il peut \u00eatre utilis\u00e9 pour former des pattes \u00e0 n&rsquo;importe quel angle jusqu&rsquo;\u00e0 90\u00b0 (et m\u00eame plus dans certains cas).<\/p>\n<h2>Comment \u00e7a marche:<\/h2>\n<p>L&rsquo;outil de formage sup\u00e9rieur est abaiss\u00e9 sur la t\u00f4le jusqu&rsquo;\u00e0 ce que le pliage soit amorc\u00e9. La bride est alors pli\u00e9e un peu plus pour tenir compte du retour du mat\u00e9riau (illustration ci-dessous \u00e0 gauche). Au moment du retour de l&rsquo;outil sup\u00e9rieur, le pli d\u00e9sir\u00e9 est form\u00e9 (illustration ci-dessous \u00e0 droite).<\/p>\n<p>Bien que cela ne soit pas demand\u00e9, VariBend convient tr\u00e8s bien aux machines ayant des possibilit\u00e9s de formage vers le haut et en particulier pour les machines avec contr\u00f4le de course. Le formage vers le haut permet la forme la plus haute pour le design d&rsquo;outil. La matrice se trouvant plus bas qu&rsquo;une matrice de formage dans une op\u00e9ration de formage normale, la t\u00f4le repose plus plate. Ceci accro\u00eet la pr\u00e9cision de la patte form\u00e9e tout en r\u00e9duisant le marquage de la t\u00f4le du c\u00f4t\u00e9 regardant vers le bas de la t\u00f4le. L&rsquo;utilisation de VariBend dans des machines avec contr\u00f4le de course facilite le param\u00e9trage et la pr\u00e9cision de la formation de pattes dans une presse poin\u00e7onneuse.<br \/>\n<a href=\"https:\/\/www.mate.com\/wp-content\/uploads\/2015\/09\/Trumpf_Varibend_Large49-e1444414326139.jpg\"><img loading=\"lazy\" decoding=\"async\" class=\"wp-image-13516 alignright\" src=\"https:\/\/www.mate.com\/wp-content\/uploads\/2015\/09\/Trumpf_Varibend_Large49-e1444414326139.jpg\" alt=\"Trumpf_Varibend_Large49\" width=\"390\" height=\"312\" \/><\/a><\/p>\n<p>VariBend peut aussi \u00eatre utilis\u00e9 dans des machines sans fonction de formage vers le haut ou de contr\u00f4le de course. La hauteur des pattes form\u00e9es peut \u00eatre restreinte, en fonction de la hauteur de l&rsquo;espace sous tourelle de la machine de l&rsquo;utilisateur. Avec des tourelles \u00e9paisses, les porte-outils Ultraform\u00ae de Mate peuvent \u00eatre utilis\u00e9s pour le r\u00e9glage de la longueur dans des machines sans contr\u00f4le de course. Il est possible de modifier les angles form\u00e9s en r\u00e9glant la longueur du porte-outil Ultraform avec les outils VariBend install\u00e9s.<\/p>\n<h2>Autres informations:<\/h2>\n<ul>\n<li>VariBend peut \u00eatre programm\u00e9 comme un outil de formage normal (formage r\u00e9gulier ou comme outil de formage vers le haut).<\/li>\n<li>Pour obtenir des plis de 90\u00b0, une patte poin\u00e7onn\u00e9e doit avoir une longueur de 0,243&Prime; (6,17 mm) au minimum du bout de la patte jusqu&rsquo;\u00e0 la m\u00e9diane de l&rsquo;outil afin que la matrice rotative puisse initier le processus de formage. Une longueur de patte plus courte donne des formes inf\u00e9rieurs \u00e0 90\u00b0.<\/li>\n<li>Avec VariBend, il est facile de r\u00e9gler l&rsquo;angle du formage. De mani\u00e8re g\u00e9n\u00e9rale, pour changer l&rsquo;angle form\u00e9 de 1\u00b0, r\u00e9gler la longueur de la course ou la longueur de l&rsquo;outil de 0,005&Prime; (0,13 mm).<\/li>\n<li>VariBend produit des hauteurs de forme d&rsquo;environ 0,300\u201d\u20130,700\u201d (7,60mm \u201317,75mm). En faisant attention et \u00e0 vitesses r\u00e9duites, il est possible de r\u00e9aliser des formes l\u00e9g\u00e8rement plus courtes. La hauteur maximum est d\u00e9termin\u00e9e par le design et la hauteur de l&rsquo;outil sup\u00e9rieur.<\/li>\n<li>Lorsque c&rsquo;est possible, toutes les formes doivent \u00eatre trait\u00e9es aussi pr\u00e8s de la fin du programme que possible afin d&rsquo;\u00e9viter de d\u00e9t\u00e9riorer les formes avec le processus de poin\u00e7onnage normal.<a href=\"https:\/\/www.mate.com\/wp-content\/uploads\/2015\/09\/varibend_Sample_Large88-e1444414318698.jpg\"><img loading=\"lazy\" decoding=\"async\" class=\"wp-image-13522 alignright\" src=\"https:\/\/www.mate.com\/wp-content\/uploads\/2015\/09\/varibend_Sample_Large88-e1444414318698.jpg\" alt=\"varibend_Sample_Large88\" width=\"399\" height=\"325\" \/><\/a><\/li>\n<\/ul>\n<h2>Types d&rsquo;outillages et Tailles de poste disponibles<\/h2>\n<ul>\n<li><span style=\"line-height: 1.5;\">Tourelle \u00e9paisse, Postes B \u00e0 E<\/span><\/li>\n<li><span style=\"line-height: 1.5;\">Type Trumpf, Taille 2<\/span><\/li>\n<li>Murata Wiedemann Type 114, Postes D \u00e0 L<\/li>\n<li>Tourelle fine, Postes 1\u00bc\u201d et 3\u00bd\u201d<\/li>\n<li>Nova, Poste D \u00e0 G<\/li>\n<\/ul>\n<h2>Mat\u00e9riau et autres restrictions :<\/h2>\n<ul>\n<li>\u00c9paisseur minimum du mat\u00e9riau : 0,020\u201d (0,51mm)<\/li>\n<li>\u00c9paisseur maximum du mat\u00e9riau :<br \/>\n<strong>Acier doux :<\/strong> 0,098\u201d (2,49mm)<br \/>\n<strong>Aluminium :<\/strong> 0,098\u201d (2,49mm)<br \/>\n<strong>Inox :<\/strong> 0,079\u201d (2,01mm)<\/li>\n<\/ul>\n<h2>Restrictions de tonnage :<\/h2>\n<p>Inconnues<\/p>\n<p>&nbsp;<\/p>\n","protected":false},"excerpt":{"rendered":"<p>Le probl\u00e8me: Le pliage est l&rsquo;une des op\u00e9rations de fabrication les plus courantes en t\u00f4lerie. Les t\u00f4leries recherchant des op\u00e9rations de rationalisation pour r\u00e9duire les co\u00fbts et am\u00e9liorer l&rsquo;efficacit\u00e9, le pliage arrive habituellement tout en haut de la liste parce qu&rsquo;il demande g\u00e9n\u00e9ralement l&rsquo;ex\u00e9cution d&rsquo;une op\u00e9ration secondaire sur la presse plieuse. Toutefois les possibilit\u00e9s de [&hellip;]<\/p>\n","protected":false},"author":5,"featured_media":0,"parent":8826,"menu_order":906,"comment_status":"closed","ping_status":"closed","template":"","meta":{"_acf_changed":false,"_monsterinsights_skip_tracking":false,"_monsterinsights_sitenote_active":false,"_monsterinsights_sitenote_note":"","_monsterinsights_sitenote_category":0,"footnotes":""},"class_list":["post-8838","page","type-page","status-publish","hentry"],"acf":[],"yoast_head":"<!-- This site is optimized with the Yoast SEO Premium plugin v27.2 (Yoast SEO v27.2) - https:\/\/yoast.com\/product\/yoast-seo-premium-wordpress\/ -->\n<title>\u00c9liminer les op\u00e9rations secondaires de pliage - Mate Precision Technologies<\/title>\n<meta name=\"description\" content=\"https:\/\/youtu.be\/0HRbVf5Iwjw Le probl\u00e8me: Le pliage est l&#039;une des op\u00e9rations de fabrication les plus courantes en t\u00f4lerie. Les t\u00f4leries recherchant des\" \/>\n<meta name=\"robots\" content=\"index, follow, max-snippet:-1, max-image-preview:large, max-video-preview:-1\" \/>\n<link rel=\"canonical\" href=\"https:\/\/www.mate.com\/fr\/technical-resources\/punch-press-resources\/special-applications-solution-bulletins\/category-2\/varibend-eliminate-secondary-bending-operations-bulletin\/\" \/>\n<meta property=\"og:locale\" content=\"fr_FR\" \/>\n<meta property=\"og:type\" content=\"article\" \/>\n<meta property=\"og:title\" content=\"\u00c9liminer les op\u00e9rations secondaires de pliage\" \/>\n<meta property=\"og:description\" content=\"https:\/\/youtu.be\/0HRbVf5Iwjw Le probl\u00e8me: Le pliage est l&#039;une des op\u00e9rations de fabrication les plus courantes en t\u00f4lerie. Les t\u00f4leries recherchant des\" \/>\n<meta property=\"og:url\" content=\"https:\/\/www.mate.com\/fr\/technical-resources\/punch-press-resources\/special-applications-solution-bulletins\/category-2\/varibend-eliminate-secondary-bending-operations-bulletin\/\" \/>\n<meta property=\"og:site_name\" content=\"Mate Precision Technologies\" \/>\n<meta property=\"article:publisher\" content=\"https:\/\/www.facebook.com\/MatePrecisionTechnologies\/\" \/>\n<meta property=\"article:modified_time\" content=\"2016-06-27T20:18:28+00:00\" \/>\n<meta property=\"og:image\" content=\"https:\/\/www.mate.com\/wp-content\/uploads\/2015\/09\/Varibend_TTT_cutout-e1444414334912.jpg\" \/>\n<meta name=\"twitter:card\" content=\"summary_large_image\" \/>\n<meta name=\"twitter:site\" content=\"@mateprecision\" \/>\n<meta name=\"twitter:label1\" content=\"Dur\u00e9e de lecture estim\u00e9e\" \/>\n\t<meta name=\"twitter:data1\" content=\"4 minutes\" \/>\n<script type=\"application\/ld+json\" class=\"yoast-schema-graph\">{\"@context\":\"https:\/\/schema.org\",\"@graph\":[{\"@type\":\"WebPage\",\"@id\":\"https:\/\/www.mate.com\/fr\/technical-resources\/punch-press-resources\/special-applications-solution-bulletins\/category-2\/varibend-eliminate-secondary-bending-operations-bulletin\/\",\"url\":\"https:\/\/www.mate.com\/fr\/technical-resources\/punch-press-resources\/special-applications-solution-bulletins\/category-2\/varibend-eliminate-secondary-bending-operations-bulletin\/\",\"name\":\"\u00c9liminer les op\u00e9rations secondaires de pliage - Mate Precision Technologies\",\"isPartOf\":{\"@id\":\"https:\/\/www.mate.com\/fr\/#website\"},\"primaryImageOfPage\":{\"@id\":\"https:\/\/www.mate.com\/fr\/technical-resources\/punch-press-resources\/special-applications-solution-bulletins\/category-2\/varibend-eliminate-secondary-bending-operations-bulletin\/#primaryimage\"},\"image\":{\"@id\":\"https:\/\/www.mate.com\/fr\/technical-resources\/punch-press-resources\/special-applications-solution-bulletins\/category-2\/varibend-eliminate-secondary-bending-operations-bulletin\/#primaryimage\"},\"thumbnailUrl\":\"https:\/\/www.mate.com\/wp-content\/uploads\/2015\/09\/Varibend_TTT_cutout-e1444414334912.jpg\",\"datePublished\":\"2015-12-21T21:01:51+00:00\",\"dateModified\":\"2016-06-27T20:18:28+00:00\",\"description\":\"https:\/\/youtu.be\/0HRbVf5Iwjw Le probl\u00e8me: Le pliage est l'une des op\u00e9rations de fabrication les plus courantes en t\u00f4lerie. Les t\u00f4leries recherchant des\",\"breadcrumb\":{\"@id\":\"https:\/\/www.mate.com\/fr\/technical-resources\/punch-press-resources\/special-applications-solution-bulletins\/category-2\/varibend-eliminate-secondary-bending-operations-bulletin\/#breadcrumb\"},\"inLanguage\":\"fr-FR\",\"potentialAction\":[{\"@type\":\"ReadAction\",\"target\":[\"https:\/\/www.mate.com\/fr\/technical-resources\/punch-press-resources\/special-applications-solution-bulletins\/category-2\/varibend-eliminate-secondary-bending-operations-bulletin\/\"]}]},{\"@type\":\"ImageObject\",\"inLanguage\":\"fr-FR\",\"@id\":\"https:\/\/www.mate.com\/fr\/technical-resources\/punch-press-resources\/special-applications-solution-bulletins\/category-2\/varibend-eliminate-secondary-bending-operations-bulletin\/#primaryimage\",\"url\":\"https:\/\/www.mate.com\/wp-content\/uploads\/2015\/09\/Varibend_TTT_cutout-e1444414334912.jpg\",\"contentUrl\":\"https:\/\/www.mate.com\/wp-content\/uploads\/2015\/09\/Varibend_TTT_cutout-e1444414334912.jpg\"},{\"@type\":\"BreadcrumbList\",\"@id\":\"https:\/\/www.mate.com\/fr\/technical-resources\/punch-press-resources\/special-applications-solution-bulletins\/category-2\/varibend-eliminate-secondary-bending-operations-bulletin\/#breadcrumb\",\"itemListElement\":[{\"@type\":\"ListItem\",\"position\":1,\"name\":\"Page d\u2019accueil\",\"item\":\"https:\/\/www.mate.com\/fr\/\/\"},{\"@type\":\"ListItem\",\"position\":2,\"name\":\"Ressources techniques\",\"item\":\"https:\/\/www.mate.com\/fr\/technical-resources\/\"},{\"@type\":\"ListItem\",\"position\":3,\"name\":\"Punch Press Tooling\",\"item\":\"https:\/\/www.mate.com\/fr\/technical-resources\/punch-press-resources\/\"},{\"@type\":\"ListItem\",\"position\":4,\"name\":\"Bulletins de solution pour applications sp\u00e9ciales\",\"item\":\"https:\/\/www.mate.com\/fr\/technical-resources\/punch-press-resources\/special-applications-solution-bulletins\/\"},{\"@type\":\"ListItem\",\"position\":5,\"name\":\"Eliminate Secondary Operations\",\"item\":\"https:\/\/www.mate.com\/fr\/technical-resources\/punch-press-resources\/special-applications-solution-bulletins\/category-2\/\"},{\"@type\":\"ListItem\",\"position\":6,\"name\":\"\u00c9liminer les op\u00e9rations secondaires de pliage\"}]},{\"@type\":\"WebSite\",\"@id\":\"https:\/\/www.mate.com\/fr\/#website\",\"url\":\"https:\/\/www.mate.com\/fr\/\",\"name\":\"Mate Precision Technologies\",\"description\":\"Workholding, Press Brake, Punch Press and Laser Technologies\",\"potentialAction\":[{\"@type\":\"SearchAction\",\"target\":{\"@type\":\"EntryPoint\",\"urlTemplate\":\"https:\/\/www.mate.com\/fr\/?s={search_term_string}\"},\"query-input\":{\"@type\":\"PropertyValueSpecification\",\"valueRequired\":true,\"valueName\":\"search_term_string\"}}],\"inLanguage\":\"fr-FR\"}]}<\/script>\n<!-- \/ Yoast SEO Premium plugin. -->","yoast_head_json":{"title":"\u00c9liminer les op\u00e9rations secondaires de pliage - Mate Precision Technologies","description":"https:\/\/youtu.be\/0HRbVf5Iwjw Le probl\u00e8me: Le pliage est l'une des op\u00e9rations de fabrication les plus courantes en t\u00f4lerie. Les t\u00f4leries recherchant des","robots":{"index":"index","follow":"follow","max-snippet":"max-snippet:-1","max-image-preview":"max-image-preview:large","max-video-preview":"max-video-preview:-1"},"canonical":"https:\/\/www.mate.com\/fr\/technical-resources\/punch-press-resources\/special-applications-solution-bulletins\/category-2\/varibend-eliminate-secondary-bending-operations-bulletin\/","og_locale":"fr_FR","og_type":"article","og_title":"\u00c9liminer les op\u00e9rations secondaires de pliage","og_description":"https:\/\/youtu.be\/0HRbVf5Iwjw Le probl\u00e8me: Le pliage est l'une des op\u00e9rations de fabrication les plus courantes en t\u00f4lerie. Les t\u00f4leries recherchant des","og_url":"https:\/\/www.mate.com\/fr\/technical-resources\/punch-press-resources\/special-applications-solution-bulletins\/category-2\/varibend-eliminate-secondary-bending-operations-bulletin\/","og_site_name":"Mate Precision Technologies","article_publisher":"https:\/\/www.facebook.com\/MatePrecisionTechnologies\/","article_modified_time":"2016-06-27T20:18:28+00:00","og_image":[{"url":"https:\/\/www.mate.com\/wp-content\/uploads\/2015\/09\/Varibend_TTT_cutout-e1444414334912.jpg","type":"","width":"","height":""}],"twitter_card":"summary_large_image","twitter_site":"@mateprecision","twitter_misc":{"Dur\u00e9e de lecture estim\u00e9e":"4 minutes"},"schema":{"@context":"https:\/\/schema.org","@graph":[{"@type":"WebPage","@id":"https:\/\/www.mate.com\/fr\/technical-resources\/punch-press-resources\/special-applications-solution-bulletins\/category-2\/varibend-eliminate-secondary-bending-operations-bulletin\/","url":"https:\/\/www.mate.com\/fr\/technical-resources\/punch-press-resources\/special-applications-solution-bulletins\/category-2\/varibend-eliminate-secondary-bending-operations-bulletin\/","name":"\u00c9liminer les op\u00e9rations secondaires de pliage - Mate Precision Technologies","isPartOf":{"@id":"https:\/\/www.mate.com\/fr\/#website"},"primaryImageOfPage":{"@id":"https:\/\/www.mate.com\/fr\/technical-resources\/punch-press-resources\/special-applications-solution-bulletins\/category-2\/varibend-eliminate-secondary-bending-operations-bulletin\/#primaryimage"},"image":{"@id":"https:\/\/www.mate.com\/fr\/technical-resources\/punch-press-resources\/special-applications-solution-bulletins\/category-2\/varibend-eliminate-secondary-bending-operations-bulletin\/#primaryimage"},"thumbnailUrl":"https:\/\/www.mate.com\/wp-content\/uploads\/2015\/09\/Varibend_TTT_cutout-e1444414334912.jpg","datePublished":"2015-12-21T21:01:51+00:00","dateModified":"2016-06-27T20:18:28+00:00","description":"https:\/\/youtu.be\/0HRbVf5Iwjw Le probl\u00e8me: Le pliage est l'une des op\u00e9rations de fabrication les plus courantes en t\u00f4lerie. Les t\u00f4leries recherchant des","breadcrumb":{"@id":"https:\/\/www.mate.com\/fr\/technical-resources\/punch-press-resources\/special-applications-solution-bulletins\/category-2\/varibend-eliminate-secondary-bending-operations-bulletin\/#breadcrumb"},"inLanguage":"fr-FR","potentialAction":[{"@type":"ReadAction","target":["https:\/\/www.mate.com\/fr\/technical-resources\/punch-press-resources\/special-applications-solution-bulletins\/category-2\/varibend-eliminate-secondary-bending-operations-bulletin\/"]}]},{"@type":"ImageObject","inLanguage":"fr-FR","@id":"https:\/\/www.mate.com\/fr\/technical-resources\/punch-press-resources\/special-applications-solution-bulletins\/category-2\/varibend-eliminate-secondary-bending-operations-bulletin\/#primaryimage","url":"https:\/\/www.mate.com\/wp-content\/uploads\/2015\/09\/Varibend_TTT_cutout-e1444414334912.jpg","contentUrl":"https:\/\/www.mate.com\/wp-content\/uploads\/2015\/09\/Varibend_TTT_cutout-e1444414334912.jpg"},{"@type":"BreadcrumbList","@id":"https:\/\/www.mate.com\/fr\/technical-resources\/punch-press-resources\/special-applications-solution-bulletins\/category-2\/varibend-eliminate-secondary-bending-operations-bulletin\/#breadcrumb","itemListElement":[{"@type":"ListItem","position":1,"name":"Page d\u2019accueil","item":"https:\/\/www.mate.com\/fr\/\/"},{"@type":"ListItem","position":2,"name":"Ressources techniques","item":"https:\/\/www.mate.com\/fr\/technical-resources\/"},{"@type":"ListItem","position":3,"name":"Punch Press Tooling","item":"https:\/\/www.mate.com\/fr\/technical-resources\/punch-press-resources\/"},{"@type":"ListItem","position":4,"name":"Bulletins de solution pour applications sp\u00e9ciales","item":"https:\/\/www.mate.com\/fr\/technical-resources\/punch-press-resources\/special-applications-solution-bulletins\/"},{"@type":"ListItem","position":5,"name":"Eliminate Secondary Operations","item":"https:\/\/www.mate.com\/fr\/technical-resources\/punch-press-resources\/special-applications-solution-bulletins\/category-2\/"},{"@type":"ListItem","position":6,"name":"\u00c9liminer les op\u00e9rations secondaires de pliage"}]},{"@type":"WebSite","@id":"https:\/\/www.mate.com\/fr\/#website","url":"https:\/\/www.mate.com\/fr\/","name":"Mate Precision Technologies","description":"Workholding, Press Brake, Punch Press and Laser Technologies","potentialAction":[{"@type":"SearchAction","target":{"@type":"EntryPoint","urlTemplate":"https:\/\/www.mate.com\/fr\/?s={search_term_string}"},"query-input":{"@type":"PropertyValueSpecification","valueRequired":true,"valueName":"search_term_string"}}],"inLanguage":"fr-FR"}]}},"_links":{"self":[{"href":"https:\/\/www.mate.com\/fr\/wp-json\/wp\/v2\/pages\/8838","targetHints":{"allow":["GET"]}}],"collection":[{"href":"https:\/\/www.mate.com\/fr\/wp-json\/wp\/v2\/pages"}],"about":[{"href":"https:\/\/www.mate.com\/fr\/wp-json\/wp\/v2\/types\/page"}],"author":[{"embeddable":true,"href":"https:\/\/www.mate.com\/fr\/wp-json\/wp\/v2\/users\/5"}],"replies":[{"embeddable":true,"href":"https:\/\/www.mate.com\/fr\/wp-json\/wp\/v2\/comments?post=8838"}],"version-history":[{"count":0,"href":"https:\/\/www.mate.com\/fr\/wp-json\/wp\/v2\/pages\/8838\/revisions"}],"up":[{"embeddable":true,"href":"https:\/\/www.mate.com\/fr\/wp-json\/wp\/v2\/pages\/8826"}],"wp:attachment":[{"href":"https:\/\/www.mate.com\/fr\/wp-json\/wp\/v2\/media?parent=8838"}],"curies":[{"name":"wp","href":"https:\/\/api.w.org\/{rel}","templated":true}]}}