{"id":8826,"date":"2016-01-20T21:40:41","date_gmt":"2016-01-21T03:40:41","guid":{"rendered":"https:\/\/www.mate.com\/fr\/fabrication-solutions\/special-applications-solution-bulletins\/category-2\/"},"modified":"2016-04-22T09:18:56","modified_gmt":"2016-04-22T14:18:56","slug":"category-2","status":"publish","type":"page","link":"https:\/\/www.mate.com\/fr\/technical-resources\/punch-press-resources\/special-applications-solution-bulletins\/category-2\/","title":{"rendered":"Eliminate Secondary Operations"},"content":{"rendered":"<ul class=\"list-pages-shortcode child-pages\"><li class=\"page_item page-item-8829\"><a href=\"https:\/\/www.mate.com\/fr\/technical-resources\/punch-press-resources\/special-applications-solution-bulletins\/category-2\/easybend-bulletin\/\">Plier des pi\u00e8ces \u00e0 la main avec EasyBend\u2122<\/a><\/li>\n<li class=\"page_item page-item-8832\"><a href=\"https:\/\/www.mate.com\/fr\/technical-resources\/punch-press-resources\/special-applications-solution-bulletins\/category-2\/straightline-deburr-bulletin\/\">\u00c9limination des bavures avec Straightline Deburr<\/a><\/li>\n<li class=\"page_item page-item-8835\"><a href=\"https:\/\/www.mate.com\/fr\/technical-resources\/punch-press-resources\/special-applications-solution-bulletins\/category-2\/easymark-bulletin\/\">Le marquage efficace des composants<\/a><\/li>\n<li class=\"page_item page-item-8838\"><a href=\"https:\/\/www.mate.com\/fr\/technical-resources\/punch-press-resources\/special-applications-solution-bulletins\/category-2\/varibend-eliminate-secondary-bending-operations-bulletin\/\">\u00c9liminer les op\u00e9rations secondaires de pliage<\/a><\/li>\n<li class=\"page_item page-item-8844\"><a href=\"https:\/\/www.mate.com\/fr\/technical-resources\/punch-press-resources\/special-applications-solution-bulletins\/category-2\/hybrid-threadform-bulletin\/\">Assembler des pi\u00e8ces avec Hybrid Threadform<\/a><\/li>\n<li class=\"page_item page-item-8847\"><a href=\"https:\/\/www.mate.com\/fr\/technical-resources\/punch-press-resources\/special-applications-solution-bulletins\/category-2\/snaplock-bulletin\/\">Assembler des pi\u00e8ces avec SnapLock\u2122<\/a><\/li>\n<li class=\"page_item page-item-8850\"><a href=\"https:\/\/www.mate.com\/fr\/technical-resources\/punch-press-resources\/special-applications-solution-bulletins\/category-2\/square-easysnap-bulletin\/\">D\u00e9tacher des pi\u00e8ces du mat\u00e9riau : Square EasySnap\u2122<\/a><\/li>\n<li class=\"page_item page-item-8853\"><a href=\"https:\/\/www.mate.com\/fr\/technical-resources\/punch-press-resources\/special-applications-solution-bulletins\/category-2\/square-sheatbutton-bulletin\/\">D\u00e9tacher des pi\u00e8ces du mat\u00e9riau : Square ShearButton\u2122<\/a><\/li>\n<\/ul>\n","protected":false},"excerpt":{"rendered":"","protected":false},"author":1,"featured_media":0,"parent":8801,"menu_order":344,"comment_status":"closed","ping_status":"closed","template":"","meta":{"_acf_changed":false,"_monsterinsights_skip_tracking":false,"_monsterinsights_sitenote_active":false,"_monsterinsights_sitenote_note":"","_monsterinsights_sitenote_category":0,"footnotes":""},"class_list":["post-8826","page","type-page","status-publish","hentry"],"acf":[],"yoast_head":"<!-- This site is optimized with the Yoast SEO Premium plugin v27.4 (Yoast SEO v27.4) - https:\/\/yoast.com\/product\/yoast-seo-premium-wordpress\/ -->\n<title>Eliminate Secondary Operations - Mate Precision Technologies<\/title>\n<meta name=\"robots\" content=\"index, follow, max-snippet:-1, max-image-preview:large, max-video-preview:-1\" \/>\n<link rel=\"canonical\" href=\"https:\/\/www.mate.com\/fr\/technical-resources\/punch-press-resources\/special-applications-solution-bulletins\/category-2\/\" \/>\n<meta property=\"og:locale\" content=\"fr_FR\" \/>\n<meta property=\"og:type\" content=\"article\" \/>\n<meta property=\"og:title\" content=\"Eliminate Secondary Operations\" \/>\n<meta property=\"og:url\" content=\"https:\/\/www.mate.com\/fr\/technical-resources\/punch-press-resources\/special-applications-solution-bulletins\/category-2\/\" \/>\n<meta property=\"og:site_name\" content=\"Mate Precision Technologies\" \/>\n<meta property=\"article:publisher\" content=\"https:\/\/www.facebook.com\/MatePrecisionTechnologies\/\" \/>\n<meta property=\"article:modified_time\" content=\"2016-04-22T14:18:56+00:00\" \/>\n<meta name=\"twitter:card\" content=\"summary_large_image\" \/>\n<meta name=\"twitter:site\" content=\"@mateprecision\" \/>\n<script type=\"application\/ld+json\" class=\"yoast-schema-graph\">{\"@context\":\"https:\\\/\\\/schema.org\",\"@graph\":[{\"@type\":\"WebPage\",\"@id\":\"https:\\\/\\\/www.mate.com\\\/fr\\\/technical-resources\\\/punch-press-resources\\\/special-applications-solution-bulletins\\\/category-2\\\/\",\"url\":\"https:\\\/\\\/www.mate.com\\\/fr\\\/technical-resources\\\/punch-press-resources\\\/special-applications-solution-bulletins\\\/category-2\\\/\",\"name\":\"Eliminate Secondary Operations - Mate Precision Technologies\",\"isPartOf\":{\"@id\":\"https:\\\/\\\/www.mate.com\\\/fr\\\/#website\"},\"datePublished\":\"2016-01-21T03:40:41+00:00\",\"dateModified\":\"2016-04-22T14:18:56+00:00\",\"breadcrumb\":{\"@id\":\"https:\\\/\\\/www.mate.com\\\/fr\\\/technical-resources\\\/punch-press-resources\\\/special-applications-solution-bulletins\\\/category-2\\\/#breadcrumb\"},\"inLanguage\":\"fr-FR\",\"potentialAction\":[{\"@type\":\"ReadAction\",\"target\":[\"https:\\\/\\\/www.mate.com\\\/fr\\\/technical-resources\\\/punch-press-resources\\\/special-applications-solution-bulletins\\\/category-2\\\/\"]}]},{\"@type\":\"BreadcrumbList\",\"@id\":\"https:\\\/\\\/www.mate.com\\\/fr\\\/technical-resources\\\/punch-press-resources\\\/special-applications-solution-bulletins\\\/category-2\\\/#breadcrumb\",\"itemListElement\":[{\"@type\":\"ListItem\",\"position\":1,\"name\":\"Page d\u2019accueil\",\"item\":\"https:\\\/\\\/www.mate.com\\\/fr\\\/\\\/\"},{\"@type\":\"ListItem\",\"position\":2,\"name\":\"Ressources techniques\",\"item\":\"https:\\\/\\\/www.mate.com\\\/fr\\\/technical-resources\\\/\"},{\"@type\":\"ListItem\",\"position\":3,\"name\":\"Punch Press Tooling\",\"item\":\"https:\\\/\\\/www.mate.com\\\/fr\\\/technical-resources\\\/punch-press-resources\\\/\"},{\"@type\":\"ListItem\",\"position\":4,\"name\":\"Bulletins de solution pour applications sp\u00e9ciales\",\"item\":\"https:\\\/\\\/www.mate.com\\\/fr\\\/technical-resources\\\/punch-press-resources\\\/special-applications-solution-bulletins\\\/\"},{\"@type\":\"ListItem\",\"position\":5,\"name\":\"Eliminate Secondary Operations\"}]},{\"@type\":\"WebSite\",\"@id\":\"https:\\\/\\\/www.mate.com\\\/fr\\\/#website\",\"url\":\"https:\\\/\\\/www.mate.com\\\/fr\\\/\",\"name\":\"Mate Precision Technologies\",\"description\":\"Workholding, Press Brake, Punch Press and Laser Technologies\",\"potentialAction\":[{\"@type\":\"SearchAction\",\"target\":{\"@type\":\"EntryPoint\",\"urlTemplate\":\"https:\\\/\\\/www.mate.com\\\/fr\\\/?s={search_term_string}\"},\"query-input\":{\"@type\":\"PropertyValueSpecification\",\"valueRequired\":true,\"valueName\":\"search_term_string\"}}],\"inLanguage\":\"fr-FR\"}]}<\/script>\n<!-- \/ Yoast SEO Premium plugin. -->","yoast_head_json":{"title":"Eliminate Secondary Operations - Mate Precision Technologies","robots":{"index":"index","follow":"follow","max-snippet":"max-snippet:-1","max-image-preview":"max-image-preview:large","max-video-preview":"max-video-preview:-1"},"canonical":"https:\/\/www.mate.com\/fr\/technical-resources\/punch-press-resources\/special-applications-solution-bulletins\/category-2\/","og_locale":"fr_FR","og_type":"article","og_title":"Eliminate Secondary Operations","og_url":"https:\/\/www.mate.com\/fr\/technical-resources\/punch-press-resources\/special-applications-solution-bulletins\/category-2\/","og_site_name":"Mate Precision Technologies","article_publisher":"https:\/\/www.facebook.com\/MatePrecisionTechnologies\/","article_modified_time":"2016-04-22T14:18:56+00:00","twitter_card":"summary_large_image","twitter_site":"@mateprecision","schema":{"@context":"https:\/\/schema.org","@graph":[{"@type":"WebPage","@id":"https:\/\/www.mate.com\/fr\/technical-resources\/punch-press-resources\/special-applications-solution-bulletins\/category-2\/","url":"https:\/\/www.mate.com\/fr\/technical-resources\/punch-press-resources\/special-applications-solution-bulletins\/category-2\/","name":"Eliminate Secondary Operations - Mate Precision Technologies","isPartOf":{"@id":"https:\/\/www.mate.com\/fr\/#website"},"datePublished":"2016-01-21T03:40:41+00:00","dateModified":"2016-04-22T14:18:56+00:00","breadcrumb":{"@id":"https:\/\/www.mate.com\/fr\/technical-resources\/punch-press-resources\/special-applications-solution-bulletins\/category-2\/#breadcrumb"},"inLanguage":"fr-FR","potentialAction":[{"@type":"ReadAction","target":["https:\/\/www.mate.com\/fr\/technical-resources\/punch-press-resources\/special-applications-solution-bulletins\/category-2\/"]}]},{"@type":"BreadcrumbList","@id":"https:\/\/www.mate.com\/fr\/technical-resources\/punch-press-resources\/special-applications-solution-bulletins\/category-2\/#breadcrumb","itemListElement":[{"@type":"ListItem","position":1,"name":"Page d\u2019accueil","item":"https:\/\/www.mate.com\/fr\/\/"},{"@type":"ListItem","position":2,"name":"Ressources techniques","item":"https:\/\/www.mate.com\/fr\/technical-resources\/"},{"@type":"ListItem","position":3,"name":"Punch Press Tooling","item":"https:\/\/www.mate.com\/fr\/technical-resources\/punch-press-resources\/"},{"@type":"ListItem","position":4,"name":"Bulletins de solution pour applications sp\u00e9ciales","item":"https:\/\/www.mate.com\/fr\/technical-resources\/punch-press-resources\/special-applications-solution-bulletins\/"},{"@type":"ListItem","position":5,"name":"Eliminate Secondary Operations"}]},{"@type":"WebSite","@id":"https:\/\/www.mate.com\/fr\/#website","url":"https:\/\/www.mate.com\/fr\/","name":"Mate Precision Technologies","description":"Workholding, Press Brake, Punch Press and Laser Technologies","potentialAction":[{"@type":"SearchAction","target":{"@type":"EntryPoint","urlTemplate":"https:\/\/www.mate.com\/fr\/?s={search_term_string}"},"query-input":{"@type":"PropertyValueSpecification","valueRequired":true,"valueName":"search_term_string"}}],"inLanguage":"fr-FR"}]}},"_links":{"self":[{"href":"https:\/\/www.mate.com\/fr\/wp-json\/wp\/v2\/pages\/8826","targetHints":{"allow":["GET"]}}],"collection":[{"href":"https:\/\/www.mate.com\/fr\/wp-json\/wp\/v2\/pages"}],"about":[{"href":"https:\/\/www.mate.com\/fr\/wp-json\/wp\/v2\/types\/page"}],"author":[{"embeddable":true,"href":"https:\/\/www.mate.com\/fr\/wp-json\/wp\/v2\/users\/1"}],"replies":[{"embeddable":true,"href":"https:\/\/www.mate.com\/fr\/wp-json\/wp\/v2\/comments?post=8826"}],"version-history":[{"count":0,"href":"https:\/\/www.mate.com\/fr\/wp-json\/wp\/v2\/pages\/8826\/revisions"}],"up":[{"embeddable":true,"href":"https:\/\/www.mate.com\/fr\/wp-json\/wp\/v2\/pages\/8801"}],"wp:attachment":[{"href":"https:\/\/www.mate.com\/fr\/wp-json\/wp\/v2\/media?parent=8826"}],"curies":[{"name":"wp","href":"https:\/\/api.w.org\/{rel}","templated":true}]}}