{"id":52196,"date":"2019-06-19T16:36:01","date_gmt":"2019-06-19T21:36:01","guid":{"rendered":"https:\/\/www.mate.com\/landing-pages\/american-precision-style-press-brake-tooling\/thank-you\/"},"modified":"2022-11-16T11:59:08","modified_gmt":"2022-11-16T17:59:08","slug":"thank-you","status":"publish","type":"page","link":"https:\/\/www.mate.com\/es\/landing-pages\/american-precision-style-press-brake-tooling\/thank-you\/","title":{"rendered":"Gracias"},"content":{"rendered":"<p class=\"p1\">Agradecemos su inter\u00e9s en Herramientas de Prensas Punzonadoras Mate. Revise su\u00a0\u00a0correo electr\u00f3nico dentro de poco para enlaces a los cat\u00e1logos seleccionados. Para obtener m\u00e1s informaci\u00f3n, haga <a href=\"https:\/\/www.mate.com\/es\/dealers\/\">clic aqu\u00ed para buscar un distribuidor<\/a>.<\/p>\n","protected":false},"excerpt":{"rendered":"<p>Agradecemos su inter\u00e9s en Herramientas de Prensas Punzonadoras Mate. Revise su\u00a0\u00a0correo electr\u00f3nico dentro de poco para enlaces a los cat\u00e1logos seleccionados. Para obtener m\u00e1s informaci\u00f3n, haga clic aqu\u00ed para buscar un distribuidor.<\/p>\n","protected":false},"author":1,"featured_media":0,"parent":52188,"menu_order":287,"comment_status":"closed","ping_status":"closed","template":"tpl-thank-you.php","meta":{"_acf_changed":false,"_monsterinsights_skip_tracking":false,"_monsterinsights_sitenote_active":false,"_monsterinsights_sitenote_note":"","_monsterinsights_sitenote_category":0,"footnotes":""},"class_list":["post-52196","page","type-page","status-publish","hentry"],"acf":[],"yoast_head":"<!-- This site is optimized with the Yoast SEO Premium plugin v27.2 (Yoast SEO v27.2) - https:\/\/yoast.com\/product\/yoast-seo-premium-wordpress\/ -->\n<title>Gracias - Mate<\/title>\n<meta name=\"description\" content=\"Agradecemos su inter\u00e9s en Herramientas de Prensas Punzonadoras Mate. Revise su\u00a0\u00a0correo electr\u00f3nico dentro de poco para enlaces a los cat\u00e1logos\" \/>\n<meta name=\"robots\" content=\"index, follow, max-snippet:-1, max-image-preview:large, max-video-preview:-1\" \/>\n<link rel=\"canonical\" href=\"https:\/\/www.mate.com\/es\/landing-pages\/american-precision-style-press-brake-tooling\/thank-you\/\" \/>\n<meta property=\"og:locale\" content=\"es_ES\" \/>\n<meta property=\"og:type\" content=\"article\" \/>\n<meta property=\"og:title\" content=\"Gracias\" \/>\n<meta property=\"og:description\" content=\"Agradecemos su inter\u00e9s en Herramientas de Prensas Punzonadoras Mate. Revise su\u00a0\u00a0correo electr\u00f3nico dentro de poco para enlaces a los cat\u00e1logos\" \/>\n<meta property=\"og:url\" content=\"https:\/\/www.mate.com\/es\/landing-pages\/american-precision-style-press-brake-tooling\/thank-you\/\" \/>\n<meta property=\"og:site_name\" content=\"Mate\" \/>\n<meta property=\"article:publisher\" content=\"https:\/\/www.facebook.com\/MatePrecisionTechnologies\/\" \/>\n<meta property=\"article:modified_time\" content=\"2022-11-16T17:59:08+00:00\" \/>\n<meta name=\"twitter:card\" content=\"summary_large_image\" \/>\n<meta name=\"twitter:site\" content=\"@mateprecision\" \/>\n<script type=\"application\/ld+json\" class=\"yoast-schema-graph\">{\"@context\":\"https:\/\/schema.org\",\"@graph\":[{\"@type\":\"WebPage\",\"@id\":\"https:\/\/www.mate.com\/es\/landing-pages\/american-precision-style-press-brake-tooling\/thank-you\/\",\"url\":\"https:\/\/www.mate.com\/es\/landing-pages\/american-precision-style-press-brake-tooling\/thank-you\/\",\"name\":\"Gracias - Mate\",\"isPartOf\":{\"@id\":\"https:\/\/www.mate.com\/es\/#website\"},\"datePublished\":\"2019-06-19T21:36:01+00:00\",\"dateModified\":\"2022-11-16T17:59:08+00:00\",\"description\":\"Agradecemos su inter\u00e9s en Herramientas de Prensas Punzonadoras Mate. Revise su\u00a0\u00a0correo electr\u00f3nico dentro de poco para enlaces a los cat\u00e1logos\",\"breadcrumb\":{\"@id\":\"https:\/\/www.mate.com\/es\/landing-pages\/american-precision-style-press-brake-tooling\/thank-you\/#breadcrumb\"},\"inLanguage\":\"es\",\"potentialAction\":[{\"@type\":\"ReadAction\",\"target\":[\"https:\/\/www.mate.com\/es\/landing-pages\/american-precision-style-press-brake-tooling\/thank-you\/\"]}]},{\"@type\":\"BreadcrumbList\",\"@id\":\"https:\/\/www.mate.com\/es\/landing-pages\/american-precision-style-press-brake-tooling\/thank-you\/#breadcrumb\",\"itemListElement\":[{\"@type\":\"ListItem\",\"position\":1,\"name\":\"Principal\",\"item\":\"https:\/\/www.mate.com\/es\/\/\"},{\"@type\":\"ListItem\",\"position\":2,\"name\":\"Landing Pages\",\"item\":\"https:\/\/www.mate.com\/es\/landing-pages\/\"},{\"@type\":\"ListItem\",\"position\":3,\"name\":\"Herramientas para prensas de doblez Estilo American Precision\",\"item\":\"https:\/\/www.mate.com\/es\/landing-pages\/american-precision-style-press-brake-tooling\/\"},{\"@type\":\"ListItem\",\"position\":4,\"name\":\"Gracias\"}]},{\"@type\":\"WebSite\",\"@id\":\"https:\/\/www.mate.com\/es\/#website\",\"url\":\"https:\/\/www.mate.com\/es\/\",\"name\":\"Mate\",\"description\":\"Respect Support Inspire\",\"potentialAction\":[{\"@type\":\"SearchAction\",\"target\":{\"@type\":\"EntryPoint\",\"urlTemplate\":\"https:\/\/www.mate.com\/es\/?s={search_term_string}\"},\"query-input\":{\"@type\":\"PropertyValueSpecification\",\"valueRequired\":true,\"valueName\":\"search_term_string\"}}],\"inLanguage\":\"es\"}]}<\/script>\n<!-- \/ Yoast SEO Premium plugin. -->","yoast_head_json":{"title":"Gracias - Mate","description":"Agradecemos su inter\u00e9s en Herramientas de Prensas Punzonadoras Mate. Revise su\u00a0\u00a0correo electr\u00f3nico dentro de poco para enlaces a los cat\u00e1logos","robots":{"index":"index","follow":"follow","max-snippet":"max-snippet:-1","max-image-preview":"max-image-preview:large","max-video-preview":"max-video-preview:-1"},"canonical":"https:\/\/www.mate.com\/es\/landing-pages\/american-precision-style-press-brake-tooling\/thank-you\/","og_locale":"es_ES","og_type":"article","og_title":"Gracias","og_description":"Agradecemos su inter\u00e9s en Herramientas de Prensas Punzonadoras Mate. Revise su\u00a0\u00a0correo electr\u00f3nico dentro de poco para enlaces a los cat\u00e1logos","og_url":"https:\/\/www.mate.com\/es\/landing-pages\/american-precision-style-press-brake-tooling\/thank-you\/","og_site_name":"Mate","article_publisher":"https:\/\/www.facebook.com\/MatePrecisionTechnologies\/","article_modified_time":"2022-11-16T17:59:08+00:00","twitter_card":"summary_large_image","twitter_site":"@mateprecision","schema":{"@context":"https:\/\/schema.org","@graph":[{"@type":"WebPage","@id":"https:\/\/www.mate.com\/es\/landing-pages\/american-precision-style-press-brake-tooling\/thank-you\/","url":"https:\/\/www.mate.com\/es\/landing-pages\/american-precision-style-press-brake-tooling\/thank-you\/","name":"Gracias - Mate","isPartOf":{"@id":"https:\/\/www.mate.com\/es\/#website"},"datePublished":"2019-06-19T21:36:01+00:00","dateModified":"2022-11-16T17:59:08+00:00","description":"Agradecemos su inter\u00e9s en Herramientas de Prensas Punzonadoras Mate. Revise su\u00a0\u00a0correo electr\u00f3nico dentro de poco para enlaces a los cat\u00e1logos","breadcrumb":{"@id":"https:\/\/www.mate.com\/es\/landing-pages\/american-precision-style-press-brake-tooling\/thank-you\/#breadcrumb"},"inLanguage":"es","potentialAction":[{"@type":"ReadAction","target":["https:\/\/www.mate.com\/es\/landing-pages\/american-precision-style-press-brake-tooling\/thank-you\/"]}]},{"@type":"BreadcrumbList","@id":"https:\/\/www.mate.com\/es\/landing-pages\/american-precision-style-press-brake-tooling\/thank-you\/#breadcrumb","itemListElement":[{"@type":"ListItem","position":1,"name":"Principal","item":"https:\/\/www.mate.com\/es\/\/"},{"@type":"ListItem","position":2,"name":"Landing Pages","item":"https:\/\/www.mate.com\/es\/landing-pages\/"},{"@type":"ListItem","position":3,"name":"Herramientas para prensas de doblez Estilo American Precision","item":"https:\/\/www.mate.com\/es\/landing-pages\/american-precision-style-press-brake-tooling\/"},{"@type":"ListItem","position":4,"name":"Gracias"}]},{"@type":"WebSite","@id":"https:\/\/www.mate.com\/es\/#website","url":"https:\/\/www.mate.com\/es\/","name":"Mate","description":"Respect Support Inspire","potentialAction":[{"@type":"SearchAction","target":{"@type":"EntryPoint","urlTemplate":"https:\/\/www.mate.com\/es\/?s={search_term_string}"},"query-input":{"@type":"PropertyValueSpecification","valueRequired":true,"valueName":"search_term_string"}}],"inLanguage":"es"}]}},"_links":{"self":[{"href":"https:\/\/www.mate.com\/es\/wp-json\/wp\/v2\/pages\/52196","targetHints":{"allow":["GET"]}}],"collection":[{"href":"https:\/\/www.mate.com\/es\/wp-json\/wp\/v2\/pages"}],"about":[{"href":"https:\/\/www.mate.com\/es\/wp-json\/wp\/v2\/types\/page"}],"author":[{"embeddable":true,"href":"https:\/\/www.mate.com\/es\/wp-json\/wp\/v2\/users\/1"}],"replies":[{"embeddable":true,"href":"https:\/\/www.mate.com\/es\/wp-json\/wp\/v2\/comments?post=52196"}],"version-history":[{"count":0,"href":"https:\/\/www.mate.com\/es\/wp-json\/wp\/v2\/pages\/52196\/revisions"}],"up":[{"embeddable":true,"href":"https:\/\/www.mate.com\/es\/wp-json\/wp\/v2\/pages\/52188"}],"wp:attachment":[{"href":"https:\/\/www.mate.com\/es\/wp-json\/wp\/v2\/media?parent=52196"}],"curies":[{"name":"wp","href":"https:\/\/api.w.org\/{rel}","templated":true}]}}