{"id":4854,"date":"2015-09-01T14:22:54","date_gmt":"2015-09-01T14:22:54","guid":{"rendered":"https:\/\/www.mate.com\/es\/technical-resources\/tips-techniques\/punching\/coatings\/"},"modified":"2016-05-12T13:31:20","modified_gmt":"2016-05-12T18:31:20","slug":"coatings","status":"publish","type":"page","link":"https:\/\/www.mate.com\/es\/technical-resources\/punch-press-resources\/tips-techniques\/punching\/coatings\/","title":{"rendered":"Coatings"},"content":{"rendered":"<h2>Recubrimiento Maxima<sup>\u2122 <\/sup><\/h2>\n<p>Maxima\u2122 es un revestimiento premium de acero para herramientas especialmente formulado para aplicaciones en herramientas de punzadoras de torreta. Maxima\u2122 es un recubrimiento multicapa de nitruro de titanio circonio que es duro, resistente al desgaste y lubricado. Act\u00faa como una barrera entre el punz\u00f3n y las l\u00e1minas de metal que se perforan y, gracias a su lubricidad excepcional, mejora el proceso de decapado.<\/p>\n<p>Maxima\u2122 se aplica a la superficie de precisi\u00f3n maquinada de los punzones de acero de herramientas premium de Mate. Dado que Maxima es un material extremadamente duro, resistente al desgaste y deslizante que reduce la fricci\u00f3n durante la parte de decapado del ciclo de punzonado, es particularmente recomendable para aplicaciones de herramientas con desgaste adhesivo. Una menor fricci\u00f3n implica menor acumulaci\u00f3n de calor, menor gripado y mayor vida \u00fatil de la herramienta.<\/p>\n<p>El recubrimiento Maxima se recomienda para aplicaciones como por ej. aluminio serie 3000 o 5000, acero inoxidable y galvanizado o cualquier otra aplicaci\u00f3n en la que no se pueda usar lubricaci\u00f3n, como por ej. materiales revestidos de vinilo o pre-pintados. La lubricidad tambi\u00e9n es beneficiosa cuando se perforan formas con esquinas afiladas en \u00e1ngulos de 90 grados o menos.<\/p>\n<p>En pruebas reales de todo el mundo, Maxima ha aumentado la vida \u00fatil de las herramientas por un factor de 2 a 10 veces, permitiendo que las herramientas produzcan durante mayor tiempo de trabajo. Maxima puede aplicarse a M-2, M4PM\u2122, y a Durasteel\u2122.<\/p>\n<h2>Tratamiento de Nitruro<\/h2>\n<p>El nitruro es un tratamiento opcional de calor para entornos con desgaste abrasivo y adhesivo cuando se perforan materiales delgados. Es un tratamiento de superficie que se transforma en un componente integral de la estructura del material en s\u00ed, lo que extiende la vida \u00fatil de la herramienta.\u00a0Se recomienda el tratamiento de nitruro para punzones que perforan materiales abrasivos, tales como la fibra de vidrio o materiales que causan gripado, como el acero inoxidable, el acero galvanizado y el aluminio. Tambi\u00e9n se recomienda para punzonado de alta velocidad (ver abajo las limitaciones de ro\u00eddo). No se recomienda para punzones de menos de 0,158(4,01) de di\u00e1metro o ancho, ni para materiales de m\u00e1s de 0,250(6,35), ni en casos en que pueda ocurrir una desviaci\u00f3n del punzonado. El nitruro puede aplicarse a acero para herramientas M-2 y M4PM\u2122.<\/p>\n<p><a href=\"https:\/\/www.mate.com\/wp-content\/uploads\/2015\/09\/Maxima_Nitride_Chart1-e1444667121965.jpg\"><img loading=\"lazy\" decoding=\"async\" class=\"alignnone size-full wp-image-1496\" src=\"https:\/\/www.mate.com\/wp-content\/uploads\/2015\/09\/Maxima_Nitride_Chart1-e1444667121965.jpg\" alt=\"Maxima_Nitride_Chart\" width=\"550\" height=\"285\" \/><\/a><\/p>\n","protected":false},"excerpt":{"rendered":"<p>Recubrimiento Maxima\u2122 Maxima\u2122 es un revestimiento premium de acero para herramientas especialmente formulado para aplicaciones en herramientas de punzadoras de torreta. Maxima\u2122 es un recubrimiento multicapa de nitruro de titanio circonio que es duro, resistente al desgaste y lubricado. Act\u00faa como una barrera entre el punz\u00f3n y las l\u00e1minas de metal que se perforan y, [&hellip;]<\/p>\n","protected":false},"author":5,"featured_media":0,"parent":4851,"menu_order":632,"comment_status":"closed","ping_status":"closed","template":"","meta":{"_acf_changed":false,"_monsterinsights_skip_tracking":false,"_monsterinsights_sitenote_active":false,"_monsterinsights_sitenote_note":"","_monsterinsights_sitenote_category":0,"footnotes":""},"class_list":["post-4854","page","type-page","status-publish","hentry"],"acf":[],"yoast_head":"<!-- This site is optimized with the Yoast SEO Premium plugin v27.2 (Yoast SEO v27.2) - https:\/\/yoast.com\/product\/yoast-seo-premium-wordpress\/ -->\n<title>Coatings - Mate<\/title>\n<meta name=\"description\" content=\"Recubrimiento Maxima\u2122 Maxima\u2122 es un revestimiento premium de acero para herramientas especialmente formulado para aplicaciones en herramientas de\" \/>\n<meta name=\"robots\" content=\"index, follow, max-snippet:-1, max-image-preview:large, max-video-preview:-1\" \/>\n<link rel=\"canonical\" href=\"https:\/\/www.mate.com\/es\/technical-resources\/punch-press-resources\/tips-techniques\/punching\/coatings\/\" \/>\n<meta property=\"og:locale\" content=\"es_ES\" \/>\n<meta property=\"og:type\" content=\"article\" \/>\n<meta property=\"og:title\" content=\"Coatings\" \/>\n<meta property=\"og:description\" content=\"Recubrimiento Maxima\u2122 Maxima\u2122 es un revestimiento premium de acero para herramientas especialmente formulado para aplicaciones en herramientas de\" \/>\n<meta property=\"og:url\" content=\"https:\/\/www.mate.com\/es\/technical-resources\/punch-press-resources\/tips-techniques\/punching\/coatings\/\" \/>\n<meta property=\"og:site_name\" content=\"Mate\" \/>\n<meta property=\"article:publisher\" content=\"https:\/\/www.facebook.com\/MatePrecisionTechnologies\/\" \/>\n<meta property=\"article:modified_time\" content=\"2016-05-12T18:31:20+00:00\" \/>\n<meta property=\"og:image\" content=\"https:\/\/www.mate.com\/wp-content\/uploads\/2015\/09\/Maxima_Nitride_Chart1-e1444667121965.jpg\" \/>\n<meta name=\"twitter:card\" content=\"summary_large_image\" \/>\n<meta name=\"twitter:site\" content=\"@mateprecision\" \/>\n<meta name=\"twitter:label1\" content=\"Tiempo de lectura\" \/>\n\t<meta name=\"twitter:data1\" content=\"2 minutos\" \/>\n<script type=\"application\/ld+json\" class=\"yoast-schema-graph\">{\"@context\":\"https:\/\/schema.org\",\"@graph\":[{\"@type\":\"WebPage\",\"@id\":\"https:\/\/www.mate.com\/es\/technical-resources\/punch-press-resources\/tips-techniques\/punching\/coatings\/\",\"url\":\"https:\/\/www.mate.com\/es\/technical-resources\/punch-press-resources\/tips-techniques\/punching\/coatings\/\",\"name\":\"Coatings - Mate\",\"isPartOf\":{\"@id\":\"https:\/\/www.mate.com\/es\/#website\"},\"primaryImageOfPage\":{\"@id\":\"https:\/\/www.mate.com\/es\/technical-resources\/punch-press-resources\/tips-techniques\/punching\/coatings\/#primaryimage\"},\"image\":{\"@id\":\"https:\/\/www.mate.com\/es\/technical-resources\/punch-press-resources\/tips-techniques\/punching\/coatings\/#primaryimage\"},\"thumbnailUrl\":\"https:\/\/www.mate.com\/wp-content\/uploads\/2015\/09\/Maxima_Nitride_Chart1-e1444667121965.jpg\",\"datePublished\":\"2015-09-01T14:22:54+00:00\",\"dateModified\":\"2016-05-12T18:31:20+00:00\",\"description\":\"Recubrimiento Maxima\u2122 Maxima\u2122 es un revestimiento premium de acero para herramientas especialmente formulado para aplicaciones en herramientas de\",\"breadcrumb\":{\"@id\":\"https:\/\/www.mate.com\/es\/technical-resources\/punch-press-resources\/tips-techniques\/punching\/coatings\/#breadcrumb\"},\"inLanguage\":\"es\",\"potentialAction\":[{\"@type\":\"ReadAction\",\"target\":[\"https:\/\/www.mate.com\/es\/technical-resources\/punch-press-resources\/tips-techniques\/punching\/coatings\/\"]}]},{\"@type\":\"ImageObject\",\"inLanguage\":\"es\",\"@id\":\"https:\/\/www.mate.com\/es\/technical-resources\/punch-press-resources\/tips-techniques\/punching\/coatings\/#primaryimage\",\"url\":\"https:\/\/www.mate.com\/wp-content\/uploads\/2015\/09\/Maxima_Nitride_Chart1-e1444667121965.jpg\",\"contentUrl\":\"https:\/\/www.mate.com\/wp-content\/uploads\/2015\/09\/Maxima_Nitride_Chart1-e1444667121965.jpg\"},{\"@type\":\"BreadcrumbList\",\"@id\":\"https:\/\/www.mate.com\/es\/technical-resources\/punch-press-resources\/tips-techniques\/punching\/coatings\/#breadcrumb\",\"itemListElement\":[{\"@type\":\"ListItem\",\"position\":1,\"name\":\"Principal\",\"item\":\"https:\/\/www.mate.com\/es\/\/\"},{\"@type\":\"ListItem\",\"position\":2,\"name\":\"Recursos T\u00e9cnicos\",\"item\":\"https:\/\/www.mate.com\/es\/technical-resources\/\"},{\"@type\":\"ListItem\",\"position\":3,\"name\":\"Tips &#038; Techniques\",\"item\":\"https:\/\/www.mate.com\/es\/technical-resources\/tips-techniques\/\"},{\"@type\":\"ListItem\",\"position\":4,\"name\":\"Punzado\",\"item\":\"https:\/\/www.mate.com\/es\/technical-resources\/tips-techniques\/punching\/\"},{\"@type\":\"ListItem\",\"position\":5,\"name\":\"Coatings\"}]},{\"@type\":\"WebSite\",\"@id\":\"https:\/\/www.mate.com\/es\/#website\",\"url\":\"https:\/\/www.mate.com\/es\/\",\"name\":\"Mate\",\"description\":\"Respect Support Inspire\",\"potentialAction\":[{\"@type\":\"SearchAction\",\"target\":{\"@type\":\"EntryPoint\",\"urlTemplate\":\"https:\/\/www.mate.com\/es\/?s={search_term_string}\"},\"query-input\":{\"@type\":\"PropertyValueSpecification\",\"valueRequired\":true,\"valueName\":\"search_term_string\"}}],\"inLanguage\":\"es\"}]}<\/script>\n<!-- \/ Yoast SEO Premium plugin. -->","yoast_head_json":{"title":"Coatings - Mate","description":"Recubrimiento Maxima\u2122 Maxima\u2122 es un revestimiento premium de acero para herramientas especialmente formulado para aplicaciones en herramientas de","robots":{"index":"index","follow":"follow","max-snippet":"max-snippet:-1","max-image-preview":"max-image-preview:large","max-video-preview":"max-video-preview:-1"},"canonical":"https:\/\/www.mate.com\/es\/technical-resources\/punch-press-resources\/tips-techniques\/punching\/coatings\/","og_locale":"es_ES","og_type":"article","og_title":"Coatings","og_description":"Recubrimiento Maxima\u2122 Maxima\u2122 es un revestimiento premium de acero para herramientas especialmente formulado para aplicaciones en herramientas de","og_url":"https:\/\/www.mate.com\/es\/technical-resources\/punch-press-resources\/tips-techniques\/punching\/coatings\/","og_site_name":"Mate","article_publisher":"https:\/\/www.facebook.com\/MatePrecisionTechnologies\/","article_modified_time":"2016-05-12T18:31:20+00:00","og_image":[{"url":"https:\/\/www.mate.com\/wp-content\/uploads\/2015\/09\/Maxima_Nitride_Chart1-e1444667121965.jpg","type":"","width":"","height":""}],"twitter_card":"summary_large_image","twitter_site":"@mateprecision","twitter_misc":{"Tiempo de lectura":"2 minutos"},"schema":{"@context":"https:\/\/schema.org","@graph":[{"@type":"WebPage","@id":"https:\/\/www.mate.com\/es\/technical-resources\/punch-press-resources\/tips-techniques\/punching\/coatings\/","url":"https:\/\/www.mate.com\/es\/technical-resources\/punch-press-resources\/tips-techniques\/punching\/coatings\/","name":"Coatings - Mate","isPartOf":{"@id":"https:\/\/www.mate.com\/es\/#website"},"primaryImageOfPage":{"@id":"https:\/\/www.mate.com\/es\/technical-resources\/punch-press-resources\/tips-techniques\/punching\/coatings\/#primaryimage"},"image":{"@id":"https:\/\/www.mate.com\/es\/technical-resources\/punch-press-resources\/tips-techniques\/punching\/coatings\/#primaryimage"},"thumbnailUrl":"https:\/\/www.mate.com\/wp-content\/uploads\/2015\/09\/Maxima_Nitride_Chart1-e1444667121965.jpg","datePublished":"2015-09-01T14:22:54+00:00","dateModified":"2016-05-12T18:31:20+00:00","description":"Recubrimiento Maxima\u2122 Maxima\u2122 es un revestimiento premium de acero para herramientas especialmente formulado para aplicaciones en herramientas de","breadcrumb":{"@id":"https:\/\/www.mate.com\/es\/technical-resources\/punch-press-resources\/tips-techniques\/punching\/coatings\/#breadcrumb"},"inLanguage":"es","potentialAction":[{"@type":"ReadAction","target":["https:\/\/www.mate.com\/es\/technical-resources\/punch-press-resources\/tips-techniques\/punching\/coatings\/"]}]},{"@type":"ImageObject","inLanguage":"es","@id":"https:\/\/www.mate.com\/es\/technical-resources\/punch-press-resources\/tips-techniques\/punching\/coatings\/#primaryimage","url":"https:\/\/www.mate.com\/wp-content\/uploads\/2015\/09\/Maxima_Nitride_Chart1-e1444667121965.jpg","contentUrl":"https:\/\/www.mate.com\/wp-content\/uploads\/2015\/09\/Maxima_Nitride_Chart1-e1444667121965.jpg"},{"@type":"BreadcrumbList","@id":"https:\/\/www.mate.com\/es\/technical-resources\/punch-press-resources\/tips-techniques\/punching\/coatings\/#breadcrumb","itemListElement":[{"@type":"ListItem","position":1,"name":"Principal","item":"https:\/\/www.mate.com\/es\/\/"},{"@type":"ListItem","position":2,"name":"Recursos T\u00e9cnicos","item":"https:\/\/www.mate.com\/es\/technical-resources\/"},{"@type":"ListItem","position":3,"name":"Tips &#038; Techniques","item":"https:\/\/www.mate.com\/es\/technical-resources\/tips-techniques\/"},{"@type":"ListItem","position":4,"name":"Punzado","item":"https:\/\/www.mate.com\/es\/technical-resources\/tips-techniques\/punching\/"},{"@type":"ListItem","position":5,"name":"Coatings"}]},{"@type":"WebSite","@id":"https:\/\/www.mate.com\/es\/#website","url":"https:\/\/www.mate.com\/es\/","name":"Mate","description":"Respect Support Inspire","potentialAction":[{"@type":"SearchAction","target":{"@type":"EntryPoint","urlTemplate":"https:\/\/www.mate.com\/es\/?s={search_term_string}"},"query-input":{"@type":"PropertyValueSpecification","valueRequired":true,"valueName":"search_term_string"}}],"inLanguage":"es"}]}},"_links":{"self":[{"href":"https:\/\/www.mate.com\/es\/wp-json\/wp\/v2\/pages\/4854","targetHints":{"allow":["GET"]}}],"collection":[{"href":"https:\/\/www.mate.com\/es\/wp-json\/wp\/v2\/pages"}],"about":[{"href":"https:\/\/www.mate.com\/es\/wp-json\/wp\/v2\/types\/page"}],"author":[{"embeddable":true,"href":"https:\/\/www.mate.com\/es\/wp-json\/wp\/v2\/users\/5"}],"replies":[{"embeddable":true,"href":"https:\/\/www.mate.com\/es\/wp-json\/wp\/v2\/comments?post=4854"}],"version-history":[{"count":0,"href":"https:\/\/www.mate.com\/es\/wp-json\/wp\/v2\/pages\/4854\/revisions"}],"up":[{"embeddable":true,"href":"https:\/\/www.mate.com\/es\/wp-json\/wp\/v2\/pages\/4851"}],"wp:attachment":[{"href":"https:\/\/www.mate.com\/es\/wp-json\/wp\/v2\/media?parent=4854"}],"curies":[{"name":"wp","href":"https:\/\/api.w.org\/{rel}","templated":true}]}}