{"id":4851,"date":"2015-08-03T21:05:33","date_gmt":"2015-08-03T21:05:33","guid":{"rendered":"https:\/\/www.mate.com\/es\/technical-resources\/tips-techniques\/punching\/"},"modified":"2016-05-20T10:57:50","modified_gmt":"2016-05-20T15:57:50","slug":"punching","status":"publish","type":"page","link":"https:\/\/www.mate.com\/es\/technical-resources\/punch-press-resources\/tips-techniques\/punching\/","title":{"rendered":"Punzado"},"content":{"rendered":"<p>Existen varios factores que pueden afectar el desempe\u00f1o del punzonado y la calidad de la pieza. Para ayudarlo a mejorar su operaci\u00f3n, hemos recabado varios datos y t\u00e9cnicas de punzonado en esta secci\u00f3n.<\/p>\n<ul class=\"list-pages-shortcode child-pages\"><li class=\"page_item page-item-4853\"><a href=\"https:\/\/www.mate.com\/es\/technical-resources\/punch-press-resources\/tips-techniques\/punching\/calculating-punching-force\/\">Calculating Punching Force<\/a><\/li>\n<li class=\"page_item page-item-4854\"><a href=\"https:\/\/www.mate.com\/es\/technical-resources\/punch-press-resources\/tips-techniques\/punching\/coatings\/\">Coatings<\/a><\/li>\n<li class=\"page_item page-item-4855\"><a href=\"https:\/\/www.mate.com\/es\/technical-resources\/punch-press-resources\/tips-techniques\/punching\/die-clearance\/\">Holgura de La Matriz<\/a><\/li>\n<li class=\"page_item page-item-4856\"><a href=\"https:\/\/www.mate.com\/es\/technical-resources\/punch-press-resources\/tips-techniques\/punching\/guided-punches\/\">Guided Punches<\/a><\/li>\n<li class=\"page_item page-item-4857 page_item_has_children\"><a href=\"https:\/\/www.mate.com\/es\/technical-resources\/punch-press-resources\/tips-techniques\/punching\/punch-die-maintenance\/\">Punch &#038; Die Maintenance<\/a><\/li>\n<li class=\"page_item page-item-4889\"><a href=\"https:\/\/www.mate.com\/es\/technical-resources\/punch-press-resources\/tips-techniques\/punching\/shear-recommendations\/\">Shear Recommendations<\/a><\/li>\n<li class=\"page_item page-item-4890 page_item_has_children\"><a href=\"https:\/\/www.mate.com\/es\/technical-resources\/punch-press-resources\/tips-techniques\/punching\/techniques\/\">Techniques<\/a><\/li>\n<\/ul>\n","protected":false},"excerpt":{"rendered":"<p>Existen varios factores que pueden afectar el desempe\u00f1o del punzonado y la calidad de la pieza. Para ayudarlo a mejorar su operaci\u00f3n, hemos recabado varios datos y t\u00e9cnicas de punzonado en esta secci\u00f3n.<\/p>\n","protected":false},"author":1,"featured_media":0,"parent":4844,"menu_order":778,"comment_status":"closed","ping_status":"closed","template":"","meta":{"_acf_changed":false,"_monsterinsights_skip_tracking":false,"_monsterinsights_sitenote_active":false,"_monsterinsights_sitenote_note":"","_monsterinsights_sitenote_category":0,"footnotes":""},"class_list":["post-4851","page","type-page","status-publish","hentry"],"acf":[],"yoast_head":"<!-- This site is optimized with the Yoast SEO Premium plugin v27.2 (Yoast SEO v27.2) - https:\/\/yoast.com\/product\/yoast-seo-premium-wordpress\/ -->\n<title>Punzado - Mate<\/title>\n<meta name=\"description\" content=\"Existen varios factores que pueden afectar el desempe\u00f1o del punzonado y la calidad de la pieza. Para ayudarlo a mejorar su operaci\u00f3n, hemos recabado\" \/>\n<meta name=\"robots\" content=\"index, follow, max-snippet:-1, max-image-preview:large, max-video-preview:-1\" \/>\n<link rel=\"canonical\" href=\"https:\/\/www.mate.com\/es\/technical-resources\/punch-press-resources\/tips-techniques\/punching\/\" \/>\n<meta property=\"og:locale\" content=\"es_ES\" \/>\n<meta property=\"og:type\" content=\"article\" \/>\n<meta property=\"og:title\" content=\"Punzado\" \/>\n<meta property=\"og:description\" content=\"Existen varios factores que pueden afectar el desempe\u00f1o del punzonado y la calidad de la pieza. Para ayudarlo a mejorar su operaci\u00f3n, hemos recabado\" \/>\n<meta property=\"og:url\" content=\"https:\/\/www.mate.com\/es\/technical-resources\/punch-press-resources\/tips-techniques\/punching\/\" \/>\n<meta property=\"og:site_name\" content=\"Mate\" \/>\n<meta property=\"article:publisher\" content=\"https:\/\/www.facebook.com\/MatePrecisionTechnologies\/\" \/>\n<meta property=\"article:modified_time\" content=\"2016-05-20T15:57:50+00:00\" \/>\n<meta name=\"twitter:card\" content=\"summary_large_image\" \/>\n<meta name=\"twitter:site\" content=\"@mateprecision\" \/>\n<script type=\"application\/ld+json\" class=\"yoast-schema-graph\">{\"@context\":\"https:\/\/schema.org\",\"@graph\":[{\"@type\":\"WebPage\",\"@id\":\"https:\/\/www.mate.com\/es\/technical-resources\/punch-press-resources\/tips-techniques\/punching\/\",\"url\":\"https:\/\/www.mate.com\/es\/technical-resources\/punch-press-resources\/tips-techniques\/punching\/\",\"name\":\"Punzado - Mate\",\"isPartOf\":{\"@id\":\"https:\/\/www.mate.com\/es\/#website\"},\"datePublished\":\"2015-08-03T21:05:33+00:00\",\"dateModified\":\"2016-05-20T15:57:50+00:00\",\"description\":\"Existen varios factores que pueden afectar el desempe\u00f1o del punzonado y la calidad de la pieza. Para ayudarlo a mejorar su operaci\u00f3n, hemos recabado\",\"breadcrumb\":{\"@id\":\"https:\/\/www.mate.com\/es\/technical-resources\/punch-press-resources\/tips-techniques\/punching\/#breadcrumb\"},\"inLanguage\":\"es\",\"potentialAction\":[{\"@type\":\"ReadAction\",\"target\":[\"https:\/\/www.mate.com\/es\/technical-resources\/punch-press-resources\/tips-techniques\/punching\/\"]}]},{\"@type\":\"BreadcrumbList\",\"@id\":\"https:\/\/www.mate.com\/es\/technical-resources\/punch-press-resources\/tips-techniques\/punching\/#breadcrumb\",\"itemListElement\":[{\"@type\":\"ListItem\",\"position\":1,\"name\":\"Principal\",\"item\":\"https:\/\/www.mate.com\/es\/\/\"},{\"@type\":\"ListItem\",\"position\":2,\"name\":\"Recursos T\u00e9cnicos\",\"item\":\"https:\/\/www.mate.com\/es\/technical-resources\/\"},{\"@type\":\"ListItem\",\"position\":3,\"name\":\"Tips &#038; Techniques\",\"item\":\"https:\/\/www.mate.com\/es\/technical-resources\/tips-techniques\/\"},{\"@type\":\"ListItem\",\"position\":4,\"name\":\"Punzado\"}]},{\"@type\":\"WebSite\",\"@id\":\"https:\/\/www.mate.com\/es\/#website\",\"url\":\"https:\/\/www.mate.com\/es\/\",\"name\":\"Mate\",\"description\":\"Respect Support Inspire\",\"potentialAction\":[{\"@type\":\"SearchAction\",\"target\":{\"@type\":\"EntryPoint\",\"urlTemplate\":\"https:\/\/www.mate.com\/es\/?s={search_term_string}\"},\"query-input\":{\"@type\":\"PropertyValueSpecification\",\"valueRequired\":true,\"valueName\":\"search_term_string\"}}],\"inLanguage\":\"es\"}]}<\/script>\n<!-- \/ Yoast SEO Premium plugin. -->","yoast_head_json":{"title":"Punzado - Mate","description":"Existen varios factores que pueden afectar el desempe\u00f1o del punzonado y la calidad de la pieza. Para ayudarlo a mejorar su operaci\u00f3n, hemos recabado","robots":{"index":"index","follow":"follow","max-snippet":"max-snippet:-1","max-image-preview":"max-image-preview:large","max-video-preview":"max-video-preview:-1"},"canonical":"https:\/\/www.mate.com\/es\/technical-resources\/punch-press-resources\/tips-techniques\/punching\/","og_locale":"es_ES","og_type":"article","og_title":"Punzado","og_description":"Existen varios factores que pueden afectar el desempe\u00f1o del punzonado y la calidad de la pieza. Para ayudarlo a mejorar su operaci\u00f3n, hemos recabado","og_url":"https:\/\/www.mate.com\/es\/technical-resources\/punch-press-resources\/tips-techniques\/punching\/","og_site_name":"Mate","article_publisher":"https:\/\/www.facebook.com\/MatePrecisionTechnologies\/","article_modified_time":"2016-05-20T15:57:50+00:00","twitter_card":"summary_large_image","twitter_site":"@mateprecision","schema":{"@context":"https:\/\/schema.org","@graph":[{"@type":"WebPage","@id":"https:\/\/www.mate.com\/es\/technical-resources\/punch-press-resources\/tips-techniques\/punching\/","url":"https:\/\/www.mate.com\/es\/technical-resources\/punch-press-resources\/tips-techniques\/punching\/","name":"Punzado - Mate","isPartOf":{"@id":"https:\/\/www.mate.com\/es\/#website"},"datePublished":"2015-08-03T21:05:33+00:00","dateModified":"2016-05-20T15:57:50+00:00","description":"Existen varios factores que pueden afectar el desempe\u00f1o del punzonado y la calidad de la pieza. Para ayudarlo a mejorar su operaci\u00f3n, hemos recabado","breadcrumb":{"@id":"https:\/\/www.mate.com\/es\/technical-resources\/punch-press-resources\/tips-techniques\/punching\/#breadcrumb"},"inLanguage":"es","potentialAction":[{"@type":"ReadAction","target":["https:\/\/www.mate.com\/es\/technical-resources\/punch-press-resources\/tips-techniques\/punching\/"]}]},{"@type":"BreadcrumbList","@id":"https:\/\/www.mate.com\/es\/technical-resources\/punch-press-resources\/tips-techniques\/punching\/#breadcrumb","itemListElement":[{"@type":"ListItem","position":1,"name":"Principal","item":"https:\/\/www.mate.com\/es\/\/"},{"@type":"ListItem","position":2,"name":"Recursos T\u00e9cnicos","item":"https:\/\/www.mate.com\/es\/technical-resources\/"},{"@type":"ListItem","position":3,"name":"Tips &#038; Techniques","item":"https:\/\/www.mate.com\/es\/technical-resources\/tips-techniques\/"},{"@type":"ListItem","position":4,"name":"Punzado"}]},{"@type":"WebSite","@id":"https:\/\/www.mate.com\/es\/#website","url":"https:\/\/www.mate.com\/es\/","name":"Mate","description":"Respect Support Inspire","potentialAction":[{"@type":"SearchAction","target":{"@type":"EntryPoint","urlTemplate":"https:\/\/www.mate.com\/es\/?s={search_term_string}"},"query-input":{"@type":"PropertyValueSpecification","valueRequired":true,"valueName":"search_term_string"}}],"inLanguage":"es"}]}},"_links":{"self":[{"href":"https:\/\/www.mate.com\/es\/wp-json\/wp\/v2\/pages\/4851","targetHints":{"allow":["GET"]}}],"collection":[{"href":"https:\/\/www.mate.com\/es\/wp-json\/wp\/v2\/pages"}],"about":[{"href":"https:\/\/www.mate.com\/es\/wp-json\/wp\/v2\/types\/page"}],"author":[{"embeddable":true,"href":"https:\/\/www.mate.com\/es\/wp-json\/wp\/v2\/users\/1"}],"replies":[{"embeddable":true,"href":"https:\/\/www.mate.com\/es\/wp-json\/wp\/v2\/comments?post=4851"}],"version-history":[{"count":0,"href":"https:\/\/www.mate.com\/es\/wp-json\/wp\/v2\/pages\/4851\/revisions"}],"up":[{"embeddable":true,"href":"https:\/\/www.mate.com\/es\/wp-json\/wp\/v2\/pages\/4844"}],"wp:attachment":[{"href":"https:\/\/www.mate.com\/es\/wp-json\/wp\/v2\/media?parent=4851"}],"curies":[{"name":"wp","href":"https:\/\/api.w.org\/{rel}","templated":true}]}}