{"id":4850,"date":"2015-09-01T13:56:43","date_gmt":"2015-09-01T13:56:43","guid":{"rendered":"https:\/\/www.mate.com\/es\/technical-resources\/tips-techniques\/materials\/punching-different-materials\/"},"modified":"2016-05-20T10:56:12","modified_gmt":"2016-05-20T15:56:12","slug":"punching-different-materials","status":"publish","type":"page","link":"https:\/\/www.mate.com\/es\/technical-resources\/punch-press-resources\/tips-techniques\/materials\/punching-different-materials\/","title":{"rendered":"Punzonado de Distintos Materiales"},"content":{"rendered":"<h2>Punzonado de materiales gruesos \u2013 Mas de 0,157(4,00)<\/h2>\n<ul>\n<li>Utilice punzones y matrices afilados \u2013 afile cuando el borde de corte tiene a 0,003 \u2013 0,005 (0,07 \u2013 0,13) de radio, el correcto afilado es cr\u00edtico<\/li>\n<li>Holgura de 25-30% del espesor del material (ver el cuadro de holgura de matrices)<\/li>\n<li>Conicidad negativa de alta resistencia en punzones<\/li>\n<li>Punzonar hasta un espesor de material de 1:1 (m\u00ednimo)<\/li>\n<li>Tama\u00f1o m\u00ednimo de punz\u00f3n de 0,250(6,40)<\/li>\n<li>0,020(0,50) de radio en todas las esquinas de punzonado<\/li>\n<li>Inspeccione las herramientas con frecuencia para comprobar si hay desgaste<\/li>\n<li>Lubrique la l\u00e1mina, el punz\u00f3n y la gu\u00eda<\/li>\n<li>Lubrique la l\u00e1mina, el punz\u00f3n y la gu\u00eda<\/li>\n<li>Se debe tener especial cuidado en NO exceder la capacidad de la punzonadora (tonelaje) cuando se punzonan formas grandes; para mejores resultados, use el 80% de la capacidad de la punzonadora.<\/li>\n<li>Se recomienda punzonar \u00aben puente\u00bb ya que esto mantendr\u00e1 una carga balanceada en el punz\u00f3n<\/li>\n<li>NO se recomienda el ro\u00eddo, si debe roer, use 70% m\u00ednimo del largo del punz\u00f3n, NO realice el ro\u00eddo con el ancho del punz\u00f3n.<\/li>\n<li>Se recomienda usar herramental de alta resistencia; (Estilo 114 y ULTRA TEC\u00ae disponibles)<\/li>\n<li>Use punzones recubiertos de Maxima\u2122<\/li>\n<li>Use un punz\u00f3n de afilado especial (los punzones de afilado son los mejores para minimizar el tonelaje cuando se hacen piezas con matriz ciega). Ventajas de usar un punz\u00f3n de afilado:\n<ul>\n<li>Reduce el tonelaje<\/li>\n<li>Reducci\u00f3n de ruido<\/li>\n<li>Control de desechos<\/li>\n<li>Menor carga de impacto<\/li>\n<li>Mejor extracci\u00f3n<\/li>\n<\/ul>\n<\/li>\n<\/ul>\n<h2>Ventajas del herramental de alta resistencia<\/h2>\n<ul>\n<li>1\u00ba conicidad negativa (por lado) en los punzones<\/li>\n<li><span style=\"line-height: 1.5;\">Dise\u00f1o de matriz de alta resistencia SLUG FREE\u00ae <\/span><\/li>\n<li>Resortes de alta resistencia (porta-herramientas ULTRA TEC\u00ae)<\/li>\n<li>Afilado convexo o \u00abde techo\u00bb; estaci\u00f3n D y m\u00e1s grande (114); estaci\u00f3n B y m\u00e1s grande (ULTRA TEC)<\/li>\n<li>Radio en todos las esquinas de 90\u00b0 para mejorar la fuerza de las esquinas<\/li>\n<li>Acero para herramientas premium M2 ( punzones ULTRA TEC)<\/li>\n<li>Ajuste de largo r\u00e1pido (ULTRA TEC)\u2022<\/li>\n<li>Cambio de herramienta r\u00e1pido (ULTRA TEC)<\/li>\n<li>Opci\u00f3n de recubrimiento Maxima\u2122 (solo para punzones M2 ULTRA TEC)<\/li>\n<\/ul>\n<h2>Punzonado de materiales delgados \u2013 Menos de 0,020(0,50)<\/h2>\n<ul>\n<li>Use punzones afilados y matrices<\/li>\n<li>Use la holgura de matriz apropiada<\/li>\n<li>Use matrices livianas Slug Free<\/li>\n<li>Verifique que la alineaci\u00f3n de las herramientas sea correcta<\/li>\n<li>Use una tolerancia de punto especial para el punz\u00f3n y el extractor<\/li>\n<li>Use la penetraci\u00f3n correcta de la matriz<\/li>\n<li>Use gu\u00edas en buenas condiciones<\/li>\n<li>Use punzones totalmente guiados<\/li>\n<li>Desmagnetize el herramental despu\u00e9s de afilarlo para evitar el regreso de desechos<\/li>\n<li>Use punzones recubiertos con Maxima\u2122 o tratados con nitruro<\/li>\n<li>Evite el uso de adaptadores de matrices<\/li>\n<li>Use matrices SLUG FREE\u00ae para reducir el regreso de desechos (cuando se usan matrices ciegas es ventajoso no usar matrices SLUG FREE)<\/li>\n<li>Use eyectores de desechos para materiales delgados.<\/li>\n<li>Dentro de lo posible evite el uso de adaptadores de estaci\u00f3n<\/li>\n<li>Use herramientas de recorte m\u00e1s cortas<\/li>\n<\/ul>\n<h2>Punzonado de materiales no met\u00e1licos<\/h2>\n<ul>\n<li><span style=\"line-height: 1.5;\">Use punzones afilados y matrices<\/span><\/li>\n<li>Reduzca la holgura de la matriz de un 5% a un 8%<\/li>\n<li>Haga funcionar la m\u00e1quina en el ciclo lento<\/li>\n<li>Lubrique el pl\u00e1stico duro de ser posible<\/li>\n<li>Use punzones recubiertos de Maxima\u2122<\/li>\n<li>Si aparecen marcas use pa\u00f1os de uretano<\/li>\n<li>Sostenga el material delgado cuando sea posible<\/li>\n<\/ul>\n","protected":false},"excerpt":{"rendered":"<p>Punzonado de materiales gruesos \u2013 Mas de 0,157(4,00) Utilice punzones y matrices afilados \u2013 afile cuando el borde de corte tiene a 0,003 \u2013 0,005 (0,07 \u2013 0,13) de radio, el correcto afilado es cr\u00edtico Holgura de 25-30% del espesor del material (ver el cuadro de holgura de matrices) Conicidad negativa de alta resistencia en [&hellip;]<\/p>\n","protected":false},"author":5,"featured_media":0,"parent":4849,"menu_order":589,"comment_status":"closed","ping_status":"closed","template":"","meta":{"_acf_changed":false,"_monsterinsights_skip_tracking":false,"_monsterinsights_sitenote_active":false,"_monsterinsights_sitenote_note":"","_monsterinsights_sitenote_category":0,"footnotes":""},"class_list":["post-4850","page","type-page","status-publish","hentry"],"acf":[],"yoast_head":"<!-- This site is optimized with the Yoast SEO Premium plugin v27.2 (Yoast SEO v27.2) - https:\/\/yoast.com\/product\/yoast-seo-premium-wordpress\/ -->\n<title>Punzonado de Distintos Materiales - Mate<\/title>\n<meta name=\"description\" content=\"Punzonado de materiales gruesos \u2013 Mas de 0,157(4,00) Utilice punzones y matrices afilados \u2013 afile cuando el borde de corte tiene a 0,003 \u2013 0,005 (0,07 \u2013\" \/>\n<meta name=\"robots\" content=\"index, follow, max-snippet:-1, max-image-preview:large, max-video-preview:-1\" \/>\n<link rel=\"canonical\" href=\"https:\/\/www.mate.com\/es\/technical-resources\/punch-press-resources\/tips-techniques\/materials\/punching-different-materials\/\" \/>\n<meta property=\"og:locale\" content=\"es_ES\" \/>\n<meta property=\"og:type\" content=\"article\" \/>\n<meta property=\"og:title\" content=\"Punzonado de Distintos Materiales\" \/>\n<meta property=\"og:description\" content=\"Punzonado de materiales gruesos \u2013 Mas de 0,157(4,00) Utilice punzones y matrices afilados \u2013 afile cuando el borde de corte tiene a 0,003 \u2013 0,005 (0,07 \u2013\" \/>\n<meta property=\"og:url\" content=\"https:\/\/www.mate.com\/es\/technical-resources\/punch-press-resources\/tips-techniques\/materials\/punching-different-materials\/\" \/>\n<meta property=\"og:site_name\" content=\"Mate\" \/>\n<meta property=\"article:publisher\" content=\"https:\/\/www.facebook.com\/MatePrecisionTechnologies\/\" \/>\n<meta property=\"article:modified_time\" content=\"2016-05-20T15:56:12+00:00\" \/>\n<meta name=\"twitter:card\" content=\"summary_large_image\" \/>\n<meta name=\"twitter:site\" content=\"@mateprecision\" \/>\n<meta name=\"twitter:label1\" content=\"Tiempo de lectura\" \/>\n\t<meta name=\"twitter:data1\" content=\"3 minutos\" \/>\n<script type=\"application\/ld+json\" class=\"yoast-schema-graph\">{\"@context\":\"https:\/\/schema.org\",\"@graph\":[{\"@type\":\"WebPage\",\"@id\":\"https:\/\/www.mate.com\/es\/technical-resources\/punch-press-resources\/tips-techniques\/materials\/punching-different-materials\/\",\"url\":\"https:\/\/www.mate.com\/es\/technical-resources\/punch-press-resources\/tips-techniques\/materials\/punching-different-materials\/\",\"name\":\"Punzonado de Distintos Materiales - Mate\",\"isPartOf\":{\"@id\":\"https:\/\/www.mate.com\/es\/#website\"},\"datePublished\":\"2015-09-01T13:56:43+00:00\",\"dateModified\":\"2016-05-20T15:56:12+00:00\",\"description\":\"Punzonado de materiales gruesos \u2013 Mas de 0,157(4,00) Utilice punzones y matrices afilados \u2013 afile cuando el borde de corte tiene a 0,003 \u2013 0,005 (0,07 \u2013\",\"breadcrumb\":{\"@id\":\"https:\/\/www.mate.com\/es\/technical-resources\/punch-press-resources\/tips-techniques\/materials\/punching-different-materials\/#breadcrumb\"},\"inLanguage\":\"es\",\"potentialAction\":[{\"@type\":\"ReadAction\",\"target\":[\"https:\/\/www.mate.com\/es\/technical-resources\/punch-press-resources\/tips-techniques\/materials\/punching-different-materials\/\"]}]},{\"@type\":\"BreadcrumbList\",\"@id\":\"https:\/\/www.mate.com\/es\/technical-resources\/punch-press-resources\/tips-techniques\/materials\/punching-different-materials\/#breadcrumb\",\"itemListElement\":[{\"@type\":\"ListItem\",\"position\":1,\"name\":\"Principal\",\"item\":\"https:\/\/www.mate.com\/es\/\/\"},{\"@type\":\"ListItem\",\"position\":2,\"name\":\"Recursos T\u00e9cnicos\",\"item\":\"https:\/\/www.mate.com\/es\/technical-resources\/\"},{\"@type\":\"ListItem\",\"position\":3,\"name\":\"Tips &#038; Techniques\",\"item\":\"https:\/\/www.mate.com\/es\/technical-resources\/tips-techniques\/\"},{\"@type\":\"ListItem\",\"position\":4,\"name\":\"Materiales\",\"item\":\"https:\/\/www.mate.com\/es\/technical-resources\/tips-techniques\/materials\/\"},{\"@type\":\"ListItem\",\"position\":5,\"name\":\"Punzonado de Distintos Materiales\"}]},{\"@type\":\"WebSite\",\"@id\":\"https:\/\/www.mate.com\/es\/#website\",\"url\":\"https:\/\/www.mate.com\/es\/\",\"name\":\"Mate\",\"description\":\"Respect Support Inspire\",\"potentialAction\":[{\"@type\":\"SearchAction\",\"target\":{\"@type\":\"EntryPoint\",\"urlTemplate\":\"https:\/\/www.mate.com\/es\/?s={search_term_string}\"},\"query-input\":{\"@type\":\"PropertyValueSpecification\",\"valueRequired\":true,\"valueName\":\"search_term_string\"}}],\"inLanguage\":\"es\"}]}<\/script>\n<!-- \/ Yoast SEO Premium plugin. -->","yoast_head_json":{"title":"Punzonado de Distintos Materiales - Mate","description":"Punzonado de materiales gruesos \u2013 Mas de 0,157(4,00) Utilice punzones y matrices afilados \u2013 afile cuando el borde de corte tiene a 0,003 \u2013 0,005 (0,07 \u2013","robots":{"index":"index","follow":"follow","max-snippet":"max-snippet:-1","max-image-preview":"max-image-preview:large","max-video-preview":"max-video-preview:-1"},"canonical":"https:\/\/www.mate.com\/es\/technical-resources\/punch-press-resources\/tips-techniques\/materials\/punching-different-materials\/","og_locale":"es_ES","og_type":"article","og_title":"Punzonado de Distintos Materiales","og_description":"Punzonado de materiales gruesos \u2013 Mas de 0,157(4,00) Utilice punzones y matrices afilados \u2013 afile cuando el borde de corte tiene a 0,003 \u2013 0,005 (0,07 \u2013","og_url":"https:\/\/www.mate.com\/es\/technical-resources\/punch-press-resources\/tips-techniques\/materials\/punching-different-materials\/","og_site_name":"Mate","article_publisher":"https:\/\/www.facebook.com\/MatePrecisionTechnologies\/","article_modified_time":"2016-05-20T15:56:12+00:00","twitter_card":"summary_large_image","twitter_site":"@mateprecision","twitter_misc":{"Tiempo de lectura":"3 minutos"},"schema":{"@context":"https:\/\/schema.org","@graph":[{"@type":"WebPage","@id":"https:\/\/www.mate.com\/es\/technical-resources\/punch-press-resources\/tips-techniques\/materials\/punching-different-materials\/","url":"https:\/\/www.mate.com\/es\/technical-resources\/punch-press-resources\/tips-techniques\/materials\/punching-different-materials\/","name":"Punzonado de Distintos Materiales - Mate","isPartOf":{"@id":"https:\/\/www.mate.com\/es\/#website"},"datePublished":"2015-09-01T13:56:43+00:00","dateModified":"2016-05-20T15:56:12+00:00","description":"Punzonado de materiales gruesos \u2013 Mas de 0,157(4,00) Utilice punzones y matrices afilados \u2013 afile cuando el borde de corte tiene a 0,003 \u2013 0,005 (0,07 \u2013","breadcrumb":{"@id":"https:\/\/www.mate.com\/es\/technical-resources\/punch-press-resources\/tips-techniques\/materials\/punching-different-materials\/#breadcrumb"},"inLanguage":"es","potentialAction":[{"@type":"ReadAction","target":["https:\/\/www.mate.com\/es\/technical-resources\/punch-press-resources\/tips-techniques\/materials\/punching-different-materials\/"]}]},{"@type":"BreadcrumbList","@id":"https:\/\/www.mate.com\/es\/technical-resources\/punch-press-resources\/tips-techniques\/materials\/punching-different-materials\/#breadcrumb","itemListElement":[{"@type":"ListItem","position":1,"name":"Principal","item":"https:\/\/www.mate.com\/es\/\/"},{"@type":"ListItem","position":2,"name":"Recursos T\u00e9cnicos","item":"https:\/\/www.mate.com\/es\/technical-resources\/"},{"@type":"ListItem","position":3,"name":"Tips &#038; Techniques","item":"https:\/\/www.mate.com\/es\/technical-resources\/tips-techniques\/"},{"@type":"ListItem","position":4,"name":"Materiales","item":"https:\/\/www.mate.com\/es\/technical-resources\/tips-techniques\/materials\/"},{"@type":"ListItem","position":5,"name":"Punzonado de Distintos Materiales"}]},{"@type":"WebSite","@id":"https:\/\/www.mate.com\/es\/#website","url":"https:\/\/www.mate.com\/es\/","name":"Mate","description":"Respect Support Inspire","potentialAction":[{"@type":"SearchAction","target":{"@type":"EntryPoint","urlTemplate":"https:\/\/www.mate.com\/es\/?s={search_term_string}"},"query-input":{"@type":"PropertyValueSpecification","valueRequired":true,"valueName":"search_term_string"}}],"inLanguage":"es"}]}},"_links":{"self":[{"href":"https:\/\/www.mate.com\/es\/wp-json\/wp\/v2\/pages\/4850","targetHints":{"allow":["GET"]}}],"collection":[{"href":"https:\/\/www.mate.com\/es\/wp-json\/wp\/v2\/pages"}],"about":[{"href":"https:\/\/www.mate.com\/es\/wp-json\/wp\/v2\/types\/page"}],"author":[{"embeddable":true,"href":"https:\/\/www.mate.com\/es\/wp-json\/wp\/v2\/users\/5"}],"replies":[{"embeddable":true,"href":"https:\/\/www.mate.com\/es\/wp-json\/wp\/v2\/comments?post=4850"}],"version-history":[{"count":0,"href":"https:\/\/www.mate.com\/es\/wp-json\/wp\/v2\/pages\/4850\/revisions"}],"up":[{"embeddable":true,"href":"https:\/\/www.mate.com\/es\/wp-json\/wp\/v2\/pages\/4849"}],"wp:attachment":[{"href":"https:\/\/www.mate.com\/es\/wp-json\/wp\/v2\/media?parent=4850"}],"curies":[{"name":"wp","href":"https:\/\/api.w.org\/{rel}","templated":true}]}}