{"id":31526,"date":"2017-07-31T10:18:15","date_gmt":"2017-07-31T15:18:15","guid":{"rendered":"https:\/\/www.mate.com\/technical-resources\/press-brake-tooling\/find-part-numbers\/"},"modified":"2026-02-27T09:43:45","modified_gmt":"2026-02-27T15:43:45","slug":"find-part-numbers","status":"publish","type":"page","link":"https:\/\/www.mate.com\/es\/technical-resources\/press-brake-tooling\/find-part-numbers\/","title":{"rendered":"Buscar N\u00fameros de Parte"},"content":{"rendered":"<div class=\"text-base my-auto mx-auto [--thread-content-margin:--spacing(4)] @w-sm\/main:[--thread-content-margin:--spacing(6)] @w-lg\/main:[--thread-content-margin:--spacing(16)] px-(--thread-content-margin)\">\n<div class=\"[--thread-content-max-width:40rem] @w-lg\/main:[--thread-content-max-width:48rem] mx-auto max-w-(--thread-content-max-width) flex-1 group\/turn-messages focus-visible:outline-hidden relative flex w-full min-w-0 flex-col agent-turn\" tabindex=\"-1\">\n<div class=\"flex max-w-full flex-col grow\">\n<div class=\"min-h-8 text-message relative flex w-full flex-col items-end gap-2 text-start break-words whitespace-normal [.text-message+&amp;]:mt-1\" dir=\"auto\" data-message-author-role=\"assistant\" data-message-id=\"a6add84a-c698-4d27-8457-e7d21d337dca\" data-message-model-slug=\"gpt-5-2\">\n<div class=\"flex w-full flex-col gap-1 empty:hidden first:pt-[1px]\">\n<div class=\"markdown prose dark:prose-invert w-full wrap-break-word light markdown-new-styling\">\n<p data-start=\"0\" data-end=\"125\" data-is-last-node=\"\" data-is-only-node=\"\">Encuentre los n\u00fameros de parte de Mate Press Brake a partir del n\u00famero de parte del fabricante y\/o de otras especificaciones.<\/p>\n<\/div>\n<\/div>\n<\/div>\n<\/div>\n<div class=\"z-0 flex min-h-[46px] justify-start\"><\/div>\n<\/div>\n<\/div>\n","protected":false},"excerpt":{"rendered":"<p>Encuentre los n\u00fameros de parte de Mate Press Brake a partir del n\u00famero de parte del fabricante y\/o de otras especificaciones.<\/p>\n","protected":false},"author":1,"featured_media":0,"parent":6615,"menu_order":883,"comment_status":"closed","ping_status":"closed","template":"","meta":{"_acf_changed":false,"_monsterinsights_skip_tracking":false,"_monsterinsights_sitenote_active":false,"_monsterinsights_sitenote_note":"","_monsterinsights_sitenote_category":0,"footnotes":""},"class_list":["post-31526","page","type-page","status-publish","hentry"],"acf":[],"yoast_head":"<!-- This site is optimized with the Yoast SEO Premium plugin v27.2 (Yoast SEO v27.2) - https:\/\/yoast.com\/product\/yoast-seo-premium-wordpress\/ -->\n<title>Buscar N\u00fameros de Parte - Mate<\/title>\n<meta name=\"description\" content=\"Encuentre los n\u00fameros de parte de Mate Press Brake a partir del n\u00famero de parte del fabricante y\/o de otras especificaciones.\" \/>\n<meta name=\"robots\" content=\"index, follow, max-snippet:-1, max-image-preview:large, max-video-preview:-1\" \/>\n<link rel=\"canonical\" href=\"https:\/\/www.mate.com\/es\/technical-resources\/press-brake-tooling\/find-part-numbers\/\" \/>\n<meta property=\"og:locale\" content=\"es_ES\" \/>\n<meta property=\"og:type\" content=\"article\" \/>\n<meta property=\"og:title\" content=\"Buscar N\u00fameros de Parte\" \/>\n<meta property=\"og:description\" content=\"Encuentre los n\u00fameros de parte de Mate Press Brake a partir del n\u00famero de parte del fabricante y\/o de otras especificaciones.\" \/>\n<meta property=\"og:url\" content=\"https:\/\/www.mate.com\/es\/technical-resources\/press-brake-tooling\/find-part-numbers\/\" \/>\n<meta property=\"og:site_name\" content=\"Mate\" \/>\n<meta property=\"article:publisher\" content=\"https:\/\/www.facebook.com\/MatePrecisionTechnologies\/\" \/>\n<meta property=\"article:modified_time\" content=\"2026-02-27T15:43:45+00:00\" \/>\n<meta name=\"twitter:card\" content=\"summary_large_image\" \/>\n<meta name=\"twitter:site\" content=\"@mateprecision\" \/>\n<meta name=\"twitter:label1\" content=\"Tiempo de lectura\" \/>\n\t<meta name=\"twitter:data1\" content=\"1 minuto\" \/>\n<script type=\"application\/ld+json\" class=\"yoast-schema-graph\">{\"@context\":\"https:\/\/schema.org\",\"@graph\":[{\"@type\":\"WebPage\",\"@id\":\"https:\/\/www.mate.com\/es\/technical-resources\/press-brake-tooling\/find-part-numbers\/\",\"url\":\"https:\/\/www.mate.com\/es\/technical-resources\/press-brake-tooling\/find-part-numbers\/\",\"name\":\"Buscar N\u00fameros de Parte - Mate\",\"isPartOf\":{\"@id\":\"https:\/\/www.mate.com\/es\/#website\"},\"datePublished\":\"2017-07-31T15:18:15+00:00\",\"dateModified\":\"2026-02-27T15:43:45+00:00\",\"description\":\"Encuentre los n\u00fameros de parte de Mate Press Brake a partir del n\u00famero de parte del fabricante y\/o de otras especificaciones.\",\"breadcrumb\":{\"@id\":\"https:\/\/www.mate.com\/es\/technical-resources\/press-brake-tooling\/find-part-numbers\/#breadcrumb\"},\"inLanguage\":\"es\",\"potentialAction\":[{\"@type\":\"ReadAction\",\"target\":[\"https:\/\/www.mate.com\/es\/technical-resources\/press-brake-tooling\/find-part-numbers\/\"]}]},{\"@type\":\"BreadcrumbList\",\"@id\":\"https:\/\/www.mate.com\/es\/technical-resources\/press-brake-tooling\/find-part-numbers\/#breadcrumb\",\"itemListElement\":[{\"@type\":\"ListItem\",\"position\":1,\"name\":\"Principal\",\"item\":\"https:\/\/www.mate.com\/es\/\/\"},{\"@type\":\"ListItem\",\"position\":2,\"name\":\"Recursos T\u00e9cnicos\",\"item\":\"https:\/\/www.mate.com\/es\/technical-resources\/\"},{\"@type\":\"ListItem\",\"position\":3,\"name\":\"Herramental Para Dobladoras\",\"item\":\"https:\/\/www.mate.com\/es\/technical-resources\/press-brake-tooling\/\"},{\"@type\":\"ListItem\",\"position\":4,\"name\":\"Buscar N\u00fameros de Parte\"}]},{\"@type\":\"WebSite\",\"@id\":\"https:\/\/www.mate.com\/es\/#website\",\"url\":\"https:\/\/www.mate.com\/es\/\",\"name\":\"Mate\",\"description\":\"Respect Support Inspire\",\"potentialAction\":[{\"@type\":\"SearchAction\",\"target\":{\"@type\":\"EntryPoint\",\"urlTemplate\":\"https:\/\/www.mate.com\/es\/?s={search_term_string}\"},\"query-input\":{\"@type\":\"PropertyValueSpecification\",\"valueRequired\":true,\"valueName\":\"search_term_string\"}}],\"inLanguage\":\"es\"}]}<\/script>\n<!-- \/ Yoast SEO Premium plugin. -->","yoast_head_json":{"title":"Buscar N\u00fameros de Parte - Mate","description":"Encuentre los n\u00fameros de parte de Mate Press Brake a partir del n\u00famero de parte del fabricante y\/o de otras especificaciones.","robots":{"index":"index","follow":"follow","max-snippet":"max-snippet:-1","max-image-preview":"max-image-preview:large","max-video-preview":"max-video-preview:-1"},"canonical":"https:\/\/www.mate.com\/es\/technical-resources\/press-brake-tooling\/find-part-numbers\/","og_locale":"es_ES","og_type":"article","og_title":"Buscar N\u00fameros de Parte","og_description":"Encuentre los n\u00fameros de parte de Mate Press Brake a partir del n\u00famero de parte del fabricante y\/o de otras especificaciones.","og_url":"https:\/\/www.mate.com\/es\/technical-resources\/press-brake-tooling\/find-part-numbers\/","og_site_name":"Mate","article_publisher":"https:\/\/www.facebook.com\/MatePrecisionTechnologies\/","article_modified_time":"2026-02-27T15:43:45+00:00","twitter_card":"summary_large_image","twitter_site":"@mateprecision","twitter_misc":{"Tiempo de lectura":"1 minuto"},"schema":{"@context":"https:\/\/schema.org","@graph":[{"@type":"WebPage","@id":"https:\/\/www.mate.com\/es\/technical-resources\/press-brake-tooling\/find-part-numbers\/","url":"https:\/\/www.mate.com\/es\/technical-resources\/press-brake-tooling\/find-part-numbers\/","name":"Buscar N\u00fameros de Parte - Mate","isPartOf":{"@id":"https:\/\/www.mate.com\/es\/#website"},"datePublished":"2017-07-31T15:18:15+00:00","dateModified":"2026-02-27T15:43:45+00:00","description":"Encuentre los n\u00fameros de parte de Mate Press Brake a partir del n\u00famero de parte del fabricante y\/o de otras especificaciones.","breadcrumb":{"@id":"https:\/\/www.mate.com\/es\/technical-resources\/press-brake-tooling\/find-part-numbers\/#breadcrumb"},"inLanguage":"es","potentialAction":[{"@type":"ReadAction","target":["https:\/\/www.mate.com\/es\/technical-resources\/press-brake-tooling\/find-part-numbers\/"]}]},{"@type":"BreadcrumbList","@id":"https:\/\/www.mate.com\/es\/technical-resources\/press-brake-tooling\/find-part-numbers\/#breadcrumb","itemListElement":[{"@type":"ListItem","position":1,"name":"Principal","item":"https:\/\/www.mate.com\/es\/\/"},{"@type":"ListItem","position":2,"name":"Recursos T\u00e9cnicos","item":"https:\/\/www.mate.com\/es\/technical-resources\/"},{"@type":"ListItem","position":3,"name":"Herramental Para Dobladoras","item":"https:\/\/www.mate.com\/es\/technical-resources\/press-brake-tooling\/"},{"@type":"ListItem","position":4,"name":"Buscar N\u00fameros de Parte"}]},{"@type":"WebSite","@id":"https:\/\/www.mate.com\/es\/#website","url":"https:\/\/www.mate.com\/es\/","name":"Mate","description":"Respect Support Inspire","potentialAction":[{"@type":"SearchAction","target":{"@type":"EntryPoint","urlTemplate":"https:\/\/www.mate.com\/es\/?s={search_term_string}"},"query-input":{"@type":"PropertyValueSpecification","valueRequired":true,"valueName":"search_term_string"}}],"inLanguage":"es"}]}},"_links":{"self":[{"href":"https:\/\/www.mate.com\/es\/wp-json\/wp\/v2\/pages\/31526","targetHints":{"allow":["GET"]}}],"collection":[{"href":"https:\/\/www.mate.com\/es\/wp-json\/wp\/v2\/pages"}],"about":[{"href":"https:\/\/www.mate.com\/es\/wp-json\/wp\/v2\/types\/page"}],"author":[{"embeddable":true,"href":"https:\/\/www.mate.com\/es\/wp-json\/wp\/v2\/users\/1"}],"replies":[{"embeddable":true,"href":"https:\/\/www.mate.com\/es\/wp-json\/wp\/v2\/comments?post=31526"}],"version-history":[{"count":1,"href":"https:\/\/www.mate.com\/es\/wp-json\/wp\/v2\/pages\/31526\/revisions"}],"predecessor-version":[{"id":79433,"href":"https:\/\/www.mate.com\/es\/wp-json\/wp\/v2\/pages\/31526\/revisions\/79433"}],"up":[{"embeddable":true,"href":"https:\/\/www.mate.com\/es\/wp-json\/wp\/v2\/pages\/6615"}],"wp:attachment":[{"href":"https:\/\/www.mate.com\/es\/wp-json\/wp\/v2\/media?parent=31526"}],"curies":[{"name":"wp","href":"https:\/\/api.w.org\/{rel}","templated":true}]}}