{"id":2984,"date":"2015-12-21T14:32:55","date_gmt":"2015-12-21T20:32:55","guid":{"rendered":"https:\/\/www.mate.com\/es\/solution-bulletins\/special-applications-solution-bulletins\/reducing-sheet-distortion\/"},"modified":"2016-04-01T09:13:43","modified_gmt":"2016-04-01T14:13:43","slug":"reducing-sheet-distortion-bulletin","status":"publish","type":"page","link":"https:\/\/www.mate.com\/es\/technical-resources\/punch-press-resources\/special-applications-solution-bulletins\/improve-quality-and-performance\/reducing-sheet-distortion-bulletin\/","title":{"rendered":"Reducci\u00f3n de La Deformaci\u00f3n de La L\u00e1mina"},"content":{"rendered":"<h2>El\u00a0Problema:<\/h2>\n<p>El punzonado de miles de agujeros en una pieza \u00fanica en una punzonadora crear\u00e1 deformaci\u00f3n en la l\u00e1mina, sin ninguna duda. El proceso involucra una punta de punz\u00f3n que empuja el material hacia abajo a trav\u00e9s de un agujero en una matriz, estirando y fracturando el material a trav\u00e9s del agujero de la matriz a la vez que crea esfuerzos en el \u00e1rea que rodea la punta del punz\u00f3n. Si bien no hay forma de eliminar por completo la deformaci\u00f3n, existen algunas maneras de reducirla de modo de facilitar las cosas para el operador y reducir la cantidad de piezas desperdiciadas.<\/p>\n<h2>Consejos y T\u00e9cnicas de Mate:<\/h2>\n<p>Este Bolet\u00edn de soluciones le proporciona consejos y t\u00e9cnicas, que hemos descubierto en Mate a lo largo de los a\u00f1os y que consideramos \u00fatiles, para minimizar la deformaci\u00f3n de la l\u00e1mina en una punzonadora.<\/p>\n<h2>Herramientas de Punzonado:<\/h2>\n<ul>\n<li>Cantidad de agujeros. Si fuera posible, reduzca la cantidad de agujeros a punzonar mediante el aumento del espaciado entre ellos. Esto no solo acelerar\u00e1 el proceso de punzonado, sino que tambi\u00e9n reducir\u00e1 el esfuerzo aplicado a la l\u00e1mina por la reducci\u00f3n de la cantidad de agujeros a punzonar en ella.<\/li>\n<li>Tama\u00f1o y espaciado de agujeros. Aumente el tama\u00f1o de los agujeros y el espaciado entre ellos. Esto permitir\u00e1 extraer la misma cantidad de material a la vez que reduce la cantidad de agujeros requerida.<\/li>\n<li>Herramientas multipunz\u00f3n. Si de todos modos el aumento del tama\u00f1o de los agujeros no es una opci\u00f3n, trate de utilizar una herramienta multipunz\u00f3n (vea la foto abajo). Una herramienta multipunz\u00f3n permite punzonar una cantidad de agujeros al mismo tiempo.<\/li>\n<li>Holgura de la matriz. La holgura correcta de la matriz es muy importante para reducir la deformaci\u00f3n de la l\u00e1mina. Una holgura excesiva da como resultado que el material se estire m\u00e1s antes de que se produzca la fractura de los desechos.<\/li>\n<li>Altura de la matriz. Aseg\u00farese de que todas las matrices insertadas en una prensa de torreta est\u00e9n a la misma altura, para evitar una marcaci\u00f3n no deseada y reducir la probabilidad de deformaci\u00f3n de la l\u00e1mina.<\/li>\n<li>Herramental totalmente guiado.\u00a0 El herramental totalmente guiado ayuda a asegurar exactitud y prolonga la vida \u00fatil de las herramientas, a la vez que minimiza la deformaci\u00f3n de la l\u00e1mina.<\/li>\n<\/ul>\n<p>Para obtener la informaci\u00f3n completa acerca de estas y otras t\u00e9cnicas, as\u00ed como recomendaciones espec\u00edficas de las m\u00e1quinas, descargue el Bolet\u00edn de soluciones <a href=\"https:\/\/www.mate.com\/literature\/reducing-sheet-distortion-solution-bulletin\/\">LIT00954<\/a>, Reducci\u00f3n de la deformaci\u00f3n de la l\u00e1mina.<\/p>\n","protected":false},"excerpt":{"rendered":"<p>El\u00a0Problema: El punzonado de miles de agujeros en una pieza \u00fanica en una punzonadora crear\u00e1 deformaci\u00f3n en la l\u00e1mina, sin ninguna duda. El proceso involucra una punta de punz\u00f3n que empuja el material hacia abajo a trav\u00e9s de un agujero en una matriz, estirando y fracturando el material a trav\u00e9s del agujero de la matriz [&hellip;]<\/p>\n","protected":false},"author":5,"featured_media":0,"parent":4710,"menu_order":1169,"comment_status":"closed","ping_status":"closed","template":"","meta":{"_acf_changed":false,"_monsterinsights_skip_tracking":false,"_monsterinsights_sitenote_active":false,"_monsterinsights_sitenote_note":"","_monsterinsights_sitenote_category":0,"footnotes":""},"class_list":["post-2984","page","type-page","status-publish","hentry"],"acf":[],"yoast_head":"<!-- This site is optimized with the Yoast SEO Premium plugin v27.2 (Yoast SEO v27.2) - https:\/\/yoast.com\/product\/yoast-seo-premium-wordpress\/ -->\n<title>Reducci\u00f3n de La Deformaci\u00f3n de La L\u00e1mina - Mate<\/title>\n<meta name=\"description\" content=\"El\u00a0Problema: El punzonado de miles de agujeros en una pieza \u00fanica en una punzonadora crear\u00e1 deformaci\u00f3n en la l\u00e1mina, sin ninguna duda. El proceso\" \/>\n<meta name=\"robots\" content=\"index, follow, max-snippet:-1, max-image-preview:large, max-video-preview:-1\" \/>\n<link rel=\"canonical\" href=\"https:\/\/www.mate.com\/es\/technical-resources\/punch-press-resources\/special-applications-solution-bulletins\/improve-quality-and-performance\/reducing-sheet-distortion-bulletin\/\" \/>\n<meta property=\"og:locale\" content=\"es_ES\" \/>\n<meta property=\"og:type\" content=\"article\" \/>\n<meta property=\"og:title\" content=\"Reducci\u00f3n de La Deformaci\u00f3n de La L\u00e1mina\" \/>\n<meta property=\"og:description\" content=\"El\u00a0Problema: El punzonado de miles de agujeros en una pieza \u00fanica en una punzonadora crear\u00e1 deformaci\u00f3n en la l\u00e1mina, sin ninguna duda. El proceso\" \/>\n<meta property=\"og:url\" content=\"https:\/\/www.mate.com\/es\/technical-resources\/punch-press-resources\/special-applications-solution-bulletins\/improve-quality-and-performance\/reducing-sheet-distortion-bulletin\/\" \/>\n<meta property=\"og:site_name\" content=\"Mate\" \/>\n<meta property=\"article:publisher\" content=\"https:\/\/www.facebook.com\/MatePrecisionTechnologies\/\" \/>\n<meta property=\"article:modified_time\" content=\"2016-04-01T14:13:43+00:00\" \/>\n<meta name=\"twitter:card\" content=\"summary_large_image\" \/>\n<meta name=\"twitter:site\" content=\"@mateprecision\" \/>\n<meta name=\"twitter:label1\" content=\"Tiempo de lectura\" \/>\n\t<meta name=\"twitter:data1\" content=\"2 minutos\" \/>\n<script type=\"application\/ld+json\" class=\"yoast-schema-graph\">{\"@context\":\"https:\/\/schema.org\",\"@graph\":[{\"@type\":\"WebPage\",\"@id\":\"https:\/\/www.mate.com\/es\/technical-resources\/punch-press-resources\/special-applications-solution-bulletins\/improve-quality-and-performance\/reducing-sheet-distortion-bulletin\/\",\"url\":\"https:\/\/www.mate.com\/es\/technical-resources\/punch-press-resources\/special-applications-solution-bulletins\/improve-quality-and-performance\/reducing-sheet-distortion-bulletin\/\",\"name\":\"Reducci\u00f3n de La Deformaci\u00f3n de La L\u00e1mina - Mate\",\"isPartOf\":{\"@id\":\"https:\/\/www.mate.com\/es\/#website\"},\"datePublished\":\"2015-12-21T20:32:55+00:00\",\"dateModified\":\"2016-04-01T14:13:43+00:00\",\"description\":\"El\u00a0Problema: El punzonado de miles de agujeros en una pieza \u00fanica en una punzonadora crear\u00e1 deformaci\u00f3n en la l\u00e1mina, sin ninguna duda. El proceso\",\"breadcrumb\":{\"@id\":\"https:\/\/www.mate.com\/es\/technical-resources\/punch-press-resources\/special-applications-solution-bulletins\/improve-quality-and-performance\/reducing-sheet-distortion-bulletin\/#breadcrumb\"},\"inLanguage\":\"es\",\"potentialAction\":[{\"@type\":\"ReadAction\",\"target\":[\"https:\/\/www.mate.com\/es\/technical-resources\/punch-press-resources\/special-applications-solution-bulletins\/improve-quality-and-performance\/reducing-sheet-distortion-bulletin\/\"]}]},{\"@type\":\"BreadcrumbList\",\"@id\":\"https:\/\/www.mate.com\/es\/technical-resources\/punch-press-resources\/special-applications-solution-bulletins\/improve-quality-and-performance\/reducing-sheet-distortion-bulletin\/#breadcrumb\",\"itemListElement\":[{\"@type\":\"ListItem\",\"position\":1,\"name\":\"Principal\",\"item\":\"https:\/\/www.mate.com\/es\/\/\"},{\"@type\":\"ListItem\",\"position\":2,\"name\":\"Recursos T\u00e9cnicos\",\"item\":\"https:\/\/www.mate.com\/es\/technical-resources\/\"},{\"@type\":\"ListItem\",\"position\":3,\"name\":\"Punch Press Tooling\",\"item\":\"https:\/\/www.mate.com\/es\/technical-resources\/punch-press-resources\/\"},{\"@type\":\"ListItem\",\"position\":4,\"name\":\"Boletines de Soluciones Para Aplicaciones Especiales\",\"item\":\"https:\/\/www.mate.com\/es\/technical-resources\/punch-press-resources\/special-applications-solution-bulletins\/\"},{\"@type\":\"ListItem\",\"position\":5,\"name\":\"Improve Quality and Performance\",\"item\":\"https:\/\/www.mate.com\/es\/technical-resources\/punch-press-resources\/special-applications-solution-bulletins\/improve-quality-and-performance\/\"},{\"@type\":\"ListItem\",\"position\":6,\"name\":\"Reducci\u00f3n de La Deformaci\u00f3n de La L\u00e1mina\"}]},{\"@type\":\"WebSite\",\"@id\":\"https:\/\/www.mate.com\/es\/#website\",\"url\":\"https:\/\/www.mate.com\/es\/\",\"name\":\"Mate\",\"description\":\"Respect Support Inspire\",\"potentialAction\":[{\"@type\":\"SearchAction\",\"target\":{\"@type\":\"EntryPoint\",\"urlTemplate\":\"https:\/\/www.mate.com\/es\/?s={search_term_string}\"},\"query-input\":{\"@type\":\"PropertyValueSpecification\",\"valueRequired\":true,\"valueName\":\"search_term_string\"}}],\"inLanguage\":\"es\"}]}<\/script>\n<!-- \/ Yoast SEO Premium plugin. -->","yoast_head_json":{"title":"Reducci\u00f3n de La Deformaci\u00f3n de La L\u00e1mina - Mate","description":"El\u00a0Problema: El punzonado de miles de agujeros en una pieza \u00fanica en una punzonadora crear\u00e1 deformaci\u00f3n en la l\u00e1mina, sin ninguna duda. El proceso","robots":{"index":"index","follow":"follow","max-snippet":"max-snippet:-1","max-image-preview":"max-image-preview:large","max-video-preview":"max-video-preview:-1"},"canonical":"https:\/\/www.mate.com\/es\/technical-resources\/punch-press-resources\/special-applications-solution-bulletins\/improve-quality-and-performance\/reducing-sheet-distortion-bulletin\/","og_locale":"es_ES","og_type":"article","og_title":"Reducci\u00f3n de La Deformaci\u00f3n de La L\u00e1mina","og_description":"El\u00a0Problema: El punzonado de miles de agujeros en una pieza \u00fanica en una punzonadora crear\u00e1 deformaci\u00f3n en la l\u00e1mina, sin ninguna duda. El proceso","og_url":"https:\/\/www.mate.com\/es\/technical-resources\/punch-press-resources\/special-applications-solution-bulletins\/improve-quality-and-performance\/reducing-sheet-distortion-bulletin\/","og_site_name":"Mate","article_publisher":"https:\/\/www.facebook.com\/MatePrecisionTechnologies\/","article_modified_time":"2016-04-01T14:13:43+00:00","twitter_card":"summary_large_image","twitter_site":"@mateprecision","twitter_misc":{"Tiempo de lectura":"2 minutos"},"schema":{"@context":"https:\/\/schema.org","@graph":[{"@type":"WebPage","@id":"https:\/\/www.mate.com\/es\/technical-resources\/punch-press-resources\/special-applications-solution-bulletins\/improve-quality-and-performance\/reducing-sheet-distortion-bulletin\/","url":"https:\/\/www.mate.com\/es\/technical-resources\/punch-press-resources\/special-applications-solution-bulletins\/improve-quality-and-performance\/reducing-sheet-distortion-bulletin\/","name":"Reducci\u00f3n de La Deformaci\u00f3n de La L\u00e1mina - Mate","isPartOf":{"@id":"https:\/\/www.mate.com\/es\/#website"},"datePublished":"2015-12-21T20:32:55+00:00","dateModified":"2016-04-01T14:13:43+00:00","description":"El\u00a0Problema: El punzonado de miles de agujeros en una pieza \u00fanica en una punzonadora crear\u00e1 deformaci\u00f3n en la l\u00e1mina, sin ninguna duda. El proceso","breadcrumb":{"@id":"https:\/\/www.mate.com\/es\/technical-resources\/punch-press-resources\/special-applications-solution-bulletins\/improve-quality-and-performance\/reducing-sheet-distortion-bulletin\/#breadcrumb"},"inLanguage":"es","potentialAction":[{"@type":"ReadAction","target":["https:\/\/www.mate.com\/es\/technical-resources\/punch-press-resources\/special-applications-solution-bulletins\/improve-quality-and-performance\/reducing-sheet-distortion-bulletin\/"]}]},{"@type":"BreadcrumbList","@id":"https:\/\/www.mate.com\/es\/technical-resources\/punch-press-resources\/special-applications-solution-bulletins\/improve-quality-and-performance\/reducing-sheet-distortion-bulletin\/#breadcrumb","itemListElement":[{"@type":"ListItem","position":1,"name":"Principal","item":"https:\/\/www.mate.com\/es\/\/"},{"@type":"ListItem","position":2,"name":"Recursos T\u00e9cnicos","item":"https:\/\/www.mate.com\/es\/technical-resources\/"},{"@type":"ListItem","position":3,"name":"Punch Press Tooling","item":"https:\/\/www.mate.com\/es\/technical-resources\/punch-press-resources\/"},{"@type":"ListItem","position":4,"name":"Boletines de Soluciones Para Aplicaciones Especiales","item":"https:\/\/www.mate.com\/es\/technical-resources\/punch-press-resources\/special-applications-solution-bulletins\/"},{"@type":"ListItem","position":5,"name":"Improve Quality and Performance","item":"https:\/\/www.mate.com\/es\/technical-resources\/punch-press-resources\/special-applications-solution-bulletins\/improve-quality-and-performance\/"},{"@type":"ListItem","position":6,"name":"Reducci\u00f3n de La Deformaci\u00f3n de La L\u00e1mina"}]},{"@type":"WebSite","@id":"https:\/\/www.mate.com\/es\/#website","url":"https:\/\/www.mate.com\/es\/","name":"Mate","description":"Respect Support Inspire","potentialAction":[{"@type":"SearchAction","target":{"@type":"EntryPoint","urlTemplate":"https:\/\/www.mate.com\/es\/?s={search_term_string}"},"query-input":{"@type":"PropertyValueSpecification","valueRequired":true,"valueName":"search_term_string"}}],"inLanguage":"es"}]}},"_links":{"self":[{"href":"https:\/\/www.mate.com\/es\/wp-json\/wp\/v2\/pages\/2984","targetHints":{"allow":["GET"]}}],"collection":[{"href":"https:\/\/www.mate.com\/es\/wp-json\/wp\/v2\/pages"}],"about":[{"href":"https:\/\/www.mate.com\/es\/wp-json\/wp\/v2\/types\/page"}],"author":[{"embeddable":true,"href":"https:\/\/www.mate.com\/es\/wp-json\/wp\/v2\/users\/5"}],"replies":[{"embeddable":true,"href":"https:\/\/www.mate.com\/es\/wp-json\/wp\/v2\/comments?post=2984"}],"version-history":[{"count":0,"href":"https:\/\/www.mate.com\/es\/wp-json\/wp\/v2\/pages\/2984\/revisions"}],"up":[{"embeddable":true,"href":"https:\/\/www.mate.com\/es\/wp-json\/wp\/v2\/pages\/4710"}],"wp:attachment":[{"href":"https:\/\/www.mate.com\/es\/wp-json\/wp\/v2\/media?parent=2984"}],"curies":[{"name":"wp","href":"https:\/\/api.w.org\/{rel}","templated":true}]}}