{"id":2948,"date":"2015-12-21T14:10:40","date_gmt":"2015-12-21T20:10:40","guid":{"rendered":"https:\/\/www.mate.com\/es\/solution-bulletins\/special-applications-solution-bulletins\/easymark\/"},"modified":"2016-03-23T15:49:28","modified_gmt":"2016-03-23T20:49:28","slug":"easymark-bulletin","status":"publish","type":"page","link":"https:\/\/www.mate.com\/es\/technical-resources\/punch-press-resources\/special-applications-solution-bulletins\/category-2\/easymark-bulletin\/","title":{"rendered":"Efficient Component Marking"},"content":{"rendered":"<h2>El Problema:<\/h2>\n<p>\u00bfEst\u00e1n claramente comunicados sus procesos subsiguientes?\u00a0 \u00bfDesea mejorarlos?\u00a0 Cuando los procesos de manufactura tienen lugar con frecuencia en ubicaciones m\u00faltiples, las comunicaciones claras son la clave para asegurar la exactitud del proceso siguiente de la secuencia. A fin de minimizar el error, los componentes deben marcarse antes de que se desplacen al paso siguiente, para su f\u00e1cil identificaci\u00f3n. Normalmente esto implica alguna forma de marcaci\u00f3n tradicional. Aunque efectiva, la marcaci\u00f3n tradicional puede quitar material o da\u00f1ar la pieza.<\/p>\n<h2>La Soluci\u00f3n de Mate:<\/h2>\n<p>Con la determinaci\u00f3n de encontrar una soluci\u00f3n mejor para la marcaci\u00f3n de componentes, Mate Precision Technologies y Finn-Power se embarcaron en el proyecto de desarrollo de un sistema de marcaci\u00f3n de piezas especial para punzonadoras de torreta. El resultado fue la herramienta &#8216;5 en 1&#8217; EasyMark\u2122, que brinda a los usuarios cinco posibilidades de marcaci\u00f3n que usan la misma gu\u00eda y portapunz\u00f3n de Estaci\u00f3n A:<\/p>\n<ol>\n<li>InkMarker\u2122: \u00a0 Escribe en la l\u00e1mina met\u00e1lica mediante un marcador especial que no se seca durante dos semanas o m\u00e1s. Con InkMarker, la pieza no sufre da\u00f1o y la marca no se borra al frotar, a menos que sea necesario. Y lo que es m\u00e1s, el marcador especialmente dise\u00f1ado no se seca durante m\u00e1s de dos semanas, a\u00fan sin la tapa puesta.<\/li>\n<li>Sheetmarker\u2122: Traza o graba las superficies de l\u00e1mina met\u00e1lica mediante uno de dos insertos diamantados (de 120 o 150 grados), para garantizar una marcaci\u00f3n m\u00e1s permanente.<\/li>\n<li>Film\/Tape Cutter: Corta la pel\u00edcula protectora con un inserto de lat\u00f3n a fin de exponer \u00e1reas localizadas sin da\u00f1ar el material subyacente.<\/li>\n<li>Centerpoint Down: Usa un inserto de carburo en conjunto con el control de profundidad de la m\u00e1quina.<\/li>\n<li>High-Speed Dot-Matrix Marking: Realiza una marcaci\u00f3n de matriz de puntos mediante el mismo inserto de carburo.\u00a0 Controla la profundidad de la carrera hacia abajo para variar la marcaci\u00f3n. Las marcaciones de matriz de puntos pueden verse despu\u00e9s de las operaciones de pintura.<\/li>\n<\/ol>\n<p>La mejor comunicaci\u00f3n se hace realidad con el uso de las ayudas visuales que crea EasyMark. El uso de cualquiera de sus posibilidades, o todas ellas, podr\u00eda reducir las operaciones subsiguientes y\/o el papeleo en la torreta misma. EasyMark puede crear marcaciones permanentes (trazado, matriz de puntos) y no permanentes (marcador). Podr\u00eda lograrse una reducci\u00f3n del desperdicio mediante la identificaci\u00f3n correcta de los componentes y\/o pasos.<\/p>\n<h2>Con EasyMark, las posibilidades de lo que usted puede marcar son casi ilimitadas:<\/h2>\n<ul>\n<li>N\u00fameros de trabajo<\/li>\n<li>N\u00fameros de revisi\u00f3n<\/li>\n<li>Identificaci\u00f3n de ubicaciones de etiquetas o juntas para obtener resultados consistentes sin plantillas<\/li>\n<li>N\u00fameros de pieza<\/li>\n<li>N\u00fameros de serie<\/li>\n<li>Longitudes, tipos y ubicaciones de soldadura con s\u00edmbolos, si es necesario<\/li>\n<li>C\u00f3digos de fecha<\/li>\n<li>Ubicaciones y s\u00edmbolos de tornillos de puesta a tierra<\/li>\n<li>Instrucciones de proceso simples acerca de accesorios de montaje, plegado, pintura, etc.<\/li>\n<li>Uso en conjunto con las instrucciones escritas<\/li>\n<li>Ubicaci\u00f3n, distancia y direcci\u00f3n de l\u00edneas de doblado<\/li>\n<li>Producci\u00f3n de signos o dise\u00f1os creativos (\u2018Visitantes bienvenidos\u2019 con gr\u00e1ficas, etc.)<\/li>\n<li>Identificaci\u00f3n de \u00e1reas de eliminaci\u00f3n de material<\/li>\n<li>Advertencias sobre situaciones especiales<\/li>\n<li>Inserci\u00f3n de tama\u00f1o, ubicaci\u00f3n y direcci\u00f3n de accesorios de montaje (por ej.: \u2018M4 \u2013 arriba\u2019<\/li>\n<\/ul>\n<div class=\"col-xs-12 col-sm-6 col-md-4 result-panel\">\n<div class=\"col-md-12\">\n<div class=\"panel panel-primary\">\n<h2 class=\"panel-body\">Ejemplos de C\u00f3mo Usan Easymark Los Clientes Reales:<\/h2>\n<\/div>\n<\/div>\n<\/div>\n<ul>\n<li>Marcaci\u00f3n de todas sus l\u00edneas de doblado, porque no conf\u00edan en la gu\u00eda de medici\u00f3n cuando usan dos personas en la plegadora de l\u00e1mina.<\/li>\n<li>Trazado de una l\u00ednea para cizallar piezas despu\u00e9s de que pasen por la plegadora de l\u00e1mina, para no tener que usar material de respaldo en el reborde.<\/li>\n<li>Marcaci\u00f3n de todas las piezas con n\u00fameros de lote o de trabajo por trazabilidad, si se usa la misma pieza en diferentes l\u00edneas de montaje.<\/li>\n<li>Uso intencional en piezas con recubrimiento de pintura en polvo, porque el marcador se corre a trav\u00e9s de la pintura y asegura as\u00ed que las piezas puedan identificarse cuando salen de la l\u00ednea de pintura.<\/li>\n<li>Marcaci\u00f3n de l\u00edneas que ayudan en el proceso de corte por plasma.<\/li>\n<\/ul>\n","protected":false},"excerpt":{"rendered":"<p>El Problema: \u00bfEst\u00e1n claramente comunicados sus procesos subsiguientes?\u00a0 \u00bfDesea mejorarlos?\u00a0 Cuando los procesos de manufactura tienen lugar con frecuencia en ubicaciones m\u00faltiples, las comunicaciones claras son la clave para asegurar la exactitud del proceso siguiente de la secuencia. A fin de minimizar el error, los componentes deben marcarse antes de que se desplacen al paso [&hellip;]<\/p>\n","protected":false},"author":5,"featured_media":0,"parent":4549,"menu_order":898,"comment_status":"closed","ping_status":"closed","template":"","meta":{"_acf_changed":false,"_monsterinsights_skip_tracking":false,"_monsterinsights_sitenote_active":false,"_monsterinsights_sitenote_note":"","_monsterinsights_sitenote_category":0,"footnotes":""},"class_list":["post-2948","page","type-page","status-publish","hentry"],"acf":[],"yoast_head":"<!-- This site is optimized with the Yoast SEO Premium plugin v27.4 (Yoast SEO v27.4) - https:\/\/yoast.com\/product\/yoast-seo-premium-wordpress\/ -->\n<title>Efficient Component Marking - Mate<\/title>\n<meta name=\"description\" content=\"El Problema: \u00bfEst\u00e1n claramente comunicados sus procesos subsiguientes?\u00a0 \u00bfDesea mejorarlos?\u00a0 Cuando los procesos de manufactura tienen lugar con frecuencia\" \/>\n<meta name=\"robots\" content=\"index, follow, max-snippet:-1, max-image-preview:large, max-video-preview:-1\" \/>\n<link rel=\"canonical\" href=\"https:\/\/www.mate.com\/es\/technical-resources\/punch-press-resources\/special-applications-solution-bulletins\/category-2\/easymark-bulletin\/\" \/>\n<meta property=\"og:locale\" content=\"es_ES\" \/>\n<meta property=\"og:type\" content=\"article\" \/>\n<meta property=\"og:title\" content=\"Efficient Component Marking\" \/>\n<meta property=\"og:description\" content=\"El Problema: \u00bfEst\u00e1n claramente comunicados sus procesos subsiguientes?\u00a0 \u00bfDesea mejorarlos?\u00a0 Cuando los procesos de manufactura tienen lugar con frecuencia\" \/>\n<meta property=\"og:url\" content=\"https:\/\/www.mate.com\/es\/technical-resources\/punch-press-resources\/special-applications-solution-bulletins\/category-2\/easymark-bulletin\/\" \/>\n<meta property=\"og:site_name\" content=\"Mate\" \/>\n<meta property=\"article:publisher\" content=\"https:\/\/www.facebook.com\/MatePrecisionTechnologies\/\" \/>\n<meta property=\"article:modified_time\" content=\"2016-03-23T20:49:28+00:00\" \/>\n<meta name=\"twitter:card\" content=\"summary_large_image\" \/>\n<meta name=\"twitter:site\" content=\"@mateprecision\" \/>\n<meta name=\"twitter:label1\" content=\"Tiempo de lectura\" \/>\n\t<meta name=\"twitter:data1\" content=\"4 minutos\" \/>\n<script type=\"application\/ld+json\" class=\"yoast-schema-graph\">{\"@context\":\"https:\\\/\\\/schema.org\",\"@graph\":[{\"@type\":\"WebPage\",\"@id\":\"https:\\\/\\\/www.mate.com\\\/es\\\/technical-resources\\\/punch-press-resources\\\/special-applications-solution-bulletins\\\/category-2\\\/easymark-bulletin\\\/\",\"url\":\"https:\\\/\\\/www.mate.com\\\/es\\\/technical-resources\\\/punch-press-resources\\\/special-applications-solution-bulletins\\\/category-2\\\/easymark-bulletin\\\/\",\"name\":\"Efficient Component Marking - Mate\",\"isPartOf\":{\"@id\":\"https:\\\/\\\/www.mate.com\\\/es\\\/#website\"},\"datePublished\":\"2015-12-21T20:10:40+00:00\",\"dateModified\":\"2016-03-23T20:49:28+00:00\",\"description\":\"El Problema: \u00bfEst\u00e1n claramente comunicados sus procesos subsiguientes?\u00a0 \u00bfDesea mejorarlos?\u00a0 Cuando los procesos de manufactura tienen lugar con frecuencia\",\"breadcrumb\":{\"@id\":\"https:\\\/\\\/www.mate.com\\\/es\\\/technical-resources\\\/punch-press-resources\\\/special-applications-solution-bulletins\\\/category-2\\\/easymark-bulletin\\\/#breadcrumb\"},\"inLanguage\":\"es\",\"potentialAction\":[{\"@type\":\"ReadAction\",\"target\":[\"https:\\\/\\\/www.mate.com\\\/es\\\/technical-resources\\\/punch-press-resources\\\/special-applications-solution-bulletins\\\/category-2\\\/easymark-bulletin\\\/\"]}]},{\"@type\":\"BreadcrumbList\",\"@id\":\"https:\\\/\\\/www.mate.com\\\/es\\\/technical-resources\\\/punch-press-resources\\\/special-applications-solution-bulletins\\\/category-2\\\/easymark-bulletin\\\/#breadcrumb\",\"itemListElement\":[{\"@type\":\"ListItem\",\"position\":1,\"name\":\"Principal\",\"item\":\"https:\\\/\\\/www.mate.com\\\/es\\\/\\\/\"},{\"@type\":\"ListItem\",\"position\":2,\"name\":\"Recursos T\u00e9cnicos\",\"item\":\"https:\\\/\\\/www.mate.com\\\/es\\\/technical-resources\\\/\"},{\"@type\":\"ListItem\",\"position\":3,\"name\":\"Punch Press Tooling\",\"item\":\"https:\\\/\\\/www.mate.com\\\/es\\\/technical-resources\\\/punch-press-resources\\\/\"},{\"@type\":\"ListItem\",\"position\":4,\"name\":\"Boletines de Soluciones Para Aplicaciones Especiales\",\"item\":\"https:\\\/\\\/www.mate.com\\\/es\\\/technical-resources\\\/punch-press-resources\\\/special-applications-solution-bulletins\\\/\"},{\"@type\":\"ListItem\",\"position\":5,\"name\":\"Eliminate Secondary Operations\",\"item\":\"https:\\\/\\\/www.mate.com\\\/es\\\/technical-resources\\\/punch-press-resources\\\/special-applications-solution-bulletins\\\/category-2\\\/\"},{\"@type\":\"ListItem\",\"position\":6,\"name\":\"Efficient Component Marking\"}]},{\"@type\":\"WebSite\",\"@id\":\"https:\\\/\\\/www.mate.com\\\/es\\\/#website\",\"url\":\"https:\\\/\\\/www.mate.com\\\/es\\\/\",\"name\":\"Mate\",\"description\":\"Respect Support Inspire\",\"potentialAction\":[{\"@type\":\"SearchAction\",\"target\":{\"@type\":\"EntryPoint\",\"urlTemplate\":\"https:\\\/\\\/www.mate.com\\\/es\\\/?s={search_term_string}\"},\"query-input\":{\"@type\":\"PropertyValueSpecification\",\"valueRequired\":true,\"valueName\":\"search_term_string\"}}],\"inLanguage\":\"es\"}]}<\/script>\n<!-- \/ Yoast SEO Premium plugin. -->","yoast_head_json":{"title":"Efficient Component Marking - Mate","description":"El Problema: \u00bfEst\u00e1n claramente comunicados sus procesos subsiguientes?\u00a0 \u00bfDesea mejorarlos?\u00a0 Cuando los procesos de manufactura tienen lugar con frecuencia","robots":{"index":"index","follow":"follow","max-snippet":"max-snippet:-1","max-image-preview":"max-image-preview:large","max-video-preview":"max-video-preview:-1"},"canonical":"https:\/\/www.mate.com\/es\/technical-resources\/punch-press-resources\/special-applications-solution-bulletins\/category-2\/easymark-bulletin\/","og_locale":"es_ES","og_type":"article","og_title":"Efficient Component Marking","og_description":"El Problema: \u00bfEst\u00e1n claramente comunicados sus procesos subsiguientes?\u00a0 \u00bfDesea mejorarlos?\u00a0 Cuando los procesos de manufactura tienen lugar con frecuencia","og_url":"https:\/\/www.mate.com\/es\/technical-resources\/punch-press-resources\/special-applications-solution-bulletins\/category-2\/easymark-bulletin\/","og_site_name":"Mate","article_publisher":"https:\/\/www.facebook.com\/MatePrecisionTechnologies\/","article_modified_time":"2016-03-23T20:49:28+00:00","twitter_card":"summary_large_image","twitter_site":"@mateprecision","twitter_misc":{"Tiempo de lectura":"4 minutos"},"schema":{"@context":"https:\/\/schema.org","@graph":[{"@type":"WebPage","@id":"https:\/\/www.mate.com\/es\/technical-resources\/punch-press-resources\/special-applications-solution-bulletins\/category-2\/easymark-bulletin\/","url":"https:\/\/www.mate.com\/es\/technical-resources\/punch-press-resources\/special-applications-solution-bulletins\/category-2\/easymark-bulletin\/","name":"Efficient Component Marking - Mate","isPartOf":{"@id":"https:\/\/www.mate.com\/es\/#website"},"datePublished":"2015-12-21T20:10:40+00:00","dateModified":"2016-03-23T20:49:28+00:00","description":"El Problema: \u00bfEst\u00e1n claramente comunicados sus procesos subsiguientes?\u00a0 \u00bfDesea mejorarlos?\u00a0 Cuando los procesos de manufactura tienen lugar con frecuencia","breadcrumb":{"@id":"https:\/\/www.mate.com\/es\/technical-resources\/punch-press-resources\/special-applications-solution-bulletins\/category-2\/easymark-bulletin\/#breadcrumb"},"inLanguage":"es","potentialAction":[{"@type":"ReadAction","target":["https:\/\/www.mate.com\/es\/technical-resources\/punch-press-resources\/special-applications-solution-bulletins\/category-2\/easymark-bulletin\/"]}]},{"@type":"BreadcrumbList","@id":"https:\/\/www.mate.com\/es\/technical-resources\/punch-press-resources\/special-applications-solution-bulletins\/category-2\/easymark-bulletin\/#breadcrumb","itemListElement":[{"@type":"ListItem","position":1,"name":"Principal","item":"https:\/\/www.mate.com\/es\/\/"},{"@type":"ListItem","position":2,"name":"Recursos T\u00e9cnicos","item":"https:\/\/www.mate.com\/es\/technical-resources\/"},{"@type":"ListItem","position":3,"name":"Punch Press Tooling","item":"https:\/\/www.mate.com\/es\/technical-resources\/punch-press-resources\/"},{"@type":"ListItem","position":4,"name":"Boletines de Soluciones Para Aplicaciones Especiales","item":"https:\/\/www.mate.com\/es\/technical-resources\/punch-press-resources\/special-applications-solution-bulletins\/"},{"@type":"ListItem","position":5,"name":"Eliminate Secondary Operations","item":"https:\/\/www.mate.com\/es\/technical-resources\/punch-press-resources\/special-applications-solution-bulletins\/category-2\/"},{"@type":"ListItem","position":6,"name":"Efficient Component Marking"}]},{"@type":"WebSite","@id":"https:\/\/www.mate.com\/es\/#website","url":"https:\/\/www.mate.com\/es\/","name":"Mate","description":"Respect Support Inspire","potentialAction":[{"@type":"SearchAction","target":{"@type":"EntryPoint","urlTemplate":"https:\/\/www.mate.com\/es\/?s={search_term_string}"},"query-input":{"@type":"PropertyValueSpecification","valueRequired":true,"valueName":"search_term_string"}}],"inLanguage":"es"}]}},"_links":{"self":[{"href":"https:\/\/www.mate.com\/es\/wp-json\/wp\/v2\/pages\/2948","targetHints":{"allow":["GET"]}}],"collection":[{"href":"https:\/\/www.mate.com\/es\/wp-json\/wp\/v2\/pages"}],"about":[{"href":"https:\/\/www.mate.com\/es\/wp-json\/wp\/v2\/types\/page"}],"author":[{"embeddable":true,"href":"https:\/\/www.mate.com\/es\/wp-json\/wp\/v2\/users\/5"}],"replies":[{"embeddable":true,"href":"https:\/\/www.mate.com\/es\/wp-json\/wp\/v2\/comments?post=2948"}],"version-history":[{"count":0,"href":"https:\/\/www.mate.com\/es\/wp-json\/wp\/v2\/pages\/2948\/revisions"}],"up":[{"embeddable":true,"href":"https:\/\/www.mate.com\/es\/wp-json\/wp\/v2\/pages\/4549"}],"wp:attachment":[{"href":"https:\/\/www.mate.com\/es\/wp-json\/wp\/v2\/media?parent=2948"}],"curies":[{"name":"wp","href":"https:\/\/api.w.org\/{rel}","templated":true}]}}