{"id":481,"date":"2015-09-01T13:57:55","date_gmt":"2015-09-01T13:57:55","guid":{"rendered":"https:\/\/www.mate.com\/?page_id=481&#038;lang=de"},"modified":"2016-05-26T09:14:51","modified_gmt":"2016-05-26T14:14:51","slug":"punching-different-materials","status":"publish","type":"page","link":"https:\/\/www.mate.com\/de\/technische-resourcen\/forming-applications\/tips-techniken\/materials\/punching-different-materials\/","title":{"rendered":"Stanzen verschiedener Materialien"},"content":{"rendered":"<h2>Stanzen von dickem Material \u2013 \u00fcber 0,157 Zoll (4,00 mm)<\/h2>\n<ul>\n<li>Verwenden Sie scharfe Stempel und Matrizen \u2013 korrektes Sch\u00e4rfen ist wichtig, sch\u00e4rfen Sie, wenn die Schneidkante einen Radius von 0,003\u20130,005 Zoll (0,07\u20130,13 mm) besitzt.<\/li>\n<li>Abstand von 25\u201330 % der Materialst\u00e4rke (Referenz: Matrizen-Abstandstabelle)<\/li>\n<li>Hochleistungs-Verj\u00fcngung auf Stempeln<\/li>\n<li>Stanzen bis zu Materialst\u00e4rken von 1:1 (Minimum)<\/li>\n<li>Mindest-Stempelgr\u00f6\u00dfe 0,250 Zoll (6,40 mm)<\/li>\n<li>Radius von 0,020 Zoll (0,50 mm) an allen Stempelecken<\/li>\n<li>Werkzeuge h\u00e4ufig auf Verschlei\u00df pr\u00fcfen<\/li>\n<li>Blech, Stempel und F\u00fchrung schmieren<\/li>\n<li>Maschine in langsamem Zyklus laufen lassen<\/li>\n<li>Es sollte besonders darauf geachtet werden, die Pressenkapazit\u00e4t (Tonnage) NICHT zu \u00fcberschreiten \u2013 die besten Ergebnisse erzielen Sie bei 80 % der Pressenkapazit\u00e4t<\/li>\n<li>Br\u00fcckenschlagen\u201c wird empfohlen \u2013 dadurch wird die Last am Stempel ausgeglichen<\/li>\n<li>Knabberschneiden wird NICHT empfohlen \u2013 falls Knabberschneiden erforderlich ist, verwenden Sie nur 70 % der Stempell\u00e4nge \u2013 knabbern Sie NICHT mit der Breite des Stempels<\/li>\n<li>Hochleistungs-Werkzeuge empfohlen \u2013 (114 Style und ULTRA TEC\u00ae lieferbar)<\/li>\n<li>Verwenden Sie Maxima\u2122-beschichtete Stempel<\/li>\n<li>Verwenden Sie einen speziellen Scherenstempel (Scherenstempel sind beim Ausschneiden von Teilen am besten zur Minimierung der Tonnage geeignet.) Vorteile der Verwendung eines Scherenstempels:\n<ul>\n<li>Verringerte Tonnage<\/li>\n<li>L\u00e4rmverminderung<\/li>\n<li>Butzenkontrolle<\/li>\n<li>Verringerte Sto\u00dfbelastung<\/li>\n<li>Verbessertes Abstreifen<\/li>\n<\/ul>\n<\/li>\n<\/ul>\n<h2>Vorteile der Hochleistungs-Werkzeuge<\/h2>\n<ul>\n<li>1\u00b0 Verj\u00fcngung (pro Seite) an Stempeln<\/li>\n<li>Robuste SLUG FREE\u00ae Matrizenkonstruktion<\/li>\n<li>Hochleistungsfedern (ULTRA TEC\u00ae Beh\u00e4lter)<\/li>\n<li>Dachf\u00f6rmige Schere \u2013 D-Station und gr\u00f6\u00dfer (114) \u2013 B-Station und gr\u00f6\u00dfer (ULTRA TEC)<\/li>\n<li>Radius auf allen 90\u00b0-Winkeln zur Verbesserung der Eckenfestigkeit<\/li>\n<li>Premium M2-Werkzeugstahl (ULTRA TEC Stempel)<\/li>\n<li>Schnelle L\u00e4ngeneinstellung (ULTRA TEC)\u2022<\/li>\n<li>Schneller Werkzeugwechsel (ULTRA TEC)<\/li>\n<li>Optionale Maxima\u2122-Beschichtung (nur M2 ULTRA TEC Stempel)<\/li>\n<\/ul>\n<h2>Stanzen von d\u00fcnnem Material \u2013 unter 0,020 Zoll (0,50 mm)<\/h2>\n<ul>\n<li>Verwenden Sie scharfe Stempel und Matrizen<\/li>\n<li>Verwenden Sie einen geeigneten Matrizenabstand<\/li>\n<li>Verwenden Sie Slug Free Light Matrizen<\/li>\n<li>Sorgen Sie f\u00fcr korrekte Werkzeugausrichtung<\/li>\n<li>Verwenden Sie eine spezielle Punkttoleranz f\u00fcr Stempel und Abstreifer<\/li>\n<li>Verwenden Sie die korrekte Matrizen-Eindringtiefe<\/li>\n<li>Verwenden Sie nur F\u00fchrungen in gutem Zustand<\/li>\n<li>Verwenden Sie vollst\u00e4ndig gef\u00fchrte Stempel<\/li>\n<li>Entmagnetisieren Sie die Werkzeuge nach dem Sch\u00e4rfen, um Butzenziehen zu verhindern<\/li>\n<li>Verwenden Sie Maxima\u2122-beschichtete oder mit Nitrid behandelte Stempel<\/li>\n<li>Verwenden Sie keine Matrizenadapter<\/li>\n<li>Verwenden Sie SLUG FREE\u00ae Matrizen, um das Butzenziehen zu verringern (Ausschneiden funktioniert evtl. besser mit Nicht-SLUG FREE Matrizen)<\/li>\n<li>Verwenden Sie Butzen-Auswerfer bei d\u00fcnnen Materialien<\/li>\n<li>Verwenden Sie nach M\u00f6glichkeit keine Stationsadapter<\/li>\n<li>Verwenden Sie k\u00fcrzere L\u00e4ngsschneidwerkzeuge<\/li>\n<\/ul>\n<h2>Stanzen von nichtmetallischen Materialien<\/h2>\n<ul>\n<li>Verwenden Sie scharfe Stempel und Matrizen<\/li>\n<li>Verringern Sie den Matrizenabstand um 5\u20138 %<\/li>\n<li>Lassen Sie die Maschine in langsamem Zyklus laufen<\/li>\n<li>Schmieren Sie Hartplastik nach M\u00f6glichkeit<\/li>\n<li>Verwenden Sie Maxima\u2122-beschichtete Stempel<\/li>\n<li>Verwenden Sie Urethan-Puffer beim Markieren<\/li>\n<li>Verwenden Sie Urethan-Puffer beim Markieren<\/li>\n<\/ul>\n","protected":false},"excerpt":{"rendered":"<p>Stanzen von dickem Material \u2013 \u00fcber 0,157 Zoll (4,00 mm) Verwenden Sie scharfe Stempel und Matrizen \u2013 korrektes Sch\u00e4rfen ist wichtig, sch\u00e4rfen Sie, wenn die Schneidkante einen Radius von 0,003\u20130,005 Zoll (0,07\u20130,13 mm) besitzt. Abstand von 25\u201330 % der Materialst\u00e4rke (Referenz: Matrizen-Abstandstabelle) Hochleistungs-Verj\u00fcngung auf Stempeln Stanzen bis zu Materialst\u00e4rken von 1:1 (Minimum) Mindest-Stempelgr\u00f6\u00dfe 0,250 Zoll [&hellip;]<\/p>\n","protected":false},"author":5,"featured_media":0,"parent":479,"menu_order":592,"comment_status":"closed","ping_status":"closed","template":"","meta":{"_acf_changed":false,"_monsterinsights_skip_tracking":false,"_monsterinsights_sitenote_active":false,"_monsterinsights_sitenote_note":"","_monsterinsights_sitenote_category":0,"footnotes":""},"class_list":["post-481","page","type-page","status-publish","hentry"],"acf":[],"yoast_head":"<!-- This site is optimized with the Yoast SEO Premium plugin v27.4 (Yoast SEO v27.4) - https:\/\/yoast.com\/product\/yoast-seo-premium-wordpress\/ -->\n<title>Stanzen verschiedener Materialien - Mate Precision Technologies<\/title>\n<meta name=\"description\" content=\"Stanzen von dickem Material \u2013 \u00fcber 0,157 Zoll (4,00 mm) Verwenden Sie scharfe Stempel und Matrizen \u2013 korrektes Sch\u00e4rfen ist wichtig, sch\u00e4rfen Sie, wenn\" \/>\n<meta name=\"robots\" content=\"index, follow, max-snippet:-1, max-image-preview:large, max-video-preview:-1\" \/>\n<link rel=\"canonical\" href=\"https:\/\/www.mate.com\/de\/technische-resourcen\/forming-applications\/tips-techniken\/materials\/punching-different-materials\/\" \/>\n<meta property=\"og:locale\" content=\"de_DE\" \/>\n<meta property=\"og:type\" content=\"article\" \/>\n<meta property=\"og:title\" content=\"Stanzen verschiedener Materialien\" \/>\n<meta property=\"og:description\" content=\"Stanzen von dickem Material \u2013 \u00fcber 0,157 Zoll (4,00 mm) Verwenden Sie scharfe Stempel und Matrizen \u2013 korrektes Sch\u00e4rfen ist wichtig, sch\u00e4rfen Sie, wenn\" \/>\n<meta property=\"og:url\" content=\"https:\/\/www.mate.com\/de\/technische-resourcen\/forming-applications\/tips-techniken\/materials\/punching-different-materials\/\" \/>\n<meta property=\"og:site_name\" content=\"Mate Precision Technologies\" \/>\n<meta property=\"article:publisher\" content=\"https:\/\/www.facebook.com\/MatePrecisionTechnologies\/\" \/>\n<meta property=\"article:modified_time\" content=\"2016-05-26T14:14:51+00:00\" \/>\n<meta name=\"twitter:card\" content=\"summary_large_image\" \/>\n<meta name=\"twitter:site\" content=\"@mateprecision\" \/>\n<meta name=\"twitter:label1\" content=\"Gesch\u00e4tzte Lesezeit\" \/>\n\t<meta name=\"twitter:data1\" content=\"2 Minuten\" \/>\n<script type=\"application\/ld+json\" class=\"yoast-schema-graph\">{\"@context\":\"https:\\\/\\\/schema.org\",\"@graph\":[{\"@type\":\"WebPage\",\"@id\":\"https:\\\/\\\/www.mate.com\\\/de\\\/technische-resourcen\\\/forming-applications\\\/tips-techniken\\\/materials\\\/punching-different-materials\\\/\",\"url\":\"https:\\\/\\\/www.mate.com\\\/de\\\/technische-resourcen\\\/forming-applications\\\/tips-techniken\\\/materials\\\/punching-different-materials\\\/\",\"name\":\"Stanzen verschiedener Materialien - Mate Precision Technologies\",\"isPartOf\":{\"@id\":\"https:\\\/\\\/www.mate.com\\\/de\\\/#website\"},\"datePublished\":\"2015-09-01T13:57:55+00:00\",\"dateModified\":\"2016-05-26T14:14:51+00:00\",\"description\":\"Stanzen von dickem Material \u2013 \u00fcber 0,157 Zoll (4,00 mm) Verwenden Sie scharfe Stempel und Matrizen \u2013 korrektes Sch\u00e4rfen ist wichtig, sch\u00e4rfen Sie, wenn\",\"breadcrumb\":{\"@id\":\"https:\\\/\\\/www.mate.com\\\/de\\\/technische-resourcen\\\/forming-applications\\\/tips-techniken\\\/materials\\\/punching-different-materials\\\/#breadcrumb\"},\"inLanguage\":\"de-DE\",\"potentialAction\":[{\"@type\":\"ReadAction\",\"target\":[\"https:\\\/\\\/www.mate.com\\\/de\\\/technische-resourcen\\\/forming-applications\\\/tips-techniken\\\/materials\\\/punching-different-materials\\\/\"]}]},{\"@type\":\"BreadcrumbList\",\"@id\":\"https:\\\/\\\/www.mate.com\\\/de\\\/technische-resourcen\\\/forming-applications\\\/tips-techniken\\\/materials\\\/punching-different-materials\\\/#breadcrumb\",\"itemListElement\":[{\"@type\":\"ListItem\",\"position\":1,\"name\":\"Startseite\",\"item\":\"https:\\\/\\\/www.mate.com\\\/de\\\/\\\/\"},{\"@type\":\"ListItem\",\"position\":2,\"name\":\"Technische Resourcen\",\"item\":\"https:\\\/\\\/www.mate.com\\\/de\\\/technische-resourcen\\\/\"},{\"@type\":\"ListItem\",\"position\":3,\"name\":\"Tips &#038; Techniken\",\"item\":\"https:\\\/\\\/www.mate.com\\\/de\\\/technische-resourcen\\\/tips-techniken\\\/\"},{\"@type\":\"ListItem\",\"position\":4,\"name\":\"Materialien\",\"item\":\"https:\\\/\\\/www.mate.com\\\/de\\\/technische-resourcen\\\/tips-techniken\\\/materials\\\/\"},{\"@type\":\"ListItem\",\"position\":5,\"name\":\"Stanzen verschiedener Materialien\"}]},{\"@type\":\"WebSite\",\"@id\":\"https:\\\/\\\/www.mate.com\\\/de\\\/#website\",\"url\":\"https:\\\/\\\/www.mate.com\\\/de\\\/\",\"name\":\"Mate Precision Technologies\",\"description\":\"Workholding, Press Brake, Punch Press and Laser Technologies\",\"potentialAction\":[{\"@type\":\"SearchAction\",\"target\":{\"@type\":\"EntryPoint\",\"urlTemplate\":\"https:\\\/\\\/www.mate.com\\\/de\\\/?s={search_term_string}\"},\"query-input\":{\"@type\":\"PropertyValueSpecification\",\"valueRequired\":true,\"valueName\":\"search_term_string\"}}],\"inLanguage\":\"de-DE\"}]}<\/script>\n<!-- \/ Yoast SEO Premium plugin. -->","yoast_head_json":{"title":"Stanzen verschiedener Materialien - Mate Precision Technologies","description":"Stanzen von dickem Material \u2013 \u00fcber 0,157 Zoll (4,00 mm) Verwenden Sie scharfe Stempel und Matrizen \u2013 korrektes Sch\u00e4rfen ist wichtig, sch\u00e4rfen Sie, wenn","robots":{"index":"index","follow":"follow","max-snippet":"max-snippet:-1","max-image-preview":"max-image-preview:large","max-video-preview":"max-video-preview:-1"},"canonical":"https:\/\/www.mate.com\/de\/technische-resourcen\/forming-applications\/tips-techniken\/materials\/punching-different-materials\/","og_locale":"de_DE","og_type":"article","og_title":"Stanzen verschiedener Materialien","og_description":"Stanzen von dickem Material \u2013 \u00fcber 0,157 Zoll (4,00 mm) Verwenden Sie scharfe Stempel und Matrizen \u2013 korrektes Sch\u00e4rfen ist wichtig, sch\u00e4rfen Sie, wenn","og_url":"https:\/\/www.mate.com\/de\/technische-resourcen\/forming-applications\/tips-techniken\/materials\/punching-different-materials\/","og_site_name":"Mate Precision Technologies","article_publisher":"https:\/\/www.facebook.com\/MatePrecisionTechnologies\/","article_modified_time":"2016-05-26T14:14:51+00:00","twitter_card":"summary_large_image","twitter_site":"@mateprecision","twitter_misc":{"Gesch\u00e4tzte Lesezeit":"2 Minuten"},"schema":{"@context":"https:\/\/schema.org","@graph":[{"@type":"WebPage","@id":"https:\/\/www.mate.com\/de\/technische-resourcen\/forming-applications\/tips-techniken\/materials\/punching-different-materials\/","url":"https:\/\/www.mate.com\/de\/technische-resourcen\/forming-applications\/tips-techniken\/materials\/punching-different-materials\/","name":"Stanzen verschiedener Materialien - Mate Precision Technologies","isPartOf":{"@id":"https:\/\/www.mate.com\/de\/#website"},"datePublished":"2015-09-01T13:57:55+00:00","dateModified":"2016-05-26T14:14:51+00:00","description":"Stanzen von dickem Material \u2013 \u00fcber 0,157 Zoll (4,00 mm) Verwenden Sie scharfe Stempel und Matrizen \u2013 korrektes Sch\u00e4rfen ist wichtig, sch\u00e4rfen Sie, wenn","breadcrumb":{"@id":"https:\/\/www.mate.com\/de\/technische-resourcen\/forming-applications\/tips-techniken\/materials\/punching-different-materials\/#breadcrumb"},"inLanguage":"de-DE","potentialAction":[{"@type":"ReadAction","target":["https:\/\/www.mate.com\/de\/technische-resourcen\/forming-applications\/tips-techniken\/materials\/punching-different-materials\/"]}]},{"@type":"BreadcrumbList","@id":"https:\/\/www.mate.com\/de\/technische-resourcen\/forming-applications\/tips-techniken\/materials\/punching-different-materials\/#breadcrumb","itemListElement":[{"@type":"ListItem","position":1,"name":"Startseite","item":"https:\/\/www.mate.com\/de\/\/"},{"@type":"ListItem","position":2,"name":"Technische Resourcen","item":"https:\/\/www.mate.com\/de\/technische-resourcen\/"},{"@type":"ListItem","position":3,"name":"Tips &#038; Techniken","item":"https:\/\/www.mate.com\/de\/technische-resourcen\/tips-techniken\/"},{"@type":"ListItem","position":4,"name":"Materialien","item":"https:\/\/www.mate.com\/de\/technische-resourcen\/tips-techniken\/materials\/"},{"@type":"ListItem","position":5,"name":"Stanzen verschiedener Materialien"}]},{"@type":"WebSite","@id":"https:\/\/www.mate.com\/de\/#website","url":"https:\/\/www.mate.com\/de\/","name":"Mate Precision Technologies","description":"Workholding, Press Brake, Punch Press and Laser Technologies","potentialAction":[{"@type":"SearchAction","target":{"@type":"EntryPoint","urlTemplate":"https:\/\/www.mate.com\/de\/?s={search_term_string}"},"query-input":{"@type":"PropertyValueSpecification","valueRequired":true,"valueName":"search_term_string"}}],"inLanguage":"de-DE"}]}},"_links":{"self":[{"href":"https:\/\/www.mate.com\/de\/wp-json\/wp\/v2\/pages\/481","targetHints":{"allow":["GET"]}}],"collection":[{"href":"https:\/\/www.mate.com\/de\/wp-json\/wp\/v2\/pages"}],"about":[{"href":"https:\/\/www.mate.com\/de\/wp-json\/wp\/v2\/types\/page"}],"author":[{"embeddable":true,"href":"https:\/\/www.mate.com\/de\/wp-json\/wp\/v2\/users\/5"}],"replies":[{"embeddable":true,"href":"https:\/\/www.mate.com\/de\/wp-json\/wp\/v2\/comments?post=481"}],"version-history":[{"count":0,"href":"https:\/\/www.mate.com\/de\/wp-json\/wp\/v2\/pages\/481\/revisions"}],"up":[{"embeddable":true,"href":"https:\/\/www.mate.com\/de\/wp-json\/wp\/v2\/pages\/479"}],"wp:attachment":[{"href":"https:\/\/www.mate.com\/de\/wp-json\/wp\/v2\/media?parent=481"}],"curies":[{"name":"wp","href":"https:\/\/api.w.org\/{rel}","templated":true}]}}