{"id":472,"date":"2015-08-31T18:45:26","date_gmt":"2015-08-31T18:45:26","guid":{"rendered":"https:\/\/www.mate.com\/?page_id=472&#038;lang=de"},"modified":"2017-09-14T11:44:11","modified_gmt":"2017-09-14T16:44:11","slug":"technische-resourcen","status":"publish","type":"page","link":"https:\/\/www.mate.com\/de\/technische-resourcen\/","title":{"rendered":"Technische Resourcen"},"content":{"rendered":"<p>Die Erfahrung von Mate in einer Vielzahl von Branchen kann Sie bei der Optimierung Ihrer Fertigung unterst\u00fctzen. Mit unserer langj\u00e4hrigen Erfahrung bei der Unterst\u00fctzung und Inspiration von Blechverarbeitungsprojekten haben wir Tipps, Techniken und technische Ressourcen entwickelt, um Sie bei Ihren t\u00e4glichen Fertigungsherausforderungen mit praktikablen L\u00f6sungen zu unterst\u00fctzen. Unser Ziel ist es, Experten in der Blechbearbeitung zu respektieren, zu unterst\u00fctzen und zu inspirieren. Die folgenden Ressourcen sind nur eine hilfreiche Komponente f\u00fcr das Erreichen dieser Ziele.<\/p>\n","protected":false},"excerpt":{"rendered":"<p>Die Erfahrung von Mate in einer Vielzahl von Branchen kann Sie bei der Optimierung Ihrer Fertigung unterst\u00fctzen. Mit unserer langj\u00e4hrigen Erfahrung bei der Unterst\u00fctzung und Inspiration von Blechverarbeitungsprojekten haben wir Tipps, Techniken und technische Ressourcen entwickelt, um Sie bei Ihren t\u00e4glichen Fertigungsherausforderungen mit praktikablen L\u00f6sungen zu unterst\u00fctzen. Unser Ziel ist es, Experten in der Blechbearbeitung [&hellip;]<\/p>\n","protected":false},"author":5,"featured_media":0,"parent":0,"menu_order":64,"comment_status":"closed","ping_status":"closed","template":"","meta":{"_acf_changed":false,"_monsterinsights_skip_tracking":false,"_monsterinsights_sitenote_active":false,"_monsterinsights_sitenote_note":"","_monsterinsights_sitenote_category":0,"footnotes":""},"class_list":["post-472","page","type-page","status-publish","hentry"],"acf":[],"yoast_head":"<!-- This site is optimized with the Yoast SEO Premium plugin v27.4 (Yoast SEO v27.4) - https:\/\/yoast.com\/product\/yoast-seo-premium-wordpress\/ -->\n<title>Sheet Metal Fabrication Technical Resources - Mate<\/title>\n<meta name=\"description\" content=\"Mate Precision Technologies Tips, techniques and other sheet metal fabrication technical resources that can help your fabrication operations.\" \/>\n<meta name=\"robots\" content=\"index, follow, max-snippet:-1, max-image-preview:large, max-video-preview:-1\" \/>\n<link rel=\"canonical\" href=\"https:\/\/www.mate.com\/de\/technische-resourcen\/\" \/>\n<meta property=\"og:locale\" content=\"de_DE\" \/>\n<meta property=\"og:type\" content=\"article\" \/>\n<meta property=\"og:title\" content=\"Technische Resourcen\" \/>\n<meta property=\"og:description\" content=\"Mate Precision Technologies Tips, techniques and other sheet metal fabrication technical resources that can help your fabrication operations.\" \/>\n<meta property=\"og:url\" content=\"https:\/\/www.mate.com\/de\/technische-resourcen\/\" \/>\n<meta property=\"og:site_name\" content=\"Mate Precision Technologies\" \/>\n<meta property=\"article:publisher\" content=\"https:\/\/www.facebook.com\/MatePrecisionTechnologies\/\" \/>\n<meta property=\"article:modified_time\" content=\"2017-09-14T16:44:11+00:00\" \/>\n<meta name=\"twitter:card\" content=\"summary_large_image\" \/>\n<meta name=\"twitter:site\" content=\"@mateprecision\" \/>\n<script type=\"application\/ld+json\" class=\"yoast-schema-graph\">{\"@context\":\"https:\\\/\\\/schema.org\",\"@graph\":[{\"@type\":\"WebPage\",\"@id\":\"https:\\\/\\\/www.mate.com\\\/de\\\/technische-resourcen\\\/\",\"url\":\"https:\\\/\\\/www.mate.com\\\/de\\\/technische-resourcen\\\/\",\"name\":\"Sheet Metal Fabrication Technical Resources - Mate\",\"isPartOf\":{\"@id\":\"https:\\\/\\\/www.mate.com\\\/de\\\/#website\"},\"datePublished\":\"2015-08-31T18:45:26+00:00\",\"dateModified\":\"2017-09-14T16:44:11+00:00\",\"description\":\"Mate Precision Technologies Tips, techniques and other sheet metal fabrication technical resources that can help your fabrication operations.\",\"breadcrumb\":{\"@id\":\"https:\\\/\\\/www.mate.com\\\/de\\\/technische-resourcen\\\/#breadcrumb\"},\"inLanguage\":\"de-DE\",\"potentialAction\":[{\"@type\":\"ReadAction\",\"target\":[\"https:\\\/\\\/www.mate.com\\\/de\\\/technische-resourcen\\\/\"]}]},{\"@type\":\"BreadcrumbList\",\"@id\":\"https:\\\/\\\/www.mate.com\\\/de\\\/technische-resourcen\\\/#breadcrumb\",\"itemListElement\":[{\"@type\":\"ListItem\",\"position\":1,\"name\":\"Startseite\",\"item\":\"https:\\\/\\\/www.mate.com\\\/de\\\/\\\/\"},{\"@type\":\"ListItem\",\"position\":2,\"name\":\"Technische Resourcen\"}]},{\"@type\":\"WebSite\",\"@id\":\"https:\\\/\\\/www.mate.com\\\/de\\\/#website\",\"url\":\"https:\\\/\\\/www.mate.com\\\/de\\\/\",\"name\":\"Mate Precision Technologies\",\"description\":\"Workholding, Press Brake, Punch Press and Laser Technologies\",\"potentialAction\":[{\"@type\":\"SearchAction\",\"target\":{\"@type\":\"EntryPoint\",\"urlTemplate\":\"https:\\\/\\\/www.mate.com\\\/de\\\/?s={search_term_string}\"},\"query-input\":{\"@type\":\"PropertyValueSpecification\",\"valueRequired\":true,\"valueName\":\"search_term_string\"}}],\"inLanguage\":\"de-DE\"}]}<\/script>\n<!-- \/ Yoast SEO Premium plugin. -->","yoast_head_json":{"title":"Sheet Metal Fabrication Technical Resources - Mate","description":"Mate Precision Technologies Tips, techniques and other sheet metal fabrication technical resources that can help your fabrication operations.","robots":{"index":"index","follow":"follow","max-snippet":"max-snippet:-1","max-image-preview":"max-image-preview:large","max-video-preview":"max-video-preview:-1"},"canonical":"https:\/\/www.mate.com\/de\/technische-resourcen\/","og_locale":"de_DE","og_type":"article","og_title":"Technische Resourcen","og_description":"Mate Precision Technologies Tips, techniques and other sheet metal fabrication technical resources that can help your fabrication operations.","og_url":"https:\/\/www.mate.com\/de\/technische-resourcen\/","og_site_name":"Mate Precision Technologies","article_publisher":"https:\/\/www.facebook.com\/MatePrecisionTechnologies\/","article_modified_time":"2017-09-14T16:44:11+00:00","twitter_card":"summary_large_image","twitter_site":"@mateprecision","schema":{"@context":"https:\/\/schema.org","@graph":[{"@type":"WebPage","@id":"https:\/\/www.mate.com\/de\/technische-resourcen\/","url":"https:\/\/www.mate.com\/de\/technische-resourcen\/","name":"Sheet Metal Fabrication Technical Resources - Mate","isPartOf":{"@id":"https:\/\/www.mate.com\/de\/#website"},"datePublished":"2015-08-31T18:45:26+00:00","dateModified":"2017-09-14T16:44:11+00:00","description":"Mate Precision Technologies Tips, techniques and other sheet metal fabrication technical resources that can help your fabrication operations.","breadcrumb":{"@id":"https:\/\/www.mate.com\/de\/technische-resourcen\/#breadcrumb"},"inLanguage":"de-DE","potentialAction":[{"@type":"ReadAction","target":["https:\/\/www.mate.com\/de\/technische-resourcen\/"]}]},{"@type":"BreadcrumbList","@id":"https:\/\/www.mate.com\/de\/technische-resourcen\/#breadcrumb","itemListElement":[{"@type":"ListItem","position":1,"name":"Startseite","item":"https:\/\/www.mate.com\/de\/\/"},{"@type":"ListItem","position":2,"name":"Technische Resourcen"}]},{"@type":"WebSite","@id":"https:\/\/www.mate.com\/de\/#website","url":"https:\/\/www.mate.com\/de\/","name":"Mate Precision Technologies","description":"Workholding, Press Brake, Punch Press and Laser Technologies","potentialAction":[{"@type":"SearchAction","target":{"@type":"EntryPoint","urlTemplate":"https:\/\/www.mate.com\/de\/?s={search_term_string}"},"query-input":{"@type":"PropertyValueSpecification","valueRequired":true,"valueName":"search_term_string"}}],"inLanguage":"de-DE"}]}},"_links":{"self":[{"href":"https:\/\/www.mate.com\/de\/wp-json\/wp\/v2\/pages\/472","targetHints":{"allow":["GET"]}}],"collection":[{"href":"https:\/\/www.mate.com\/de\/wp-json\/wp\/v2\/pages"}],"about":[{"href":"https:\/\/www.mate.com\/de\/wp-json\/wp\/v2\/types\/page"}],"author":[{"embeddable":true,"href":"https:\/\/www.mate.com\/de\/wp-json\/wp\/v2\/users\/5"}],"replies":[{"embeddable":true,"href":"https:\/\/www.mate.com\/de\/wp-json\/wp\/v2\/comments?post=472"}],"version-history":[{"count":0,"href":"https:\/\/www.mate.com\/de\/wp-json\/wp\/v2\/pages\/472\/revisions"}],"wp:attachment":[{"href":"https:\/\/www.mate.com\/de\/wp-json\/wp\/v2\/media?parent=472"}],"curies":[{"name":"wp","href":"https:\/\/api.w.org\/{rel}","templated":true}]}}