{"id":457,"date":"2015-08-31T17:33:49","date_gmt":"2015-08-31T17:33:49","guid":{"rendered":"https:\/\/www.mate.com\/?page_id=457&#038;lang=de"},"modified":"2016-03-11T10:53:16","modified_gmt":"2016-03-11T16:53:16","slug":"oem-partnerschaften","status":"publish","type":"page","link":"https:\/\/www.mate.com\/de\/uber\/oem-partnerschaften\/","title":{"rendered":"OEM Partnerschaften"},"content":{"rendered":"<p>Als f\u00fchrender Hersteller von Pr\u00e4zisionswerkzeugen f\u00fcr CNC-Stanzmaschinen arbeiten wir direkt mit OEM Stanzmaschinen-herstellern zusammen um Produkte und L\u00f6sungen f\u00fcr die verschiedenen Stanzsysteme zu entwickeln. Danobat, Euromac, Murata Wiedemann, Pivatic, Prima Power und Tailift sind nur einige der OEMs mit denen uns eine Partnerschaft verbindet.<\/p>\n<table>\n<tbody>\n<tr>\n<td width=\"300\"><\/td>\n<td width=\"300\"><\/td>\n<\/tr>\n<tr>\n<td valign=\"top\" width=\"300\">\u00a0<a href=\"http:\/\/www.danobatgroup.com\/en\/punching-machines\" target=\"_blank\" rel=\"attachment wp-att-5220\"><img loading=\"lazy\" decoding=\"async\" class=\"alignnone wp-image-5220 size-full\" src=\"https:\/\/www.mate.com\/wp-content\/uploads\/2015\/08\/Danobat-e1454098615376.jpg\" alt=\"Danobat\" width=\"250\" height=\"68\" \/><\/a><\/p>\n<ul>\n<li>Thick Turret<\/li>\n<li>Popular Forming Applications<\/li>\n<\/ul>\n<\/td>\n<td valign=\"top\" width=\"300\">\u00a0<a href=\"http:\/\/www.euromac.com\/\" target=\"_blank\" rel=\"attachment wp-att-5221\"><img loading=\"lazy\" decoding=\"async\" class=\"alignnone wp-image-5221 size-full\" src=\"https:\/\/www.mate.com\/wp-content\/uploads\/2015\/08\/Euromac-e1454098636329.jpg\" alt=\"Euromac\" width=\"250\" height=\"57\" \/><\/a><\/p>\n<ul>\n<li>Thick Turret<\/li>\n<li>XMT<\/li>\n<li>Trumpf<\/li>\n<li>Popular Forming Applications<\/li>\n<\/ul>\n<\/td>\n<\/tr>\n<tr>\n<td valign=\"top\"><\/td>\n<td valign=\"top\"><\/td>\n<\/tr>\n<tr>\n<td valign=\"top\">\u00a0<a href=\"http:\/\/www.muratec.net\/sm\/products\/tp\/\" target=\"_blank\" rel=\"attachment wp-att-5222\"><img loading=\"lazy\" decoding=\"async\" class=\"alignnone wp-image-5222 size-full\" src=\"https:\/\/www.mate.com\/wp-content\/uploads\/2015\/08\/Muratec-e1454098668218.jpg\" alt=\"Muratec\" width=\"250\" height=\"72\" \/><\/a><\/p>\n<ul>\n<li>Thick Turret<\/li>\n<li>Murata Wiedemann<\/li>\n<li>Popular Forming Applications<\/li>\n<\/ul>\n<\/td>\n<td valign=\"top\">\u00a0<a href=\"http:\/\/www.primapower.com\" target=\"_blank\" rel=\"attachment wp-att-5224\"><img loading=\"lazy\" decoding=\"async\" class=\"alignnone wp-image-5224 size-full\" src=\"https:\/\/www.mate.com\/wp-content\/uploads\/2015\/08\/PrimaPower-e1454098651358.jpg\" alt=\"PrimaPower\" width=\"250\" height=\"84\" \/><\/a><\/p>\n<ul>\n<li>Thick Turret<\/li>\n<li>Popular Forming Applications<\/li>\n<\/ul>\n<\/td>\n<\/tr>\n<tr>\n<td valign=\"top\"><\/td>\n<td valign=\"top\"><\/td>\n<\/tr>\n<tr>\n<td valign=\"top\">\u00a0<a href=\"http:\/\/www.pivatic.com\/\" target=\"_blank\" rel=\"attachment wp-att-5223\"><img loading=\"lazy\" decoding=\"async\" class=\"alignnone wp-image-5223 size-full\" src=\"https:\/\/www.mate.com\/wp-content\/uploads\/2015\/08\/Pivitic-e1454098690762.jpg\" alt=\"Pivitic\" width=\"250\" height=\"84\" \/><\/a><\/p>\n<ul>\n<li>Thick Turret<\/li>\n<li>Popular Forming Applications<\/li>\n<\/ul>\n<\/td>\n<td valign=\"top\">\u00a0<a href=\"http:\/\/www.tailiftgroup.com\/cnc-punch-press.php\" target=\"_blank\" rel=\"attachment wp-att-5225\"><img loading=\"lazy\" decoding=\"async\" class=\"alignnone wp-image-5225 size-full\" src=\"https:\/\/www.mate.com\/wp-content\/uploads\/2015\/08\/Tailift-e1454098708178.jpg\" alt=\"Tailift\" width=\"249\" height=\"93\" \/><\/a><\/p>\n<ul>\n<li>Thick Turret<\/li>\n<li>Popular Forming Applications<\/li>\n<\/ul>\n<\/td>\n<\/tr>\n<tr>\n<td valign=\"top\"><\/td>\n<td><\/td>\n<\/tr>\n<\/tbody>\n<\/table>\n","protected":false},"excerpt":{"rendered":"<p>Als f\u00fchrender Hersteller von Pr\u00e4zisionswerkzeugen f\u00fcr CNC-Stanzmaschinen arbeiten wir direkt mit OEM Stanzmaschinen-herstellern zusammen um Produkte und L\u00f6sungen f\u00fcr die verschiedenen Stanzsysteme zu entwickeln. Danobat, Euromac, Murata Wiedemann, Pivatic, Prima Power und Tailift sind nur einige der OEMs mit denen uns eine Partnerschaft verbindet. \u00a0 Thick Turret Popular Forming Applications \u00a0 Thick Turret XMT Trumpf [&hellip;]<\/p>\n","protected":false},"author":5,"featured_media":0,"parent":260,"menu_order":936,"comment_status":"closed","ping_status":"closed","template":"","meta":{"_acf_changed":false,"_monsterinsights_skip_tracking":false,"_monsterinsights_sitenote_active":false,"_monsterinsights_sitenote_note":"","_monsterinsights_sitenote_category":0,"footnotes":""},"class_list":["post-457","page","type-page","status-publish","hentry"],"acf":[],"yoast_head":"<!-- This site is optimized with the Yoast SEO Premium plugin v27.2 (Yoast SEO v27.2) - https:\/\/yoast.com\/product\/yoast-seo-premium-wordpress\/ -->\n<title>OEM Partnerschaften - Mate Precision Technologies<\/title>\n<meta name=\"description\" content=\"Als f\u00fchrender Hersteller von Pr\u00e4zisionswerkzeugen f\u00fcr CNC-Stanzmaschinen arbeiten wir direkt mit OEM Stanzmaschinen-herstellern zusammen um Produkte und\" \/>\n<meta name=\"robots\" content=\"index, follow, max-snippet:-1, max-image-preview:large, max-video-preview:-1\" \/>\n<link rel=\"canonical\" href=\"https:\/\/www.mate.com\/de\/uber\/oem-partnerschaften\/\" \/>\n<meta property=\"og:locale\" content=\"de_DE\" \/>\n<meta property=\"og:type\" content=\"article\" \/>\n<meta property=\"og:title\" content=\"OEM Partnerschaften\" \/>\n<meta property=\"og:description\" content=\"Als f\u00fchrender Hersteller von Pr\u00e4zisionswerkzeugen f\u00fcr CNC-Stanzmaschinen arbeiten wir direkt mit OEM Stanzmaschinen-herstellern zusammen um Produkte und\" \/>\n<meta property=\"og:url\" content=\"https:\/\/www.mate.com\/de\/uber\/oem-partnerschaften\/\" \/>\n<meta property=\"og:site_name\" content=\"Mate Precision Technologies\" \/>\n<meta property=\"article:publisher\" content=\"https:\/\/www.facebook.com\/MatePrecisionTechnologies\/\" \/>\n<meta property=\"article:modified_time\" content=\"2016-03-11T16:53:16+00:00\" \/>\n<meta property=\"og:image\" content=\"https:\/\/www.mate.com\/wp-content\/uploads\/2015\/08\/Danobat-e1454098615376.jpg\" \/>\n<meta name=\"twitter:card\" content=\"summary_large_image\" \/>\n<meta name=\"twitter:site\" content=\"@mateprecision\" \/>\n<script type=\"application\/ld+json\" class=\"yoast-schema-graph\">{\"@context\":\"https:\/\/schema.org\",\"@graph\":[{\"@type\":\"WebPage\",\"@id\":\"https:\/\/www.mate.com\/de\/uber\/oem-partnerschaften\/\",\"url\":\"https:\/\/www.mate.com\/de\/uber\/oem-partnerschaften\/\",\"name\":\"OEM Partnerschaften - Mate Precision Technologies\",\"isPartOf\":{\"@id\":\"https:\/\/www.mate.com\/de\/#website\"},\"primaryImageOfPage\":{\"@id\":\"https:\/\/www.mate.com\/de\/uber\/oem-partnerschaften\/#primaryimage\"},\"image\":{\"@id\":\"https:\/\/www.mate.com\/de\/uber\/oem-partnerschaften\/#primaryimage\"},\"thumbnailUrl\":\"https:\/\/www.mate.com\/wp-content\/uploads\/2015\/08\/Danobat-e1454098615376.jpg\",\"datePublished\":\"2015-08-31T17:33:49+00:00\",\"dateModified\":\"2016-03-11T16:53:16+00:00\",\"description\":\"Als f\u00fchrender Hersteller von Pr\u00e4zisionswerkzeugen f\u00fcr CNC-Stanzmaschinen arbeiten wir direkt mit OEM Stanzmaschinen-herstellern zusammen um Produkte und\",\"breadcrumb\":{\"@id\":\"https:\/\/www.mate.com\/de\/uber\/oem-partnerschaften\/#breadcrumb\"},\"inLanguage\":\"de-DE\",\"potentialAction\":[{\"@type\":\"ReadAction\",\"target\":[\"https:\/\/www.mate.com\/de\/uber\/oem-partnerschaften\/\"]}]},{\"@type\":\"ImageObject\",\"inLanguage\":\"de-DE\",\"@id\":\"https:\/\/www.mate.com\/de\/uber\/oem-partnerschaften\/#primaryimage\",\"url\":\"https:\/\/www.mate.com\/wp-content\/uploads\/2015\/08\/Danobat-e1454098615376.jpg\",\"contentUrl\":\"https:\/\/www.mate.com\/wp-content\/uploads\/2015\/08\/Danobat-e1454098615376.jpg\"},{\"@type\":\"BreadcrumbList\",\"@id\":\"https:\/\/www.mate.com\/de\/uber\/oem-partnerschaften\/#breadcrumb\",\"itemListElement\":[{\"@type\":\"ListItem\",\"position\":1,\"name\":\"Startseite\",\"item\":\"https:\/\/www.mate.com\/de\/\/\"},{\"@type\":\"ListItem\",\"position\":2,\"name\":\"\u00dcber\",\"item\":\"https:\/\/www.mate.com\/de\/uber\/\"},{\"@type\":\"ListItem\",\"position\":3,\"name\":\"OEM Partnerschaften\"}]},{\"@type\":\"WebSite\",\"@id\":\"https:\/\/www.mate.com\/de\/#website\",\"url\":\"https:\/\/www.mate.com\/de\/\",\"name\":\"Mate Precision Technologies\",\"description\":\"Workholding, Press Brake, Punch Press and Laser Technologies\",\"potentialAction\":[{\"@type\":\"SearchAction\",\"target\":{\"@type\":\"EntryPoint\",\"urlTemplate\":\"https:\/\/www.mate.com\/de\/?s={search_term_string}\"},\"query-input\":{\"@type\":\"PropertyValueSpecification\",\"valueRequired\":true,\"valueName\":\"search_term_string\"}}],\"inLanguage\":\"de-DE\"}]}<\/script>\n<!-- \/ Yoast SEO Premium plugin. -->","yoast_head_json":{"title":"OEM Partnerschaften - Mate Precision Technologies","description":"Als f\u00fchrender Hersteller von Pr\u00e4zisionswerkzeugen f\u00fcr CNC-Stanzmaschinen arbeiten wir direkt mit OEM Stanzmaschinen-herstellern zusammen um Produkte und","robots":{"index":"index","follow":"follow","max-snippet":"max-snippet:-1","max-image-preview":"max-image-preview:large","max-video-preview":"max-video-preview:-1"},"canonical":"https:\/\/www.mate.com\/de\/uber\/oem-partnerschaften\/","og_locale":"de_DE","og_type":"article","og_title":"OEM Partnerschaften","og_description":"Als f\u00fchrender Hersteller von Pr\u00e4zisionswerkzeugen f\u00fcr CNC-Stanzmaschinen arbeiten wir direkt mit OEM Stanzmaschinen-herstellern zusammen um Produkte und","og_url":"https:\/\/www.mate.com\/de\/uber\/oem-partnerschaften\/","og_site_name":"Mate Precision Technologies","article_publisher":"https:\/\/www.facebook.com\/MatePrecisionTechnologies\/","article_modified_time":"2016-03-11T16:53:16+00:00","og_image":[{"url":"https:\/\/www.mate.com\/wp-content\/uploads\/2015\/08\/Danobat-e1454098615376.jpg","type":"","width":"","height":""}],"twitter_card":"summary_large_image","twitter_site":"@mateprecision","schema":{"@context":"https:\/\/schema.org","@graph":[{"@type":"WebPage","@id":"https:\/\/www.mate.com\/de\/uber\/oem-partnerschaften\/","url":"https:\/\/www.mate.com\/de\/uber\/oem-partnerschaften\/","name":"OEM Partnerschaften - Mate Precision Technologies","isPartOf":{"@id":"https:\/\/www.mate.com\/de\/#website"},"primaryImageOfPage":{"@id":"https:\/\/www.mate.com\/de\/uber\/oem-partnerschaften\/#primaryimage"},"image":{"@id":"https:\/\/www.mate.com\/de\/uber\/oem-partnerschaften\/#primaryimage"},"thumbnailUrl":"https:\/\/www.mate.com\/wp-content\/uploads\/2015\/08\/Danobat-e1454098615376.jpg","datePublished":"2015-08-31T17:33:49+00:00","dateModified":"2016-03-11T16:53:16+00:00","description":"Als f\u00fchrender Hersteller von Pr\u00e4zisionswerkzeugen f\u00fcr CNC-Stanzmaschinen arbeiten wir direkt mit OEM Stanzmaschinen-herstellern zusammen um Produkte und","breadcrumb":{"@id":"https:\/\/www.mate.com\/de\/uber\/oem-partnerschaften\/#breadcrumb"},"inLanguage":"de-DE","potentialAction":[{"@type":"ReadAction","target":["https:\/\/www.mate.com\/de\/uber\/oem-partnerschaften\/"]}]},{"@type":"ImageObject","inLanguage":"de-DE","@id":"https:\/\/www.mate.com\/de\/uber\/oem-partnerschaften\/#primaryimage","url":"https:\/\/www.mate.com\/wp-content\/uploads\/2015\/08\/Danobat-e1454098615376.jpg","contentUrl":"https:\/\/www.mate.com\/wp-content\/uploads\/2015\/08\/Danobat-e1454098615376.jpg"},{"@type":"BreadcrumbList","@id":"https:\/\/www.mate.com\/de\/uber\/oem-partnerschaften\/#breadcrumb","itemListElement":[{"@type":"ListItem","position":1,"name":"Startseite","item":"https:\/\/www.mate.com\/de\/\/"},{"@type":"ListItem","position":2,"name":"\u00dcber","item":"https:\/\/www.mate.com\/de\/uber\/"},{"@type":"ListItem","position":3,"name":"OEM Partnerschaften"}]},{"@type":"WebSite","@id":"https:\/\/www.mate.com\/de\/#website","url":"https:\/\/www.mate.com\/de\/","name":"Mate Precision Technologies","description":"Workholding, Press Brake, Punch Press and Laser Technologies","potentialAction":[{"@type":"SearchAction","target":{"@type":"EntryPoint","urlTemplate":"https:\/\/www.mate.com\/de\/?s={search_term_string}"},"query-input":{"@type":"PropertyValueSpecification","valueRequired":true,"valueName":"search_term_string"}}],"inLanguage":"de-DE"}]}},"_links":{"self":[{"href":"https:\/\/www.mate.com\/de\/wp-json\/wp\/v2\/pages\/457","targetHints":{"allow":["GET"]}}],"collection":[{"href":"https:\/\/www.mate.com\/de\/wp-json\/wp\/v2\/pages"}],"about":[{"href":"https:\/\/www.mate.com\/de\/wp-json\/wp\/v2\/types\/page"}],"author":[{"embeddable":true,"href":"https:\/\/www.mate.com\/de\/wp-json\/wp\/v2\/users\/5"}],"replies":[{"embeddable":true,"href":"https:\/\/www.mate.com\/de\/wp-json\/wp\/v2\/comments?post=457"}],"version-history":[{"count":0,"href":"https:\/\/www.mate.com\/de\/wp-json\/wp\/v2\/pages\/457\/revisions"}],"up":[{"embeddable":true,"href":"https:\/\/www.mate.com\/de\/wp-json\/wp\/v2\/pages\/260"}],"wp:attachment":[{"href":"https:\/\/www.mate.com\/de\/wp-json\/wp\/v2\/media?parent=457"}],"curies":[{"name":"wp","href":"https:\/\/api.w.org\/{rel}","templated":true}]}}