{"id":2923,"date":"2015-12-21T13:24:49","date_gmt":"2015-12-21T19:24:49","guid":{"rendered":"https:\/\/www.mate.com\/de\/?page_id=2923"},"modified":"2016-05-27T09:44:21","modified_gmt":"2016-05-27T14:44:21","slug":"special-shapes","status":"publish","type":"page","link":"https:\/\/www.mate.com\/de\/technische-resourcen\/forming-applications\/special-shapes\/","title":{"rendered":"Standard- und Spezialformen"},"content":{"rendered":"<p>Mate bietet Ihnen den entscheidenden Wettbewerbsvorteil durch Bereitstellung von L\u00f6sungen, Werkzeugkonstruktionen sowie Produktsupport f\u00fcr Ihre Spezialformen.<\/p>\n<p>Die Spezialformen von Mate beinhalten:<\/p>\n<ul>\n<li>Hervorragendes Lochstanzen<\/li>\n<li>Stempelflanken mit 1\/4\u00b0 Durchmesserverj\u00fcngung gegen Reibstellen<\/li>\n<li>Ausgezeichnete Winkligkeit und Konzentrizit\u00e4t zur Verbesserung der Lochqualit\u00e4t<\/li>\n<li>Hochwertige Werkzeugst\u00e4hle zur Maximierung der Lebensdauer<\/li>\n<\/ul>\n<p>Wenn Sie sich auf <a href=\"http:\/\/my.mate.com\/phpmymate\/login.php\">my.mate.com<\/a>\u00a0bei unserem exklusiven Service anmelden, k\u00f6nnen Sie 24 Stunden am Tag, 7 Tage die Woche auf die Zeichnungsdateien Ihrer Spezialformen zugreifen.<\/p>\n<p>&nbsp;<\/p>\n<h3>Anleitung:<\/h3>\n<ul>\n<li>Um unsere neue Anwendung zum Ausf\u00fcllen des Formulars zu starten, klicken Sie in einem der nachstehenden Formdiagramme auf den roten Namen der Form.<\/li>\n<li>F\u00fcllen Sie das Online-Formular aus, einschlie\u00dflich:\n<ul>\n<li>Firmen-Kontaktperson \/ Konto-Nr.<\/li>\n<li>Werkzeugart und Station<\/li>\n<li>Materialart und -st\u00e4rke<\/li>\n<li>Spezifische Abmessungen der gew\u00e4hlten Form<\/li>\n<li>Auf einem Bild wird die von Ihnen gew\u00e4hlte Form angezeigt.<\/li>\n<\/ul>\n<\/li>\n<li>Wenn Sie das Formular vollst\u00e4ndig ausgef\u00fcllt haben, klicken Sie auf die Schaltfl\u00e4che \u201eAngebots-Anforderung absenden\u201c.<\/li>\n<li>Au\u00dferdem k\u00f6nnen Sie Ihre Spezifikationen auch direkt an unsere Kundendienstabteilung senden:\n<ul>\n<li>Fax: 763.421.0285 (800.541.0285)<\/li>\n<li>Email: <a href=\"mailto:orders@mate.com?subject=Quote%20for%20Special%20Shape%20Requested\">orders@mate.com<\/a><\/li>\n<li>Vergessen Sie bitte nicht, uns Ihre Kontaktdaten in Ihrer Anfrage mitzuteilen.<\/li>\n<li>Sie k\u00f6nnen uns auch gerne die Grafik- oder CAD-Dateien mit Ihrer Anfrage mitsenden<\/li>\n<li>Spezialformen-Diagramme<\/li>\n<\/ul>\n<\/li>\n<\/ul>\n<h3>STANDARDFORMEN AUS MATE-PR\u00c4ZISIONSWERKZEUGEN<br \/>\n(die Nummerierung bedeutet den Code der Form)<\/h3>\n<table>\n<tbody>\n<tr>\n<td colspan=\"11\"><\/td>\n<\/tr>\n<tr>\n<td><a href=\"https:\/\/www.mate.com\/wp-content\/uploads\/2016\/02\/standard_shapes_w_numbers_1.jpg\" rel=\"attachment wp-att-5857\"><img loading=\"lazy\" decoding=\"async\" class=\"alignnone size-full wp-image-5857\" src=\"https:\/\/www.mate.com\/wp-content\/uploads\/2016\/02\/standard_shapes_w_numbers_1.jpg\" alt=\"standard_shapes_w_numbers_1\" width=\"216\" height=\"330\" \/><\/a><\/td>\n<td><a href=\"https:\/\/www.mate.com\/wp-content\/uploads\/2016\/02\/standard_shapes_w_numbers_3.jpg\" rel=\"attachment wp-att-5859\"><img loading=\"lazy\" decoding=\"async\" class=\"alignnone size-full wp-image-5859\" src=\"https:\/\/www.mate.com\/wp-content\/uploads\/2016\/02\/standard_shapes_w_numbers_3.jpg\" alt=\"standard_shapes_w_numbers_3\" width=\"216\" height=\"330\" \/><\/a><\/td>\n<td><a href=\"https:\/\/www.mate.com\/wp-content\/uploads\/2016\/02\/standard_shapes_w_numbers_A05.jpg\" rel=\"attachment wp-att-5862\"><img loading=\"lazy\" decoding=\"async\" class=\"alignnone size-full wp-image-5862\" src=\"https:\/\/www.mate.com\/wp-content\/uploads\/2016\/02\/standard_shapes_w_numbers_A05.jpg\" alt=\"standard_shapes_w_numbers_A05\" width=\"210\" height=\"330\" \/><\/a><\/td>\n<td><a href=\"https:\/\/www.mate.com\/wp-content\/uploads\/2016\/02\/standard_shapes_w_numbers_0.jpg\" rel=\"attachment wp-att-5856\"><img loading=\"lazy\" decoding=\"async\" class=\"alignnone size-full wp-image-5856\" src=\"https:\/\/www.mate.com\/wp-content\/uploads\/2016\/02\/standard_shapes_w_numbers_0.jpg\" alt=\"standard_shapes_w_numbers_0\" width=\"222\" height=\"330\" \/><\/a><\/td>\n<td><a href=\"https:\/\/www.mate.com\/wp-content\/uploads\/2016\/02\/standard_shapes_w_numbers_N.jpg\" rel=\"attachment wp-att-5865\"><img loading=\"lazy\" decoding=\"async\" class=\"alignnone size-full wp-image-5865\" src=\"https:\/\/www.mate.com\/wp-content\/uploads\/2016\/02\/standard_shapes_w_numbers_N.jpg\" alt=\"standard_shapes_w_numbers_N\" width=\"210\" height=\"330\" \/><\/a><\/td>\n<td><a href=\"https:\/\/www.mate.com\/wp-content\/uploads\/2016\/02\/standard_shapes_w_numbers_P.jpg\" rel=\"attachment wp-att-5866\"><img loading=\"lazy\" decoding=\"async\" class=\"alignnone size-full wp-image-5866\" src=\"https:\/\/www.mate.com\/wp-content\/uploads\/2016\/02\/standard_shapes_w_numbers_P.jpg\" alt=\"standard_shapes_w_numbers_P\" width=\"222\" height=\"330\" \/><\/a><\/td>\n<td><a href=\"https:\/\/www.mate.com\/wp-content\/uploads\/2016\/02\/standard_shapes_w_numbers_2.jpg\" rel=\"attachment wp-att-5858\"><img loading=\"lazy\" decoding=\"async\" class=\"alignnone size-full wp-image-5858\" src=\"https:\/\/www.mate.com\/wp-content\/uploads\/2016\/02\/standard_shapes_w_numbers_2.jpg\" alt=\"standard_shapes_w_numbers_2\" width=\"216\" height=\"330\" \/><\/a><\/td>\n<td><a href=\"https:\/\/www.mate.com\/wp-content\/uploads\/2016\/02\/standard_shapes_w_numbers_4.jpg\" rel=\"attachment wp-att-5860\"><img loading=\"lazy\" decoding=\"async\" class=\"alignnone size-full wp-image-5860\" src=\"https:\/\/www.mate.com\/wp-content\/uploads\/2016\/02\/standard_shapes_w_numbers_4.jpg\" alt=\"standard_shapes_w_numbers_4\" width=\"216\" height=\"330\" \/><\/a><\/td>\n<td><a href=\"https:\/\/www.mate.com\/wp-content\/uploads\/2016\/02\/standard_shapes_w_numbers_5.jpg\" rel=\"attachment wp-att-5861\"><img loading=\"lazy\" decoding=\"async\" class=\"alignnone size-full wp-image-5861\" src=\"https:\/\/www.mate.com\/wp-content\/uploads\/2016\/02\/standard_shapes_w_numbers_5.jpg\" alt=\"standard_shapes_w_numbers_5\" width=\"216\" height=\"330\" \/><\/a><\/td>\n<td><a href=\"https:\/\/www.mate.com\/wp-content\/uploads\/2016\/02\/standard_shapes_w_numbers_C08.jpg\" rel=\"attachment wp-att-5864\"><img loading=\"lazy\" decoding=\"async\" class=\"alignnone size-full wp-image-5864\" src=\"https:\/\/www.mate.com\/wp-content\/uploads\/2016\/02\/standard_shapes_w_numbers_C08.jpg\" alt=\"standard_shapes_w_numbers_C08\" width=\"210\" height=\"330\" \/><\/a><\/td>\n<td><a href=\"https:\/\/www.mate.com\/wp-content\/uploads\/2016\/02\/standard_shapes_w_numbers_C07.jpg\" rel=\"attachment wp-att-5863\"><img loading=\"lazy\" decoding=\"async\" class=\"alignnone size-full wp-image-5863\" src=\"https:\/\/www.mate.com\/wp-content\/uploads\/2016\/02\/standard_shapes_w_numbers_C07.jpg\" alt=\"standard_shapes_w_numbers_C07\" width=\"222\" height=\"330\" \/><\/a><\/td>\n<\/tr>\n<tr>\n<td align=\"center\"><a href=\"http:\/\/my.mate.com\/phpmymate\/techrefdocs\/form\/specialshapeRFQ.asp?login=Y&amp;shape=rec\" target=\"_blank\">Rechteck<\/a><\/td>\n<td align=\"center\"><a href=\"http:\/\/my.mate.com\/phpmymate\/techrefdocs\/form\/specialshapeRFQ.asp?login=Y&amp;shape=SQR\" target=\"_blank\">Quadrat<\/a><\/td>\n<td align=\"center\"><a href=\"http:\/\/my.mate.com\/phpmymate\/techrefdocs\/form\/specialshapeRFQ.asp?login=Y&amp;shape=A05\" target=\"_blank\">Vierfach-\u201eD\u201c<\/a><\/td>\n<td align=\"center\"><a href=\"http:\/\/my.mate.com\/phpmymate\/techrefdocs\/form\/specialshapeRFQ.asp?login=Y&amp;shape=rnd\" target=\"_blank\">Kreis<\/a><\/td>\n<td align=\"center\"><a href=\"http:\/\/my.mate.com\/phpmymate\/techrefdocs\/form\/specialshapeRFQ.asp?login=Y&amp;shape=B04\" target=\"_blank\">Sechseck<\/a><\/td>\n<td align=\"center\"><a href=\"http:\/\/my.mate.com\/phpmymate\/techrefdocs\/form\/specialshapeRFQ.asp?login=Y&amp;shape=B05\" target=\"_blank\">Achteck<\/a><\/td>\n<td align=\"center\"><a href=\"http:\/\/my.mate.com\/phpmymate\/techrefdocs\/form\/specialshapeRFQ.asp?login=Y&amp;shape=ovl\" target=\"_blank\">Oval<\/a><\/td>\n<td align=\"center\"><a href=\"http:\/\/my.mate.com\/phpmymate\/techrefdocs\/form\/specialshapeRFQ.asp?login=Y&amp;shape=A01\" target=\"_blank\">Einfach &#8211; D<\/a><\/td>\n<td align=\"center\"><a href=\"http:\/\/my.mate.com\/phpmymate\/techrefdocs\/form\/specialshapeRFQ.asp?login=Y&amp;shape=A02\" target=\"_blank\">Doppel &#8211; D<\/a><\/td>\n<td align=\"center\"><a href=\"http:\/\/my.mate.com\/phpmymate\/techrefdocs\/form\/specialshapeRFQ.asp?login=Y&amp;shape=C07\" target=\"_blank\">Dreieck<\/a><\/td>\n<td align=\"center\"><a href=\"http:\/\/my.mate.com\/phpmymate\/techrefdocs\/form\/specialshapeRFQ.asp?login=Y&amp;shape=C01\" target=\"_blank\">Raute<\/a><\/td>\n<\/tr>\n<\/tbody>\n<\/table>\n<h4><\/h4>\n<h3>SPECIAL\u00a0SHAPES FROM MATE PRECISION TECHNOLOGIES<br \/>\n(Numbering Indicates Shape Code)<\/h3>\n","protected":false},"excerpt":{"rendered":"<p>Mate bietet Ihnen den entscheidenden Wettbewerbsvorteil durch Bereitstellung von L\u00f6sungen, Werkzeugkonstruktionen sowie Produktsupport f\u00fcr Ihre Spezialformen. Die Spezialformen von Mate beinhalten: Hervorragendes Lochstanzen Stempelflanken mit 1\/4\u00b0 Durchmesserverj\u00fcngung gegen Reibstellen Ausgezeichnete Winkligkeit und Konzentrizit\u00e4t zur Verbesserung der Lochqualit\u00e4t Hochwertige Werkzeugst\u00e4hle zur Maximierung der Lebensdauer Wenn Sie sich auf my.mate.com\u00a0bei unserem exklusiven Service anmelden, k\u00f6nnen Sie 24 [&hellip;]<\/p>\n","protected":false},"author":5,"featured_media":0,"parent":37473,"menu_order":10,"comment_status":"closed","ping_status":"closed","template":"","meta":{"_acf_changed":false,"_monsterinsights_skip_tracking":false,"_monsterinsights_sitenote_active":false,"_monsterinsights_sitenote_note":"","_monsterinsights_sitenote_category":0,"footnotes":""},"class_list":["post-2923","page","type-page","status-publish","hentry"],"acf":[],"yoast_head":"<!-- This site is optimized with the Yoast SEO Premium plugin v27.2 (Yoast SEO v27.2) - https:\/\/yoast.com\/product\/yoast-seo-premium-wordpress\/ -->\n<title>Standard- und Spezialformen - Mate Precision Technologies<\/title>\n<meta name=\"description\" content=\"Mate bietet Ihnen den entscheidenden Wettbewerbsvorteil durch Bereitstellung von L\u00f6sungen, Werkzeugkonstruktionen sowie Produktsupport f\u00fcr Ihre\" \/>\n<meta name=\"robots\" content=\"index, follow, max-snippet:-1, max-image-preview:large, max-video-preview:-1\" \/>\n<link rel=\"canonical\" href=\"https:\/\/www.mate.com\/de\/technische-resourcen\/forming-applications\/special-shapes\/\" \/>\n<meta property=\"og:locale\" content=\"de_DE\" \/>\n<meta property=\"og:type\" content=\"article\" \/>\n<meta property=\"og:title\" content=\"Standard- und Spezialformen\" \/>\n<meta property=\"og:description\" content=\"Mate bietet Ihnen den entscheidenden Wettbewerbsvorteil durch Bereitstellung von L\u00f6sungen, Werkzeugkonstruktionen sowie Produktsupport f\u00fcr Ihre\" \/>\n<meta property=\"og:url\" content=\"https:\/\/www.mate.com\/de\/technische-resourcen\/forming-applications\/special-shapes\/\" \/>\n<meta property=\"og:site_name\" content=\"Mate Precision Technologies\" \/>\n<meta property=\"article:publisher\" content=\"https:\/\/www.facebook.com\/MatePrecisionTechnologies\/\" \/>\n<meta property=\"article:modified_time\" content=\"2016-05-27T14:44:21+00:00\" \/>\n<meta property=\"og:image\" content=\"https:\/\/www.mate.com\/wp-content\/uploads\/2016\/02\/standard_shapes_w_numbers_1.jpg\" \/>\n<meta name=\"twitter:card\" content=\"summary_large_image\" \/>\n<meta name=\"twitter:site\" content=\"@mateprecision\" \/>\n<meta name=\"twitter:label1\" content=\"Gesch\u00e4tzte Lesezeit\" \/>\n\t<meta name=\"twitter:data1\" content=\"1 Minute\" \/>\n<script type=\"application\/ld+json\" class=\"yoast-schema-graph\">{\"@context\":\"https:\/\/schema.org\",\"@graph\":[{\"@type\":\"WebPage\",\"@id\":\"https:\/\/www.mate.com\/de\/technische-resourcen\/forming-applications\/special-shapes\/\",\"url\":\"https:\/\/www.mate.com\/de\/technische-resourcen\/forming-applications\/special-shapes\/\",\"name\":\"Standard- und Spezialformen - Mate Precision Technologies\",\"isPartOf\":{\"@id\":\"https:\/\/www.mate.com\/de\/#website\"},\"primaryImageOfPage\":{\"@id\":\"https:\/\/www.mate.com\/de\/technische-resourcen\/forming-applications\/special-shapes\/#primaryimage\"},\"image\":{\"@id\":\"https:\/\/www.mate.com\/de\/technische-resourcen\/forming-applications\/special-shapes\/#primaryimage\"},\"thumbnailUrl\":\"https:\/\/www.mate.com\/wp-content\/uploads\/2016\/02\/standard_shapes_w_numbers_1.jpg\",\"datePublished\":\"2015-12-21T19:24:49+00:00\",\"dateModified\":\"2016-05-27T14:44:21+00:00\",\"description\":\"Mate bietet Ihnen den entscheidenden Wettbewerbsvorteil durch Bereitstellung von L\u00f6sungen, Werkzeugkonstruktionen sowie Produktsupport f\u00fcr Ihre\",\"breadcrumb\":{\"@id\":\"https:\/\/www.mate.com\/de\/technische-resourcen\/forming-applications\/special-shapes\/#breadcrumb\"},\"inLanguage\":\"de-DE\",\"potentialAction\":[{\"@type\":\"ReadAction\",\"target\":[\"https:\/\/www.mate.com\/de\/technische-resourcen\/forming-applications\/special-shapes\/\"]}]},{\"@type\":\"ImageObject\",\"inLanguage\":\"de-DE\",\"@id\":\"https:\/\/www.mate.com\/de\/technische-resourcen\/forming-applications\/special-shapes\/#primaryimage\",\"url\":\"https:\/\/www.mate.com\/wp-content\/uploads\/2016\/02\/standard_shapes_w_numbers_1.jpg\",\"contentUrl\":\"https:\/\/www.mate.com\/wp-content\/uploads\/2016\/02\/standard_shapes_w_numbers_1.jpg\"},{\"@type\":\"BreadcrumbList\",\"@id\":\"https:\/\/www.mate.com\/de\/technische-resourcen\/forming-applications\/special-shapes\/#breadcrumb\",\"itemListElement\":[{\"@type\":\"ListItem\",\"position\":1,\"name\":\"Startseite\",\"item\":\"https:\/\/www.mate.com\/de\/\/\"},{\"@type\":\"ListItem\",\"position\":2,\"name\":\"Fertigungsl\u00f6sungen\",\"item\":\"https:\/\/www.mate.com\/de\/fabrication-solutions\/\"},{\"@type\":\"ListItem\",\"position\":3,\"name\":\"Standard- und Spezialformen\"}]},{\"@type\":\"WebSite\",\"@id\":\"https:\/\/www.mate.com\/de\/#website\",\"url\":\"https:\/\/www.mate.com\/de\/\",\"name\":\"Mate Precision Technologies\",\"description\":\"Workholding, Press Brake, Punch Press and Laser Technologies\",\"potentialAction\":[{\"@type\":\"SearchAction\",\"target\":{\"@type\":\"EntryPoint\",\"urlTemplate\":\"https:\/\/www.mate.com\/de\/?s={search_term_string}\"},\"query-input\":{\"@type\":\"PropertyValueSpecification\",\"valueRequired\":true,\"valueName\":\"search_term_string\"}}],\"inLanguage\":\"de-DE\"}]}<\/script>\n<!-- \/ Yoast SEO Premium plugin. -->","yoast_head_json":{"title":"Standard- und Spezialformen - Mate Precision Technologies","description":"Mate bietet Ihnen den entscheidenden Wettbewerbsvorteil durch Bereitstellung von L\u00f6sungen, Werkzeugkonstruktionen sowie Produktsupport f\u00fcr Ihre","robots":{"index":"index","follow":"follow","max-snippet":"max-snippet:-1","max-image-preview":"max-image-preview:large","max-video-preview":"max-video-preview:-1"},"canonical":"https:\/\/www.mate.com\/de\/technische-resourcen\/forming-applications\/special-shapes\/","og_locale":"de_DE","og_type":"article","og_title":"Standard- und Spezialformen","og_description":"Mate bietet Ihnen den entscheidenden Wettbewerbsvorteil durch Bereitstellung von L\u00f6sungen, Werkzeugkonstruktionen sowie Produktsupport f\u00fcr Ihre","og_url":"https:\/\/www.mate.com\/de\/technische-resourcen\/forming-applications\/special-shapes\/","og_site_name":"Mate Precision Technologies","article_publisher":"https:\/\/www.facebook.com\/MatePrecisionTechnologies\/","article_modified_time":"2016-05-27T14:44:21+00:00","og_image":[{"url":"https:\/\/www.mate.com\/wp-content\/uploads\/2016\/02\/standard_shapes_w_numbers_1.jpg","type":"","width":"","height":""}],"twitter_card":"summary_large_image","twitter_site":"@mateprecision","twitter_misc":{"Gesch\u00e4tzte Lesezeit":"1 Minute"},"schema":{"@context":"https:\/\/schema.org","@graph":[{"@type":"WebPage","@id":"https:\/\/www.mate.com\/de\/technische-resourcen\/forming-applications\/special-shapes\/","url":"https:\/\/www.mate.com\/de\/technische-resourcen\/forming-applications\/special-shapes\/","name":"Standard- und Spezialformen - Mate Precision Technologies","isPartOf":{"@id":"https:\/\/www.mate.com\/de\/#website"},"primaryImageOfPage":{"@id":"https:\/\/www.mate.com\/de\/technische-resourcen\/forming-applications\/special-shapes\/#primaryimage"},"image":{"@id":"https:\/\/www.mate.com\/de\/technische-resourcen\/forming-applications\/special-shapes\/#primaryimage"},"thumbnailUrl":"https:\/\/www.mate.com\/wp-content\/uploads\/2016\/02\/standard_shapes_w_numbers_1.jpg","datePublished":"2015-12-21T19:24:49+00:00","dateModified":"2016-05-27T14:44:21+00:00","description":"Mate bietet Ihnen den entscheidenden Wettbewerbsvorteil durch Bereitstellung von L\u00f6sungen, Werkzeugkonstruktionen sowie Produktsupport f\u00fcr Ihre","breadcrumb":{"@id":"https:\/\/www.mate.com\/de\/technische-resourcen\/forming-applications\/special-shapes\/#breadcrumb"},"inLanguage":"de-DE","potentialAction":[{"@type":"ReadAction","target":["https:\/\/www.mate.com\/de\/technische-resourcen\/forming-applications\/special-shapes\/"]}]},{"@type":"ImageObject","inLanguage":"de-DE","@id":"https:\/\/www.mate.com\/de\/technische-resourcen\/forming-applications\/special-shapes\/#primaryimage","url":"https:\/\/www.mate.com\/wp-content\/uploads\/2016\/02\/standard_shapes_w_numbers_1.jpg","contentUrl":"https:\/\/www.mate.com\/wp-content\/uploads\/2016\/02\/standard_shapes_w_numbers_1.jpg"},{"@type":"BreadcrumbList","@id":"https:\/\/www.mate.com\/de\/technische-resourcen\/forming-applications\/special-shapes\/#breadcrumb","itemListElement":[{"@type":"ListItem","position":1,"name":"Startseite","item":"https:\/\/www.mate.com\/de\/\/"},{"@type":"ListItem","position":2,"name":"Fertigungsl\u00f6sungen","item":"https:\/\/www.mate.com\/de\/fabrication-solutions\/"},{"@type":"ListItem","position":3,"name":"Standard- und Spezialformen"}]},{"@type":"WebSite","@id":"https:\/\/www.mate.com\/de\/#website","url":"https:\/\/www.mate.com\/de\/","name":"Mate Precision Technologies","description":"Workholding, Press Brake, Punch Press and Laser Technologies","potentialAction":[{"@type":"SearchAction","target":{"@type":"EntryPoint","urlTemplate":"https:\/\/www.mate.com\/de\/?s={search_term_string}"},"query-input":{"@type":"PropertyValueSpecification","valueRequired":true,"valueName":"search_term_string"}}],"inLanguage":"de-DE"}]}},"_links":{"self":[{"href":"https:\/\/www.mate.com\/de\/wp-json\/wp\/v2\/pages\/2923","targetHints":{"allow":["GET"]}}],"collection":[{"href":"https:\/\/www.mate.com\/de\/wp-json\/wp\/v2\/pages"}],"about":[{"href":"https:\/\/www.mate.com\/de\/wp-json\/wp\/v2\/types\/page"}],"author":[{"embeddable":true,"href":"https:\/\/www.mate.com\/de\/wp-json\/wp\/v2\/users\/5"}],"replies":[{"embeddable":true,"href":"https:\/\/www.mate.com\/de\/wp-json\/wp\/v2\/comments?post=2923"}],"version-history":[{"count":0,"href":"https:\/\/www.mate.com\/de\/wp-json\/wp\/v2\/pages\/2923\/revisions"}],"up":[{"embeddable":true,"href":"https:\/\/www.mate.com\/de\/wp-json\/wp\/v2\/pages\/37473"}],"wp:attachment":[{"href":"https:\/\/www.mate.com\/de\/wp-json\/wp\/v2\/media?parent=2923"}],"curies":[{"name":"wp","href":"https:\/\/api.w.org\/{rel}","templated":true}]}}