{"id":2914,"date":"2015-12-21T13:15:12","date_gmt":"2015-12-21T19:15:12","guid":{"rendered":"https:\/\/www.mate.com\/de\/solution-bulletins\/customer-solution-center\/"},"modified":"2016-05-24T15:08:08","modified_gmt":"2016-05-24T20:08:08","slug":"customer-solution-center","status":"publish","type":"page","link":"https:\/\/www.mate.com\/de\/technische-resourcen\/customer-solution-center\/","title":{"rendered":"Mate Kunden-L\u00f6sungscenter"},"content":{"rendered":"<p style=\"text-align: left;\"><img loading=\"lazy\" decoding=\"async\" class=\"alignnone wp-image-5473 size-medium\" src=\"https:\/\/www.mate.com\/wp-content\/uploads\/2015\/12\/CSC_MedRes-1-750x500.jpg\" alt=\"Customer Solution Center\" width=\"750\" height=\"500\" \/><\/p>\n<p style=\"text-align: left;\">Im 2009 er\u00f6ffneten Mate Kunden-L\u00f6sungscenter dreht sich alles um unsere Kunden. Es ist ein Schaufenster unseres Engagements, zukunftsweisende L\u00f6sungen f\u00fcr unsere Kunden zu entwickeln, und ihnen nur den allerbesten Service zu bieten. Die Mission des Kunden-L\u00f6sungscenters besteht aus drei S\u00e4ulen:<\/p>\n<ul style=\"text-align: left;\">\n<li>Dem Kunden zus\u00e4tzlichen Mehrwert zu liefern \u2013 durch erstklassigen Service, Unterst\u00fctzung und L\u00f6sungen durch Schulung, Produktsupport und Beratung bez\u00fcglich Werkzeugkonstruktionen<\/li>\n<li>Produktinnovation zu inspirieren, indem Mate bei der Entwicklung neuer und Verbesserung bestehender Standard- und Spezialprodukte geholfen wird<\/li>\n<li>Mates Wissen in den Umgebungen, in denen seine Produkte eingesetzt sind, auszubauen<\/li>\n<\/ul>\n<p style=\"text-align: left;\">Das auf einer Fl\u00e4che von 300.000 Quadratfu\u00df stehende Kunden-L\u00f6sungscenter ist mit den neuesten Maschinen von PrimaPower, Trumpf und anderen ausgestattet. Durch Einsatz der modernsten Stanzanlagen und -materialien k\u00f6nnen wir die Standard- und Spezialprodukte der Mate-Linie weiterentwickeln und erweitern. Durch genauen Nachbau der Verh\u00e4ltnisse beim Kunden ist Mate in der Lage, im Kunden-L\u00f6sungscenter selbst die kniffligsten Fertigungsprobleme seiner Kunden zu l\u00f6sen.<\/p>\n<p><!--\n\n\n<p style=\"text-align: left;\">From exotic stainless steel exterior wall panels to cluster punching leather panels to everything in between and beyond, Mate Special Application tooling provides fabricators with the solutions you need. With our unparalled fabricating expertise, Mate's design experts have met and exceeded the most complex tooling challenges. View our Solutions Gallery to see some unique ways in how we've helped others. Just what you\u2019d expect from the leader in Special Application tooling.<\/p>\n\n\n --><\/p>\n","protected":false},"excerpt":{"rendered":"<p>Im 2009 er\u00f6ffneten Mate Kunden-L\u00f6sungscenter dreht sich alles um unsere Kunden. Es ist ein Schaufenster unseres Engagements, zukunftsweisende L\u00f6sungen f\u00fcr unsere Kunden zu entwickeln, und ihnen nur den allerbesten Service zu bieten. Die Mission des Kunden-L\u00f6sungscenters besteht aus drei S\u00e4ulen: Dem Kunden zus\u00e4tzlichen Mehrwert zu liefern \u2013 durch erstklassigen Service, Unterst\u00fctzung und L\u00f6sungen durch Schulung, [&hellip;]<\/p>\n","protected":false},"author":5,"featured_media":0,"parent":472,"menu_order":949,"comment_status":"closed","ping_status":"closed","template":"","meta":{"_acf_changed":false,"_monsterinsights_skip_tracking":false,"_monsterinsights_sitenote_active":false,"_monsterinsights_sitenote_note":"","_monsterinsights_sitenote_category":0,"footnotes":""},"class_list":["post-2914","page","type-page","status-publish","hentry"],"acf":[],"yoast_head":"<!-- This site is optimized with the Yoast SEO Premium plugin v27.2 (Yoast SEO v27.2) - https:\/\/yoast.com\/product\/yoast-seo-premium-wordpress\/ -->\n<title>Customer Solution Center - Mate Precision Technologies<\/title>\n<meta name=\"description\" content=\"Opened in 2009, using the latest punching systems and materials, we can develop and expand Mate\u2019s line of standard and specialty products.\" \/>\n<meta name=\"robots\" content=\"index, follow, max-snippet:-1, max-image-preview:large, max-video-preview:-1\" \/>\n<link rel=\"canonical\" href=\"https:\/\/www.mate.com\/de\/technische-resourcen\/customer-solution-center\/\" \/>\n<meta property=\"og:locale\" content=\"de_DE\" \/>\n<meta property=\"og:type\" content=\"article\" \/>\n<meta property=\"og:title\" content=\"Mate Kunden-L\u00f6sungscenter\" \/>\n<meta property=\"og:description\" content=\"Opened in 2009, using the latest punching systems and materials, we can develop and expand Mate\u2019s line of standard and specialty products.\" \/>\n<meta property=\"og:url\" content=\"https:\/\/www.mate.com\/de\/technische-resourcen\/customer-solution-center\/\" \/>\n<meta property=\"og:site_name\" content=\"Mate Precision Technologies\" \/>\n<meta property=\"article:publisher\" content=\"https:\/\/www.facebook.com\/MatePrecisionTechnologies\/\" \/>\n<meta property=\"article:modified_time\" content=\"2016-05-24T20:08:08+00:00\" \/>\n<meta property=\"og:image\" content=\"https:\/\/www.mate.com\/wp-content\/uploads\/2015\/12\/CSC_MedRes-1-750x500.jpg\" \/>\n<meta name=\"twitter:card\" content=\"summary_large_image\" \/>\n<meta name=\"twitter:site\" content=\"@mateprecision\" \/>\n<meta name=\"twitter:label1\" content=\"Gesch\u00e4tzte Lesezeit\" \/>\n\t<meta name=\"twitter:data1\" content=\"1 Minute\" \/>\n<script type=\"application\/ld+json\" class=\"yoast-schema-graph\">{\"@context\":\"https:\/\/schema.org\",\"@graph\":[{\"@type\":\"WebPage\",\"@id\":\"https:\/\/www.mate.com\/de\/technische-resourcen\/customer-solution-center\/\",\"url\":\"https:\/\/www.mate.com\/de\/technische-resourcen\/customer-solution-center\/\",\"name\":\"Customer Solution Center - Mate Precision Technologies\",\"isPartOf\":{\"@id\":\"https:\/\/www.mate.com\/de\/#website\"},\"primaryImageOfPage\":{\"@id\":\"https:\/\/www.mate.com\/de\/technische-resourcen\/customer-solution-center\/#primaryimage\"},\"image\":{\"@id\":\"https:\/\/www.mate.com\/de\/technische-resourcen\/customer-solution-center\/#primaryimage\"},\"thumbnailUrl\":\"https:\/\/www.mate.com\/wp-content\/uploads\/2015\/12\/CSC_MedRes-1-750x500.jpg\",\"datePublished\":\"2015-12-21T19:15:12+00:00\",\"dateModified\":\"2016-05-24T20:08:08+00:00\",\"description\":\"Opened in 2009, using the latest punching systems and materials, we can develop and expand Mate\u2019s line of standard and specialty products.\",\"breadcrumb\":{\"@id\":\"https:\/\/www.mate.com\/de\/technische-resourcen\/customer-solution-center\/#breadcrumb\"},\"inLanguage\":\"de-DE\",\"potentialAction\":[{\"@type\":\"ReadAction\",\"target\":[\"https:\/\/www.mate.com\/de\/technische-resourcen\/customer-solution-center\/\"]}]},{\"@type\":\"ImageObject\",\"inLanguage\":\"de-DE\",\"@id\":\"https:\/\/www.mate.com\/de\/technische-resourcen\/customer-solution-center\/#primaryimage\",\"url\":\"https:\/\/www.mate.com\/wp-content\/uploads\/2015\/12\/CSC_MedRes-1-750x500.jpg\",\"contentUrl\":\"https:\/\/www.mate.com\/wp-content\/uploads\/2015\/12\/CSC_MedRes-1-750x500.jpg\"},{\"@type\":\"BreadcrumbList\",\"@id\":\"https:\/\/www.mate.com\/de\/technische-resourcen\/customer-solution-center\/#breadcrumb\",\"itemListElement\":[{\"@type\":\"ListItem\",\"position\":1,\"name\":\"Startseite\",\"item\":\"https:\/\/www.mate.com\/de\/\/\"},{\"@type\":\"ListItem\",\"position\":2,\"name\":\"Fertigungsl\u00f6sungen\",\"item\":\"https:\/\/www.mate.com\/de\/fabrication-solutions\/\"},{\"@type\":\"ListItem\",\"position\":3,\"name\":\"Mate Kunden-L\u00f6sungscenter\"}]},{\"@type\":\"WebSite\",\"@id\":\"https:\/\/www.mate.com\/de\/#website\",\"url\":\"https:\/\/www.mate.com\/de\/\",\"name\":\"Mate Precision Technologies\",\"description\":\"Workholding, Press Brake, Punch Press and Laser Technologies\",\"potentialAction\":[{\"@type\":\"SearchAction\",\"target\":{\"@type\":\"EntryPoint\",\"urlTemplate\":\"https:\/\/www.mate.com\/de\/?s={search_term_string}\"},\"query-input\":{\"@type\":\"PropertyValueSpecification\",\"valueRequired\":true,\"valueName\":\"search_term_string\"}}],\"inLanguage\":\"de-DE\"}]}<\/script>\n<!-- \/ Yoast SEO Premium plugin. -->","yoast_head_json":{"title":"Customer Solution Center - Mate Precision Technologies","description":"Opened in 2009, using the latest punching systems and materials, we can develop and expand Mate\u2019s line of standard and specialty products.","robots":{"index":"index","follow":"follow","max-snippet":"max-snippet:-1","max-image-preview":"max-image-preview:large","max-video-preview":"max-video-preview:-1"},"canonical":"https:\/\/www.mate.com\/de\/technische-resourcen\/customer-solution-center\/","og_locale":"de_DE","og_type":"article","og_title":"Mate Kunden-L\u00f6sungscenter","og_description":"Opened in 2009, using the latest punching systems and materials, we can develop and expand Mate\u2019s line of standard and specialty products.","og_url":"https:\/\/www.mate.com\/de\/technische-resourcen\/customer-solution-center\/","og_site_name":"Mate Precision Technologies","article_publisher":"https:\/\/www.facebook.com\/MatePrecisionTechnologies\/","article_modified_time":"2016-05-24T20:08:08+00:00","og_image":[{"url":"https:\/\/www.mate.com\/wp-content\/uploads\/2015\/12\/CSC_MedRes-1-750x500.jpg","type":"","width":"","height":""}],"twitter_card":"summary_large_image","twitter_site":"@mateprecision","twitter_misc":{"Gesch\u00e4tzte Lesezeit":"1 Minute"},"schema":{"@context":"https:\/\/schema.org","@graph":[{"@type":"WebPage","@id":"https:\/\/www.mate.com\/de\/technische-resourcen\/customer-solution-center\/","url":"https:\/\/www.mate.com\/de\/technische-resourcen\/customer-solution-center\/","name":"Customer Solution Center - Mate Precision Technologies","isPartOf":{"@id":"https:\/\/www.mate.com\/de\/#website"},"primaryImageOfPage":{"@id":"https:\/\/www.mate.com\/de\/technische-resourcen\/customer-solution-center\/#primaryimage"},"image":{"@id":"https:\/\/www.mate.com\/de\/technische-resourcen\/customer-solution-center\/#primaryimage"},"thumbnailUrl":"https:\/\/www.mate.com\/wp-content\/uploads\/2015\/12\/CSC_MedRes-1-750x500.jpg","datePublished":"2015-12-21T19:15:12+00:00","dateModified":"2016-05-24T20:08:08+00:00","description":"Opened in 2009, using the latest punching systems and materials, we can develop and expand Mate\u2019s line of standard and specialty products.","breadcrumb":{"@id":"https:\/\/www.mate.com\/de\/technische-resourcen\/customer-solution-center\/#breadcrumb"},"inLanguage":"de-DE","potentialAction":[{"@type":"ReadAction","target":["https:\/\/www.mate.com\/de\/technische-resourcen\/customer-solution-center\/"]}]},{"@type":"ImageObject","inLanguage":"de-DE","@id":"https:\/\/www.mate.com\/de\/technische-resourcen\/customer-solution-center\/#primaryimage","url":"https:\/\/www.mate.com\/wp-content\/uploads\/2015\/12\/CSC_MedRes-1-750x500.jpg","contentUrl":"https:\/\/www.mate.com\/wp-content\/uploads\/2015\/12\/CSC_MedRes-1-750x500.jpg"},{"@type":"BreadcrumbList","@id":"https:\/\/www.mate.com\/de\/technische-resourcen\/customer-solution-center\/#breadcrumb","itemListElement":[{"@type":"ListItem","position":1,"name":"Startseite","item":"https:\/\/www.mate.com\/de\/\/"},{"@type":"ListItem","position":2,"name":"Fertigungsl\u00f6sungen","item":"https:\/\/www.mate.com\/de\/fabrication-solutions\/"},{"@type":"ListItem","position":3,"name":"Mate Kunden-L\u00f6sungscenter"}]},{"@type":"WebSite","@id":"https:\/\/www.mate.com\/de\/#website","url":"https:\/\/www.mate.com\/de\/","name":"Mate Precision Technologies","description":"Workholding, Press Brake, Punch Press and Laser Technologies","potentialAction":[{"@type":"SearchAction","target":{"@type":"EntryPoint","urlTemplate":"https:\/\/www.mate.com\/de\/?s={search_term_string}"},"query-input":{"@type":"PropertyValueSpecification","valueRequired":true,"valueName":"search_term_string"}}],"inLanguage":"de-DE"}]}},"_links":{"self":[{"href":"https:\/\/www.mate.com\/de\/wp-json\/wp\/v2\/pages\/2914","targetHints":{"allow":["GET"]}}],"collection":[{"href":"https:\/\/www.mate.com\/de\/wp-json\/wp\/v2\/pages"}],"about":[{"href":"https:\/\/www.mate.com\/de\/wp-json\/wp\/v2\/types\/page"}],"author":[{"embeddable":true,"href":"https:\/\/www.mate.com\/de\/wp-json\/wp\/v2\/users\/5"}],"replies":[{"embeddable":true,"href":"https:\/\/www.mate.com\/de\/wp-json\/wp\/v2\/comments?post=2914"}],"version-history":[{"count":0,"href":"https:\/\/www.mate.com\/de\/wp-json\/wp\/v2\/pages\/2914\/revisions"}],"up":[{"embeddable":true,"href":"https:\/\/www.mate.com\/de\/wp-json\/wp\/v2\/pages\/472"}],"wp:attachment":[{"href":"https:\/\/www.mate.com\/de\/wp-json\/wp\/v2\/media?parent=2914"}],"curies":[{"name":"wp","href":"https:\/\/api.w.org\/{rel}","templated":true}]}}