{"id":8128,"date":"2015-09-01T18:28:54","date_gmt":"2015-09-01T18:28:54","guid":{"rendered":"https:\/\/www.mate.com\/cs\/technical-resources\/tips-techniques\/punching\/techniques\/corner-rounding\/"},"modified":"2015-09-01T18:28:54","modified_gmt":"2015-09-01T18:28:54","slug":"corner-rounding","status":"publish","type":"page","link":"https:\/\/www.mate.com\/cs\/technical-resources\/punch-press-resources\/tips-techniques\/punching\/techniques\/corner-rounding\/","title":{"rendered":"Corner Rounding"},"content":{"rendered":"<h2>4-Way Corner Rounding<\/h2>\n<p>The 4-Way Corner Rounding tool can round all four corners of a piece part without rotating the tooling. Fully Guided Tooling is recommended because positive guiding action supports the punch so that heels are not needed whether punching in the middle of a sheet or along the edge.<\/p>\n<p><a href=\"https:\/\/www.mate.com\/wp-content\/uploads\/2015\/09\/4-way.jpg\" rel=\"attachment wp-att-6425\"><img loading=\"lazy\" decoding=\"async\" class=\"alignnone wp-image-6425\" src=\"https:\/\/www.mate.com\/wp-content\/uploads\/2015\/09\/4-way.jpg\" alt=\"4-way\" width=\"600\" height=\"580\" srcset=\"https:\/\/www.mate.com\/wp-content\/uploads\/2015\/09\/4-way.jpg 1200w, https:\/\/www.mate.com\/wp-content\/uploads\/2015\/09\/4-way-768x742.jpg 768w, https:\/\/www.mate.com\/wp-content\/uploads\/2015\/09\/4-way-400x387.jpg 400w\" sizes=\"auto, (max-width: 600px) 100vw, 600px\" \/><\/a><\/p>\n<h2>9-Way Corner Rounding<\/h2>\n<p>A single 9-Way Corner Rounding tool provides nine external popular radii from 1\/2 to 1\/16 inch. Auto Index programming selects and rotates the desired radius to round off all corner of a piece part. Fully Guided tooling is recommended because positive guiding action is important for support when only one side of the punch is used at a time.<\/p>\n<p>When specifying custom radii, please submit a sketch drawn in the manner above. For adequate corner rounding performance, each radius should include at least 90o of arc (1\/4 of a circle). For adequate tool strength, \u201cNoses\u201d between deep radii or groups of radii should be at least .188(4.7) wide as shown above. Any numer of radii that will fit on the tools may be used &#8211; limiting factors are tool size and strength.<\/p>\n<p><a href=\"https:\/\/www.mate.com\/wp-content\/uploads\/2015\/09\/9-way.jpg\" rel=\"attachment wp-att-6427\"><img loading=\"lazy\" decoding=\"async\" class=\"alignnone wp-image-6427\" src=\"https:\/\/www.mate.com\/wp-content\/uploads\/2015\/09\/9-way.jpg\" alt=\"9-way\" width=\"250\" height=\"218\" srcset=\"https:\/\/www.mate.com\/wp-content\/uploads\/2015\/09\/9-way.jpg 804w, https:\/\/www.mate.com\/wp-content\/uploads\/2015\/09\/9-way-768x669.jpg 768w, https:\/\/www.mate.com\/wp-content\/uploads\/2015\/09\/9-way-400x348.jpg 400w\" sizes=\"auto, (max-width: 250px) 100vw, 250px\" \/><\/a> <a href=\"https:\/\/www.mate.com\/wp-content\/uploads\/2015\/09\/9-way_radii.jpg\" rel=\"attachment wp-att-6428\"><img loading=\"lazy\" decoding=\"async\" class=\"alignnone wp-image-6428\" src=\"https:\/\/www.mate.com\/wp-content\/uploads\/2015\/09\/9-way_radii.jpg\" alt=\"9-way_radii\" width=\"550\" height=\"289\" srcset=\"https:\/\/www.mate.com\/wp-content\/uploads\/2015\/09\/9-way_radii.jpg 1532w, https:\/\/www.mate.com\/wp-content\/uploads\/2015\/09\/9-way_radii-768x404.jpg 768w, https:\/\/www.mate.com\/wp-content\/uploads\/2015\/09\/9-way_radii-400x210.jpg 400w\" sizes=\"auto, (max-width: 550px) 100vw, 550px\" \/><\/a><\/p>\n","protected":false},"excerpt":{"rendered":"<p>4-Way Corner Rounding The 4-Way Corner Rounding tool can round all four corners of a piece part without rotating the tooling. Fully Guided Tooling is recommended because positive guiding action supports the punch so that heels are not needed whether punching in the middle of a sheet or along the edge. 9-Way Corner Rounding A [&hellip;]<\/p>\n","protected":false},"author":5,"featured_media":0,"parent":8125,"menu_order":740,"comment_status":"closed","ping_status":"closed","template":"","meta":{"_acf_changed":false,"_monsterinsights_skip_tracking":false,"_monsterinsights_sitenote_active":false,"_monsterinsights_sitenote_note":"","_monsterinsights_sitenote_category":0,"footnotes":""},"class_list":["post-8128","page","type-page","status-publish","hentry"],"acf":[],"yoast_head":"<!-- This site is optimized with the Yoast SEO Premium plugin v27.4 (Yoast SEO v27.4) - https:\/\/yoast.com\/product\/yoast-seo-premium-wordpress\/ -->\n<title>Corner Rounding - Mate Precision Technologies<\/title>\n<meta name=\"description\" content=\"4-Way Corner Rounding The 4-Way Corner Rounding tool can round all four corners of a piece part without rotating the tooling. Fully Guided Tooling is\" \/>\n<meta name=\"robots\" content=\"index, follow, max-snippet:-1, max-image-preview:large, max-video-preview:-1\" \/>\n<link rel=\"canonical\" href=\"https:\/\/www.mate.com\/cs\/technical-resources\/punch-press-resources\/tips-techniques\/punching\/techniques\/corner-rounding\/\" \/>\n<meta property=\"og:locale\" content=\"cs_CZ\" \/>\n<meta property=\"og:type\" content=\"article\" \/>\n<meta property=\"og:title\" content=\"Corner Rounding\" \/>\n<meta property=\"og:description\" content=\"4-Way Corner Rounding The 4-Way Corner Rounding tool can round all four corners of a piece part without rotating the tooling. Fully Guided Tooling is\" \/>\n<meta property=\"og:url\" content=\"https:\/\/www.mate.com\/cs\/technical-resources\/punch-press-resources\/tips-techniques\/punching\/techniques\/corner-rounding\/\" \/>\n<meta property=\"og:site_name\" content=\"Mate Precision Technologies\" \/>\n<meta property=\"article:publisher\" content=\"https:\/\/www.facebook.com\/MatePrecisionTechnologies\/\" \/>\n<meta property=\"og:image\" content=\"https:\/\/www.mate.com\/wp-content\/uploads\/2015\/09\/4-way.jpg\" \/>\n<meta name=\"twitter:card\" content=\"summary_large_image\" \/>\n<meta name=\"twitter:site\" content=\"@mateprecision\" \/>\n<meta name=\"twitter:label1\" content=\"Odhadovan\u00e1 doba \u010dten\u00ed\" \/>\n\t<meta name=\"twitter:data1\" content=\"1 minuta\" \/>\n<script type=\"application\/ld+json\" class=\"yoast-schema-graph\">{\"@context\":\"https:\\\/\\\/schema.org\",\"@graph\":[{\"@type\":\"WebPage\",\"@id\":\"https:\\\/\\\/www.mate.com\\\/cs\\\/technical-resources\\\/punch-press-resources\\\/tips-techniques\\\/punching\\\/techniques\\\/corner-rounding\\\/\",\"url\":\"https:\\\/\\\/www.mate.com\\\/cs\\\/technical-resources\\\/punch-press-resources\\\/tips-techniques\\\/punching\\\/techniques\\\/corner-rounding\\\/\",\"name\":\"Corner Rounding - Mate Precision Technologies\",\"isPartOf\":{\"@id\":\"https:\\\/\\\/www.mate.com\\\/cs\\\/#website\"},\"primaryImageOfPage\":{\"@id\":\"https:\\\/\\\/www.mate.com\\\/cs\\\/technical-resources\\\/punch-press-resources\\\/tips-techniques\\\/punching\\\/techniques\\\/corner-rounding\\\/#primaryimage\"},\"image\":{\"@id\":\"https:\\\/\\\/www.mate.com\\\/cs\\\/technical-resources\\\/punch-press-resources\\\/tips-techniques\\\/punching\\\/techniques\\\/corner-rounding\\\/#primaryimage\"},\"thumbnailUrl\":\"https:\\\/\\\/www.mate.com\\\/wp-content\\\/uploads\\\/2015\\\/09\\\/4-way.jpg\",\"datePublished\":\"2015-09-01T18:28:54+00:00\",\"description\":\"4-Way Corner Rounding The 4-Way Corner Rounding tool can round all four corners of a piece part without rotating the tooling. Fully Guided Tooling is\",\"breadcrumb\":{\"@id\":\"https:\\\/\\\/www.mate.com\\\/cs\\\/technical-resources\\\/punch-press-resources\\\/tips-techniques\\\/punching\\\/techniques\\\/corner-rounding\\\/#breadcrumb\"},\"inLanguage\":\"cs\",\"potentialAction\":[{\"@type\":\"ReadAction\",\"target\":[\"https:\\\/\\\/www.mate.com\\\/cs\\\/technical-resources\\\/punch-press-resources\\\/tips-techniques\\\/punching\\\/techniques\\\/corner-rounding\\\/\"]}]},{\"@type\":\"ImageObject\",\"inLanguage\":\"cs\",\"@id\":\"https:\\\/\\\/www.mate.com\\\/cs\\\/technical-resources\\\/punch-press-resources\\\/tips-techniques\\\/punching\\\/techniques\\\/corner-rounding\\\/#primaryimage\",\"url\":\"https:\\\/\\\/www.mate.com\\\/wp-content\\\/uploads\\\/2015\\\/09\\\/4-way.jpg\",\"contentUrl\":\"https:\\\/\\\/www.mate.com\\\/wp-content\\\/uploads\\\/2015\\\/09\\\/4-way.jpg\"},{\"@type\":\"BreadcrumbList\",\"@id\":\"https:\\\/\\\/www.mate.com\\\/cs\\\/technical-resources\\\/punch-press-resources\\\/tips-techniques\\\/punching\\\/techniques\\\/corner-rounding\\\/#breadcrumb\",\"itemListElement\":[{\"@type\":\"ListItem\",\"position\":1,\"name\":\"Dom\u016f\",\"item\":\"https:\\\/\\\/www.mate.com\\\/cs\\\/\\\/\"},{\"@type\":\"ListItem\",\"position\":2,\"name\":\"Technick\u00e9 zdroje\",\"item\":\"https:\\\/\\\/www.mate.com\\\/cs\\\/technical-resources\\\/\"},{\"@type\":\"ListItem\",\"position\":3,\"name\":\"Tips &#038; Techniques\",\"item\":\"https:\\\/\\\/www.mate.com\\\/cs\\\/technical-resources\\\/tips-techniques\\\/\"},{\"@type\":\"ListItem\",\"position\":4,\"name\":\"Punching\",\"item\":\"https:\\\/\\\/www.mate.com\\\/cs\\\/technical-resources\\\/tips-techniques\\\/punching\\\/\"},{\"@type\":\"ListItem\",\"position\":5,\"name\":\"Techniques\",\"item\":\"https:\\\/\\\/www.mate.com\\\/cs\\\/technical-resources\\\/tips-techniques\\\/punching\\\/techniques\\\/\"},{\"@type\":\"ListItem\",\"position\":6,\"name\":\"Corner Rounding\"}]},{\"@type\":\"WebSite\",\"@id\":\"https:\\\/\\\/www.mate.com\\\/cs\\\/#website\",\"url\":\"https:\\\/\\\/www.mate.com\\\/cs\\\/\",\"name\":\"Mate Precision Technologies\",\"description\":\"Workholding, Press Brake, Punch Press and Laser Technologies\",\"potentialAction\":[{\"@type\":\"SearchAction\",\"target\":{\"@type\":\"EntryPoint\",\"urlTemplate\":\"https:\\\/\\\/www.mate.com\\\/cs\\\/?s={search_term_string}\"},\"query-input\":{\"@type\":\"PropertyValueSpecification\",\"valueRequired\":true,\"valueName\":\"search_term_string\"}}],\"inLanguage\":\"cs\"}]}<\/script>\n<!-- \/ Yoast SEO Premium plugin. -->","yoast_head_json":{"title":"Corner Rounding - Mate Precision Technologies","description":"4-Way Corner Rounding The 4-Way Corner Rounding tool can round all four corners of a piece part without rotating the tooling. Fully Guided Tooling is","robots":{"index":"index","follow":"follow","max-snippet":"max-snippet:-1","max-image-preview":"max-image-preview:large","max-video-preview":"max-video-preview:-1"},"canonical":"https:\/\/www.mate.com\/cs\/technical-resources\/punch-press-resources\/tips-techniques\/punching\/techniques\/corner-rounding\/","og_locale":"cs_CZ","og_type":"article","og_title":"Corner Rounding","og_description":"4-Way Corner Rounding The 4-Way Corner Rounding tool can round all four corners of a piece part without rotating the tooling. Fully Guided Tooling is","og_url":"https:\/\/www.mate.com\/cs\/technical-resources\/punch-press-resources\/tips-techniques\/punching\/techniques\/corner-rounding\/","og_site_name":"Mate Precision Technologies","article_publisher":"https:\/\/www.facebook.com\/MatePrecisionTechnologies\/","og_image":[{"url":"https:\/\/www.mate.com\/wp-content\/uploads\/2015\/09\/4-way.jpg","type":"","width":"","height":""}],"twitter_card":"summary_large_image","twitter_site":"@mateprecision","twitter_misc":{"Odhadovan\u00e1 doba \u010dten\u00ed":"1 minuta"},"schema":{"@context":"https:\/\/schema.org","@graph":[{"@type":"WebPage","@id":"https:\/\/www.mate.com\/cs\/technical-resources\/punch-press-resources\/tips-techniques\/punching\/techniques\/corner-rounding\/","url":"https:\/\/www.mate.com\/cs\/technical-resources\/punch-press-resources\/tips-techniques\/punching\/techniques\/corner-rounding\/","name":"Corner Rounding - Mate Precision Technologies","isPartOf":{"@id":"https:\/\/www.mate.com\/cs\/#website"},"primaryImageOfPage":{"@id":"https:\/\/www.mate.com\/cs\/technical-resources\/punch-press-resources\/tips-techniques\/punching\/techniques\/corner-rounding\/#primaryimage"},"image":{"@id":"https:\/\/www.mate.com\/cs\/technical-resources\/punch-press-resources\/tips-techniques\/punching\/techniques\/corner-rounding\/#primaryimage"},"thumbnailUrl":"https:\/\/www.mate.com\/wp-content\/uploads\/2015\/09\/4-way.jpg","datePublished":"2015-09-01T18:28:54+00:00","description":"4-Way Corner Rounding The 4-Way Corner Rounding tool can round all four corners of a piece part without rotating the tooling. Fully Guided Tooling is","breadcrumb":{"@id":"https:\/\/www.mate.com\/cs\/technical-resources\/punch-press-resources\/tips-techniques\/punching\/techniques\/corner-rounding\/#breadcrumb"},"inLanguage":"cs","potentialAction":[{"@type":"ReadAction","target":["https:\/\/www.mate.com\/cs\/technical-resources\/punch-press-resources\/tips-techniques\/punching\/techniques\/corner-rounding\/"]}]},{"@type":"ImageObject","inLanguage":"cs","@id":"https:\/\/www.mate.com\/cs\/technical-resources\/punch-press-resources\/tips-techniques\/punching\/techniques\/corner-rounding\/#primaryimage","url":"https:\/\/www.mate.com\/wp-content\/uploads\/2015\/09\/4-way.jpg","contentUrl":"https:\/\/www.mate.com\/wp-content\/uploads\/2015\/09\/4-way.jpg"},{"@type":"BreadcrumbList","@id":"https:\/\/www.mate.com\/cs\/technical-resources\/punch-press-resources\/tips-techniques\/punching\/techniques\/corner-rounding\/#breadcrumb","itemListElement":[{"@type":"ListItem","position":1,"name":"Dom\u016f","item":"https:\/\/www.mate.com\/cs\/\/"},{"@type":"ListItem","position":2,"name":"Technick\u00e9 zdroje","item":"https:\/\/www.mate.com\/cs\/technical-resources\/"},{"@type":"ListItem","position":3,"name":"Tips &#038; Techniques","item":"https:\/\/www.mate.com\/cs\/technical-resources\/tips-techniques\/"},{"@type":"ListItem","position":4,"name":"Punching","item":"https:\/\/www.mate.com\/cs\/technical-resources\/tips-techniques\/punching\/"},{"@type":"ListItem","position":5,"name":"Techniques","item":"https:\/\/www.mate.com\/cs\/technical-resources\/tips-techniques\/punching\/techniques\/"},{"@type":"ListItem","position":6,"name":"Corner Rounding"}]},{"@type":"WebSite","@id":"https:\/\/www.mate.com\/cs\/#website","url":"https:\/\/www.mate.com\/cs\/","name":"Mate Precision Technologies","description":"Workholding, Press Brake, Punch Press and Laser Technologies","potentialAction":[{"@type":"SearchAction","target":{"@type":"EntryPoint","urlTemplate":"https:\/\/www.mate.com\/cs\/?s={search_term_string}"},"query-input":{"@type":"PropertyValueSpecification","valueRequired":true,"valueName":"search_term_string"}}],"inLanguage":"cs"}]}},"_links":{"self":[{"href":"https:\/\/www.mate.com\/cs\/wp-json\/wp\/v2\/pages\/8128","targetHints":{"allow":["GET"]}}],"collection":[{"href":"https:\/\/www.mate.com\/cs\/wp-json\/wp\/v2\/pages"}],"about":[{"href":"https:\/\/www.mate.com\/cs\/wp-json\/wp\/v2\/types\/page"}],"author":[{"embeddable":true,"href":"https:\/\/www.mate.com\/cs\/wp-json\/wp\/v2\/users\/5"}],"replies":[{"embeddable":true,"href":"https:\/\/www.mate.com\/cs\/wp-json\/wp\/v2\/comments?post=8128"}],"version-history":[{"count":0,"href":"https:\/\/www.mate.com\/cs\/wp-json\/wp\/v2\/pages\/8128\/revisions"}],"up":[{"embeddable":true,"href":"https:\/\/www.mate.com\/cs\/wp-json\/wp\/v2\/pages\/8125"}],"wp:attachment":[{"href":"https:\/\/www.mate.com\/cs\/wp-json\/wp\/v2\/media?parent=8128"}],"curies":[{"name":"wp","href":"https:\/\/api.w.org\/{rel}","templated":true}]}}