{"id":8118,"date":"2015-09-01T14:22:54","date_gmt":"2015-09-01T14:22:54","guid":{"rendered":"https:\/\/www.mate.com\/cs\/technical-resources\/tips-techniques\/punching\/coatings\/"},"modified":"2015-09-01T14:22:54","modified_gmt":"2015-09-01T14:22:54","slug":"coatings","status":"publish","type":"page","link":"https:\/\/www.mate.com\/cs\/technical-resources\/punch-press-resources\/tips-techniques\/punching\/coatings\/","title":{"rendered":"Coatings"},"content":{"rendered":"<h2>Maxima\u2122 Coating<\/h2>\n<p>Maxima\u2122 is a premium tool steel coating that has been specially formulated for turret punch press tooling applications. Maxima is a multilayer Zirconium Titanium Nitride coating that is hard, wear resistant, and lubricious. It acts as a barrier between the punch and the sheet metal being punched and, because of its exceptional lubricity, greatly improves stripping.<\/p>\n<p>Maxima is applied to the precision ground surface of Mate\u2019s premium tool steel punches. Since Maxima is an extremely hard, wear resistant, slippery material which reduces the friction that occurs during the stripping portion of the punching cycle, it is particularly good for adhesive wear tooling applications. Less friction mean less heat build up, less galling and longer tool life.<br \/>\nMaxima coating is recommended for applications such as 3000 and 5000 series aluminum, galvanized and stainless steel, or any application where lubrication cannot be used such as vinyl coated or pre-painted materials. The lubricity is also beneficial when punching sharp cornered shapes with a 90 degree or smaller angle.<\/p>\n<p>In real life tests around the world, Maxima has increased tool life by a factor of 2 to 10 times, keeping tools in production longer with increased up time. Maxima can be applied to M-2, M4PM\u2122, and Durasteel\u2122.<\/p>\n<h2>Nitride Treatment<\/h2>\n<p>Nitride is an optional heat treatment feature for abrasive and adhesive wear environments when punching thin materials. It is a surface treatment which becomes an integral component of the structure of the material itself, therefore extending tool life.<br \/>\nPunches with Nitride Treatment are recommended for punching abrasive materials such as fiberglass or materials that cause galling such as stainless steel, galvanized steel, and aluminum. It is also recommended for high speed punching (see below for nibbling limitations). It is not recommended for punches smaller than 0.158(4.01) in diameter or width, for material thicker than 0.250(6.35), or where significant punch deflection may occur. Nitride can be applied to M-2 and M4PM\u2122 tool steel.<\/p>\n<p><a href=\"https:\/\/www.mate.com\/wp-content\/uploads\/2015\/09\/Maxima_Nitride_Chart1-e1444667121965.jpg\"><img loading=\"lazy\" decoding=\"async\" class=\"alignnone size-full wp-image-1496\" src=\"https:\/\/www.mate.com\/wp-content\/uploads\/2015\/09\/Maxima_Nitride_Chart1-e1444667121965.jpg\" alt=\"Maxima_Nitride_Chart\" width=\"550\" height=\"285\" \/><\/a><\/p>\n","protected":false},"excerpt":{"rendered":"<p>Maxima\u2122 Coating Maxima\u2122 is a premium tool steel coating that has been specially formulated for turret punch press tooling applications. Maxima is a multilayer Zirconium Titanium Nitride coating that is hard, wear resistant, and lubricious. It acts as a barrier between the punch and the sheet metal being punched and, because of its exceptional lubricity, [&hellip;]<\/p>\n","protected":false},"author":5,"featured_media":0,"parent":8115,"menu_order":631,"comment_status":"closed","ping_status":"closed","template":"","meta":{"_acf_changed":false,"_monsterinsights_skip_tracking":false,"_monsterinsights_sitenote_active":false,"_monsterinsights_sitenote_note":"","_monsterinsights_sitenote_category":0,"footnotes":""},"class_list":["post-8118","page","type-page","status-publish","hentry"],"acf":[],"yoast_head":"<!-- This site is optimized with the Yoast SEO Premium plugin v27.2 (Yoast SEO v27.2) - https:\/\/yoast.com\/product\/yoast-seo-premium-wordpress\/ -->\n<title>Coatings - Mate Precision Technologies<\/title>\n<meta name=\"description\" content=\"Maxima\u2122 Coating Maxima\u2122 is a premium tool steel coating that has been specially formulated for turret punch press tooling applications. Maxima is a\" \/>\n<meta name=\"robots\" content=\"index, follow, max-snippet:-1, max-image-preview:large, max-video-preview:-1\" \/>\n<link rel=\"canonical\" href=\"https:\/\/www.mate.com\/cs\/technical-resources\/punch-press-resources\/tips-techniques\/punching\/coatings\/\" \/>\n<meta property=\"og:locale\" content=\"cs_CZ\" \/>\n<meta property=\"og:type\" content=\"article\" \/>\n<meta property=\"og:title\" content=\"Coatings\" \/>\n<meta property=\"og:description\" content=\"Maxima\u2122 Coating Maxima\u2122 is a premium tool steel coating that has been specially formulated for turret punch press tooling applications. Maxima is a\" \/>\n<meta property=\"og:url\" content=\"https:\/\/www.mate.com\/cs\/technical-resources\/punch-press-resources\/tips-techniques\/punching\/coatings\/\" \/>\n<meta property=\"og:site_name\" content=\"Mate Precision Technologies\" \/>\n<meta property=\"article:publisher\" content=\"https:\/\/www.facebook.com\/MatePrecisionTechnologies\/\" \/>\n<meta property=\"og:image\" content=\"https:\/\/www.mate.com\/wp-content\/uploads\/2015\/09\/Maxima_Nitride_Chart1-e1444667121965.jpg\" \/>\n<meta name=\"twitter:card\" content=\"summary_large_image\" \/>\n<meta name=\"twitter:site\" content=\"@mateprecision\" \/>\n<meta name=\"twitter:label1\" content=\"Odhadovan\u00e1 doba \u010dten\u00ed\" \/>\n\t<meta name=\"twitter:data1\" content=\"2 minuty\" \/>\n<script type=\"application\/ld+json\" class=\"yoast-schema-graph\">{\"@context\":\"https:\/\/schema.org\",\"@graph\":[{\"@type\":\"WebPage\",\"@id\":\"https:\/\/www.mate.com\/cs\/technical-resources\/punch-press-resources\/tips-techniques\/punching\/coatings\/\",\"url\":\"https:\/\/www.mate.com\/cs\/technical-resources\/punch-press-resources\/tips-techniques\/punching\/coatings\/\",\"name\":\"Coatings - Mate Precision Technologies\",\"isPartOf\":{\"@id\":\"https:\/\/www.mate.com\/cs\/#website\"},\"primaryImageOfPage\":{\"@id\":\"https:\/\/www.mate.com\/cs\/technical-resources\/punch-press-resources\/tips-techniques\/punching\/coatings\/#primaryimage\"},\"image\":{\"@id\":\"https:\/\/www.mate.com\/cs\/technical-resources\/punch-press-resources\/tips-techniques\/punching\/coatings\/#primaryimage\"},\"thumbnailUrl\":\"https:\/\/www.mate.com\/wp-content\/uploads\/2015\/09\/Maxima_Nitride_Chart1-e1444667121965.jpg\",\"datePublished\":\"2015-09-01T14:22:54+00:00\",\"description\":\"Maxima\u2122 Coating Maxima\u2122 is a premium tool steel coating that has been specially formulated for turret punch press tooling applications. Maxima is a\",\"breadcrumb\":{\"@id\":\"https:\/\/www.mate.com\/cs\/technical-resources\/punch-press-resources\/tips-techniques\/punching\/coatings\/#breadcrumb\"},\"inLanguage\":\"cs\",\"potentialAction\":[{\"@type\":\"ReadAction\",\"target\":[\"https:\/\/www.mate.com\/cs\/technical-resources\/punch-press-resources\/tips-techniques\/punching\/coatings\/\"]}]},{\"@type\":\"ImageObject\",\"inLanguage\":\"cs\",\"@id\":\"https:\/\/www.mate.com\/cs\/technical-resources\/punch-press-resources\/tips-techniques\/punching\/coatings\/#primaryimage\",\"url\":\"https:\/\/www.mate.com\/wp-content\/uploads\/2015\/09\/Maxima_Nitride_Chart1-e1444667121965.jpg\",\"contentUrl\":\"https:\/\/www.mate.com\/wp-content\/uploads\/2015\/09\/Maxima_Nitride_Chart1-e1444667121965.jpg\"},{\"@type\":\"BreadcrumbList\",\"@id\":\"https:\/\/www.mate.com\/cs\/technical-resources\/punch-press-resources\/tips-techniques\/punching\/coatings\/#breadcrumb\",\"itemListElement\":[{\"@type\":\"ListItem\",\"position\":1,\"name\":\"Dom\u016f\",\"item\":\"https:\/\/www.mate.com\/cs\/\/\"},{\"@type\":\"ListItem\",\"position\":2,\"name\":\"Technick\u00e9 zdroje\",\"item\":\"https:\/\/www.mate.com\/cs\/technical-resources\/\"},{\"@type\":\"ListItem\",\"position\":3,\"name\":\"Tips &#038; Techniques\",\"item\":\"https:\/\/www.mate.com\/cs\/technical-resources\/tips-techniques\/\"},{\"@type\":\"ListItem\",\"position\":4,\"name\":\"Punching\",\"item\":\"https:\/\/www.mate.com\/cs\/technical-resources\/tips-techniques\/punching\/\"},{\"@type\":\"ListItem\",\"position\":5,\"name\":\"Coatings\"}]},{\"@type\":\"WebSite\",\"@id\":\"https:\/\/www.mate.com\/cs\/#website\",\"url\":\"https:\/\/www.mate.com\/cs\/\",\"name\":\"Mate Precision Technologies\",\"description\":\"Workholding, Press Brake, Punch Press and Laser Technologies\",\"potentialAction\":[{\"@type\":\"SearchAction\",\"target\":{\"@type\":\"EntryPoint\",\"urlTemplate\":\"https:\/\/www.mate.com\/cs\/?s={search_term_string}\"},\"query-input\":{\"@type\":\"PropertyValueSpecification\",\"valueRequired\":true,\"valueName\":\"search_term_string\"}}],\"inLanguage\":\"cs\"}]}<\/script>\n<!-- \/ Yoast SEO Premium plugin. -->","yoast_head_json":{"title":"Coatings - Mate Precision Technologies","description":"Maxima\u2122 Coating Maxima\u2122 is a premium tool steel coating that has been specially formulated for turret punch press tooling applications. Maxima is a","robots":{"index":"index","follow":"follow","max-snippet":"max-snippet:-1","max-image-preview":"max-image-preview:large","max-video-preview":"max-video-preview:-1"},"canonical":"https:\/\/www.mate.com\/cs\/technical-resources\/punch-press-resources\/tips-techniques\/punching\/coatings\/","og_locale":"cs_CZ","og_type":"article","og_title":"Coatings","og_description":"Maxima\u2122 Coating Maxima\u2122 is a premium tool steel coating that has been specially formulated for turret punch press tooling applications. Maxima is a","og_url":"https:\/\/www.mate.com\/cs\/technical-resources\/punch-press-resources\/tips-techniques\/punching\/coatings\/","og_site_name":"Mate Precision Technologies","article_publisher":"https:\/\/www.facebook.com\/MatePrecisionTechnologies\/","og_image":[{"url":"https:\/\/www.mate.com\/wp-content\/uploads\/2015\/09\/Maxima_Nitride_Chart1-e1444667121965.jpg","type":"","width":"","height":""}],"twitter_card":"summary_large_image","twitter_site":"@mateprecision","twitter_misc":{"Odhadovan\u00e1 doba \u010dten\u00ed":"2 minuty"},"schema":{"@context":"https:\/\/schema.org","@graph":[{"@type":"WebPage","@id":"https:\/\/www.mate.com\/cs\/technical-resources\/punch-press-resources\/tips-techniques\/punching\/coatings\/","url":"https:\/\/www.mate.com\/cs\/technical-resources\/punch-press-resources\/tips-techniques\/punching\/coatings\/","name":"Coatings - Mate Precision Technologies","isPartOf":{"@id":"https:\/\/www.mate.com\/cs\/#website"},"primaryImageOfPage":{"@id":"https:\/\/www.mate.com\/cs\/technical-resources\/punch-press-resources\/tips-techniques\/punching\/coatings\/#primaryimage"},"image":{"@id":"https:\/\/www.mate.com\/cs\/technical-resources\/punch-press-resources\/tips-techniques\/punching\/coatings\/#primaryimage"},"thumbnailUrl":"https:\/\/www.mate.com\/wp-content\/uploads\/2015\/09\/Maxima_Nitride_Chart1-e1444667121965.jpg","datePublished":"2015-09-01T14:22:54+00:00","description":"Maxima\u2122 Coating Maxima\u2122 is a premium tool steel coating that has been specially formulated for turret punch press tooling applications. Maxima is a","breadcrumb":{"@id":"https:\/\/www.mate.com\/cs\/technical-resources\/punch-press-resources\/tips-techniques\/punching\/coatings\/#breadcrumb"},"inLanguage":"cs","potentialAction":[{"@type":"ReadAction","target":["https:\/\/www.mate.com\/cs\/technical-resources\/punch-press-resources\/tips-techniques\/punching\/coatings\/"]}]},{"@type":"ImageObject","inLanguage":"cs","@id":"https:\/\/www.mate.com\/cs\/technical-resources\/punch-press-resources\/tips-techniques\/punching\/coatings\/#primaryimage","url":"https:\/\/www.mate.com\/wp-content\/uploads\/2015\/09\/Maxima_Nitride_Chart1-e1444667121965.jpg","contentUrl":"https:\/\/www.mate.com\/wp-content\/uploads\/2015\/09\/Maxima_Nitride_Chart1-e1444667121965.jpg"},{"@type":"BreadcrumbList","@id":"https:\/\/www.mate.com\/cs\/technical-resources\/punch-press-resources\/tips-techniques\/punching\/coatings\/#breadcrumb","itemListElement":[{"@type":"ListItem","position":1,"name":"Dom\u016f","item":"https:\/\/www.mate.com\/cs\/\/"},{"@type":"ListItem","position":2,"name":"Technick\u00e9 zdroje","item":"https:\/\/www.mate.com\/cs\/technical-resources\/"},{"@type":"ListItem","position":3,"name":"Tips &#038; Techniques","item":"https:\/\/www.mate.com\/cs\/technical-resources\/tips-techniques\/"},{"@type":"ListItem","position":4,"name":"Punching","item":"https:\/\/www.mate.com\/cs\/technical-resources\/tips-techniques\/punching\/"},{"@type":"ListItem","position":5,"name":"Coatings"}]},{"@type":"WebSite","@id":"https:\/\/www.mate.com\/cs\/#website","url":"https:\/\/www.mate.com\/cs\/","name":"Mate Precision Technologies","description":"Workholding, Press Brake, Punch Press and Laser Technologies","potentialAction":[{"@type":"SearchAction","target":{"@type":"EntryPoint","urlTemplate":"https:\/\/www.mate.com\/cs\/?s={search_term_string}"},"query-input":{"@type":"PropertyValueSpecification","valueRequired":true,"valueName":"search_term_string"}}],"inLanguage":"cs"}]}},"_links":{"self":[{"href":"https:\/\/www.mate.com\/cs\/wp-json\/wp\/v2\/pages\/8118","targetHints":{"allow":["GET"]}}],"collection":[{"href":"https:\/\/www.mate.com\/cs\/wp-json\/wp\/v2\/pages"}],"about":[{"href":"https:\/\/www.mate.com\/cs\/wp-json\/wp\/v2\/types\/page"}],"author":[{"embeddable":true,"href":"https:\/\/www.mate.com\/cs\/wp-json\/wp\/v2\/users\/5"}],"replies":[{"embeddable":true,"href":"https:\/\/www.mate.com\/cs\/wp-json\/wp\/v2\/comments?post=8118"}],"version-history":[{"count":0,"href":"https:\/\/www.mate.com\/cs\/wp-json\/wp\/v2\/pages\/8118\/revisions"}],"up":[{"embeddable":true,"href":"https:\/\/www.mate.com\/cs\/wp-json\/wp\/v2\/pages\/8115"}],"wp:attachment":[{"href":"https:\/\/www.mate.com\/cs\/wp-json\/wp\/v2\/media?parent=8118"}],"curies":[{"name":"wp","href":"https:\/\/api.w.org\/{rel}","templated":true}]}}