{"id":8057,"date":"2015-12-21T13:15:12","date_gmt":"2015-12-21T19:15:12","guid":{"rendered":"https:\/\/www.mate.com\/cs\/fabrication-solutions\/customer-solution-center\/"},"modified":"2015-12-21T13:15:12","modified_gmt":"2015-12-21T19:15:12","slug":"customer-solution-center","status":"publish","type":"page","link":"https:\/\/www.mate.com\/cs\/technical-resources\/customer-solution-center\/","title":{"rendered":"Customer Solution Center"},"content":{"rendered":"<p style=\"text-align: left;\"><a href=\"https:\/\/www.mate.com\/wp-content\/uploads\/2015\/12\/CSC_MedRes-1-750x500.jpg\" rel=\"attachment wp-att-5473\"><img loading=\"lazy\" decoding=\"async\" class=\"alignnone wp-image-5473 size-medium\" src=\"https:\/\/www.mate.com\/wp-content\/uploads\/2015\/12\/CSC_MedRes-1-750x500.jpg\" alt=\"Customer Solution Center\" width=\"750\" height=\"500\" \/><\/a><\/p>\n<p style=\"text-align: left;\">Opened in 2009, Mate\u2019s Customer Solution Center is all about our customers. It is a showcase of our dedication to developing leading edge solutions for our customers and providing them with the utmost service. The mission of the Customer Solution Center is threefold:<\/p>\n<ul style=\"text-align: left;\">\n<li>Deliver additional customer value by providing superior service, support and solutions through education, product support and tooling design consultancy<\/li>\n<li>Inspire product innovation by helping Mate develop new and improve existing standard and specialty products<\/li>\n<li>Expand Mate\u2019s knowledge on the environments in which its products operate<\/li>\n<\/ul>\n<p style=\"text-align: left;\">Located within our 300,000 square foot facility, the Customer Solution Center is equipped with the latest machines from PrimaPower, Trumpf and others. Using the latest punching systems and materials, we can develop and expand Mate\u2019s line standard and specialty products. By replicating the customer\u2019s environment in every way, Mate also uses the Customer Solutions Center to help our customers solve their most challenging fabricating problems.<\/p>\n<p><!--\n\n\n<p style=\"text-align: left;\">From exotic stainless steel exterior wall panels to cluster punching leather panels to everything in between and beyond, Mate Special Application tooling provides fabricators with the solutions you need. With our unparalled fabricating expertise, Mate's design experts have met and exceeded the most complex tooling challenges. View our Solutions Gallery to see some unique ways in how we've helped others. Just what you\u2019d expect from the leader in Special Application tooling.<\/p>\n\n\n --><\/p>\n","protected":false},"excerpt":{"rendered":"<p>Opened in 2009, Mate\u2019s Customer Solution Center is all about our customers. It is a showcase of our dedication to developing leading edge solutions for our customers and providing them with the utmost service. The mission of the Customer Solution Center is threefold: Deliver additional customer value by providing superior service, support and solutions through [&hellip;]<\/p>\n","protected":false},"author":5,"featured_media":0,"parent":8109,"menu_order":951,"comment_status":"closed","ping_status":"closed","template":"","meta":{"_acf_changed":false,"_monsterinsights_skip_tracking":false,"_monsterinsights_sitenote_active":false,"_monsterinsights_sitenote_note":"","_monsterinsights_sitenote_category":0,"footnotes":""},"class_list":["post-8057","page","type-page","status-publish","hentry"],"acf":[],"yoast_head":"<!-- This site is optimized with the Yoast SEO Premium plugin v27.4 (Yoast SEO v27.4) - https:\/\/yoast.com\/product\/yoast-seo-premium-wordpress\/ -->\n<title>Customer Solution Center - Mate Precision Technologies<\/title>\n<meta name=\"description\" content=\"Opened in 2009, using the latest punching systems and materials, we can develop and expand Mate\u2019s line of standard and specialty products.\" \/>\n<meta name=\"robots\" content=\"index, follow, max-snippet:-1, max-image-preview:large, max-video-preview:-1\" \/>\n<link rel=\"canonical\" href=\"https:\/\/www.mate.com\/cs\/technical-resources\/customer-solution-center\/\" \/>\n<meta property=\"og:locale\" content=\"cs_CZ\" \/>\n<meta property=\"og:type\" content=\"article\" \/>\n<meta property=\"og:title\" content=\"Customer Solution Center\" \/>\n<meta property=\"og:description\" content=\"Opened in 2009, using the latest punching systems and materials, we can develop and expand Mate\u2019s line of standard and specialty products.\" \/>\n<meta property=\"og:url\" content=\"https:\/\/www.mate.com\/cs\/technical-resources\/customer-solution-center\/\" \/>\n<meta property=\"og:site_name\" content=\"Mate Precision Technologies\" \/>\n<meta property=\"article:publisher\" content=\"https:\/\/www.facebook.com\/MatePrecisionTechnologies\/\" \/>\n<meta property=\"og:image\" content=\"https:\/\/www.mate.com\/wp-content\/uploads\/2015\/12\/CSC_MedRes-1-750x500.jpg\" \/>\n<meta name=\"twitter:card\" content=\"summary_large_image\" \/>\n<meta name=\"twitter:site\" content=\"@mateprecision\" \/>\n<meta name=\"twitter:label1\" content=\"Odhadovan\u00e1 doba \u010dten\u00ed\" \/>\n\t<meta name=\"twitter:data1\" content=\"1 minuta\" \/>\n<script type=\"application\/ld+json\" class=\"yoast-schema-graph\">{\"@context\":\"https:\\\/\\\/schema.org\",\"@graph\":[{\"@type\":\"WebPage\",\"@id\":\"https:\\\/\\\/www.mate.com\\\/cs\\\/technical-resources\\\/customer-solution-center\\\/\",\"url\":\"https:\\\/\\\/www.mate.com\\\/cs\\\/technical-resources\\\/customer-solution-center\\\/\",\"name\":\"Customer Solution Center - Mate Precision Technologies\",\"isPartOf\":{\"@id\":\"https:\\\/\\\/www.mate.com\\\/cs\\\/#website\"},\"primaryImageOfPage\":{\"@id\":\"https:\\\/\\\/www.mate.com\\\/cs\\\/technical-resources\\\/customer-solution-center\\\/#primaryimage\"},\"image\":{\"@id\":\"https:\\\/\\\/www.mate.com\\\/cs\\\/technical-resources\\\/customer-solution-center\\\/#primaryimage\"},\"thumbnailUrl\":\"https:\\\/\\\/www.mate.com\\\/wp-content\\\/uploads\\\/2015\\\/12\\\/CSC_MedRes-1-750x500.jpg\",\"datePublished\":\"2015-12-21T19:15:12+00:00\",\"description\":\"Opened in 2009, using the latest punching systems and materials, we can develop and expand Mate\u2019s line of standard and specialty products.\",\"breadcrumb\":{\"@id\":\"https:\\\/\\\/www.mate.com\\\/cs\\\/technical-resources\\\/customer-solution-center\\\/#breadcrumb\"},\"inLanguage\":\"cs\",\"potentialAction\":[{\"@type\":\"ReadAction\",\"target\":[\"https:\\\/\\\/www.mate.com\\\/cs\\\/technical-resources\\\/customer-solution-center\\\/\"]}]},{\"@type\":\"ImageObject\",\"inLanguage\":\"cs\",\"@id\":\"https:\\\/\\\/www.mate.com\\\/cs\\\/technical-resources\\\/customer-solution-center\\\/#primaryimage\",\"url\":\"https:\\\/\\\/www.mate.com\\\/wp-content\\\/uploads\\\/2015\\\/12\\\/CSC_MedRes-1-750x500.jpg\",\"contentUrl\":\"https:\\\/\\\/www.mate.com\\\/wp-content\\\/uploads\\\/2015\\\/12\\\/CSC_MedRes-1-750x500.jpg\"},{\"@type\":\"BreadcrumbList\",\"@id\":\"https:\\\/\\\/www.mate.com\\\/cs\\\/technical-resources\\\/customer-solution-center\\\/#breadcrumb\",\"itemListElement\":[{\"@type\":\"ListItem\",\"position\":1,\"name\":\"Dom\u016f\",\"item\":\"https:\\\/\\\/www.mate.com\\\/cs\\\/\\\/\"},{\"@type\":\"ListItem\",\"position\":2,\"name\":\"V\u00fdrobn\u00ed \u0159e\u0161en\u00ed\",\"item\":\"https:\\\/\\\/www.mate.com\\\/cs\\\/fabrication-solutions\\\/\"},{\"@type\":\"ListItem\",\"position\":3,\"name\":\"Customer Solution Center\"}]},{\"@type\":\"WebSite\",\"@id\":\"https:\\\/\\\/www.mate.com\\\/cs\\\/#website\",\"url\":\"https:\\\/\\\/www.mate.com\\\/cs\\\/\",\"name\":\"Mate Precision Technologies\",\"description\":\"Workholding, Press Brake, Punch Press and Laser Technologies\",\"potentialAction\":[{\"@type\":\"SearchAction\",\"target\":{\"@type\":\"EntryPoint\",\"urlTemplate\":\"https:\\\/\\\/www.mate.com\\\/cs\\\/?s={search_term_string}\"},\"query-input\":{\"@type\":\"PropertyValueSpecification\",\"valueRequired\":true,\"valueName\":\"search_term_string\"}}],\"inLanguage\":\"cs\"}]}<\/script>\n<!-- \/ Yoast SEO Premium plugin. -->","yoast_head_json":{"title":"Customer Solution Center - Mate Precision Technologies","description":"Opened in 2009, using the latest punching systems and materials, we can develop and expand Mate\u2019s line of standard and specialty products.","robots":{"index":"index","follow":"follow","max-snippet":"max-snippet:-1","max-image-preview":"max-image-preview:large","max-video-preview":"max-video-preview:-1"},"canonical":"https:\/\/www.mate.com\/cs\/technical-resources\/customer-solution-center\/","og_locale":"cs_CZ","og_type":"article","og_title":"Customer Solution Center","og_description":"Opened in 2009, using the latest punching systems and materials, we can develop and expand Mate\u2019s line of standard and specialty products.","og_url":"https:\/\/www.mate.com\/cs\/technical-resources\/customer-solution-center\/","og_site_name":"Mate Precision Technologies","article_publisher":"https:\/\/www.facebook.com\/MatePrecisionTechnologies\/","og_image":[{"url":"https:\/\/www.mate.com\/wp-content\/uploads\/2015\/12\/CSC_MedRes-1-750x500.jpg","type":"","width":"","height":""}],"twitter_card":"summary_large_image","twitter_site":"@mateprecision","twitter_misc":{"Odhadovan\u00e1 doba \u010dten\u00ed":"1 minuta"},"schema":{"@context":"https:\/\/schema.org","@graph":[{"@type":"WebPage","@id":"https:\/\/www.mate.com\/cs\/technical-resources\/customer-solution-center\/","url":"https:\/\/www.mate.com\/cs\/technical-resources\/customer-solution-center\/","name":"Customer Solution Center - Mate Precision Technologies","isPartOf":{"@id":"https:\/\/www.mate.com\/cs\/#website"},"primaryImageOfPage":{"@id":"https:\/\/www.mate.com\/cs\/technical-resources\/customer-solution-center\/#primaryimage"},"image":{"@id":"https:\/\/www.mate.com\/cs\/technical-resources\/customer-solution-center\/#primaryimage"},"thumbnailUrl":"https:\/\/www.mate.com\/wp-content\/uploads\/2015\/12\/CSC_MedRes-1-750x500.jpg","datePublished":"2015-12-21T19:15:12+00:00","description":"Opened in 2009, using the latest punching systems and materials, we can develop and expand Mate\u2019s line of standard and specialty products.","breadcrumb":{"@id":"https:\/\/www.mate.com\/cs\/technical-resources\/customer-solution-center\/#breadcrumb"},"inLanguage":"cs","potentialAction":[{"@type":"ReadAction","target":["https:\/\/www.mate.com\/cs\/technical-resources\/customer-solution-center\/"]}]},{"@type":"ImageObject","inLanguage":"cs","@id":"https:\/\/www.mate.com\/cs\/technical-resources\/customer-solution-center\/#primaryimage","url":"https:\/\/www.mate.com\/wp-content\/uploads\/2015\/12\/CSC_MedRes-1-750x500.jpg","contentUrl":"https:\/\/www.mate.com\/wp-content\/uploads\/2015\/12\/CSC_MedRes-1-750x500.jpg"},{"@type":"BreadcrumbList","@id":"https:\/\/www.mate.com\/cs\/technical-resources\/customer-solution-center\/#breadcrumb","itemListElement":[{"@type":"ListItem","position":1,"name":"Dom\u016f","item":"https:\/\/www.mate.com\/cs\/\/"},{"@type":"ListItem","position":2,"name":"V\u00fdrobn\u00ed \u0159e\u0161en\u00ed","item":"https:\/\/www.mate.com\/cs\/fabrication-solutions\/"},{"@type":"ListItem","position":3,"name":"Customer Solution Center"}]},{"@type":"WebSite","@id":"https:\/\/www.mate.com\/cs\/#website","url":"https:\/\/www.mate.com\/cs\/","name":"Mate Precision Technologies","description":"Workholding, Press Brake, Punch Press and Laser Technologies","potentialAction":[{"@type":"SearchAction","target":{"@type":"EntryPoint","urlTemplate":"https:\/\/www.mate.com\/cs\/?s={search_term_string}"},"query-input":{"@type":"PropertyValueSpecification","valueRequired":true,"valueName":"search_term_string"}}],"inLanguage":"cs"}]}},"_links":{"self":[{"href":"https:\/\/www.mate.com\/cs\/wp-json\/wp\/v2\/pages\/8057","targetHints":{"allow":["GET"]}}],"collection":[{"href":"https:\/\/www.mate.com\/cs\/wp-json\/wp\/v2\/pages"}],"about":[{"href":"https:\/\/www.mate.com\/cs\/wp-json\/wp\/v2\/types\/page"}],"author":[{"embeddable":true,"href":"https:\/\/www.mate.com\/cs\/wp-json\/wp\/v2\/users\/5"}],"replies":[{"embeddable":true,"href":"https:\/\/www.mate.com\/cs\/wp-json\/wp\/v2\/comments?post=8057"}],"version-history":[{"count":0,"href":"https:\/\/www.mate.com\/cs\/wp-json\/wp\/v2\/pages\/8057\/revisions"}],"up":[{"embeddable":true,"href":"https:\/\/www.mate.com\/cs\/wp-json\/wp\/v2\/pages\/8109"}],"wp:attachment":[{"href":"https:\/\/www.mate.com\/cs\/wp-json\/wp\/v2\/media?parent=8057"}],"curies":[{"name":"wp","href":"https:\/\/api.w.org\/{rel}","templated":true}]}}