{"id":8056,"date":"2015-08-03T20:38:01","date_gmt":"2015-08-03T20:38:01","guid":{"rendered":"https:\/\/www.mate.com\/cs\/fabrication-solutions\/"},"modified":"2017-09-14T10:18:41","modified_gmt":"2017-09-14T15:18:41","slug":"fabrication-solutions","status":"publish","type":"page","link":"https:\/\/www.mate.com\/cs\/fabrication-solutions\/","title":{"rendered":"V\u00fdrobn\u00ed \u0159e\u0161en\u00ed"},"content":{"rendered":"<p><img loading=\"lazy\" decoding=\"async\" class=\"size-full wp-image-4510 alignnone\" src=\"https:\/\/www.mate.com\/wp-content\/uploads\/2015\/08\/4947-Mate-Photo-03.jpg\" alt=\"fab_solutions\" width=\"319\" height=\"400\" \/><\/p>\n<p>D\u00edky nedosti\u017en\u00e9 praxi s v\u00fdrobou plech\u016f se ji\u017e odborn\u00ed n\u00e1vrh\u00e1\u0159i spole\u010dnosti Mate vypo\u0159\u00e1dali i s nejslo\u017eit\u011bj\u0161\u00edmi v\u00fdzvami. N\u00e1\u0161 t\u00fdm Specialist\u016f na aplikace respektuje znalosti ka\u017ed\u00e9ho z\u00e1kazn\u00edka, s n\u00edm\u017e spolupracujeme, a na\u0161e znalosti a odbornost v\u011bnujeme podpo\u0159e \u00fasp\u011bchu a p\u0159ekon\u00e1v\u00e1n\u00ed nejn\u00e1ro\u010dn\u011bj\u0161\u00edch v\u00fdzev.<\/p>\n<p>Pod\u00edvejte se na na\u0161i galerii \u0159e\u0161en\u00ed a objevte inspiruj\u00edc\u00ed a jedine\u010dn\u00e9 zp\u016fsoby, jimi\u017e jsme pomohli vy\u0159e\u0161it i velmi nestandardn\u00ed v\u00fdzvy v\u00fdroby plech\u016f.<\/p>\n<ul class=\"list-pages-shortcode child-pages\"><li class=\"page_item page-item-36202 page_item_has_children\"><a href=\"https:\/\/www.mate.com\/cs\/fabrication-solutions\/sheet-metal-case-studies\/\">Sheet Metal Case Studies<\/a><\/li>\n<\/ul>\n","protected":false},"excerpt":{"rendered":"<p>D\u00edky nedosti\u017en\u00e9 praxi s v\u00fdrobou plech\u016f se ji\u017e odborn\u00ed n\u00e1vrh\u00e1\u0159i spole\u010dnosti Mate vypo\u0159\u00e1dali i s nejslo\u017eit\u011bj\u0161\u00edmi v\u00fdzvami. N\u00e1\u0161 t\u00fdm Specialist\u016f na aplikace respektuje znalosti ka\u017ed\u00e9ho z\u00e1kazn\u00edka, s n\u00edm\u017e spolupracujeme, a na\u0161e znalosti a odbornost v\u011bnujeme podpo\u0159e \u00fasp\u011bchu a p\u0159ekon\u00e1v\u00e1n\u00ed nejn\u00e1ro\u010dn\u011bj\u0161\u00edch v\u00fdzev. Pod\u00edvejte se na na\u0161i galerii \u0159e\u0161en\u00ed a objevte inspiruj\u00edc\u00ed a jedine\u010dn\u00e9 zp\u016fsoby, jimi\u017e jsme [&hellip;]<\/p>\n","protected":false},"author":1,"featured_media":0,"parent":0,"menu_order":548,"comment_status":"closed","ping_status":"closed","template":"","meta":{"_acf_changed":false,"_monsterinsights_skip_tracking":false,"_monsterinsights_sitenote_active":false,"_monsterinsights_sitenote_note":"","_monsterinsights_sitenote_category":0,"footnotes":""},"class_list":["post-8056","page","type-page","status-publish","hentry"],"acf":[],"yoast_head":"<!-- This site is optimized with the Yoast SEO Premium plugin v27.2 (Yoast SEO v27.2) - https:\/\/yoast.com\/product\/yoast-seo-premium-wordpress\/ -->\n<title>Sheet Metal Fabrication Solutions - Mate Precision Technologies<\/title>\n<meta name=\"description\" content=\"With our unparalleled sheet metal fabrication expertise, Mate\u2019s design experts have met and exceeded the most complex tooling challenges.\" \/>\n<meta name=\"robots\" content=\"index, follow, max-snippet:-1, max-image-preview:large, max-video-preview:-1\" \/>\n<link rel=\"canonical\" href=\"https:\/\/www.mate.com\/cs\/fabrication-solutions\/\" \/>\n<meta property=\"og:locale\" content=\"cs_CZ\" \/>\n<meta property=\"og:type\" content=\"article\" \/>\n<meta property=\"og:title\" content=\"V\u00fdrobn\u00ed \u0159e\u0161en\u00ed\" \/>\n<meta property=\"og:description\" content=\"With our unparalleled sheet metal fabrication expertise, Mate\u2019s design experts have met and exceeded the most complex tooling challenges.\" \/>\n<meta property=\"og:url\" content=\"https:\/\/www.mate.com\/cs\/fabrication-solutions\/\" \/>\n<meta property=\"og:site_name\" content=\"Mate Precision Technologies\" \/>\n<meta property=\"article:publisher\" content=\"https:\/\/www.facebook.com\/MatePrecisionTechnologies\/\" \/>\n<meta property=\"article:modified_time\" content=\"2017-09-14T15:18:41+00:00\" \/>\n<meta property=\"og:image\" content=\"https:\/\/www.mate.com\/wp-content\/uploads\/2015\/08\/4947-Mate-Photo-03.jpg\" \/>\n<meta name=\"twitter:card\" content=\"summary_large_image\" \/>\n<meta name=\"twitter:site\" content=\"@mateprecision\" \/>\n<meta name=\"twitter:label1\" content=\"Odhadovan\u00e1 doba \u010dten\u00ed\" \/>\n\t<meta name=\"twitter:data1\" content=\"1 minuta\" \/>\n<script type=\"application\/ld+json\" class=\"yoast-schema-graph\">{\"@context\":\"https:\/\/schema.org\",\"@graph\":[{\"@type\":\"WebPage\",\"@id\":\"https:\/\/www.mate.com\/cs\/fabrication-solutions\/\",\"url\":\"https:\/\/www.mate.com\/cs\/fabrication-solutions\/\",\"name\":\"Sheet Metal Fabrication Solutions - Mate Precision Technologies\",\"isPartOf\":{\"@id\":\"https:\/\/www.mate.com\/cs\/#website\"},\"primaryImageOfPage\":{\"@id\":\"https:\/\/www.mate.com\/cs\/fabrication-solutions\/#primaryimage\"},\"image\":{\"@id\":\"https:\/\/www.mate.com\/cs\/fabrication-solutions\/#primaryimage\"},\"thumbnailUrl\":\"https:\/\/www.mate.com\/wp-content\/uploads\/2015\/08\/4947-Mate-Photo-03.jpg\",\"datePublished\":\"2015-08-03T20:38:01+00:00\",\"dateModified\":\"2017-09-14T15:18:41+00:00\",\"description\":\"With our unparalleled sheet metal fabrication expertise, Mate\u2019s design experts have met and exceeded the most complex tooling challenges.\",\"breadcrumb\":{\"@id\":\"https:\/\/www.mate.com\/cs\/fabrication-solutions\/#breadcrumb\"},\"inLanguage\":\"cs\",\"potentialAction\":[{\"@type\":\"ReadAction\",\"target\":[\"https:\/\/www.mate.com\/cs\/fabrication-solutions\/\"]}]},{\"@type\":\"ImageObject\",\"inLanguage\":\"cs\",\"@id\":\"https:\/\/www.mate.com\/cs\/fabrication-solutions\/#primaryimage\",\"url\":\"https:\/\/www.mate.com\/wp-content\/uploads\/2015\/08\/4947-Mate-Photo-03.jpg\",\"contentUrl\":\"https:\/\/www.mate.com\/wp-content\/uploads\/2015\/08\/4947-Mate-Photo-03.jpg\"},{\"@type\":\"BreadcrumbList\",\"@id\":\"https:\/\/www.mate.com\/cs\/fabrication-solutions\/#breadcrumb\",\"itemListElement\":[{\"@type\":\"ListItem\",\"position\":1,\"name\":\"Dom\u016f\",\"item\":\"https:\/\/www.mate.com\/cs\/\/\"},{\"@type\":\"ListItem\",\"position\":2,\"name\":\"V\u00fdrobn\u00ed \u0159e\u0161en\u00ed\"}]},{\"@type\":\"WebSite\",\"@id\":\"https:\/\/www.mate.com\/cs\/#website\",\"url\":\"https:\/\/www.mate.com\/cs\/\",\"name\":\"Mate Precision Technologies\",\"description\":\"Workholding, Press Brake, Punch Press and Laser Technologies\",\"potentialAction\":[{\"@type\":\"SearchAction\",\"target\":{\"@type\":\"EntryPoint\",\"urlTemplate\":\"https:\/\/www.mate.com\/cs\/?s={search_term_string}\"},\"query-input\":{\"@type\":\"PropertyValueSpecification\",\"valueRequired\":true,\"valueName\":\"search_term_string\"}}],\"inLanguage\":\"cs\"}]}<\/script>\n<!-- \/ Yoast SEO Premium plugin. -->","yoast_head_json":{"title":"Sheet Metal Fabrication Solutions - Mate Precision Technologies","description":"With our unparalleled sheet metal fabrication expertise, Mate\u2019s design experts have met and exceeded the most complex tooling challenges.","robots":{"index":"index","follow":"follow","max-snippet":"max-snippet:-1","max-image-preview":"max-image-preview:large","max-video-preview":"max-video-preview:-1"},"canonical":"https:\/\/www.mate.com\/cs\/fabrication-solutions\/","og_locale":"cs_CZ","og_type":"article","og_title":"V\u00fdrobn\u00ed \u0159e\u0161en\u00ed","og_description":"With our unparalleled sheet metal fabrication expertise, Mate\u2019s design experts have met and exceeded the most complex tooling challenges.","og_url":"https:\/\/www.mate.com\/cs\/fabrication-solutions\/","og_site_name":"Mate Precision Technologies","article_publisher":"https:\/\/www.facebook.com\/MatePrecisionTechnologies\/","article_modified_time":"2017-09-14T15:18:41+00:00","og_image":[{"url":"https:\/\/www.mate.com\/wp-content\/uploads\/2015\/08\/4947-Mate-Photo-03.jpg","type":"","width":"","height":""}],"twitter_card":"summary_large_image","twitter_site":"@mateprecision","twitter_misc":{"Odhadovan\u00e1 doba \u010dten\u00ed":"1 minuta"},"schema":{"@context":"https:\/\/schema.org","@graph":[{"@type":"WebPage","@id":"https:\/\/www.mate.com\/cs\/fabrication-solutions\/","url":"https:\/\/www.mate.com\/cs\/fabrication-solutions\/","name":"Sheet Metal Fabrication Solutions - Mate Precision Technologies","isPartOf":{"@id":"https:\/\/www.mate.com\/cs\/#website"},"primaryImageOfPage":{"@id":"https:\/\/www.mate.com\/cs\/fabrication-solutions\/#primaryimage"},"image":{"@id":"https:\/\/www.mate.com\/cs\/fabrication-solutions\/#primaryimage"},"thumbnailUrl":"https:\/\/www.mate.com\/wp-content\/uploads\/2015\/08\/4947-Mate-Photo-03.jpg","datePublished":"2015-08-03T20:38:01+00:00","dateModified":"2017-09-14T15:18:41+00:00","description":"With our unparalleled sheet metal fabrication expertise, Mate\u2019s design experts have met and exceeded the most complex tooling challenges.","breadcrumb":{"@id":"https:\/\/www.mate.com\/cs\/fabrication-solutions\/#breadcrumb"},"inLanguage":"cs","potentialAction":[{"@type":"ReadAction","target":["https:\/\/www.mate.com\/cs\/fabrication-solutions\/"]}]},{"@type":"ImageObject","inLanguage":"cs","@id":"https:\/\/www.mate.com\/cs\/fabrication-solutions\/#primaryimage","url":"https:\/\/www.mate.com\/wp-content\/uploads\/2015\/08\/4947-Mate-Photo-03.jpg","contentUrl":"https:\/\/www.mate.com\/wp-content\/uploads\/2015\/08\/4947-Mate-Photo-03.jpg"},{"@type":"BreadcrumbList","@id":"https:\/\/www.mate.com\/cs\/fabrication-solutions\/#breadcrumb","itemListElement":[{"@type":"ListItem","position":1,"name":"Dom\u016f","item":"https:\/\/www.mate.com\/cs\/\/"},{"@type":"ListItem","position":2,"name":"V\u00fdrobn\u00ed \u0159e\u0161en\u00ed"}]},{"@type":"WebSite","@id":"https:\/\/www.mate.com\/cs\/#website","url":"https:\/\/www.mate.com\/cs\/","name":"Mate Precision Technologies","description":"Workholding, Press Brake, Punch Press and Laser Technologies","potentialAction":[{"@type":"SearchAction","target":{"@type":"EntryPoint","urlTemplate":"https:\/\/www.mate.com\/cs\/?s={search_term_string}"},"query-input":{"@type":"PropertyValueSpecification","valueRequired":true,"valueName":"search_term_string"}}],"inLanguage":"cs"}]}},"_links":{"self":[{"href":"https:\/\/www.mate.com\/cs\/wp-json\/wp\/v2\/pages\/8056","targetHints":{"allow":["GET"]}}],"collection":[{"href":"https:\/\/www.mate.com\/cs\/wp-json\/wp\/v2\/pages"}],"about":[{"href":"https:\/\/www.mate.com\/cs\/wp-json\/wp\/v2\/types\/page"}],"author":[{"embeddable":true,"href":"https:\/\/www.mate.com\/cs\/wp-json\/wp\/v2\/users\/1"}],"replies":[{"embeddable":true,"href":"https:\/\/www.mate.com\/cs\/wp-json\/wp\/v2\/comments?post=8056"}],"version-history":[{"count":0,"href":"https:\/\/www.mate.com\/cs\/wp-json\/wp\/v2\/pages\/8056\/revisions"}],"wp:attachment":[{"href":"https:\/\/www.mate.com\/cs\/wp-json\/wp\/v2\/media?parent=8056"}],"curies":[{"name":"wp","href":"https:\/\/api.w.org\/{rel}","templated":true}]}}