{"id":8055,"date":"2015-08-03T20:02:31","date_gmt":"2015-08-03T20:02:31","guid":{"rendered":"https:\/\/www.mate.com\/cs\/products\/"},"modified":"2017-09-14T10:19:42","modified_gmt":"2017-09-14T15:19:42","slug":"products","status":"publish","type":"page","link":"https:\/\/www.mate.com\/cs\/products\/","title":{"rendered":"V\u00fdrobky"},"content":{"rendered":"<p>Spole\u010dnost Mate trvale navrhuje a vyv\u00edj\u00ed p\u0159esn\u00e9 obr\u00e1b\u011bc\u00ed v\u00fdrobky, kter\u00e9 posouvaj\u00ed hranice v\u00fdrobn\u00edch technologi\u00ed, a inspiruje z\u00e1kazn\u00edky k nejkreativn\u011bj\u0161\u00edm n\u00e1pad\u016fm. Technick\u00fd t\u00fdm spole\u010dnosti Mate je dr\u017eitelem \u0159ady n\u00e1rodn\u00edch i mezin\u00e1rodn\u00edch patent\u016f. Na\u0161e prvot\u0159\u00eddn\u00ed <a href=\"https:\/\/www.mate.com\/?page_id=108\">Centrum z\u00e1kaznick\u00fdch \u0159e\u0161en\u00ed<\/a>\u00a0je m\u00edstem, kde vyv\u00edj\u00edme a testujeme nov\u00e9 n\u00e1vrhy a design n\u00e1stroj\u016f pro v\u00fdrobu plech\u016f. Je ned\u00edlnou sou\u010d\u00e1st\u00ed na\u0161eho procesu a odhodl\u00e1n\u00ed podporovat znalosti na\u0161ich z\u00e1kazn\u00edk\u016f.<\/p>\n","protected":false},"excerpt":{"rendered":"<p>Spole\u010dnost Mate trvale navrhuje a vyv\u00edj\u00ed p\u0159esn\u00e9 obr\u00e1b\u011bc\u00ed v\u00fdrobky, kter\u00e9 posouvaj\u00ed hranice v\u00fdrobn\u00edch technologi\u00ed, a inspiruje z\u00e1kazn\u00edky k nejkreativn\u011bj\u0161\u00edm n\u00e1pad\u016fm. Technick\u00fd t\u00fdm spole\u010dnosti Mate je dr\u017eitelem \u0159ady n\u00e1rodn\u00edch i mezin\u00e1rodn\u00edch patent\u016f. Na\u0161e prvot\u0159\u00eddn\u00ed Centrum z\u00e1kaznick\u00fdch \u0159e\u0161en\u00ed\u00a0je m\u00edstem, kde vyv\u00edj\u00edme a testujeme nov\u00e9 n\u00e1vrhy a design n\u00e1stroj\u016f pro v\u00fdrobu plech\u016f. Je ned\u00edlnou sou\u010d\u00e1st\u00ed na\u0161eho procesu a [&hellip;]<\/p>\n","protected":false},"author":1,"featured_media":0,"parent":0,"menu_order":1193,"comment_status":"closed","ping_status":"closed","template":"tpl-product-cat-archive.php","meta":{"_acf_changed":false,"_monsterinsights_skip_tracking":false,"_monsterinsights_sitenote_active":false,"_monsterinsights_sitenote_note":"","_monsterinsights_sitenote_category":0,"footnotes":""},"class_list":["post-8055","page","type-page","status-publish","hentry"],"acf":[],"yoast_head":"<!-- This site is optimized with the Yoast SEO Premium plugin v27.2 (Yoast SEO v27.2) - https:\/\/yoast.com\/product\/yoast-seo-premium-wordpress\/ -->\n<title>Products: Press Brake, Punch Press Tooling, Laser Technologies<\/title>\n<meta name=\"description\" content=\"Mate Precision Technologies manufactures superior press brake tooling, punch press tooling and laser technologies for sheet metal fabrication.\" \/>\n<meta name=\"robots\" content=\"index, follow, max-snippet:-1, max-image-preview:large, max-video-preview:-1\" \/>\n<link rel=\"canonical\" href=\"https:\/\/www.mate.com\/cs\/products\/\" \/>\n<meta property=\"og:locale\" content=\"cs_CZ\" \/>\n<meta property=\"og:type\" content=\"article\" \/>\n<meta property=\"og:title\" content=\"V\u00fdrobky\" \/>\n<meta property=\"og:description\" content=\"Mate Precision Technologies manufactures superior press brake tooling, punch press tooling and laser technologies for sheet metal fabrication.\" \/>\n<meta property=\"og:url\" content=\"https:\/\/www.mate.com\/cs\/products\/\" \/>\n<meta property=\"og:site_name\" content=\"Mate Precision Technologies\" \/>\n<meta property=\"article:publisher\" content=\"https:\/\/www.facebook.com\/MatePrecisionTechnologies\/\" \/>\n<meta property=\"article:modified_time\" content=\"2017-09-14T15:19:42+00:00\" \/>\n<meta name=\"twitter:card\" content=\"summary_large_image\" \/>\n<meta name=\"twitter:site\" content=\"@mateprecision\" \/>\n<meta name=\"twitter:label1\" content=\"Odhadovan\u00e1 doba \u010dten\u00ed\" \/>\n\t<meta name=\"twitter:data1\" content=\"1 minuta\" \/>\n<script type=\"application\/ld+json\" class=\"yoast-schema-graph\">{\"@context\":\"https:\/\/schema.org\",\"@graph\":[{\"@type\":\"WebPage\",\"@id\":\"https:\/\/www.mate.com\/cs\/products\/\",\"url\":\"https:\/\/www.mate.com\/cs\/products\/\",\"name\":\"Products: Press Brake, Punch Press Tooling, Laser Technologies\",\"isPartOf\":{\"@id\":\"https:\/\/www.mate.com\/cs\/#website\"},\"datePublished\":\"2015-08-03T20:02:31+00:00\",\"dateModified\":\"2017-09-14T15:19:42+00:00\",\"description\":\"Mate Precision Technologies manufactures superior press brake tooling, punch press tooling and laser technologies for sheet metal fabrication.\",\"breadcrumb\":{\"@id\":\"https:\/\/www.mate.com\/cs\/products\/#breadcrumb\"},\"inLanguage\":\"cs\",\"potentialAction\":[{\"@type\":\"ReadAction\",\"target\":[\"https:\/\/www.mate.com\/cs\/products\/\"]}]},{\"@type\":\"BreadcrumbList\",\"@id\":\"https:\/\/www.mate.com\/cs\/products\/#breadcrumb\",\"itemListElement\":[{\"@type\":\"ListItem\",\"position\":1,\"name\":\"Dom\u016f\",\"item\":\"https:\/\/www.mate.com\/cs\/\/\"},{\"@type\":\"ListItem\",\"position\":2,\"name\":\"V\u00fdrobky\"}]},{\"@type\":\"WebSite\",\"@id\":\"https:\/\/www.mate.com\/cs\/#website\",\"url\":\"https:\/\/www.mate.com\/cs\/\",\"name\":\"Mate Precision Technologies\",\"description\":\"Workholding, Press Brake, Punch Press and Laser Technologies\",\"potentialAction\":[{\"@type\":\"SearchAction\",\"target\":{\"@type\":\"EntryPoint\",\"urlTemplate\":\"https:\/\/www.mate.com\/cs\/?s={search_term_string}\"},\"query-input\":{\"@type\":\"PropertyValueSpecification\",\"valueRequired\":true,\"valueName\":\"search_term_string\"}}],\"inLanguage\":\"cs\"}]}<\/script>\n<!-- \/ Yoast SEO Premium plugin. -->","yoast_head_json":{"title":"Products: Press Brake, Punch Press Tooling, Laser Technologies","description":"Mate Precision Technologies manufactures superior press brake tooling, punch press tooling and laser technologies for sheet metal fabrication.","robots":{"index":"index","follow":"follow","max-snippet":"max-snippet:-1","max-image-preview":"max-image-preview:large","max-video-preview":"max-video-preview:-1"},"canonical":"https:\/\/www.mate.com\/cs\/products\/","og_locale":"cs_CZ","og_type":"article","og_title":"V\u00fdrobky","og_description":"Mate Precision Technologies manufactures superior press brake tooling, punch press tooling and laser technologies for sheet metal fabrication.","og_url":"https:\/\/www.mate.com\/cs\/products\/","og_site_name":"Mate Precision Technologies","article_publisher":"https:\/\/www.facebook.com\/MatePrecisionTechnologies\/","article_modified_time":"2017-09-14T15:19:42+00:00","twitter_card":"summary_large_image","twitter_site":"@mateprecision","twitter_misc":{"Odhadovan\u00e1 doba \u010dten\u00ed":"1 minuta"},"schema":{"@context":"https:\/\/schema.org","@graph":[{"@type":"WebPage","@id":"https:\/\/www.mate.com\/cs\/products\/","url":"https:\/\/www.mate.com\/cs\/products\/","name":"Products: Press Brake, Punch Press Tooling, Laser Technologies","isPartOf":{"@id":"https:\/\/www.mate.com\/cs\/#website"},"datePublished":"2015-08-03T20:02:31+00:00","dateModified":"2017-09-14T15:19:42+00:00","description":"Mate Precision Technologies manufactures superior press brake tooling, punch press tooling and laser technologies for sheet metal fabrication.","breadcrumb":{"@id":"https:\/\/www.mate.com\/cs\/products\/#breadcrumb"},"inLanguage":"cs","potentialAction":[{"@type":"ReadAction","target":["https:\/\/www.mate.com\/cs\/products\/"]}]},{"@type":"BreadcrumbList","@id":"https:\/\/www.mate.com\/cs\/products\/#breadcrumb","itemListElement":[{"@type":"ListItem","position":1,"name":"Dom\u016f","item":"https:\/\/www.mate.com\/cs\/\/"},{"@type":"ListItem","position":2,"name":"V\u00fdrobky"}]},{"@type":"WebSite","@id":"https:\/\/www.mate.com\/cs\/#website","url":"https:\/\/www.mate.com\/cs\/","name":"Mate Precision Technologies","description":"Workholding, Press Brake, Punch Press and Laser Technologies","potentialAction":[{"@type":"SearchAction","target":{"@type":"EntryPoint","urlTemplate":"https:\/\/www.mate.com\/cs\/?s={search_term_string}"},"query-input":{"@type":"PropertyValueSpecification","valueRequired":true,"valueName":"search_term_string"}}],"inLanguage":"cs"}]}},"_links":{"self":[{"href":"https:\/\/www.mate.com\/cs\/wp-json\/wp\/v2\/pages\/8055","targetHints":{"allow":["GET"]}}],"collection":[{"href":"https:\/\/www.mate.com\/cs\/wp-json\/wp\/v2\/pages"}],"about":[{"href":"https:\/\/www.mate.com\/cs\/wp-json\/wp\/v2\/types\/page"}],"author":[{"embeddable":true,"href":"https:\/\/www.mate.com\/cs\/wp-json\/wp\/v2\/users\/1"}],"replies":[{"embeddable":true,"href":"https:\/\/www.mate.com\/cs\/wp-json\/wp\/v2\/comments?post=8055"}],"version-history":[{"count":0,"href":"https:\/\/www.mate.com\/cs\/wp-json\/wp\/v2\/pages\/8055\/revisions"}],"wp:attachment":[{"href":"https:\/\/www.mate.com\/cs\/wp-json\/wp\/v2\/media?parent=8055"}],"curies":[{"name":"wp","href":"https:\/\/api.w.org\/{rel}","templated":true}]}}