{"id":8048,"date":"2015-08-03T20:07:10","date_gmt":"2015-08-03T20:07:10","guid":{"rendered":"https:\/\/www.mate.com\/cs\/o-spolecnosti\/our-history\/"},"modified":"2020-08-27T13:14:07","modified_gmt":"2020-08-27T18:14:07","slug":"our-history","status":"publish","type":"page","link":"https:\/\/www.mate.com\/cs\/o-spolecnosti\/our-history\/","title":{"rendered":"Our History"},"content":{"rendered":"<p>Mate Precision Technologies was founded in 1962 in Minneapolis, Minnesota, as the Mate Punch and Die Co. We started as a specialist in the design, manufacture and marketing of punch press tooling. Initially, we operated only locally, but saw the need for national punch press tooling specialist. In 1967, Mate began increasing our presence across the United States. As our success continued, we expanded internationally, starting with operations in England and Germany.<\/p>\n<p>During this time, we also expanded our product line well beyond punches and dies, including the development of other tooling styles and the punch press multi-tool. To better describe Mate and our product lines to the market, we changed our name to Mate Precision Tooling in 1996. As Mate continued to grow, we began looking ahead for new ways to serve our customers. In 2020, we changed our name to Mate Precision Technologies to reflect our broader commitment to metalworking and using our expertise to drive innovations to shape the future of factory productivity.<\/p>\n<table border=\"1\">\n<tbody>\n<tr>\n<td style=\"text-align: left;\" width=\"75\">1962<\/td>\n<td style=\"text-align: left;\">Mate is founded at 2201 Washington Avenue North, Minneapolis, sharing the facilities with Twin City Manufacturing. After one year, Mate has three full-time employees.<\/td>\n<\/tr>\n<tr>\n<td>1966<\/td>\n<td style=\"text-align: left;\">Mate moves to 240 22nd Avenue North, Minneapolis.<\/td>\n<\/tr>\n<tr>\n<td>1967<\/td>\n<td style=\"text-align: left;\">Mate publishes a catalog specifically for punch press tooling, with the idea of\u00a0expanding nationwide.<\/td>\n<\/tr>\n<tr>\n<td>1971<\/td>\n<td style=\"text-align: left;\">After a special nationwide expansion, Mate moves to a 12,500 square foot building in Ramsey, Minnesota.<\/td>\n<\/tr>\n<tr>\n<td>1974<\/td>\n<td style=\"text-align: left;\">Mate doubles its size to 25,000 square feet.<\/td>\n<\/tr>\n<tr>\n<td>1978<\/td>\n<td style=\"text-align: left;\">Mate doubles again, expanding to 50,000 square feet .<\/td>\n<\/tr>\n<tr>\n<td>1984<\/td>\n<td style=\"text-align: left;\">Mate builds the first of many integrated manufacturing cells.<\/td>\n<\/tr>\n<tr>\n<td>1985<\/td>\n<td style=\"text-align: left;\">Mate develops an advanced tooling system for Prima Power punch presses known as Nova\u00ae.<\/td>\n<\/tr>\n<tr>\n<td>1986<\/td>\n<td style=\"text-align: left;\">Develops Marathon\u00ae, an advanced tooling system for Murata Wiedemann punch presses.<\/td>\n<\/tr>\n<tr>\n<td>1990<\/td>\n<td style=\"text-align: left;\">Opens its Western Europe sales office.<\/td>\n<\/tr>\n<tr>\n<td>1991<\/td>\n<td style=\"text-align: left;\">Expands to over 100,000 square feet, eight times the original size of the Ramsey location.<\/td>\n<\/tr>\n<tr>\n<td>1995<\/td>\n<td style=\"text-align: left;\">Develops Ultra\u00ae, an advanced tooling system for thick turret punch presses.<\/td>\n<\/tr>\n<tr>\n<td>1998<\/td>\n<td style=\"text-align: left;\">Opens Asia sales office.<\/td>\n<\/tr>\n<tr>\n<td>2000<\/td>\n<td style=\"text-align: left;\">Mate moves to 1295 Lund Boulevard, Anoka, Minnesota. At nearly 300,000 square feet, this new location is the largest of its kind, dedicated solely to the manufacture of precision tooling for CNC punch presses.<\/td>\n<\/tr>\n<tr>\n<td>2001<\/td>\n<td style=\"text-align: left;\">Launches Mate Laser Technologies to expand its product line to include laser optics, nozzles and consumable accessories for laser cutting machines.<\/td>\n<\/tr>\n<tr>\n<td>2004<\/td>\n<td style=\"\u201dtext-align: left;\">Opens its China sales office.<\/td>\n<\/tr>\n<tr>\n<td>2005<\/td>\n<td style=\"text-align: left;\">Earns Minnesota Quality Award, Achievement Level.<\/td>\n<\/tr>\n<tr>\n<td>2008<\/td>\n<td style=\"text-align: left;\">Opens its Central Europe sales office.<\/td>\n<\/tr>\n<tr>\n<td>2009<\/td>\n<td style=\"\u201dtext-align: left;\">Earns the Manufacture of the Year award from the Manufacturers\u2019 Alliance.<\/td>\n<\/tr>\n<tr>\n<td>2010<\/td>\n<td style=\"\u201dtext-align: left;\">Launches the Ultra IMT\u2122 fully indexable multi tool.<\/td>\n<\/tr>\n<tr>\n<td>2012<\/td>\n<td style=\"\u201dtext-align: left;\">Opens India sales office.<\/td>\n<\/tr>\n<tr>\n<td>2013<\/td>\n<td style=\"\u201dtext-align: left;\">Introduces the Premia\u2122 sharpening system for easy sharpening of all tooling styles.<\/td>\n<\/tr>\n<tr>\n<td>2014<\/td>\n<td style=\"\u201dtext-align: left;\">Mate develops a full line of press brake tooling.<\/td>\n<\/tr>\n<tr>\n<td>2015<\/td>\n<td style=\"\u201dtext-align: left;\">Opens Middle East sales office.<\/td>\n<\/tr>\n<tr>\n<td>2016<\/td>\n<td style=\"\u201dtext-align: left;\">Introduces Ultra\u00ae QCT\u2122, an innovative quick change thick turret tooling system.<\/td>\n<\/tr>\n<tr>\n<td>2017<\/td>\n<td style=\"\u201dtext-align: left;\">Introduces American Precision Style press brake tooling with Maglock\u00ae, an innovative magnetic safety system.<\/td>\n<\/tr>\n<\/tbody>\n<\/table>\n","protected":false},"excerpt":{"rendered":"<p>Mate Precision Technologies was founded in 1962 in Minneapolis, Minnesota, as the Mate Punch and Die Co. We started as a specialist in the design, manufacture and marketing of punch press tooling. Initially, we operated only locally, but saw the need for national punch press tooling specialist. In 1967, Mate began increasing our presence across [&hellip;]<\/p>\n","protected":false},"author":1,"featured_media":0,"parent":7921,"menu_order":262,"comment_status":"closed","ping_status":"closed","template":"","meta":{"_acf_changed":false,"_monsterinsights_skip_tracking":false,"_monsterinsights_sitenote_active":false,"_monsterinsights_sitenote_note":"","_monsterinsights_sitenote_category":0,"footnotes":""},"class_list":["post-8048","page","type-page","status-publish","hentry"],"acf":[],"yoast_head":"<!-- This site is optimized with the Yoast SEO Premium plugin v27.4 (Yoast SEO v27.4) - https:\/\/yoast.com\/product\/yoast-seo-premium-wordpress\/ -->\n<title>Our History - Mate Precision Technologies<\/title>\n<meta name=\"description\" content=\"Mate Precision Technologies was founded in 1962, quickly becoming a specialist in the design, manufacture and marketing of punch press tooling\" \/>\n<meta name=\"robots\" content=\"index, follow, max-snippet:-1, max-image-preview:large, max-video-preview:-1\" \/>\n<link rel=\"canonical\" href=\"https:\/\/www.mate.com\/cs\/o-spolecnosti\/our-history\/\" \/>\n<meta property=\"og:locale\" content=\"cs_CZ\" \/>\n<meta property=\"og:type\" content=\"article\" \/>\n<meta property=\"og:title\" content=\"Our History\" \/>\n<meta property=\"og:description\" content=\"Mate Precision Technologies was founded in 1962, quickly becoming a specialist in the design, manufacture and marketing of punch press tooling\" \/>\n<meta property=\"og:url\" content=\"https:\/\/www.mate.com\/cs\/o-spolecnosti\/our-history\/\" \/>\n<meta property=\"og:site_name\" content=\"Mate Precision Technologies\" \/>\n<meta property=\"article:publisher\" content=\"https:\/\/www.facebook.com\/MatePrecisionTechnologies\/\" \/>\n<meta property=\"article:modified_time\" content=\"2020-08-27T18:14:07+00:00\" \/>\n<meta name=\"twitter:card\" content=\"summary_large_image\" \/>\n<meta name=\"twitter:site\" content=\"@mateprecision\" \/>\n<meta name=\"twitter:label1\" content=\"Odhadovan\u00e1 doba \u010dten\u00ed\" \/>\n\t<meta name=\"twitter:data1\" content=\"2 minuty\" \/>\n<script type=\"application\/ld+json\" class=\"yoast-schema-graph\">{\"@context\":\"https:\\\/\\\/schema.org\",\"@graph\":[{\"@type\":\"WebPage\",\"@id\":\"https:\\\/\\\/www.mate.com\\\/cs\\\/o-spolecnosti\\\/our-history\\\/\",\"url\":\"https:\\\/\\\/www.mate.com\\\/cs\\\/o-spolecnosti\\\/our-history\\\/\",\"name\":\"Our History - Mate Precision Technologies\",\"isPartOf\":{\"@id\":\"https:\\\/\\\/www.mate.com\\\/cs\\\/#website\"},\"datePublished\":\"2015-08-03T20:07:10+00:00\",\"dateModified\":\"2020-08-27T18:14:07+00:00\",\"description\":\"Mate Precision Technologies was founded in 1962, quickly becoming a specialist in the design, manufacture and marketing of punch press tooling\",\"breadcrumb\":{\"@id\":\"https:\\\/\\\/www.mate.com\\\/cs\\\/o-spolecnosti\\\/our-history\\\/#breadcrumb\"},\"inLanguage\":\"cs\",\"potentialAction\":[{\"@type\":\"ReadAction\",\"target\":[\"https:\\\/\\\/www.mate.com\\\/cs\\\/o-spolecnosti\\\/our-history\\\/\"]}]},{\"@type\":\"BreadcrumbList\",\"@id\":\"https:\\\/\\\/www.mate.com\\\/cs\\\/o-spolecnosti\\\/our-history\\\/#breadcrumb\",\"itemListElement\":[{\"@type\":\"ListItem\",\"position\":1,\"name\":\"Dom\u016f\",\"item\":\"https:\\\/\\\/www.mate.com\\\/cs\\\/\\\/\"},{\"@type\":\"ListItem\",\"position\":2,\"name\":\"O spole\u010dnosti\",\"item\":\"https:\\\/\\\/www.mate.com\\\/cs\\\/o-spolecnosti\\\/\"},{\"@type\":\"ListItem\",\"position\":3,\"name\":\"Our History\"}]},{\"@type\":\"WebSite\",\"@id\":\"https:\\\/\\\/www.mate.com\\\/cs\\\/#website\",\"url\":\"https:\\\/\\\/www.mate.com\\\/cs\\\/\",\"name\":\"Mate Precision Technologies\",\"description\":\"Workholding, Press Brake, Punch Press and Laser Technologies\",\"potentialAction\":[{\"@type\":\"SearchAction\",\"target\":{\"@type\":\"EntryPoint\",\"urlTemplate\":\"https:\\\/\\\/www.mate.com\\\/cs\\\/?s={search_term_string}\"},\"query-input\":{\"@type\":\"PropertyValueSpecification\",\"valueRequired\":true,\"valueName\":\"search_term_string\"}}],\"inLanguage\":\"cs\"}]}<\/script>\n<!-- \/ Yoast SEO Premium plugin. -->","yoast_head_json":{"title":"Our History - Mate Precision Technologies","description":"Mate Precision Technologies was founded in 1962, quickly becoming a specialist in the design, manufacture and marketing of punch press tooling","robots":{"index":"index","follow":"follow","max-snippet":"max-snippet:-1","max-image-preview":"max-image-preview:large","max-video-preview":"max-video-preview:-1"},"canonical":"https:\/\/www.mate.com\/cs\/o-spolecnosti\/our-history\/","og_locale":"cs_CZ","og_type":"article","og_title":"Our History","og_description":"Mate Precision Technologies was founded in 1962, quickly becoming a specialist in the design, manufacture and marketing of punch press tooling","og_url":"https:\/\/www.mate.com\/cs\/o-spolecnosti\/our-history\/","og_site_name":"Mate Precision Technologies","article_publisher":"https:\/\/www.facebook.com\/MatePrecisionTechnologies\/","article_modified_time":"2020-08-27T18:14:07+00:00","twitter_card":"summary_large_image","twitter_site":"@mateprecision","twitter_misc":{"Odhadovan\u00e1 doba \u010dten\u00ed":"2 minuty"},"schema":{"@context":"https:\/\/schema.org","@graph":[{"@type":"WebPage","@id":"https:\/\/www.mate.com\/cs\/o-spolecnosti\/our-history\/","url":"https:\/\/www.mate.com\/cs\/o-spolecnosti\/our-history\/","name":"Our History - Mate Precision Technologies","isPartOf":{"@id":"https:\/\/www.mate.com\/cs\/#website"},"datePublished":"2015-08-03T20:07:10+00:00","dateModified":"2020-08-27T18:14:07+00:00","description":"Mate Precision Technologies was founded in 1962, quickly becoming a specialist in the design, manufacture and marketing of punch press tooling","breadcrumb":{"@id":"https:\/\/www.mate.com\/cs\/o-spolecnosti\/our-history\/#breadcrumb"},"inLanguage":"cs","potentialAction":[{"@type":"ReadAction","target":["https:\/\/www.mate.com\/cs\/o-spolecnosti\/our-history\/"]}]},{"@type":"BreadcrumbList","@id":"https:\/\/www.mate.com\/cs\/o-spolecnosti\/our-history\/#breadcrumb","itemListElement":[{"@type":"ListItem","position":1,"name":"Dom\u016f","item":"https:\/\/www.mate.com\/cs\/\/"},{"@type":"ListItem","position":2,"name":"O spole\u010dnosti","item":"https:\/\/www.mate.com\/cs\/o-spolecnosti\/"},{"@type":"ListItem","position":3,"name":"Our History"}]},{"@type":"WebSite","@id":"https:\/\/www.mate.com\/cs\/#website","url":"https:\/\/www.mate.com\/cs\/","name":"Mate Precision Technologies","description":"Workholding, Press Brake, Punch Press and Laser Technologies","potentialAction":[{"@type":"SearchAction","target":{"@type":"EntryPoint","urlTemplate":"https:\/\/www.mate.com\/cs\/?s={search_term_string}"},"query-input":{"@type":"PropertyValueSpecification","valueRequired":true,"valueName":"search_term_string"}}],"inLanguage":"cs"}]}},"_links":{"self":[{"href":"https:\/\/www.mate.com\/cs\/wp-json\/wp\/v2\/pages\/8048","targetHints":{"allow":["GET"]}}],"collection":[{"href":"https:\/\/www.mate.com\/cs\/wp-json\/wp\/v2\/pages"}],"about":[{"href":"https:\/\/www.mate.com\/cs\/wp-json\/wp\/v2\/types\/page"}],"author":[{"embeddable":true,"href":"https:\/\/www.mate.com\/cs\/wp-json\/wp\/v2\/users\/1"}],"replies":[{"embeddable":true,"href":"https:\/\/www.mate.com\/cs\/wp-json\/wp\/v2\/comments?post=8048"}],"version-history":[{"count":0,"href":"https:\/\/www.mate.com\/cs\/wp-json\/wp\/v2\/pages\/8048\/revisions"}],"up":[{"embeddable":true,"href":"https:\/\/www.mate.com\/cs\/wp-json\/wp\/v2\/pages\/7921"}],"wp:attachment":[{"href":"https:\/\/www.mate.com\/cs\/wp-json\/wp\/v2\/media?parent=8048"}],"curies":[{"name":"wp","href":"https:\/\/api.w.org\/{rel}","templated":true}]}}