{"id":8047,"date":"2015-08-03T20:07:10","date_gmt":"2015-08-03T20:07:10","guid":{"rendered":"https:\/\/www.mate.com\/cs\/o-spolecnosti\/mission-purpose\/"},"modified":"2016-08-02T11:03:47","modified_gmt":"2016-08-02T16:03:47","slug":"mission-purpose","status":"publish","type":"page","link":"https:\/\/www.mate.com\/cs\/o-spolecnosti\/mission-purpose\/","title":{"rendered":"Posl\u00e1n\u00ed spole\u010dnosti"},"content":{"rendered":"<h2>Posl\u00e1n\u00ed spole\u010dnosti Mate<\/h2>\n<p>Abyste mohli osobn\u011b respektovat, podporovat a inspirovat odborn\u00edky na kovov\u00e9 plechy s\u00a0vyu\u017eit\u00edm \u0161pi\u010dkov\u00fdch a p\u0159esn\u00fdch n\u00e1stroj\u016f a slu\u017eeb na cel\u00e9m sv\u011bt\u011b.<\/p>\n","protected":false},"excerpt":{"rendered":"<p>Posl\u00e1n\u00ed spole\u010dnosti Mate Abyste mohli osobn\u011b respektovat, podporovat a inspirovat odborn\u00edky na kovov\u00e9 plechy s\u00a0vyu\u017eit\u00edm \u0161pi\u010dkov\u00fdch a p\u0159esn\u00fdch n\u00e1stroj\u016f a slu\u017eeb na cel\u00e9m sv\u011bt\u011b.<\/p>\n","protected":false},"author":1,"featured_media":0,"parent":7921,"menu_order":253,"comment_status":"closed","ping_status":"closed","template":"","meta":{"_acf_changed":false,"_monsterinsights_skip_tracking":false,"_monsterinsights_sitenote_active":false,"_monsterinsights_sitenote_note":"","_monsterinsights_sitenote_category":0,"footnotes":""},"class_list":["post-8047","page","type-page","status-publish","hentry"],"acf":[],"yoast_head":"<!-- This site is optimized with the Yoast SEO Premium plugin v27.4 (Yoast SEO v27.4) - https:\/\/yoast.com\/product\/yoast-seo-premium-wordpress\/ -->\n<title>Mission &amp; Purpose - Mate Precision Technologies<\/title>\n<meta name=\"description\" content=\"Our mission is simple: to be the world\u2019s leading supplier of precision tooling for CNC punch presses. Our purpose: helping sheet metal fabricators.\" \/>\n<meta name=\"robots\" content=\"index, follow, max-snippet:-1, max-image-preview:large, max-video-preview:-1\" \/>\n<link rel=\"canonical\" href=\"https:\/\/www.mate.com\/cs\/o-spolecnosti\/mission-purpose\/\" \/>\n<meta property=\"og:locale\" content=\"cs_CZ\" \/>\n<meta property=\"og:type\" content=\"article\" \/>\n<meta property=\"og:title\" content=\"Posl\u00e1n\u00ed spole\u010dnosti\" \/>\n<meta property=\"og:description\" content=\"Our mission is simple: to be the world\u2019s leading supplier of precision tooling for CNC punch presses. Our purpose: helping sheet metal fabricators.\" \/>\n<meta property=\"og:url\" content=\"https:\/\/www.mate.com\/cs\/o-spolecnosti\/mission-purpose\/\" \/>\n<meta property=\"og:site_name\" content=\"Mate Precision Technologies\" \/>\n<meta property=\"article:publisher\" content=\"https:\/\/www.facebook.com\/MatePrecisionTechnologies\/\" \/>\n<meta property=\"article:modified_time\" content=\"2016-08-02T16:03:47+00:00\" \/>\n<meta name=\"twitter:card\" content=\"summary_large_image\" \/>\n<meta name=\"twitter:site\" content=\"@mateprecision\" \/>\n<script type=\"application\/ld+json\" class=\"yoast-schema-graph\">{\"@context\":\"https:\\\/\\\/schema.org\",\"@graph\":[{\"@type\":\"WebPage\",\"@id\":\"https:\\\/\\\/www.mate.com\\\/cs\\\/o-spolecnosti\\\/mission-purpose\\\/\",\"url\":\"https:\\\/\\\/www.mate.com\\\/cs\\\/o-spolecnosti\\\/mission-purpose\\\/\",\"name\":\"Mission & Purpose - Mate Precision Technologies\",\"isPartOf\":{\"@id\":\"https:\\\/\\\/www.mate.com\\\/cs\\\/#website\"},\"datePublished\":\"2015-08-03T20:07:10+00:00\",\"dateModified\":\"2016-08-02T16:03:47+00:00\",\"description\":\"Our mission is simple: to be the world\u2019s leading supplier of precision tooling for CNC punch presses. Our purpose: helping sheet metal fabricators.\",\"breadcrumb\":{\"@id\":\"https:\\\/\\\/www.mate.com\\\/cs\\\/o-spolecnosti\\\/mission-purpose\\\/#breadcrumb\"},\"inLanguage\":\"cs\",\"potentialAction\":[{\"@type\":\"ReadAction\",\"target\":[\"https:\\\/\\\/www.mate.com\\\/cs\\\/o-spolecnosti\\\/mission-purpose\\\/\"]}]},{\"@type\":\"BreadcrumbList\",\"@id\":\"https:\\\/\\\/www.mate.com\\\/cs\\\/o-spolecnosti\\\/mission-purpose\\\/#breadcrumb\",\"itemListElement\":[{\"@type\":\"ListItem\",\"position\":1,\"name\":\"Dom\u016f\",\"item\":\"https:\\\/\\\/www.mate.com\\\/cs\\\/\\\/\"},{\"@type\":\"ListItem\",\"position\":2,\"name\":\"O spole\u010dnosti\",\"item\":\"https:\\\/\\\/www.mate.com\\\/cs\\\/o-spolecnosti\\\/\"},{\"@type\":\"ListItem\",\"position\":3,\"name\":\"Posl\u00e1n\u00ed spole\u010dnosti\"}]},{\"@type\":\"WebSite\",\"@id\":\"https:\\\/\\\/www.mate.com\\\/cs\\\/#website\",\"url\":\"https:\\\/\\\/www.mate.com\\\/cs\\\/\",\"name\":\"Mate Precision Technologies\",\"description\":\"Workholding, Press Brake, Punch Press and Laser Technologies\",\"potentialAction\":[{\"@type\":\"SearchAction\",\"target\":{\"@type\":\"EntryPoint\",\"urlTemplate\":\"https:\\\/\\\/www.mate.com\\\/cs\\\/?s={search_term_string}\"},\"query-input\":{\"@type\":\"PropertyValueSpecification\",\"valueRequired\":true,\"valueName\":\"search_term_string\"}}],\"inLanguage\":\"cs\"}]}<\/script>\n<!-- \/ Yoast SEO Premium plugin. -->","yoast_head_json":{"title":"Mission & Purpose - Mate Precision Technologies","description":"Our mission is simple: to be the world\u2019s leading supplier of precision tooling for CNC punch presses. Our purpose: helping sheet metal fabricators.","robots":{"index":"index","follow":"follow","max-snippet":"max-snippet:-1","max-image-preview":"max-image-preview:large","max-video-preview":"max-video-preview:-1"},"canonical":"https:\/\/www.mate.com\/cs\/o-spolecnosti\/mission-purpose\/","og_locale":"cs_CZ","og_type":"article","og_title":"Posl\u00e1n\u00ed spole\u010dnosti","og_description":"Our mission is simple: to be the world\u2019s leading supplier of precision tooling for CNC punch presses. Our purpose: helping sheet metal fabricators.","og_url":"https:\/\/www.mate.com\/cs\/o-spolecnosti\/mission-purpose\/","og_site_name":"Mate Precision Technologies","article_publisher":"https:\/\/www.facebook.com\/MatePrecisionTechnologies\/","article_modified_time":"2016-08-02T16:03:47+00:00","twitter_card":"summary_large_image","twitter_site":"@mateprecision","schema":{"@context":"https:\/\/schema.org","@graph":[{"@type":"WebPage","@id":"https:\/\/www.mate.com\/cs\/o-spolecnosti\/mission-purpose\/","url":"https:\/\/www.mate.com\/cs\/o-spolecnosti\/mission-purpose\/","name":"Mission & Purpose - Mate Precision Technologies","isPartOf":{"@id":"https:\/\/www.mate.com\/cs\/#website"},"datePublished":"2015-08-03T20:07:10+00:00","dateModified":"2016-08-02T16:03:47+00:00","description":"Our mission is simple: to be the world\u2019s leading supplier of precision tooling for CNC punch presses. Our purpose: helping sheet metal fabricators.","breadcrumb":{"@id":"https:\/\/www.mate.com\/cs\/o-spolecnosti\/mission-purpose\/#breadcrumb"},"inLanguage":"cs","potentialAction":[{"@type":"ReadAction","target":["https:\/\/www.mate.com\/cs\/o-spolecnosti\/mission-purpose\/"]}]},{"@type":"BreadcrumbList","@id":"https:\/\/www.mate.com\/cs\/o-spolecnosti\/mission-purpose\/#breadcrumb","itemListElement":[{"@type":"ListItem","position":1,"name":"Dom\u016f","item":"https:\/\/www.mate.com\/cs\/\/"},{"@type":"ListItem","position":2,"name":"O spole\u010dnosti","item":"https:\/\/www.mate.com\/cs\/o-spolecnosti\/"},{"@type":"ListItem","position":3,"name":"Posl\u00e1n\u00ed spole\u010dnosti"}]},{"@type":"WebSite","@id":"https:\/\/www.mate.com\/cs\/#website","url":"https:\/\/www.mate.com\/cs\/","name":"Mate Precision Technologies","description":"Workholding, Press Brake, Punch Press and Laser Technologies","potentialAction":[{"@type":"SearchAction","target":{"@type":"EntryPoint","urlTemplate":"https:\/\/www.mate.com\/cs\/?s={search_term_string}"},"query-input":{"@type":"PropertyValueSpecification","valueRequired":true,"valueName":"search_term_string"}}],"inLanguage":"cs"}]}},"_links":{"self":[{"href":"https:\/\/www.mate.com\/cs\/wp-json\/wp\/v2\/pages\/8047","targetHints":{"allow":["GET"]}}],"collection":[{"href":"https:\/\/www.mate.com\/cs\/wp-json\/wp\/v2\/pages"}],"about":[{"href":"https:\/\/www.mate.com\/cs\/wp-json\/wp\/v2\/types\/page"}],"author":[{"embeddable":true,"href":"https:\/\/www.mate.com\/cs\/wp-json\/wp\/v2\/users\/1"}],"replies":[{"embeddable":true,"href":"https:\/\/www.mate.com\/cs\/wp-json\/wp\/v2\/comments?post=8047"}],"version-history":[{"count":0,"href":"https:\/\/www.mate.com\/cs\/wp-json\/wp\/v2\/pages\/8047\/revisions"}],"up":[{"embeddable":true,"href":"https:\/\/www.mate.com\/cs\/wp-json\/wp\/v2\/pages\/7921"}],"wp:attachment":[{"href":"https:\/\/www.mate.com\/cs\/wp-json\/wp\/v2\/media?parent=8047"}],"curies":[{"name":"wp","href":"https:\/\/api.w.org\/{rel}","templated":true}]}}