{"id":36193,"date":"2018-01-25T12:10:07","date_gmt":"2018-01-25T18:10:07","guid":{"rendered":"http:\/\/www.mate.com\/salesforce-transbay-transit-center\/"},"modified":"2019-12-06T15:26:24","modified_gmt":"2019-12-06T21:26:24","slug":"salesforce-transbay-transit-center","status":"publish","type":"page","link":"https:\/\/www.mate.com\/cs\/fabrication-solutions\/sheet-metal-case-studies\/salesforce-transbay-transit-center\/","title":{"rendered":"Salesforce Transbay Transit Center"},"content":{"rendered":"<p>Set to open in spring 2018, the Salesforce Transbay Transit Center in San Francisco is a completely reimagined, state-of-the-art transportation hub built to inspire. The transit center, wrapped in a flowing white metal veil, will connect the city to eight Bay Area counties with a planned high-speed rail line to Los Angeles. It is a stunning example of how fabrication can inspire the transformation of a whole neighborhood. But such a transformation doesn\u2019t just happen\u2014this project\u2019s cutting-edge design required equally precise fabrication solutions from Mate Tooling.<\/p>\n<h2>Groundbreaking Design<\/h2>\n<p>Designed by <a href=\"http:\/\/pcparch.com\/\" target=\"_blank\" rel=\"noopener noreferrer\">Pelli Clarke Pelli Architects<\/a>, the Salesforce Transbay Transit center features a curving exterior aluminum screen that wraps the four-block structure. The innovative screen uses a groundbreaking geometric pattern known as \u201cPenrose Tiling\u201d to let in air and natural light. The screen design is based on an algorithm discovered in 1974 by Sir Roger Penrose that can extend the pattern infinitely without repeating itself.<\/p>\n<p>Customers have long respected Mate\u2019s high-quality precision tooling and services. That\u2019s why project engineering firm <a href=\"http:\/\/asi-mo.com\" target=\"_blank\" rel=\"noopener noreferrer\">Architectural Systems<\/a> turned to Mate to help create the nearly 5,000 conjoined panels covering the structure.<\/p>\n<h2>Diamond Cluster Forming Tools Provides the Right Angle<\/h2>\n<p>With an average size of 65 by 72 inches, the \u00bc inch panels were punched using Mate\u2019s diamond cluster forming tooling on Murata Wiedemann 4560 turret presses. The complex hole pattern required an angular orientation to create visual symmetry. With 37% of the panel surface area open, each hole required a smooth, burr-free edge so the paint could dry smoothly.<\/p>\n<p>Michael Graves of Architectural Systems told <a href=\"http:\/\/www.thefabricator-digital.com\/thefabricator\/201706?pg=98#pg98\" target=\"_blank\" rel=\"noopener noreferrer\">The Fabricator in June 2017<\/a> that \u201cit was critical that the shear edge inside each punch was free from defects throughout the punching cycle. We needed the punched edges to allow the metallic paint flake to lay as smoothly and uniformly as possible over the entire face of the panels. The Mate tools achieved that.\u201d<\/p>\n<h2>Supported by Mate\u2019s Engineering Expertise<\/h2>\n<p>Graves also praised the diamond cluster tool\u2019s extreme degree of orientation accuracy. He noted that Mate\u2019s engineering expertise in the design of the rooftop shear face of the punch allowed them to meet the dual challenges of meeting the required angular orientation of the panel perforations and creating visual symmetry. This was accomplished while exceeding design expectations on the project. Now that\u2019s inspirational.<\/p>\n","protected":false},"excerpt":{"rendered":"<p>Set to open in spring 2018, the Salesforce Transbay Transit Center in San Francisco is a completely reimagined, state-of-the-art transportation hub built to inspire. The transit center, wrapped in a flowing white metal veil, will connect the city to eight Bay Area counties with a planned high-speed rail line to Los Angeles. It is a [&hellip;]<\/p>\n","protected":false},"author":9,"featured_media":32078,"parent":36202,"menu_order":168,"comment_status":"closed","ping_status":"closed","template":"","meta":{"_acf_changed":false,"_monsterinsights_skip_tracking":false,"_monsterinsights_sitenote_active":false,"_monsterinsights_sitenote_note":"","_monsterinsights_sitenote_category":0,"footnotes":""},"class_list":["post-36193","page","type-page","status-publish","has-post-thumbnail","hentry"],"acf":[],"yoast_head":"<!-- This site is optimized with the Yoast SEO Premium plugin v27.2 (Yoast SEO v27.2) - https:\/\/yoast.com\/product\/yoast-seo-premium-wordpress\/ -->\n<title>Salesforce Transbay Transit Center - Mate Precision Technologies<\/title>\n<meta name=\"description\" content=\"Set to open in spring 2018, the Salesforce Transbay Transit Center in San Francisco is a completely reimagined, state-of-the-art transportation hub built\" \/>\n<meta name=\"robots\" content=\"index, follow, max-snippet:-1, max-image-preview:large, max-video-preview:-1\" \/>\n<link rel=\"canonical\" href=\"https:\/\/www.mate.com\/cs\/fabrication-solutions\/sheet-metal-case-studies\/salesforce-transbay-transit-center\/\" \/>\n<meta property=\"og:locale\" content=\"cs_CZ\" \/>\n<meta property=\"og:type\" content=\"article\" \/>\n<meta property=\"og:title\" content=\"Salesforce Transbay Transit Center\" \/>\n<meta property=\"og:description\" content=\"Set to open in spring 2018, the Salesforce Transbay Transit Center in San Francisco is a completely reimagined, state-of-the-art transportation hub built\" \/>\n<meta property=\"og:url\" content=\"https:\/\/www.mate.com\/cs\/fabrication-solutions\/sheet-metal-case-studies\/salesforce-transbay-transit-center\/\" \/>\n<meta property=\"og:site_name\" content=\"Mate Precision Technologies\" \/>\n<meta property=\"article:publisher\" content=\"https:\/\/www.facebook.com\/MatePrecisionTechnologies\/\" \/>\n<meta property=\"article:modified_time\" content=\"2019-12-06T21:26:24+00:00\" \/>\n<meta property=\"og:image\" content=\"https:\/\/www.mate.com\/wp-content\/uploads\/2017\/10\/natoma_dusk_camera.jpg\" \/>\n\t<meta property=\"og:image:width\" content=\"1599\" \/>\n\t<meta property=\"og:image:height\" content=\"2000\" \/>\n\t<meta property=\"og:image:type\" content=\"image\/jpeg\" \/>\n<meta name=\"twitter:card\" content=\"summary_large_image\" \/>\n<meta name=\"twitter:site\" content=\"@mateprecision\" \/>\n<meta name=\"twitter:label1\" content=\"Odhadovan\u00e1 doba \u010dten\u00ed\" \/>\n\t<meta name=\"twitter:data1\" content=\"2 minuty\" \/>\n<script type=\"application\/ld+json\" class=\"yoast-schema-graph\">{\"@context\":\"https:\/\/schema.org\",\"@graph\":[{\"@type\":\"WebPage\",\"@id\":\"https:\/\/www.mate.com\/cs\/fabrication-solutions\/sheet-metal-case-studies\/salesforce-transbay-transit-center\/\",\"url\":\"https:\/\/www.mate.com\/cs\/fabrication-solutions\/sheet-metal-case-studies\/salesforce-transbay-transit-center\/\",\"name\":\"Salesforce Transbay Transit Center - Mate Precision Technologies\",\"isPartOf\":{\"@id\":\"https:\/\/www.mate.com\/cs\/#website\"},\"primaryImageOfPage\":{\"@id\":\"https:\/\/www.mate.com\/cs\/fabrication-solutions\/sheet-metal-case-studies\/salesforce-transbay-transit-center\/#primaryimage\"},\"image\":{\"@id\":\"https:\/\/www.mate.com\/cs\/fabrication-solutions\/sheet-metal-case-studies\/salesforce-transbay-transit-center\/#primaryimage\"},\"thumbnailUrl\":\"https:\/\/www.mate.com\/wp-content\/uploads\/2017\/10\/natoma_dusk_camera.jpg\",\"datePublished\":\"2018-01-25T18:10:07+00:00\",\"dateModified\":\"2019-12-06T21:26:24+00:00\",\"description\":\"Set to open in spring 2018, the Salesforce Transbay Transit Center in San Francisco is a completely reimagined, state-of-the-art transportation hub built\",\"breadcrumb\":{\"@id\":\"https:\/\/www.mate.com\/cs\/fabrication-solutions\/sheet-metal-case-studies\/salesforce-transbay-transit-center\/#breadcrumb\"},\"inLanguage\":\"cs\",\"potentialAction\":[{\"@type\":\"ReadAction\",\"target\":[\"https:\/\/www.mate.com\/cs\/fabrication-solutions\/sheet-metal-case-studies\/salesforce-transbay-transit-center\/\"]}]},{\"@type\":\"ImageObject\",\"inLanguage\":\"cs\",\"@id\":\"https:\/\/www.mate.com\/cs\/fabrication-solutions\/sheet-metal-case-studies\/salesforce-transbay-transit-center\/#primaryimage\",\"url\":\"https:\/\/www.mate.com\/wp-content\/uploads\/2017\/10\/natoma_dusk_camera.jpg\",\"contentUrl\":\"https:\/\/www.mate.com\/wp-content\/uploads\/2017\/10\/natoma_dusk_camera.jpg\",\"width\":1599,\"height\":2000},{\"@type\":\"BreadcrumbList\",\"@id\":\"https:\/\/www.mate.com\/cs\/fabrication-solutions\/sheet-metal-case-studies\/salesforce-transbay-transit-center\/#breadcrumb\",\"itemListElement\":[{\"@type\":\"ListItem\",\"position\":1,\"name\":\"Dom\u016f\",\"item\":\"https:\/\/www.mate.com\/cs\/\/\"},{\"@type\":\"ListItem\",\"position\":2,\"name\":\"V\u00fdrobn\u00ed \u0159e\u0161en\u00ed\",\"item\":\"https:\/\/www.mate.com\/cs\/fabrication-solutions\/\"},{\"@type\":\"ListItem\",\"position\":3,\"name\":\"Sheet Metal Case Studies\",\"item\":\"https:\/\/www.mate.com\/cs\/fabrication-solutions\/sheet-metal-case-studies\/\"},{\"@type\":\"ListItem\",\"position\":4,\"name\":\"Salesforce Transbay Transit Center\"}]},{\"@type\":\"WebSite\",\"@id\":\"https:\/\/www.mate.com\/cs\/#website\",\"url\":\"https:\/\/www.mate.com\/cs\/\",\"name\":\"Mate Precision Technologies\",\"description\":\"Workholding, Press Brake, Punch Press and Laser Technologies\",\"potentialAction\":[{\"@type\":\"SearchAction\",\"target\":{\"@type\":\"EntryPoint\",\"urlTemplate\":\"https:\/\/www.mate.com\/cs\/?s={search_term_string}\"},\"query-input\":{\"@type\":\"PropertyValueSpecification\",\"valueRequired\":true,\"valueName\":\"search_term_string\"}}],\"inLanguage\":\"cs\"}]}<\/script>\n<!-- \/ Yoast SEO Premium plugin. -->","yoast_head_json":{"title":"Salesforce Transbay Transit Center - Mate Precision Technologies","description":"Set to open in spring 2018, the Salesforce Transbay Transit Center in San Francisco is a completely reimagined, state-of-the-art transportation hub built","robots":{"index":"index","follow":"follow","max-snippet":"max-snippet:-1","max-image-preview":"max-image-preview:large","max-video-preview":"max-video-preview:-1"},"canonical":"https:\/\/www.mate.com\/cs\/fabrication-solutions\/sheet-metal-case-studies\/salesforce-transbay-transit-center\/","og_locale":"cs_CZ","og_type":"article","og_title":"Salesforce Transbay Transit Center","og_description":"Set to open in spring 2018, the Salesforce Transbay Transit Center in San Francisco is a completely reimagined, state-of-the-art transportation hub built","og_url":"https:\/\/www.mate.com\/cs\/fabrication-solutions\/sheet-metal-case-studies\/salesforce-transbay-transit-center\/","og_site_name":"Mate Precision Technologies","article_publisher":"https:\/\/www.facebook.com\/MatePrecisionTechnologies\/","article_modified_time":"2019-12-06T21:26:24+00:00","og_image":[{"width":1599,"height":2000,"url":"https:\/\/www.mate.com\/wp-content\/uploads\/2017\/10\/natoma_dusk_camera.jpg","type":"image\/jpeg"}],"twitter_card":"summary_large_image","twitter_site":"@mateprecision","twitter_misc":{"Odhadovan\u00e1 doba \u010dten\u00ed":"2 minuty"},"schema":{"@context":"https:\/\/schema.org","@graph":[{"@type":"WebPage","@id":"https:\/\/www.mate.com\/cs\/fabrication-solutions\/sheet-metal-case-studies\/salesforce-transbay-transit-center\/","url":"https:\/\/www.mate.com\/cs\/fabrication-solutions\/sheet-metal-case-studies\/salesforce-transbay-transit-center\/","name":"Salesforce Transbay Transit Center - Mate Precision Technologies","isPartOf":{"@id":"https:\/\/www.mate.com\/cs\/#website"},"primaryImageOfPage":{"@id":"https:\/\/www.mate.com\/cs\/fabrication-solutions\/sheet-metal-case-studies\/salesforce-transbay-transit-center\/#primaryimage"},"image":{"@id":"https:\/\/www.mate.com\/cs\/fabrication-solutions\/sheet-metal-case-studies\/salesforce-transbay-transit-center\/#primaryimage"},"thumbnailUrl":"https:\/\/www.mate.com\/wp-content\/uploads\/2017\/10\/natoma_dusk_camera.jpg","datePublished":"2018-01-25T18:10:07+00:00","dateModified":"2019-12-06T21:26:24+00:00","description":"Set to open in spring 2018, the Salesforce Transbay Transit Center in San Francisco is a completely reimagined, state-of-the-art transportation hub built","breadcrumb":{"@id":"https:\/\/www.mate.com\/cs\/fabrication-solutions\/sheet-metal-case-studies\/salesforce-transbay-transit-center\/#breadcrumb"},"inLanguage":"cs","potentialAction":[{"@type":"ReadAction","target":["https:\/\/www.mate.com\/cs\/fabrication-solutions\/sheet-metal-case-studies\/salesforce-transbay-transit-center\/"]}]},{"@type":"ImageObject","inLanguage":"cs","@id":"https:\/\/www.mate.com\/cs\/fabrication-solutions\/sheet-metal-case-studies\/salesforce-transbay-transit-center\/#primaryimage","url":"https:\/\/www.mate.com\/wp-content\/uploads\/2017\/10\/natoma_dusk_camera.jpg","contentUrl":"https:\/\/www.mate.com\/wp-content\/uploads\/2017\/10\/natoma_dusk_camera.jpg","width":1599,"height":2000},{"@type":"BreadcrumbList","@id":"https:\/\/www.mate.com\/cs\/fabrication-solutions\/sheet-metal-case-studies\/salesforce-transbay-transit-center\/#breadcrumb","itemListElement":[{"@type":"ListItem","position":1,"name":"Dom\u016f","item":"https:\/\/www.mate.com\/cs\/\/"},{"@type":"ListItem","position":2,"name":"V\u00fdrobn\u00ed \u0159e\u0161en\u00ed","item":"https:\/\/www.mate.com\/cs\/fabrication-solutions\/"},{"@type":"ListItem","position":3,"name":"Sheet Metal Case Studies","item":"https:\/\/www.mate.com\/cs\/fabrication-solutions\/sheet-metal-case-studies\/"},{"@type":"ListItem","position":4,"name":"Salesforce Transbay Transit Center"}]},{"@type":"WebSite","@id":"https:\/\/www.mate.com\/cs\/#website","url":"https:\/\/www.mate.com\/cs\/","name":"Mate Precision Technologies","description":"Workholding, Press Brake, Punch Press and Laser Technologies","potentialAction":[{"@type":"SearchAction","target":{"@type":"EntryPoint","urlTemplate":"https:\/\/www.mate.com\/cs\/?s={search_term_string}"},"query-input":{"@type":"PropertyValueSpecification","valueRequired":true,"valueName":"search_term_string"}}],"inLanguage":"cs"}]}},"_links":{"self":[{"href":"https:\/\/www.mate.com\/cs\/wp-json\/wp\/v2\/pages\/36193","targetHints":{"allow":["GET"]}}],"collection":[{"href":"https:\/\/www.mate.com\/cs\/wp-json\/wp\/v2\/pages"}],"about":[{"href":"https:\/\/www.mate.com\/cs\/wp-json\/wp\/v2\/types\/page"}],"author":[{"embeddable":true,"href":"https:\/\/www.mate.com\/cs\/wp-json\/wp\/v2\/users\/9"}],"replies":[{"embeddable":true,"href":"https:\/\/www.mate.com\/cs\/wp-json\/wp\/v2\/comments?post=36193"}],"version-history":[{"count":0,"href":"https:\/\/www.mate.com\/cs\/wp-json\/wp\/v2\/pages\/36193\/revisions"}],"up":[{"embeddable":true,"href":"https:\/\/www.mate.com\/cs\/wp-json\/wp\/v2\/pages\/36202"}],"wp:featuredmedia":[{"embeddable":true,"href":"https:\/\/www.mate.com\/cs\/wp-json\/wp\/v2\/media\/32078"}],"wp:attachment":[{"href":"https:\/\/www.mate.com\/cs\/wp-json\/wp\/v2\/media?parent=36193"}],"curies":[{"name":"wp","href":"https:\/\/api.w.org\/{rel}","templated":true}]}}